{"id":50652,"date":"2024-08-07T13:09:36","date_gmt":"2024-08-07T11:09:36","guid":{"rendered":"https:\/\/www.automoli.com\/%d1%8f%d0%ba-%d0%b7%d0%b0%d0%bc%d0%be%d0%b2%d0%b8%d1%82%d0%b8-%d0%b7%d0%b2%d1%96%d1%82"},"modified":"2024-11-21T11:08:13","modified_gmt":"2024-11-21T10:08:13","slug":"%d1%8f%d0%ba-%d0%b7%d0%b0%d0%bc%d0%be%d0%b2%d0%b8%d1%82%d0%b8-%d0%b7%d0%b2%d1%96%d1%82","status":"publish","type":"page","link":"https:\/\/www.automoli.com\/uk\/%d1%8f%d0%ba-%d0%b7%d0%b0%d0%bc%d0%be%d0%b2%d0%b8%d1%82%d0%b8-%d0%b7%d0%b2%d1%96%d1%82","title":{"rendered":"\u042f\u043a \u0437\u0430\u043c\u043e\u0432\u0438\u0442\u0438 \u0437\u0432\u0456\u0442"},"content":{"rendered":"\t\t<div data-elementor-type=\"wp-page\" data-elementor-id=\"50652\" class=\"elementor elementor-50652 elementor-50355\" data-elementor-post-type=\"page\">\n\t\t\t\t\t\t<section class=\"elementor-section elementor-top-section elementor-element elementor-element-2b4ecd5 elementor-section-boxed elementor-section-height-default elementor-section-height-default\" data-id=\"2b4ecd5\" data-element_type=\"section\" data-e-type=\"section\" data-settings=\"{&quot;background_background&quot;:&quot;classic&quot;,&quot;shape_divider_bottom&quot;:&quot;triangle&quot;,&quot;shape_divider_bottom_negative&quot;:&quot;yes&quot;}\">\n\t\t\t\t\t<div class=\"elementor-shape elementor-shape-bottom\" aria-hidden=\"true\" data-negative=\"true\">\n\t\t\t<svg xmlns=\"http:\/\/www.w3.org\/2000\/svg\" viewBox=\"0 0 1000 100\" preserveAspectRatio=\"none\">\n\t<path class=\"elementor-shape-fill\" d=\"M500.2,94.7L0,0v100h1000V0L500.2,94.7z\"\/>\n<\/svg>\t\t<\/div>\n\t\t\t\t\t<div class=\"elementor-container elementor-column-gap-default\">\n\t\t\t\t\t<div class=\"elementor-column elementor-col-100 elementor-top-column elementor-element elementor-element-c4f3fe0\" data-id=\"c4f3fe0\" data-element_type=\"column\" data-e-type=\"column\">\n\t\t\t<div class=\"elementor-widget-wrap elementor-element-populated\">\n\t\t\t\t\t\t<div class=\"elementor-element elementor-element-f1a6006 elementor-widget elementor-widget-heading\" data-id=\"f1a6006\" data-element_type=\"widget\" data-e-type=\"widget\" data-widget_type=\"heading.default\">\n\t\t\t\t\t<h1 class=\"elementor-heading-title elementor-size-default\">\u042f\u043a \u0437\u0430\u043c\u043e\u0432\u0438\u0442\u0438 \u0440\u0430\u043f\u043e\u0440\u0442 \u0437 \u0456\u0441\u0442\u043e\u0440\u0456\u0457 \u0442\u0440\u0430\u043d\u0441\u043f\u043e\u0440\u0442\u043d\u043e\u0433\u043e \u0437\u0430\u0441\u043e\u0431\u0443<\/h1>\t\t\t\t<\/div>\n\t\t\t\t<div class=\"elementor-element elementor-element-dbcb37d elementor-widget elementor-widget-text-editor\" data-id=\"dbcb37d\" data-element_type=\"widget\" data-e-type=\"widget\" data-widget_type=\"text-editor.default\">\n\t\t\t\t\t\t\t\t\t<p>\u041d\u0435\u0432\u0430\u0436\u043b\u0438\u0432\u043e, \u044f\u043a \u0432\u0438 \u043f\u043e\u0442\u0440\u0430\u043f\u0438\u043b\u0438 \u043d\u0430 \u0441\u0430\u0439\u0442 Automola &#8211; \u0447\u0435\u0440\u0435\u0437 \u0431\u043b\u043e\u0433 \u0430\u0431\u043e \u0433\u043e\u043b\u043e\u0432\u043d\u0443 \u0441\u0442\u043e\u0440\u0456\u043d\u043a\u0443, \u0447\u0438 \u0448\u0443\u043a\u0430\u043b\u0438 \u0432\u0438 \u0456\u043d\u0444\u043e\u0440\u043c\u0430\u0446\u0456\u044e \u043f\u0440\u043e VIN \u0430\u0431\u043e \u0456\u0441\u0442\u043e\u0440\u0456\u044e \u0430\u0432\u0442\u043e\u043c\u043e\u0431\u0456\u043b\u044f. \u041d\u0435 \u043c\u0430\u0454 \u0437\u043d\u0430\u0447\u0435\u043d\u043d\u044f, \u0434\u043b\u044f \u0432\u0430\u0448\u043e\u0457 \u0437\u0440\u0443\u0447\u043d\u043e\u0441\u0442\u0456 \u0432 \u043a\u043e\u0436\u043d\u043e\u043c\u0443 \u043c\u0456\u0441\u0446\u0456 \u0454 \u043f\u043e\u043b\u044f \u0434\u043b\u044f \u043f\u0435\u0440\u0435\u0432\u0456\u0440\u043a\u0438 VIN \u0430\u0431\u043e \u043d\u043e\u043c\u0435\u0440\u043d\u043e\u0433\u043e \u0437\u043d\u0430\u043a\u0443.  <\/p>\n\t\t\t\t\t\t\t\t<\/div>\n\t\t\t\t\t<\/div>\n\t\t<\/div>\n\t\t\t\t\t<\/div>\n\t\t<\/section>\n\t\t\t\t<section class=\"elementor-section elementor-top-section elementor-element elementor-element-0d0d160 elementor-section-boxed elementor-section-height-default elementor-section-height-default\" data-id=\"0d0d160\" data-element_type=\"section\" data-e-type=\"section\">\n\t\t\t\t\t\t<div class=\"elementor-container elementor-column-gap-default\">\n\t\t\t\t\t<div class=\"elementor-column elementor-col-100 elementor-top-column elementor-element elementor-element-7cdcf9c\" data-id=\"7cdcf9c\" data-element_type=\"column\" data-e-type=\"column\">\n\t\t\t<div class=\"elementor-widget-wrap elementor-element-populated\">\n\t\t\t\t\t\t<div class=\"elementor-element elementor-element-128440c elementor-widget elementor-widget-heading\" data-id=\"128440c\" data-element_type=\"widget\" data-e-type=\"widget\" data-widget_type=\"heading.default\">\n\t\t\t\t\t<h2 class=\"elementor-heading-title elementor-size-default\">\u041a\u0440\u043e\u043a 1. \u0412\u0432\u0435\u0434\u0456\u0442\u044c VIN \u0430\u0431\u043e \u043d\u043e\u043c\u0435\u0440\u043d\u0438\u0439 \u0437\u043d\u0430\u043a <\/h2>\t\t\t\t<\/div>\n\t\t\t\t<div class=\"elementor-element elementor-element-7f76fc2 elementor-widget elementor-widget-text-editor\" data-id=\"7f76fc2\" data-element_type=\"widget\" data-e-type=\"widget\" data-widget_type=\"text-editor.default\">\n\t\t\t\t\t\t\t\t\t<p><span style=\"font-weight: 400;\">\u0412\u0432\u0435\u0434\u0456\u0442\u044c \u0432\u0456\u0434\u043f\u043e\u0432\u0456\u0434\u043d\u0443 \u043a\u0456\u043b\u044c\u043a\u0456\u0441\u0442\u044c \u0441\u0438\u043c\u0432\u043e\u043b\u0456\u0432 \u0443 \u0432\u0456\u0434\u0432\u0435\u0434\u0435\u043d\u0435 \u043f\u043e\u043b\u0435 \u0442\u0430 \u043d\u0430\u0442\u0438\u0441\u043d\u0456\u0442\u044c &#8220;\u041f\u0435\u0440\u0435\u0432\u0456\u0440\u0438\u0442\u0438&#8221;.<\/span><\/p>\n\t\t\t\t\t\t\t\t<\/div>\n\t\t\t\t<div class=\"elementor-element elementor-element-1b9af0e elementor-widget elementor-widget-image\" data-id=\"1b9af0e\" data-element_type=\"widget\" data-e-type=\"widget\" data-widget_type=\"image.default\">\n\t\t\t\t\t\t\t\t\t\t\t\t\t\t\t<img fetchpriority=\"high\" decoding=\"async\" width=\"800\" height=\"380\" src=\"https:\/\/www.automoli.com\/wp-content\/uploads\/2021\/07\/aml-enter_vin.png\" class=\"attachment-full size-full wp-image-4763\" alt=\"\" srcset=\"https:\/\/www.automoli.com\/wp-content\/uploads\/2021\/07\/aml-enter_vin.png 800w, https:\/\/www.automoli.com\/wp-content\/uploads\/2021\/07\/aml-enter_vin-300x143.png 300w, https:\/\/www.automoli.com\/wp-content\/uploads\/2021\/07\/aml-enter_vin-768x365.png 768w\" sizes=\"(max-width: 800px) 100vw, 800px\" title=\"\">\t\t\t\t\t\t\t\t\t\t\t\t\t\t\t<\/div>\n\t\t\t\t\t<\/div>\n\t\t<\/div>\n\t\t\t\t\t<\/div>\n\t\t<\/section>\n\t\t\t\t<section class=\"elementor-section elementor-top-section elementor-element elementor-element-6903c2a elementor-section-boxed elementor-section-height-default elementor-section-height-default\" data-id=\"6903c2a\" data-element_type=\"section\" data-e-type=\"section\">\n\t\t\t\t\t\t<div class=\"elementor-container elementor-column-gap-default\">\n\t\t\t\t\t<div class=\"elementor-column elementor-col-100 elementor-top-column elementor-element elementor-element-8d4c0f1\" data-id=\"8d4c0f1\" data-element_type=\"column\" data-e-type=\"column\">\n\t\t\t<div class=\"elementor-widget-wrap elementor-element-populated\">\n\t\t\t\t\t\t<div class=\"elementor-element elementor-element-761cd92 elementor-widget elementor-widget-heading\" data-id=\"761cd92\" data-element_type=\"widget\" data-e-type=\"widget\" data-widget_type=\"heading.default\">\n\t\t\t\t\t<h2 class=\"elementor-heading-title elementor-size-default\">\u041a\u0440\u043e\u043a 2: \u0412\u0438\u0437\u043d\u0430\u0447\u0442\u0435 \u0446\u0456\u043d\u0443 \u0442\u0430 \u043e\u0431\u0441\u044f\u0433 \u0434\u0430\u043d\u0438\u0445, \u044f\u043a\u0456 \u043f\u043e\u0442\u0440\u0456\u0431\u043d\u043e \u043f\u0435\u0440\u0435\u0432\u0456\u0440\u0438\u0442\u0438  <\/h2>\t\t\t\t<\/div>\n\t\t\t\t<div class=\"elementor-element elementor-element-ee233e2 elementor-widget elementor-widget-text-editor\" data-id=\"ee233e2\" data-element_type=\"widget\" data-e-type=\"widget\" data-widget_type=\"text-editor.default\">\n\t\t\t\t\t\t\t\t\tW tym kroku dowiesz si\u0119, \u017ce znale\u017ali\u015bmy pewne informacje o poje\u017adzie na podstawie podanego numeru VIN lub tablicy rejestracyjnej. Na tym etapie mo\u017cesz przeczyta\u0107 r\u00f3wnie\u017c, \u017ce nasze raporty historii pojazdu weryfikuj\u0105 informacje na temat: \n<ul>\n \t<li>\u0456\u0441\u0442\u043e\u0440\u0456\u0457 \u0442\u0440\u0430\u043d\u0441\u043f\u043e\u0440\u0442\u043d\u043e\u0433\u043e \u0437\u0430\u0441\u043e\u0431\u0443 \u0442\u0430 \u043f\u043e\u0434\u0456\u0439,<\/li>\n \t<li>\u043f\u043e\u043a\u0430\u0437\u043d\u0438\u043a\u0456\u0432 \u043f\u0440\u043e\u0431\u0456\u0433\u0443,<\/li>\n \t<li>\u0440\u0435\u0454\u0441\u0442\u0440\u0456\u0432 \u0440\u043e\u0437\u0448\u0443\u043a\u0443\u0432\u0430\u043d\u0438\u0445 \u0442\u0440\u0430\u043d\u0441\u043f\u043e\u0440\u0442\u043d\u0438\u0445 \u0437\u0430\u0441\u043e\u0431\u0456\u0432,<\/li>\n \t<li>\u0442\u0435\u0445\u043d\u0456\u0447\u043d\u0456 \u0434\u0430\u043d\u0456,<\/li>\n \t<li>\u0430\u0440\u0445\u0456\u0432\u043d\u0456 \u0444\u043e\u0442\u043e\u0433\u0440\u0430\u0444\u0456\u0457,<\/li>\n \t<li>\u0430 \u0442\u0430\u043a\u043e\u0436 \u043d\u0435\u0434\u043e\u043b\u0456\u043a\u0438 \u0442\u0456\u0454\u0457 \u0447\u0438 \u0456\u043d\u0448\u043e\u0457 \u043c\u043e\u0434\u0435\u043b\u0456.<\/li>\n<\/ul>\nW tym miejscu decydujesz r\u00f3wnie\u017c czy chcesz zakupi\u0107 ten jeden konkretny raport, czy te\u017c zakupi\u0107 pakiet 2 lub 3 dodatkowych raport\u00f3w do wykorzystania w dowolnym terminie przez 90 dni od daty zakupu. Im wi\u0119cej tym taniej! Z naszego do\u015bwiadczenia wynika, \u017ce zakup wymarzonego pojazdu wymaga sprawdzenia historii co najmniej 2 aut.  <\/span>\n\n\u0423\u0432\u0430\u0433\u0430: \u0414\u043e\u0441\u0442\u0443\u043f \u0434\u043e \u0437\u0432\u0456\u0442\u0443, \u0437\u0433\u0435\u043d\u0435\u0440\u043e\u0432\u0430\u043d\u043e\u0433\u043e \u043d\u0430 \u043e\u0441\u043d\u043e\u0432\u0456 \u043d\u043e\u043c\u0435\u0440\u0430 VIN \u0430\u0431\u043e \u043d\u043e\u043c\u0435\u0440\u043d\u043e\u0433\u043e \u0437\u043d\u0430\u043a\u0430, \u0443 \u0431\u0443\u0434\u044c-\u044f\u043a\u043e\u043c\u0443 \u0432\u0438\u043f\u0430\u0434\u043a\u0443 \u0441\u0442\u0430\u043d\u043e\u0432\u0438\u0442\u044c 30 \u0434\u043d\u0456\u0432. \u041f\u0440\u0438\u043a\u043b\u0430\u0434 \u043f\u0440\u043e\u043f\u043e\u043d\u043e\u0432\u0430\u043d\u043e\u0433\u043e \u043d\u0430\u043c\u0438 \u0437\u0432\u0456\u0442\u0443 \u0432\u0438 \u0437\u043d\u0430\u0439\u0434\u0435\u0442\u0435 \u0432 \u0440\u043e\u0437\u0434\u0456\u043b\u0456 \u201c<a href=\"https:\/\/www.automoli.com\/uk\/prikladi-zvitiv\">\u041f\u0440\u0438\u043a\u043b\u0430\u0434 \u0437\u0432\u0456\u0442\u0443<\/a>\u201d\n\n\t\t\t\t\t\t\t\t<\/div>\n\t\t\t\t\t<\/div>\n\t\t<\/div>\n\t\t\t\t\t<\/div>\n\t\t<\/section>\n\t\t\t\t<section class=\"elementor-section elementor-top-section elementor-element elementor-element-8442b75 elementor-section-boxed elementor-section-height-default elementor-section-height-default\" data-id=\"8442b75\" data-element_type=\"section\" data-e-type=\"section\">\n\t\t\t\t\t\t<div class=\"elementor-container elementor-column-gap-default\">\n\t\t\t\t\t<div class=\"elementor-column elementor-col-100 elementor-top-column elementor-element elementor-element-e0ccb7e\" data-id=\"e0ccb7e\" data-element_type=\"column\" data-e-type=\"column\">\n\t\t\t<div class=\"elementor-widget-wrap elementor-element-populated\">\n\t\t\t\t\t\t<div class=\"elementor-element elementor-element-d20d176 elementor-widget elementor-widget-heading\" data-id=\"d20d176\" data-element_type=\"widget\" data-e-type=\"widget\" data-widget_type=\"heading.default\">\n\t\t\t\t\t<h2 class=\"elementor-heading-title elementor-size-default\">\u041a\u0440\u043e\u043a 3. \u041a\u0443\u043f\u0438 \u0437\u0432\u0456\u0442 \u0430\u0431\u043e \u043a\u0456\u043b\u044c\u043a\u0430 \n<\/h2>\t\t\t\t<\/div>\n\t\t\t\t<div class=\"elementor-element elementor-element-abd8f13 elementor-widget__width-initial elementor-widget elementor-widget-text-editor\" data-id=\"abd8f13\" data-element_type=\"widget\" data-e-type=\"widget\" data-widget_type=\"text-editor.default\">\n\t\t\t\t\t\t\t\t\t<p>\u042f\u043a\u0449\u043e \u0443 \u0432\u0430\u0441 \u0454 \u043a\u043e\u0434 \u0437\u043d\u0438\u0436\u043a\u0438 \u0430\u0431\u043e \u043a\u043e\u0434 PREPAID, \u0432\u043f\u0438\u0448\u0456\u0442\u044c \u0439\u043e\u0433\u043e, \u043f\u0435\u0440\u0435\u0434 \u0442\u0438\u043c \u044f\u043a \u0432\u0438\u0431\u0440\u0430\u0442\u0438 \u0441\u043f\u043e\u0441\u0456\u0431 \u043f\u043b\u0430\u0442\u0435\u0436\u0443. \u0414\u043e\u043f\u043e\u0432\u043d\u0456\u0442\u044c \u0430\u0434\u0440\u0435\u0441\u0443 \u0435\u043b\u0435\u043a\u0442\u0440\u043e\u043d\u043d\u043e\u0457 \u043f\u043e\u0448\u0442\u0438, \u044f\u043a\u0430 \u0454 \u0442\u0430\u043a\u043e\u0436 \u043b\u043e\u0433\u0456\u043d\u043e\u043c \u0434\u043b\u044f \u0432\u0430\u0448\u043e\u0433\u043e \u0430\u043a\u0430\u0443\u043d\u0442\u0430 (\u043e\u0431\u043b\u0456\u043a\u043e\u0432\u043e\u0433\u043e \u0437\u0430\u043f\u0438\u0441\u0443). \u041c\u0438 \u043f\u0440\u0438\u0433\u043e\u0442\u0443\u0432\u0430\u043b\u0438 \u0434\u043b\u044f \u0432\u0430\u0441 \u0431\u0430\u0433\u0430\u0442\u043e \u0437\u0440\u0443\u0447\u043d\u0438\u0445 \u0444\u043e\u0440\u043c \u043f\u043b\u0430\u0442\u0435\u0436\u0456\u0432. \u041a\u043e\u043b\u0438 \u0432\u0438 \u0437\u0440\u043e\u0431\u0438\u0442\u0435 \u0441\u0432\u0456\u0439 \u0432\u0438\u0431\u0456\u0440, \u0434\u0456\u0439\u0442\u0435 \u0437\u0433\u0456\u0434\u043d\u043e \u0437 \u0456\u043d\u0441\u0442\u0440\u0443\u043a\u0446\u0456\u0454\u044e \u043d\u0430 \u0435\u043a\u0440\u0430\u043d\u0456.   <\/p>\n<p>\u0427\u0430\u0441 \u043e\u0447\u0456\u043a\u0443\u0432\u0430\u043d\u043d\u044f \u043d\u0430 \u043e\u0431\u0440\u043e\u0431\u043a\u0443 \u043f\u043b\u0430\u0442\u0435\u0436\u0443 \u0437\u0430\u0437\u0432\u0438\u0447\u0430\u0439 \u0441\u0442\u0430\u043d\u043e\u0432\u0438\u0442\u044c 2-3 \u0445\u0432\u0438\u043b\u0438\u043d\u0438, \u0430\u043b\u0435 \u0443 \u0432\u0438\u043f\u0430\u0434\u043a\u0443 \u0432\u0438\u043d\u044f\u0442\u043a\u043e\u0432\u0438\u0445 \u0441\u0438\u0442\u0443\u0430\u0446\u0456\u0439 \u0447\u0430\u0441 \u043e\u0447\u0456\u043a\u0443\u0432\u0430\u043d\u043d\u044f \u043f\u043b\u0430\u0442\u0435\u0436\u0443 \u043c\u043e\u0436\u0435 \u0431\u0443\u0442\u0438 \u043d\u0430\u0434\u0437\u0432\u0438\u0447\u0430\u0439\u043d\u043e \u0442\u0440\u0438\u0432\u0430\u043b\u0438\u043c.<\/p>\n<p>\u041f\u0456\u0441\u043b\u044f \u0443\u0441\u043f\u0456\u0448\u043d\u043e\u0433\u043e \u043f\u043b\u0430\u0442\u0435\u0436\u0443 \u0432\u0438 \u043e\u0442\u0440\u0438\u043c\u0430\u0454\u0442\u0435 \u043f\u043e\u0432\u0456\u0434\u043e\u043c\u043b\u0435\u043d\u043d\u044f \u043d\u0430 \u0435\u043b\u0435\u043a\u0442\u0440\u043e\u043d\u043d\u0443 \u043f\u043e\u0448\u0442\u0443 \u0437 \u043f\u0456\u0434\u0442\u0432\u0435\u0440\u0434\u0436\u0435\u043d\u043d\u044f\u043c \u043f\u043b\u0430\u0442\u0435\u0436\u0443 \u0456, \u044f\u043a\u0449\u043e \u0446\u0435 \u043f\u0435\u0440\u0448\u0430 \u043a\u0443\u043f\u0456\u0432\u043b\u044f, \u0447\u0435\u0440\u0433\u043e\u0432\u0435 \u043f\u043e\u0432\u0456\u0434\u043e\u043c\u043b\u0435\u043d\u043d\u044f \u0437 \u043f\u0430\u0440\u043e\u043b\u0435\u043c \u0434\u043e \u0430\u043a\u0430\u0443\u043d\u0442\u0430. \u042f\u043a\u0449\u043e \u0432\u0438 \u043a\u0443\u043f\u0443\u0454\u0442\u0435 \u043f\u0435\u0440\u0448\u0438\u0439 \u0440\u0430\u0437 \u0456 \u043d\u0435 \u043c\u043e\u0436\u0435\u0442\u0435 \u0437\u043d\u0430\u0439\u0442\u0438 \u043c\u0435\u0439\u043b \u0437 \u043f\u0430\u0440\u043e\u043b\u0435\u043c, \u043e\u0431\u043e\u0432&#8217;\u044f\u0437\u043a\u043e\u0432\u043e \u043f\u0435\u0440\u0435\u0432\u0456\u0440\u0442\u0435 \u0442\u0430\u043a\u043e\u0436 \u043f\u0430\u043f\u043a\u0443 \u0437\u0456 \u0441\u043f\u0430\u043c\u043e\u043c. <\/p>\n\t\t\t\t\t\t\t\t<\/div>\n\t\t\t\t<div class=\"elementor-element elementor-element-32cdf55 elementor-widget elementor-widget-image\" data-id=\"32cdf55\" data-element_type=\"widget\" data-e-type=\"widget\" data-widget_type=\"image.default\">\n\t\t\t\t\t\t\t\t\t\t\t\t\t\t\t<img decoding=\"async\" width=\"1\" height=\"1\" src=\"https:\/\/www.automoli.com\/wp-content\/uploads\/2024\/07\/aml-precheck-pac.svg\" class=\"attachment-full size-full wp-image-50386\" alt=\"\" title=\"\">\t\t\t\t\t\t\t\t\t\t\t\t\t\t\t<\/div>\n\t\t\t\t<div class=\"elementor-element elementor-element-61c84e3 elementor-widget elementor-widget-image\" data-id=\"61c84e3\" data-element_type=\"widget\" data-e-type=\"widget\" data-widget_type=\"image.default\">\n\t\t\t\t\t\t\t\t\t\t\t\t\t\t\t<img decoding=\"async\" width=\"820\" height=\"345\" src=\"https:\/\/www.automoli.com\/wp-content\/uploads\/2021\/07\/aml-payment.png\" class=\"attachment-full size-full wp-image-4805\" alt=\"\" srcset=\"https:\/\/www.automoli.com\/wp-content\/uploads\/2021\/07\/aml-payment.png 820w, https:\/\/www.automoli.com\/wp-content\/uploads\/2021\/07\/aml-payment-300x126.png 300w, https:\/\/www.automoli.com\/wp-content\/uploads\/2021\/07\/aml-payment-768x323.png 768w\" sizes=\"(max-width: 820px) 100vw, 820px\" title=\"\">\t\t\t\t\t\t\t\t\t\t\t\t\t\t\t<\/div>\n\t\t\t\t\t<\/div>\n\t\t<\/div>\n\t\t\t\t\t<\/div>\n\t\t<\/section>\n\t\t\t\t<section class=\"elementor-section elementor-top-section elementor-element elementor-element-9e3e2f0 elementor-section-boxed elementor-section-height-default elementor-section-height-default\" data-id=\"9e3e2f0\" data-element_type=\"section\" data-e-type=\"section\">\n\t\t\t\t\t\t<div class=\"elementor-container elementor-column-gap-default\">\n\t\t\t\t\t<div class=\"elementor-column elementor-col-100 elementor-top-column elementor-element elementor-element-ca67ea3\" data-id=\"ca67ea3\" data-element_type=\"column\" data-e-type=\"column\">\n\t\t\t<div class=\"elementor-widget-wrap elementor-element-populated\">\n\t\t\t\t\t\t<div class=\"elementor-element elementor-element-8c5d67b elementor-widget elementor-widget-heading\" data-id=\"8c5d67b\" data-element_type=\"widget\" data-e-type=\"widget\" data-widget_type=\"heading.default\">\n\t\t\t\t\t<h2 class=\"elementor-heading-title elementor-size-default\">\u041a\u0440\u043e\u043a 4. \u0423\u0432\u0456\u0439\u0434\u0456\u0442\u044c \u0456 \u043f\u0435\u0440\u0435\u0433\u043b\u044f\u043d\u044c\u0442\u0435 \u0437\u0432\u0456\u0442 <\/h2>\t\t\t\t<\/div>\n\t\t\t\t<div class=\"elementor-element elementor-element-2bdbd2d elementor-widget elementor-widget-text-editor\" data-id=\"2bdbd2d\" data-element_type=\"widget\" data-e-type=\"widget\" data-widget_type=\"text-editor.default\">\n\t\t\t\t\t\t\t\t\t<p>\u041f\u0456\u0441\u043b\u044f \u0432\u0432\u0435\u0434\u0435\u043d\u043d\u044f \u0430\u0434\u0440\u0435\u0441\u0438 \u0435\u043b\u0435\u043a\u0442\u0440\u043e\u043d\u043d\u043e\u0457 \u043f\u043e\u0448\u0442\u0438 \u0456 \u043f\u0430\u0440\u043e\u043b\u044f, \u0443\u0432\u0456\u0439\u0434\u0456\u0442\u044c \u043d\u0430 \u0441\u0432\u0456\u0439 \u0430\u043a\u0430\u0443\u043d\u0442.<\/p>\n<p>\u0417\u0432\u0456\u0442 \u043f\u043e\u0447\u043d\u0435 \u0433\u0435\u043d\u0435\u0440\u0443\u0432\u0430\u0442\u0438\u0441\u044f \u0432\u0456\u0434\u0440\u0430\u0437\u0443 \u043f\u0456\u0441\u043b\u044f \u043f\u0456\u0434\u0442\u0432\u0435\u0440\u0434\u0436\u0435\u043d\u043d\u044f \u0441\u0438\u0441\u0442\u0435\u043c\u043e\u044e \u043f\u043b\u0430\u0442\u0435\u0436\u0456\u0432, \u044f\u043a\u0443 \u0432\u0438 \u0432\u0438\u0431\u0440\u0430\u043b\u0438 \u043d\u0430 \u043f\u043e\u043f\u0435\u0440\u0435\u0434\u043d\u044c\u043e\u043c\u0443 \u043a\u0440\u043e\u0446\u0456. \u041a\u043e\u043c\u043f\u0438\u043b\u044f\u0446\u0456\u044f \u0434\u0430\u043d\u0438\u0445 \u0442\u0430 \u043f\u0456\u0434\u0433\u043e\u0442\u043e\u0432\u043a\u0430 \u0437\u0432\u0456\u0442\u0443 \u043d\u0435 \u043f\u043e\u0432\u0438\u043d\u043d\u0430 \u0437\u0430\u0439\u043d\u044f\u0442\u0438 \u0431\u0456\u043b\u044c\u0448\u0435 \u043d\u0456\u0436 \u043a\u0456\u043b\u044c\u043a\u0430 \u0445\u0432\u0438\u043b\u0438\u043d. \u0417\u0432\u0456\u0442\u0438 \u043c\u0438 \u0431\u0443\u0434\u0435\u043c\u043e \u0437\u0431\u0435\u0440\u0456\u0433\u0430\u0442\u0438 \u043d\u0430 \u0432\u0430\u0448\u043e\u043c\u0443 \u0440\u0430\u0445\u0443\u043d\u043a\u0443 \u0434\u043e 30 \u0434\u043d\u0456\u0432. \u0406\u043d\u0448\u0456 \u0437\u0432\u0456\u0442\u0438, \u044f\u043a\u0456 \u0432\u0438 \u043f\u0440\u0438\u0434\u0431\u0430\u043b\u0438 \u0432 \u043f\u0430\u043a\u0435\u0442\u0456, \u0431\u0443\u0434\u0443\u0442\u044c \u0434\u043e\u0441\u0442\u0443\u043f\u043d\u0456 \u0434\u043b\u044f \u0432\u0438\u043a\u043e\u0440\u0438\u0441\u0442\u0430\u043d\u043d\u044f \u0437 \u0432\u0430\u0448\u043e\u0433\u043e \u0440\u0430\u0445\u0443\u043d\u043a\u0443 \u0432 \u0431\u0443\u0434\u044c-\u044f\u043a\u0438\u0439 \u0447\u0430\u0441, \u0430\u043b\u0435 \u043d\u0435 \u043f\u0456\u0437\u043d\u0456\u0448\u0435 \u043d\u0456\u0436 \u0447\u0435\u0440\u0435\u0437 90 \u0434\u043d\u0456\u0432 \u0437 \u0434\u0430\u0442\u0438 \u043f\u043e\u043a\u0443\u043f\u043a\u0438.   <\/p>\n\t\t\t\t\t\t\t\t<\/div>\n\t\t\t\t\t<\/div>\n\t\t<\/div>\n\t\t\t\t\t<\/div>\n\t\t<\/section>\n\t\t\t\t<\/div>\n\t\t","protected":false},"excerpt":{"rendered":"<p>\u042f\u043a \u0437\u0430\u043c\u043e\u0432\u0438\u0442\u0438 \u0440\u0430\u043f\u043e\u0440\u0442 \u0437 \u0456\u0441\u0442\u043e\u0440\u0456\u0457 \u0442\u0440\u0430\u043d\u0441\u043f\u043e\u0440\u0442\u043d\u043e\u0433\u043e \u0437\u0430\u0441\u043e\u0431\u0443 \u041d\u0435\u0432\u0430\u0436\u043b\u0438\u0432\u043e, \u044f\u043a \u0432\u0438 \u043f\u043e\u0442\u0440\u0430\u043f\u0438\u043b\u0438 \u043d\u0430 \u0441\u0430\u0439\u0442 Automola &#8211; \u0447\u0435\u0440\u0435\u0437 \u0431\u043b\u043e\u0433 \u0430\u0431\u043e \u0433\u043e\u043b\u043e\u0432\u043d\u0443 \u0441\u0442\u043e\u0440\u0456\u043d\u043a\u0443, \u0447\u0438 \u0448\u0443\u043a\u0430\u043b\u0438 \u0432\u0438 \u0456\u043d\u0444\u043e\u0440\u043c\u0430\u0446\u0456\u044e \u043f\u0440\u043e VIN \u0430\u0431\u043e \u0456\u0441\u0442\u043e\u0440\u0456\u044e \u0430\u0432\u0442\u043e\u043c\u043e\u0431\u0456\u043b\u044f. \u041d\u0435 \u043c\u0430\u0454 \u0437\u043d\u0430\u0447\u0435\u043d\u043d\u044f, \u0434\u043b\u044f \u0432\u0430\u0448\u043e\u0457 \u0437\u0440\u0443\u0447\u043d\u043e\u0441\u0442\u0456 \u0432 \u043a\u043e\u0436\u043d\u043e\u043c\u0443 \u043c\u0456\u0441\u0446\u0456 \u0454 \u043f\u043e\u043b\u044f \u0434\u043b\u044f \u043f\u0435\u0440\u0435\u0432\u0456\u0440\u043a\u0438 VIN \u0430\u0431\u043e \u043d\u043e\u043c\u0435\u0440\u043d\u043e\u0433\u043e \u0437\u043d\u0430\u043a\u0443. \u041a\u0440\u043e\u043a 1. \u0412\u0432\u0435\u0434\u0456\u0442\u044c VIN \u0430\u0431\u043e \u043d\u043e\u043c\u0435\u0440\u043d\u0438\u0439 \u0437\u043d\u0430\u043a \u0412\u0432\u0435\u0434\u0456\u0442\u044c \u0432\u0456\u0434\u043f\u043e\u0432\u0456\u0434\u043d\u0443 [&hellip;]<\/p>\n","protected":false},"author":3,"featured_media":0,"parent":0,"menu_order":0,"comment_status":"closed","ping_status":"closed","template":"","meta":{"inline_featured_image":false,"footnotes":""},"class_list":["post-50652","page","type-page","status-publish","hentry"],"_links":{"self":[{"href":"https:\/\/www.automoli.com\/uk\/wp-json\/wp\/v2\/pages\/50652","targetHints":{"allow":["GET"]}}],"collection":[{"href":"https:\/\/www.automoli.com\/uk\/wp-json\/wp\/v2\/pages"}],"about":[{"href":"https:\/\/www.automoli.com\/uk\/wp-json\/wp\/v2\/types\/page"}],"author":[{"embeddable":true,"href":"https:\/\/www.automoli.com\/uk\/wp-json\/wp\/v2\/users\/3"}],"replies":[{"embeddable":true,"href":"https:\/\/www.automoli.com\/uk\/wp-json\/wp\/v2\/comments?post=50652"}],"version-history":[{"count":2,"href":"https:\/\/www.automoli.com\/uk\/wp-json\/wp\/v2\/pages\/50652\/revisions"}],"predecessor-version":[{"id":53502,"href":"https:\/\/www.automoli.com\/uk\/wp-json\/wp\/v2\/pages\/50652\/revisions\/53502"}],"wp:attachment":[{"href":"https:\/\/www.automoli.com\/uk\/wp-json\/wp\/v2\/media?parent=50652"}],"curies":[{"name":"wp","href":"https:\/\/api.w.org\/{rel}","templated":true}]}}