{"id":50656,"date":"2024-08-07T13:13:32","date_gmt":"2024-08-07T11:13:32","guid":{"rendered":"https:\/\/www.automoli.com\/rapor-nasil-siparis-edilir"},"modified":"2024-11-21T11:11:03","modified_gmt":"2024-11-21T10:11:03","slug":"rapor-nasil-siparis-edilir","status":"publish","type":"page","link":"https:\/\/www.automoli.com\/tr\/rapor-nasil-siparis-edilir","title":{"rendered":"Rapor nas\u0131l sipari\u015f edilir"},"content":{"rendered":"\t\t<div data-elementor-type=\"wp-page\" data-elementor-id=\"50656\" class=\"elementor elementor-50656 elementor-50355\" data-elementor-post-type=\"page\">\n\t\t\t\t\t\t<section class=\"elementor-section elementor-top-section elementor-element elementor-element-2b4ecd5 elementor-section-boxed elementor-section-height-default elementor-section-height-default\" data-id=\"2b4ecd5\" data-element_type=\"section\" data-e-type=\"section\" data-settings=\"{&quot;background_background&quot;:&quot;classic&quot;,&quot;shape_divider_bottom&quot;:&quot;triangle&quot;,&quot;shape_divider_bottom_negative&quot;:&quot;yes&quot;}\">\n\t\t\t\t\t<div class=\"elementor-shape elementor-shape-bottom\" aria-hidden=\"true\" data-negative=\"true\">\n\t\t\t<svg xmlns=\"http:\/\/www.w3.org\/2000\/svg\" viewBox=\"0 0 1000 100\" preserveAspectRatio=\"none\">\n\t<path class=\"elementor-shape-fill\" d=\"M500.2,94.7L0,0v100h1000V0L500.2,94.7z\"\/>\n<\/svg>\t\t<\/div>\n\t\t\t\t\t<div class=\"elementor-container elementor-column-gap-default\">\n\t\t\t\t\t<div class=\"elementor-column elementor-col-100 elementor-top-column elementor-element elementor-element-c4f3fe0\" data-id=\"c4f3fe0\" data-element_type=\"column\" data-e-type=\"column\">\n\t\t\t<div class=\"elementor-widget-wrap elementor-element-populated\">\n\t\t\t\t\t\t<div class=\"elementor-element elementor-element-f1a6006 elementor-widget elementor-widget-heading\" data-id=\"f1a6006\" data-element_type=\"widget\" data-e-type=\"widget\" data-widget_type=\"heading.default\">\n\t\t\t\t\t<h1 class=\"elementor-heading-title elementor-size-default\">Ara\u00e7 ge\u00e7mi\u015fi raporu nas\u0131l al\u0131nabilir?<\/h1>\t\t\t\t<\/div>\n\t\t\t\t<div class=\"elementor-element elementor-element-dbcb37d elementor-widget elementor-widget-text-editor\" data-id=\"dbcb37d\" data-element_type=\"widget\" data-e-type=\"widget\" data-widget_type=\"text-editor.default\">\n\t\t\t\t\t\t\t\t\t<p>Automola&#8217;n\u0131n web sitesine ister blog ister ana sayfa \u00fczerinden nas\u0131l ula\u015f\u0131rsan\u0131z ula\u015f\u0131n, ister VIN bilgisi ister ara\u00e7 ge\u00e7mi\u015fi ar\u0131yor olun. Fark etmez, size kolayl\u0131k sa\u011flamak i\u00e7in her konumda VIN veya plakay\u0131 kontrol etmek i\u00e7in kutular vard\u0131r.  <\/p>\n\t\t\t\t\t\t\t\t<\/div>\n\t\t\t\t\t<\/div>\n\t\t<\/div>\n\t\t\t\t\t<\/div>\n\t\t<\/section>\n\t\t\t\t<section class=\"elementor-section elementor-top-section elementor-element elementor-element-0d0d160 elementor-section-boxed elementor-section-height-default elementor-section-height-default\" data-id=\"0d0d160\" data-element_type=\"section\" data-e-type=\"section\">\n\t\t\t\t\t\t<div class=\"elementor-container elementor-column-gap-default\">\n\t\t\t\t\t<div class=\"elementor-column elementor-col-100 elementor-top-column elementor-element elementor-element-7cdcf9c\" data-id=\"7cdcf9c\" data-element_type=\"column\" data-e-type=\"column\">\n\t\t\t<div class=\"elementor-widget-wrap elementor-element-populated\">\n\t\t\t\t\t\t<div class=\"elementor-element elementor-element-128440c elementor-widget elementor-widget-heading\" data-id=\"128440c\" data-element_type=\"widget\" data-e-type=\"widget\" data-widget_type=\"heading.default\">\n\t\t\t\t\t<h2 class=\"elementor-heading-title elementor-size-default\">Ad\u0131m 1. VIN veya plaka numaras\u0131n\u0131 girin <\/h2>\t\t\t\t<\/div>\n\t\t\t\t<div class=\"elementor-element elementor-element-7f76fc2 elementor-widget elementor-widget-text-editor\" data-id=\"7f76fc2\" data-element_type=\"widget\" data-e-type=\"widget\" data-widget_type=\"text-editor.default\">\n\t\t\t\t\t\t\t\t\t<p><span style=\"font-weight: 400;\">Sa\u011flanan kutuya uygun karakter say\u0131s\u0131n\u0131 girin ve &#8220;Kontrol Et&#8221; d\u00fc\u011fmesine t\u0131klay\u0131n.<\/span><\/p>\n\t\t\t\t\t\t\t\t<\/div>\n\t\t\t\t<div class=\"elementor-element elementor-element-1b9af0e elementor-widget elementor-widget-image\" data-id=\"1b9af0e\" data-element_type=\"widget\" data-e-type=\"widget\" data-widget_type=\"image.default\">\n\t\t\t\t\t\t\t\t\t\t\t\t\t\t\t<img fetchpriority=\"high\" decoding=\"async\" width=\"800\" height=\"380\" src=\"https:\/\/www.automoli.com\/wp-content\/uploads\/2021\/07\/aml-enter_vin.png\" class=\"attachment-full size-full wp-image-12842\" alt=\"\" srcset=\"https:\/\/www.automoli.com\/wp-content\/uploads\/2021\/07\/aml-enter_vin.png 800w, https:\/\/www.automoli.com\/wp-content\/uploads\/2021\/07\/aml-enter_vin-300x143.png 300w, https:\/\/www.automoli.com\/wp-content\/uploads\/2021\/07\/aml-enter_vin-768x365.png 768w\" sizes=\"(max-width: 800px) 100vw, 800px\" title=\"\">\t\t\t\t\t\t\t\t\t\t\t\t\t\t\t<\/div>\n\t\t\t\t\t<\/div>\n\t\t<\/div>\n\t\t\t\t\t<\/div>\n\t\t<\/section>\n\t\t\t\t<section class=\"elementor-section elementor-top-section elementor-element elementor-element-6903c2a elementor-section-boxed elementor-section-height-default elementor-section-height-default\" data-id=\"6903c2a\" data-element_type=\"section\" data-e-type=\"section\">\n\t\t\t\t\t\t<div class=\"elementor-container elementor-column-gap-default\">\n\t\t\t\t\t<div class=\"elementor-column elementor-col-100 elementor-top-column elementor-element elementor-element-8d4c0f1\" data-id=\"8d4c0f1\" data-element_type=\"column\" data-e-type=\"column\">\n\t\t\t<div class=\"elementor-widget-wrap elementor-element-populated\">\n\t\t\t\t\t\t<div class=\"elementor-element elementor-element-761cd92 elementor-widget elementor-widget-heading\" data-id=\"761cd92\" data-element_type=\"widget\" data-e-type=\"widget\" data-widget_type=\"heading.default\">\n\t\t\t\t\t<h2 class=\"elementor-heading-title elementor-size-default\">Ad\u0131m 2. Kontrol edilecek verilerin fiyat\u0131n\u0131 ve kapsam\u0131n\u0131 bilin  <\/h2>\t\t\t\t<\/div>\n\t\t\t\t<div class=\"elementor-element elementor-element-ee233e2 elementor-widget elementor-widget-text-editor\" data-id=\"ee233e2\" data-element_type=\"widget\" data-e-type=\"widget\" data-widget_type=\"text-editor.default\">\n\t\t\t\t\t\t\t\t\tBu a\u015famada, verdi\u011finiz VIN numaras\u0131 veya plaka numaras\u0131na dayal\u0131 olarak ara\u00e7 hakk\u0131nda baz\u0131 bilgileri buldu\u011fumuzu \u00f6\u011freneceksiniz. Bu a\u015famada, ara\u00e7 ge\u00e7mi\u015fi raporlar\u0131m\u0131z\u0131n a\u015fa\u011f\u0131daki konularla ilgili bilgileri do\u011frulad\u0131\u011f\u0131n\u0131 da okuyabilirsiniz: \n<ul>\n \t<li>ara\u00e7 ge\u00e7mi\u015fi ve etkinlikler,<\/li>\n \t<li>kilometre okumalar\u0131,<\/li>\n \t<li>aranan ara\u00e7lar\u0131n kay\u0131tlar\u0131,<\/li>\n \t<li>teknik veriler,<\/li>\n \t<li>ar\u015fiv foto\u011fraflar\u0131,<\/li>\n \t<li>yan\u0131 s\u0131ra belirli bir modelin dezavantajlar\u0131.<\/li>\n<\/ul>\nBu noktada, bu belirli raporu mu sat\u0131n almak istedi\u011finizi yoksa 90 g\u00fcn i\u00e7inde herhangi bir zamanda kullanmak \u00fczere 2 veya 3 ek rapor paketini mi sat\u0131n almak istedi\u011finizi karar veriyorsunuz. Ne kadar \u00e7ok al\u0131rsan\u0131z o kadar ucuza geliyor! Deneyimlerimize g\u00f6re, hayalinizdeki arac\u0131 sat\u0131n almak i\u00e7in en az 2 arac\u0131n ge\u00e7mi\u015finin kontrol edilmesi gerekiyor.  <\/span>\n\nDikkat: VIN numaras\u0131na veya plaka numaras\u0131na dayal\u0131 olarak olu\u015fturulan rapora eri\u015fim her durumda 30 g\u00fcnd\u00fcr. Sundugumuz raporun \u00f6rne\u011fini \u201c<a href=\"https:\/\/www.automoli.com\/tr\/ornek-raporlar\">\u00d6rnek Rapor<\/a>\u201d b\u00f6l\u00fcm\u00fcnde bulabilirsiniz.\n\n\t\t\t\t\t\t\t\t<\/div>\n\t\t\t\t\t<\/div>\n\t\t<\/div>\n\t\t\t\t\t<\/div>\n\t\t<\/section>\n\t\t\t\t<section class=\"elementor-section elementor-top-section elementor-element elementor-element-8442b75 elementor-section-boxed elementor-section-height-default elementor-section-height-default\" data-id=\"8442b75\" data-element_type=\"section\" data-e-type=\"section\">\n\t\t\t\t\t\t<div class=\"elementor-container elementor-column-gap-default\">\n\t\t\t\t\t<div class=\"elementor-column elementor-col-100 elementor-top-column elementor-element elementor-element-e0ccb7e\" data-id=\"e0ccb7e\" data-element_type=\"column\" data-e-type=\"column\">\n\t\t\t<div class=\"elementor-widget-wrap elementor-element-populated\">\n\t\t\t\t\t\t<div class=\"elementor-element elementor-element-d20d176 elementor-widget elementor-widget-heading\" data-id=\"d20d176\" data-element_type=\"widget\" data-e-type=\"widget\" data-widget_type=\"heading.default\">\n\t\t\t\t\t<h2 class=\"elementor-heading-title elementor-size-default\">Ad\u0131m 3. Rapor sat\u0131n al veya birka\u00e7 tane al \n<\/h2>\t\t\t\t<\/div>\n\t\t\t\t<div class=\"elementor-element elementor-element-abd8f13 elementor-widget__width-initial elementor-widget elementor-widget-text-editor\" data-id=\"abd8f13\" data-element_type=\"widget\" data-e-type=\"widget\" data-widget_type=\"text-editor.default\">\n\t\t\t\t\t\t\t\t\t<p>\u0130ndirim kodunuz veya PE\u015e\u0130N \u00d6DEME kodunuz varsa \u00f6deme y\u00f6ntemi se\u00e7meden \u00f6nce bunu girin. E-posta adresinizi girin. E-posta adresini ayr\u0131ca hesaba giri\u015fte kullan\u0131rs\u0131n\u0131z. Farkl\u0131 \u00f6deme y\u00f6ntemleri aras\u0131nda se\u00e7imde bulunabilirsiniz. Bir se\u00e7imde bulunduktan sonra, ekrandaki y\u00f6nergeleri uygulay\u0131n.   <\/p>\n<p>\u00d6deme i\u015flemi i\u00e7in bekleme s\u00fcresi genellikle 2-3 dakikad\u0131r, ancak istisnai durumlarda \u00f6deme i\u00e7in bekleme s\u00fcresi istisnai olarak uzayabilir.<\/p>\n<p>\u00d6demeniz ba\u015far\u0131l\u0131 oldu\u011funda, \u00f6deme onay e-postas\u0131 al\u0131rs\u0131n\u0131z. E\u011fer ilk defa sat\u0131n al\u0131yorsan\u0131z hesab\u0131n\u0131za giri\u015fte kullanaca\u011f\u0131n\u0131z parolan\u0131n oldu\u011fu ba\u015fka bir e-posta daha al\u0131rs\u0131n\u0131z. \u0130lk defa sat\u0131n al\u0131m ger\u00e7ekle\u015ftiriyorsan\u0131z ve parolan\u0131z\u0131n oldu\u011fu e-postay\u0131 bulam\u0131yorsan\u0131z SPAM klas\u00f6r\u00fcn\u00fc kontrol etmeyi unutmay\u0131n. <\/p>\n\t\t\t\t\t\t\t\t<\/div>\n\t\t\t\t<div class=\"elementor-element elementor-element-32cdf55 elementor-widget elementor-widget-image\" data-id=\"32cdf55\" data-element_type=\"widget\" data-e-type=\"widget\" data-widget_type=\"image.default\">\n\t\t\t\t\t\t\t\t\t\t\t\t\t\t\t<img decoding=\"async\" width=\"1\" height=\"1\" src=\"https:\/\/www.automoli.com\/wp-content\/uploads\/2024\/07\/aml-precheck-pac.svg\" class=\"attachment-full size-full wp-image-50385\" alt=\"\" title=\"\">\t\t\t\t\t\t\t\t\t\t\t\t\t\t\t<\/div>\n\t\t\t\t<div class=\"elementor-element elementor-element-61c84e3 elementor-widget elementor-widget-image\" data-id=\"61c84e3\" data-element_type=\"widget\" data-e-type=\"widget\" data-widget_type=\"image.default\">\n\t\t\t\t\t\t\t\t\t\t\t\t\t\t\t<img decoding=\"async\" width=\"820\" height=\"345\" src=\"https:\/\/www.automoli.com\/wp-content\/uploads\/2021\/07\/aml-payment.png\" class=\"attachment-full size-full wp-image-12844\" alt=\"\" srcset=\"https:\/\/www.automoli.com\/wp-content\/uploads\/2021\/07\/aml-payment.png 820w, https:\/\/www.automoli.com\/wp-content\/uploads\/2021\/07\/aml-payment-300x126.png 300w, https:\/\/www.automoli.com\/wp-content\/uploads\/2021\/07\/aml-payment-768x323.png 768w\" sizes=\"(max-width: 820px) 100vw, 820px\" title=\"\">\t\t\t\t\t\t\t\t\t\t\t\t\t\t\t<\/div>\n\t\t\t\t\t<\/div>\n\t\t<\/div>\n\t\t\t\t\t<\/div>\n\t\t<\/section>\n\t\t\t\t<section class=\"elementor-section elementor-top-section elementor-element elementor-element-9e3e2f0 elementor-section-boxed elementor-section-height-default elementor-section-height-default\" data-id=\"9e3e2f0\" data-element_type=\"section\" data-e-type=\"section\">\n\t\t\t\t\t\t<div class=\"elementor-container elementor-column-gap-default\">\n\t\t\t\t\t<div class=\"elementor-column elementor-col-100 elementor-top-column elementor-element elementor-element-ca67ea3\" data-id=\"ca67ea3\" data-element_type=\"column\" data-e-type=\"column\">\n\t\t\t<div class=\"elementor-widget-wrap elementor-element-populated\">\n\t\t\t\t\t\t<div class=\"elementor-element elementor-element-8c5d67b elementor-widget elementor-widget-heading\" data-id=\"8c5d67b\" data-element_type=\"widget\" data-e-type=\"widget\" data-widget_type=\"heading.default\">\n\t\t\t\t\t<h2 class=\"elementor-heading-title elementor-size-default\">Ad\u0131m 4. Giri\u015f yap ve raporu g\u00f6r\u00fcnt\u00fcle <\/h2>\t\t\t\t<\/div>\n\t\t\t\t<div class=\"elementor-element elementor-element-2bdbd2d elementor-widget elementor-widget-text-editor\" data-id=\"2bdbd2d\" data-element_type=\"widget\" data-e-type=\"widget\" data-widget_type=\"text-editor.default\">\n\t\t\t\t\t\t\t\t\t<p>E-posta adresinizi ve parolan\u0131z\u0131 girin ve hesab\u0131n\u0131zda oturum a\u00e7\u0131n.<\/p>\n<p>Rapor, \u00f6nceki ad\u0131mda se\u00e7ti\u011fin \u00f6deme sistemi taraf\u0131ndan onayland\u0131ktan hemen sonra olu\u015fturulmaya ba\u015flayacakt\u0131r. Veri derleme ve raporun haz\u0131rlanmas\u0131 birka\u00e7 dakikadan fazla s\u00fcrmemelidir. Raporlar\u0131 hesab\u0131n\u0131zda 30 g\u00fcn boyunca saklayaca\u011f\u0131z. Paket halinde sat\u0131n ald\u0131\u011f\u0131n\u0131z di\u011fer raporlar, sat\u0131n alma tarihinden itibaren 90 g\u00fcn ge\u00e7 olmamak \u015fart\u0131yla hesab\u0131n\u0131zdan kullan\u0131labilir olacakt\u0131r.   <\/p>\n\t\t\t\t\t\t\t\t<\/div>\n\t\t\t\t\t<\/div>\n\t\t<\/div>\n\t\t\t\t\t<\/div>\n\t\t<\/section>\n\t\t\t\t<\/div>\n\t\t","protected":false},"excerpt":{"rendered":"<p>Ara\u00e7 ge\u00e7mi\u015fi raporu nas\u0131l al\u0131nabilir? Automola&#8217;n\u0131n web sitesine ister blog ister ana sayfa \u00fczerinden nas\u0131l ula\u015f\u0131rsan\u0131z ula\u015f\u0131n, ister VIN bilgisi ister ara\u00e7 ge\u00e7mi\u015fi ar\u0131yor olun. Fark etmez, size kolayl\u0131k sa\u011flamak i\u00e7in her konumda VIN veya plakay\u0131 kontrol etmek i\u00e7in kutular vard\u0131r. Ad\u0131m 1. VIN veya plaka numaras\u0131n\u0131 girin Sa\u011flanan kutuya uygun karakter say\u0131s\u0131n\u0131 girin ve [&hellip;]<\/p>\n","protected":false},"author":3,"featured_media":0,"parent":0,"menu_order":0,"comment_status":"closed","ping_status":"closed","template":"","meta":{"inline_featured_image":false,"footnotes":""},"class_list":["post-50656","page","type-page","status-publish","hentry"],"_links":{"self":[{"href":"https:\/\/www.automoli.com\/tr\/wp-json\/wp\/v2\/pages\/50656","targetHints":{"allow":["GET"]}}],"collection":[{"href":"https:\/\/www.automoli.com\/tr\/wp-json\/wp\/v2\/pages"}],"about":[{"href":"https:\/\/www.automoli.com\/tr\/wp-json\/wp\/v2\/types\/page"}],"author":[{"embeddable":true,"href":"https:\/\/www.automoli.com\/tr\/wp-json\/wp\/v2\/users\/3"}],"replies":[{"embeddable":true,"href":"https:\/\/www.automoli.com\/tr\/wp-json\/wp\/v2\/comments?post=50656"}],"version-history":[{"count":2,"href":"https:\/\/www.automoli.com\/tr\/wp-json\/wp\/v2\/pages\/50656\/revisions"}],"predecessor-version":[{"id":53505,"href":"https:\/\/www.automoli.com\/tr\/wp-json\/wp\/v2\/pages\/50656\/revisions\/53505"}],"wp:attachment":[{"href":"https:\/\/www.automoli.com\/tr\/wp-json\/wp\/v2\/media?parent=50656"}],"curies":[{"name":"wp","href":"https:\/\/api.w.org\/{rel}","templated":true}]}}