{"id":14439,"date":"2022-03-24T15:24:32","date_gmt":"2022-03-24T14:24:32","guid":{"rendered":"https:\/\/www.automoli.com\/iletisim"},"modified":"2023-01-31T13:17:23","modified_gmt":"2023-01-31T12:17:23","slug":"iletisim","status":"publish","type":"page","link":"https:\/\/www.automoli.com\/tr\/iletisim","title":{"rendered":"\u0130leti\u015fim"},"content":{"rendered":"\t\t<div data-elementor-type=\"wp-page\" data-elementor-id=\"14439\" class=\"elementor elementor-14439 elementor-41\" data-elementor-post-type=\"page\">\n\t\t\t\t\t\t<section class=\"elementor-section elementor-top-section elementor-element elementor-element-43565b1 elementor-section-boxed elementor-section-height-default elementor-section-height-default\" data-id=\"43565b1\" data-element_type=\"section\" data-e-type=\"section\" data-settings=\"{&quot;background_background&quot;:&quot;classic&quot;,&quot;shape_divider_bottom&quot;:&quot;triangle&quot;,&quot;shape_divider_bottom_negative&quot;:&quot;yes&quot;}\">\n\t\t\t\t\t<div class=\"elementor-shape elementor-shape-bottom\" aria-hidden=\"true\" data-negative=\"true\">\n\t\t\t<svg xmlns=\"http:\/\/www.w3.org\/2000\/svg\" viewBox=\"0 0 1000 100\" preserveAspectRatio=\"none\">\n\t<path class=\"elementor-shape-fill\" d=\"M500.2,94.7L0,0v100h1000V0L500.2,94.7z\"\/>\n<\/svg>\t\t<\/div>\n\t\t\t\t\t<div class=\"elementor-container elementor-column-gap-default\">\n\t\t\t\t\t<div class=\"elementor-column elementor-col-100 elementor-top-column elementor-element elementor-element-7b0b3f0\" data-id=\"7b0b3f0\" data-element_type=\"column\" data-e-type=\"column\">\n\t\t\t<div class=\"elementor-widget-wrap elementor-element-populated\">\n\t\t\t\t\t\t<div class=\"elementor-element elementor-element-38c3000 elementor-widget elementor-widget-heading\" data-id=\"38c3000\" data-element_type=\"widget\" data-e-type=\"widget\" data-widget_type=\"heading.default\">\n\t\t\t\t\t<h1 class=\"elementor-heading-title elementor-size-default\">\u0130leti\u015fim<\/h1>\t\t\t\t<\/div>\n\t\t\t\t<div class=\"elementor-element elementor-element-4ea0301 elementor-widget elementor-widget-text-editor\" data-id=\"4ea0301\" data-element_type=\"widget\" data-e-type=\"widget\" data-widget_type=\"text-editor.default\">\n\t\t\t\t\t\t\t\t\t<p>Bu sayfa firmam\u0131zla ileti\u015fime ge\u00e7ebilmeniz i\u00e7in haz\u0131rlanm\u0131\u015ft\u0131r.<\/p>\n\t\t\t\t\t\t\t\t<\/div>\n\t\t\t\t<div class=\"elementor-element elementor-element-bbaf559 elementor-widget elementor-widget-text-editor\" data-id=\"bbaf559\" data-element_type=\"widget\" data-e-type=\"widget\" data-widget_type=\"text-editor.default\">\n\t\t\t\t\t\t\t\t\t<p>NOT: Sat\u0131n alma i\u015fleminden sonra raporlu bir e-posta almad\u0131ysan\u0131z, spam&#8217;i kontrol edin veya sa\u011f \u00fcst k\u00f6\u015fedeki web sitesinin ana sayfas\u0131nda e-posta adresinizi girin.<\/p>\n\t\t\t\t\t\t\t\t<\/div>\n\t\t\t\t\t<\/div>\n\t\t<\/div>\n\t\t\t\t\t<\/div>\n\t\t<\/section>\n\t\t\t\t<section class=\"elementor-section elementor-top-section elementor-element elementor-element-400e4e03 elementor-section-boxed elementor-section-height-default elementor-section-height-default\" data-id=\"400e4e03\" data-element_type=\"section\" data-e-type=\"section\">\n\t\t\t\t\t\t<div class=\"elementor-container elementor-column-gap-default\">\n\t\t\t\t\t<div class=\"elementor-column elementor-col-100 elementor-top-column elementor-element elementor-element-31d88290\" data-id=\"31d88290\" data-element_type=\"column\" data-e-type=\"column\">\n\t\t\t<div class=\"elementor-widget-wrap elementor-element-populated\">\n\t\t\t\t\t\t<section class=\"elementor-section elementor-inner-section elementor-element elementor-element-95492c4 elementor-section-boxed elementor-section-height-default elementor-section-height-default\" data-id=\"95492c4\" data-element_type=\"section\" data-e-type=\"section\" data-settings=\"{&quot;background_background&quot;:&quot;classic&quot;}\">\n\t\t\t\t\t\t\t<div class=\"elementor-background-overlay\"><\/div>\n\t\t\t\t\t\t\t<div class=\"elementor-container elementor-column-gap-default\">\n\t\t\t\t\t<div class=\"elementor-column elementor-col-50 elementor-inner-column elementor-element elementor-element-5655583\" data-id=\"5655583\" data-element_type=\"column\" data-e-type=\"column\">\n\t\t\t<div class=\"elementor-widget-wrap elementor-element-populated\">\n\t\t\t\t\t\t<div class=\"elementor-element elementor-element-a494485 elementor-widget elementor-widget-text-editor\" data-id=\"a494485\" data-element_type=\"widget\" data-e-type=\"widget\" data-widget_type=\"text-editor.default\">\n\t\t\t\t\t\t\t\t\t<p>Web sitemizin \u015fifresiyle ilgili herhangi bir sorun varsa, l\u00fctfen sayfay\u0131 ziyaret edin: <\/p>\n\t\t\t\t\t\t\t\t<\/div>\n\t\t\t\t\t<\/div>\n\t\t<\/div>\n\t\t\t\t<div class=\"elementor-column elementor-col-50 elementor-inner-column elementor-element elementor-element-1f698bb\" data-id=\"1f698bb\" data-element_type=\"column\" data-e-type=\"column\">\n\t\t\t<div class=\"elementor-widget-wrap elementor-element-populated\">\n\t\t\t\t\t\t<div class=\"elementor-element elementor-element-04868f7 elementor-align-center elementor-widget elementor-widget-button\" data-id=\"04868f7\" data-element_type=\"widget\" data-e-type=\"widget\" data-widget_type=\"button.default\">\n\t\t\t\t\t\t\t\t\t\t<a class=\"elementor-button elementor-button-link elementor-size-sm\" href=\"\/tr\/account\/reset-password\">\n\t\t\t\t\t\t<span class=\"elementor-button-content-wrapper\">\n\t\t\t\t\t\t\t\t\t<span class=\"elementor-button-text\">\u015eifre kurtarma<\/span>\n\t\t\t\t\t<\/span>\n\t\t\t\t\t<\/a>\n\t\t\t\t\t\t\t\t<\/div>\n\t\t\t\t\t<\/div>\n\t\t<\/div>\n\t\t\t\t\t<\/div>\n\t\t<\/section>\n\t\t\t\t\t<\/div>\n\t\t<\/div>\n\t\t\t\t\t<\/div>\n\t\t<\/section>\n\t\t\t\t<section class=\"elementor-section elementor-top-section elementor-element elementor-element-dc0e03e elementor-section-boxed elementor-section-height-default elementor-section-height-default\" data-id=\"dc0e03e\" data-element_type=\"section\" data-e-type=\"section\" data-settings=\"{&quot;background_background&quot;:&quot;classic&quot;,&quot;shape_divider_top&quot;:&quot;triangle&quot;,&quot;shape_divider_bottom&quot;:&quot;triangle&quot;,&quot;shape_divider_bottom_negative&quot;:&quot;yes&quot;}\">\n\t\t\t\t\t<div class=\"elementor-shape elementor-shape-top\" aria-hidden=\"true\" data-negative=\"false\">\n\t\t\t<svg xmlns=\"http:\/\/www.w3.org\/2000\/svg\" viewBox=\"0 0 1000 100\" preserveAspectRatio=\"none\">\n\t<path class=\"elementor-shape-fill\" d=\"M500,98.9L0,6.1V0h1000v6.1L500,98.9z\"\/>\n<\/svg>\t\t<\/div>\n\t\t\t\t<div class=\"elementor-shape elementor-shape-bottom\" aria-hidden=\"true\" data-negative=\"true\">\n\t\t\t<svg xmlns=\"http:\/\/www.w3.org\/2000\/svg\" viewBox=\"0 0 1000 100\" preserveAspectRatio=\"none\">\n\t<path class=\"elementor-shape-fill\" d=\"M500.2,94.7L0,0v100h1000V0L500.2,94.7z\"\/>\n<\/svg>\t\t<\/div>\n\t\t\t\t\t<div class=\"elementor-container elementor-column-gap-default\">\n\t\t\t\t\t<div class=\"elementor-column elementor-col-100 elementor-top-column elementor-element elementor-element-acf2ce9\" data-id=\"acf2ce9\" data-element_type=\"column\" data-e-type=\"column\">\n\t\t\t<div class=\"elementor-widget-wrap elementor-element-populated\">\n\t\t\t\t\t\t<div class=\"elementor-element elementor-element-6f1d15b elementor-widget elementor-widget-heading\" data-id=\"6f1d15b\" data-element_type=\"widget\" data-e-type=\"widget\" data-widget_type=\"heading.default\">\n\t\t\t\t\t<h2 class=\"elementor-heading-title elementor-size-default\">M\u00fc\u015fteri hizmetleri ofisi ile ileti\u015fim<\/h2>\t\t\t\t<\/div>\n\t\t\t\t<div class=\"elementor-element elementor-element-4c4dc85 elementor-button-align-start elementor-widget elementor-widget-form\" data-id=\"4c4dc85\" data-element_type=\"widget\" data-e-type=\"widget\" id=\"contact-form\" data-settings=\"{&quot;step_next_label&quot;:&quot;Sonraki&quot;,&quot;step_previous_label&quot;:&quot;\\u00d6ncesi&quot;,&quot;button_width&quot;:&quot;100&quot;,&quot;step_type&quot;:&quot;number_text&quot;,&quot;step_icon_shape&quot;:&quot;circle&quot;}\" data-widget_type=\"form.default\">\n\t\t\t\t\t\t\t<form class=\"elementor-form\" method=\"post\" id=\"pg-form-contact\" name=\"contact-form\" aria-label=\"contact-form\">\n\t\t\t<input type=\"hidden\" name=\"post_id\" value=\"14439\"\/>\n\t\t\t<input type=\"hidden\" name=\"form_id\" value=\"4c4dc85\"\/>\n\t\t\t<input type=\"hidden\" name=\"referer_title\" value=\"\" \/>\n\n\t\t\t\n\t\t\t<div class=\"elementor-form-fields-wrapper elementor-labels-above\">\n\t\t\t\t\t\t\t\t<div class=\"elementor-field-type-email elementor-field-group elementor-column elementor-field-group-email elementor-col-100 elementor-field-required elementor-mark-required\">\n\t\t\t\t\t\t\t\t\t\t\t\t<label for=\"form-field-email\" class=\"elementor-field-label\">\n\t\t\t\t\t\t\t\tBana email adresini ver\t\t\t\t\t\t\t<\/label>\n\t\t\t\t\t\t\t\t\t\t\t\t\t\t<input size=\"1\" type=\"email\" name=\"form_fields[email]\" id=\"form-field-email\" class=\"elementor-field elementor-size-sm  elementor-field-textual\" required=\"required\">\n\t\t\t\t\t\t\t\t\t\t\t<\/div>\n\t\t\t\t\t\t\t\t<div class=\"elementor-field-type-select elementor-field-group elementor-column elementor-field-group-topic elementor-col-50 elementor-field-required elementor-mark-required\">\n\t\t\t\t\t\t\t\t\t\t\t\t<label for=\"form-field-topic\" class=\"elementor-field-label\">\n\t\t\t\t\t\t\t\tBir konu se\u00e7\t\t\t\t\t\t\t<\/label>\n\t\t\t\t\t\t\t\t<div class=\"elementor-field elementor-select-wrapper remove-before \">\n\t\t\t<div class=\"select-caret-down-wrapper\">\n\t\t\t\t<svg aria-hidden=\"true\" class=\"e-font-icon-svg e-eicon-caret-down\" viewBox=\"0 0 571.4 571.4\" xmlns=\"http:\/\/www.w3.org\/2000\/svg\"><path d=\"M571 393Q571 407 561 418L311 668Q300 679 286 679T261 668L11 418Q0 407 0 393T11 368 36 357H536Q550 357 561 368T571 393Z\"><\/path><\/svg>\t\t\t<\/div>\n\t\t\t<select name=\"form_fields[topic]\" id=\"form-field-topic\" class=\"elementor-field-textual elementor-size-sm\" required=\"required\">\n\t\t\t\t\t\t\t\t\t<option value=\"4\">Genel<\/option>\n\t\t\t\t\t\t\t\t\t<option value=\"0\">\u015eifre sorunu<\/option>\n\t\t\t\t\t\t\t\t\t<option value=\"11\">\u015eikayet<\/option>\n\t\t\t\t\t\t\t<\/select>\n\t\t<\/div>\n\t\t\t\t\t\t<\/div>\n\t\t\t\t\t\t\t\t<div class=\"elementor-field-type-textarea elementor-field-group elementor-column elementor-field-group-message elementor-col-100 elementor-field-required elementor-mark-required\">\n\t\t\t\t\t\t\t\t\t\t\t\t<label for=\"form-field-message\" class=\"elementor-field-label\">\n\t\t\t\t\t\t\t\tl\u00fctfen mesaj\u0131n\u0131z\u0131 girin\t\t\t\t\t\t\t<\/label>\n\t\t\t\t\t\t<textarea class=\"elementor-field-textual elementor-field  elementor-size-sm\" name=\"form_fields[message]\" id=\"form-field-message\" rows=\"4\" required=\"required\"><\/textarea>\t\t\t\t<\/div>\n\t\t\t\t\t\t\t\t<div class=\"elementor-field-type-recaptcha elementor-field-group elementor-column elementor-field-group-recaptcha elementor-col-100\">\n\t\t\t\t\t<div class=\"elementor-field\" id=\"form-field-recaptcha\"><div class=\"elementor-g-recaptcha\" data-sitekey=\"6Lc8TvMZAAAAAJJWO8h_TtYMs-FJ9yuzy0oqUdOd\" data-type=\"v2_checkbox\" data-theme=\"light\" data-size=\"normal\"><\/div><\/div>\t\t\t\t<\/div>\n\t\t\t\t\t\t\t\t<div class=\"elementor-field-group elementor-column elementor-field-type-submit elementor-col-100 e-form__buttons\">\n\t\t\t\t\t<button class=\"elementor-button elementor-size-sm\" type=\"submit\" id=\"pg-form-contact-submit\">\n\t\t\t\t\t\t<span class=\"elementor-button-content-wrapper\">\n\t\t\t\t\t\t\t\t\t\t\t\t\t\t\t\t\t\t\t\t\t\t<span class=\"elementor-button-text\">Bir mesaj g\u00f6ndermek<\/span>\n\t\t\t\t\t\t\t\t\t\t\t\t\t<\/span>\n\t\t\t\t\t<\/button>\n\t\t\t\t<\/div>\n\t\t\t<\/div>\n\t\t<\/form>\n\t\t\t\t\t\t<\/div>\n\t\t\t\t<div class=\"elementor-element elementor-element-6b166be elementor-widget elementor-widget-template\" data-id=\"6b166be\" data-element_type=\"widget\" data-e-type=\"widget\" data-widget_type=\"template.default\">\n\t\t\t\t<div class=\"elementor-widget-container\">\n\t\t\t\t\t\t\t<div class=\"elementor-template\">\n\t\t\t\t\t<div data-elementor-type=\"section\" data-elementor-id=\"14948\" class=\"elementor elementor-14948 elementor-2912 elementor-2912\" data-elementor-post-type=\"elementor_library\">\n\t\t\t\t\t<section class=\"elementor-section elementor-top-section elementor-element elementor-element-6933ad2 elementor-section-boxed elementor-section-height-default elementor-section-height-default\" data-id=\"6933ad2\" data-element_type=\"section\" data-e-type=\"section\">\n\t\t\t\t\t\t<div class=\"elementor-container elementor-column-gap-default\">\n\t\t\t\t\t<div class=\"elementor-column elementor-col-100 elementor-top-column elementor-element elementor-element-2f96f04\" data-id=\"2f96f04\" data-element_type=\"column\" data-e-type=\"column\">\n\t\t\t<div class=\"elementor-widget-wrap elementor-element-populated\">\n\t\t\t\t\t\t<div class=\"elementor-element elementor-element-57eb582 elementor-widget elementor-widget-text-editor\" data-id=\"57eb582\" data-element_type=\"widget\" data-e-type=\"widget\" data-widget_type=\"text-editor.default\">\n\t\t\t\t\t\t\t\t\t<p>Verilerinizin y\u00f6neticisi Autoiso Sp. z o.o., KRS numaras\u0131: 0000840558, adres: ul. Gnie\u017anie\u0144ska 12, 40-142 Katowice, Polonya&#8217;d\u0131r. Ayr\u0131ca bize e-posta yoluyla da ula\u015fabilirsiniz: support@autoiso.pl.   <br \/>Bizimle ileti\u015fim kurdu\u011funuz s\u0131rada bize sa\u011flad\u0131\u011f\u0131n\u0131z verileri i\u015fleyebiliriz, bu veriler \u00f6zellikle: e-posta adresi, telefon numaras\u0131, ad\u0131 ve soyad\u0131, sosyal medya verileri ve mesajlar\u0131n i\u00e7eri\u011fi gibi ki\u015fisel verileri kapsayabilir. Bunu, sizinle ileti\u015fim kurma amac\u0131yla, iddialara kar\u015f\u0131 koruma ve iddialar\u0131n ger\u00e7ekle\u015ftirilmesi i\u00e7in, yaz\u0131\u015fman\u0131n sona erdi\u011fi y\u0131ldan itibaren en fazla 6 y\u0131l s\u00fcreyle veya etkili bir itiraz sunana kadar, me\u015fru \u00e7\u0131karlar\u0131m\u0131za dayanarak yapar\u0131z. Bu verilerin sa\u011flanmas\u0131 ileti\u015fim i\u00e7in gerekli olup.  <br \/>Verilerinizi, bizim ad\u0131m\u0131za bu verileri i\u015fleyen ve bizimle i\u015fbirli\u011fi yapan kurulu\u015flara (veri al\u0131c\u0131lar\u0131) a\u00e7\u0131klayabiliriz, bu kurulu\u015flar bize \u015fu alanlarda hizmetler sunmak \u00fczere: hosting, IT, istatistik ve analitik, pazarlama, \u015firket y\u00f6netim yaz\u0131l\u0131m\u0131 ve ileti\u015fim veritaban\u0131, elektronik ileti\u015fim, muhasebe ve hukuki dan\u0131\u015fmanl\u0131k. Veriler, yaln\u0131zca AB d\u00fczenlemelerine uygun ki\u015fisel veri koruma seviyesini sa\u011flayan \u00fclkelere veya kurulu\u015flara, \u00f6zellikle s\u00f6zde AB standart s\u00f6zle\u015fme maddelerini uygulayarak Avrupa Ekonomik Alan\u0131 d\u0131\u015f\u0131na aktar\u0131labilir.  <br \/>Verilerinize eri\u015fim hakk\u0131na sahipsiniz, d\u00fczeltilmelerini, silinmelerini veya i\u015flenmelerinin k\u0131s\u0131tlanmas\u0131n\u0131 talep etme, i\u015flenmelerine itiraz etme, onlar\u0131 aktarma hakk\u0131na sahipsiniz, ayr\u0131ca Ki\u015fisel Veri Koruma Ofisi Ba\u015fkan\u0131&#8217;na veya ba\u015fka bir AB \u00fclkesindeki e\u015fde\u011feri ne \u015fikayette bulunma hakk\u0131na sahipsiniz.<br \/>Bizim taraf\u0131m\u0131zdan ki\u015fisel verilerin i\u015flenmesi hakk\u0131nda daha fazla bilgiyi <b>Gizlilik Politikam\u0131zda bulabilirsiniz<\/b>.<\/p>\n\t\t\t\t\t\t\t\t<\/div>\n\t\t\t\t\t<\/div>\n\t\t<\/div>\n\t\t\t\t\t<\/div>\n\t\t<\/section>\n\t\t\t\t<\/div>\n\t\t\t\t<\/div>\n\t\t\t\t\t\t<\/div>\n\t\t\t\t<\/div>\n\t\t\t\t\t<\/div>\n\t\t<\/div>\n\t\t\t\t\t<\/div>\n\t\t<\/section>\n\t\t\t\t<section class=\"elementor-section elementor-top-section elementor-element elementor-element-6decc3a elementor-section-boxed elementor-section-height-default elementor-section-height-default\" data-id=\"6decc3a\" data-element_type=\"section\" data-e-type=\"section\">\n\t\t\t\t\t\t<div class=\"elementor-container elementor-column-gap-default\">\n\t\t\t\t\t<div class=\"elementor-column elementor-col-100 elementor-top-column elementor-element elementor-element-4a1d207\" data-id=\"4a1d207\" data-element_type=\"column\" data-e-type=\"column\">\n\t\t\t<div class=\"elementor-widget-wrap elementor-element-populated\">\n\t\t\t\t\t\t<div class=\"elementor-element elementor-element-347eaa2 elementor-widget elementor-widget-heading\" data-id=\"347eaa2\" data-element_type=\"widget\" data-e-type=\"widget\" data-widget_type=\"heading.default\">\n\t\t\t\t\t<h2 class=\"elementor-heading-title elementor-size-default\">\u015eirket verisi<\/h2>\t\t\t\t<\/div>\n\t\t\t\t<section class=\"elementor-section elementor-inner-section elementor-element elementor-element-851520f elementor-section-boxed elementor-section-height-default elementor-section-height-default\" data-id=\"851520f\" data-element_type=\"section\" data-e-type=\"section\">\n\t\t\t\t\t\t<div class=\"elementor-container elementor-column-gap-default\">\n\t\t\t\t\t<div class=\"elementor-column elementor-col-50 elementor-inner-column elementor-element elementor-element-2c5313b\" data-id=\"2c5313b\" data-element_type=\"column\" data-e-type=\"column\">\n\t\t\t<div class=\"elementor-widget-wrap elementor-element-populated\">\n\t\t\t\t\t\t<div class=\"elementor-element elementor-element-9a976fb elementor-widget elementor-widget-text-editor\" data-id=\"9a976fb\" data-element_type=\"widget\" data-e-type=\"widget\" data-widget_type=\"text-editor.default\">\n\t\t\t\t\t\t\t\t\t<p><b>AutoISO Sp. z o.o<\/b><\/p>\n<p>ul. Gnie\u017anie\u0144ska 12<\/p>\n<p>40-142 Katowice, Polska<\/p>\t\t\t\t\t\t\t\t<\/div>\n\t\t\t\t\t<\/div>\n\t\t<\/div>\n\t\t\t\t<div class=\"elementor-column elementor-col-50 elementor-inner-column elementor-element elementor-element-5b6909e\" data-id=\"5b6909e\" data-element_type=\"column\" data-e-type=\"column\">\n\t\t\t<div class=\"elementor-widget-wrap elementor-element-populated\">\n\t\t\t\t\t\t<div class=\"elementor-element elementor-element-51ec865 elementor-widget elementor-widget-text-editor\" data-id=\"51ec865\" data-element_type=\"widget\" data-e-type=\"widget\" data-widget_type=\"text-editor.default\">\n\t\t\t\t\t\t\t\t\t<p><b>KRS:<\/b> 0000840558<\/p>\n<p><b>NIP:<\/b> PL6342976575<\/p>\n<p><b>REGON:<\/b> 386039655<\/p>\n\t\t\t\t\t\t\t\t<\/div>\n\t\t\t\t\t<\/div>\n\t\t<\/div>\n\t\t\t\t\t<\/div>\n\t\t<\/section>\n\t\t\t\t\t<\/div>\n\t\t<\/div>\n\t\t\t\t\t<\/div>\n\t\t<\/section>\n\t\t\t\t<\/div>\n\t\t","protected":false},"excerpt":{"rendered":"<p>\u0130leti\u015fim Bu sayfa firmam\u0131zla ileti\u015fime ge\u00e7ebilmeniz i\u00e7in haz\u0131rlanm\u0131\u015ft\u0131r. NOT: Sat\u0131n alma i\u015fleminden sonra raporlu bir e-posta almad\u0131ysan\u0131z, spam&#8217;i kontrol edin veya sa\u011f \u00fcst k\u00f6\u015fedeki web sitesinin ana sayfas\u0131nda e-posta adresinizi girin. Web sitemizin \u015fifresiyle ilgili herhangi bir sorun varsa, l\u00fctfen sayfay\u0131 ziyaret edin: \u015eifre kurtarma M\u00fc\u015fteri hizmetleri ofisi ile ileti\u015fim \u015eirket verisi AutoISO Sp. z [&hellip;]<\/p>\n","protected":false},"author":1,"featured_media":0,"parent":0,"menu_order":0,"comment_status":"closed","ping_status":"closed","template":"","meta":{"inline_featured_image":false,"footnotes":""},"class_list":["post-14439","page","type-page","status-publish","hentry"],"_links":{"self":[{"href":"https:\/\/www.automoli.com\/tr\/wp-json\/wp\/v2\/pages\/14439","targetHints":{"allow":["GET"]}}],"collection":[{"href":"https:\/\/www.automoli.com\/tr\/wp-json\/wp\/v2\/pages"}],"about":[{"href":"https:\/\/www.automoli.com\/tr\/wp-json\/wp\/v2\/types\/page"}],"author":[{"embeddable":true,"href":"https:\/\/www.automoli.com\/tr\/wp-json\/wp\/v2\/users\/1"}],"replies":[{"embeddable":true,"href":"https:\/\/www.automoli.com\/tr\/wp-json\/wp\/v2\/comments?post=14439"}],"version-history":[{"count":4,"href":"https:\/\/www.automoli.com\/tr\/wp-json\/wp\/v2\/pages\/14439\/revisions"}],"predecessor-version":[{"id":25420,"href":"https:\/\/www.automoli.com\/tr\/wp-json\/wp\/v2\/pages\/14439\/revisions\/25420"}],"wp:attachment":[{"href":"https:\/\/www.automoli.com\/tr\/wp-json\/wp\/v2\/media?parent=14439"}],"curies":[{"name":"wp","href":"https:\/\/api.w.org\/{rel}","templated":true}]}}