{"id":50660,"date":"2024-08-07T13:16:29","date_gmt":"2024-08-07T11:16:29","guid":{"rendered":"https:\/\/www.automoli.com\/jak-zamowic-raport"},"modified":"2024-11-21T11:09:36","modified_gmt":"2024-11-21T10:09:36","slug":"hur-bestalla","status":"publish","type":"page","link":"https:\/\/www.automoli.com\/sv\/hur-bestalla","title":{"rendered":"Hur man best\u00e4ller en rapport"},"content":{"rendered":"\t\t<div data-elementor-type=\"wp-page\" data-elementor-id=\"50660\" class=\"elementor elementor-50660 elementor-50355\" data-elementor-post-type=\"page\">\n\t\t\t\t\t\t<section class=\"elementor-section elementor-top-section elementor-element elementor-element-2b4ecd5 elementor-section-boxed elementor-section-height-default elementor-section-height-default\" data-id=\"2b4ecd5\" data-element_type=\"section\" data-e-type=\"section\" data-settings=\"{&quot;background_background&quot;:&quot;classic&quot;,&quot;shape_divider_bottom&quot;:&quot;triangle&quot;,&quot;shape_divider_bottom_negative&quot;:&quot;yes&quot;}\">\n\t\t\t\t\t<div class=\"elementor-shape elementor-shape-bottom\" aria-hidden=\"true\" data-negative=\"true\">\n\t\t\t<svg xmlns=\"http:\/\/www.w3.org\/2000\/svg\" viewBox=\"0 0 1000 100\" preserveAspectRatio=\"none\">\n\t<path class=\"elementor-shape-fill\" d=\"M500.2,94.7L0,0v100h1000V0L500.2,94.7z\"\/>\n<\/svg>\t\t<\/div>\n\t\t\t\t\t<div class=\"elementor-container elementor-column-gap-default\">\n\t\t\t\t\t<div class=\"elementor-column elementor-col-100 elementor-top-column elementor-element elementor-element-c4f3fe0\" data-id=\"c4f3fe0\" data-element_type=\"column\" data-e-type=\"column\">\n\t\t\t<div class=\"elementor-widget-wrap elementor-element-populated\">\n\t\t\t\t\t\t<div class=\"elementor-element elementor-element-f1a6006 elementor-widget elementor-widget-heading\" data-id=\"f1a6006\" data-element_type=\"widget\" data-e-type=\"widget\" data-widget_type=\"heading.default\">\n\t\t\t\t\t<h1 class=\"elementor-heading-title elementor-size-default\">Hur man best\u00e4ller en fordonshistorikrapport<\/h1>\t\t\t\t<\/div>\n\t\t\t\t<div class=\"elementor-element elementor-element-dbcb37d elementor-widget elementor-widget-text-editor\" data-id=\"dbcb37d\" data-element_type=\"widget\" data-e-type=\"widget\" data-widget_type=\"text-editor.default\">\n\t\t\t\t\t\t\t\t\t<p>Oavsett hur du kommer till Automolas webbplats, oavsett om det \u00e4r via bloggen eller hemsidan, oavsett om du letade efter VIN-information eller fordonshistorik. Det spelar ingen roll, det finns rutor f\u00f6r att kontrollera VIN eller registreringsskylt p\u00e5 varje plats f\u00f6r din bekv\u00e4mlighet.  <\/p>\n\t\t\t\t\t\t\t\t<\/div>\n\t\t\t\t\t<\/div>\n\t\t<\/div>\n\t\t\t\t\t<\/div>\n\t\t<\/section>\n\t\t\t\t<section class=\"elementor-section elementor-top-section elementor-element elementor-element-0d0d160 elementor-section-boxed elementor-section-height-default elementor-section-height-default\" data-id=\"0d0d160\" data-element_type=\"section\" data-e-type=\"section\">\n\t\t\t\t\t\t<div class=\"elementor-container elementor-column-gap-default\">\n\t\t\t\t\t<div class=\"elementor-column elementor-col-100 elementor-top-column elementor-element elementor-element-7cdcf9c\" data-id=\"7cdcf9c\" data-element_type=\"column\" data-e-type=\"column\">\n\t\t\t<div class=\"elementor-widget-wrap elementor-element-populated\">\n\t\t\t\t\t\t<div class=\"elementor-element elementor-element-128440c elementor-widget elementor-widget-heading\" data-id=\"128440c\" data-element_type=\"widget\" data-e-type=\"widget\" data-widget_type=\"heading.default\">\n\t\t\t\t\t<h2 class=\"elementor-heading-title elementor-size-default\">Steg 1. Ange VIN- eller registreringsnumret <\/h2>\t\t\t\t<\/div>\n\t\t\t\t<div class=\"elementor-element elementor-element-7f76fc2 elementor-widget elementor-widget-text-editor\" data-id=\"7f76fc2\" data-element_type=\"widget\" data-e-type=\"widget\" data-widget_type=\"text-editor.default\">\n\t\t\t\t\t\t\t\t\t<p><span style=\"font-weight: 400;\">Ange l\u00e4mpligt antal tecken i den angivna rutan och klicka p\u00e5 &#8221;Check&#8221;.<\/span><\/p>\n\t\t\t\t\t\t\t\t<\/div>\n\t\t\t\t<div class=\"elementor-element elementor-element-1b9af0e elementor-widget elementor-widget-image\" data-id=\"1b9af0e\" data-element_type=\"widget\" data-e-type=\"widget\" data-widget_type=\"image.default\">\n\t\t\t\t\t\t\t\t\t\t\t\t\t\t\t<img fetchpriority=\"high\" decoding=\"async\" width=\"800\" height=\"380\" src=\"https:\/\/www.automoli.com\/wp-content\/uploads\/2021\/07\/aml-enter_vin.png\" class=\"attachment-full size-full wp-image-4762\" alt=\"\" srcset=\"https:\/\/www.automoli.com\/wp-content\/uploads\/2021\/07\/aml-enter_vin.png 800w, https:\/\/www.automoli.com\/wp-content\/uploads\/2021\/07\/aml-enter_vin-300x143.png 300w, https:\/\/www.automoli.com\/wp-content\/uploads\/2021\/07\/aml-enter_vin-768x365.png 768w\" sizes=\"(max-width: 800px) 100vw, 800px\" title=\"\">\t\t\t\t\t\t\t\t\t\t\t\t\t\t\t<\/div>\n\t\t\t\t\t<\/div>\n\t\t<\/div>\n\t\t\t\t\t<\/div>\n\t\t<\/section>\n\t\t\t\t<section class=\"elementor-section elementor-top-section elementor-element elementor-element-6903c2a elementor-section-boxed elementor-section-height-default elementor-section-height-default\" data-id=\"6903c2a\" data-element_type=\"section\" data-e-type=\"section\">\n\t\t\t\t\t\t<div class=\"elementor-container elementor-column-gap-default\">\n\t\t\t\t\t<div class=\"elementor-column elementor-col-100 elementor-top-column elementor-element elementor-element-8d4c0f1\" data-id=\"8d4c0f1\" data-element_type=\"column\" data-e-type=\"column\">\n\t\t\t<div class=\"elementor-widget-wrap elementor-element-populated\">\n\t\t\t\t\t\t<div class=\"elementor-element elementor-element-761cd92 elementor-widget elementor-widget-heading\" data-id=\"761cd92\" data-element_type=\"widget\" data-e-type=\"widget\" data-widget_type=\"heading.default\">\n\t\t\t\t\t<h2 class=\"elementor-heading-title elementor-size-default\">Steg 2. Ta reda p\u00e5 priset och omfattningen av de uppgifter som ska kontrolleras  <\/h2>\t\t\t\t<\/div>\n\t\t\t\t<div class=\"elementor-element elementor-element-ee233e2 elementor-widget elementor-widget-text-editor\" data-id=\"ee233e2\" data-element_type=\"widget\" data-e-type=\"widget\" data-widget_type=\"text-editor.default\">\n\t\t\t\t\t\t\t\t\tI det h\u00e4r steget f\u00e5r du veta att vi har hittat viss information om fordonet baserat p\u00e5 det angivna VIN-nummer eller registreringsnummer. Vid detta steg kan du ocks\u00e5 l\u00e4sa att v\u00e5ra rapporter om fordonshistorik verifierar information om: \n<ul>\n \t<li>fordonshistorik och h\u00e4ndelser,<\/li>\n \t<li>avl\u00e4sningar av k\u00f6rstr\u00e4cka,<\/li>\n \t<li>register \u00f6ver efterlysta fordon,<\/li>\n \t<li>tekniska data,<\/li>\n \t<li>arkivfotografier,<\/li>\n \t<li>samt nackdelarna med en viss modell.<\/li>\n<\/ul>\nH\u00e4r best\u00e4mmer du ocks\u00e5 om du vill k\u00f6pa just denna specifika rapport eller om du vill k\u00f6pa ett paket med 2 eller 3 extra rapporter som kan anv\u00e4ndas n\u00e4r som helst inom 90 dagar fr\u00e5n ink\u00f6psdatumet. Ju fler, desto billigare! Enligt v\u00e5r erfarenhet kr\u00e4ver k\u00f6p av den dr\u00f6mbilen att man kontrollerar historiken f\u00f6r minst 2 bilar.  <\/span>\n\nObservera: Tillg\u00e5ngen till rapporten som genererats baserat p\u00e5 VIN-nummer eller registreringsnummer \u00e4r i varje fall 30 dagar. Exempel p\u00e5 den rapport vi erbjuder hittar du i avsnittet &#8221;<a href=\"https:\/\/www.automoli.com\/sv\/urval-av-rapporter\">Exempelrapport<\/a>&#8221;.\n\n\t\t\t\t\t\t\t\t<\/div>\n\t\t\t\t\t<\/div>\n\t\t<\/div>\n\t\t\t\t\t<\/div>\n\t\t<\/section>\n\t\t\t\t<section class=\"elementor-section elementor-top-section elementor-element elementor-element-8442b75 elementor-section-boxed elementor-section-height-default elementor-section-height-default\" data-id=\"8442b75\" data-element_type=\"section\" data-e-type=\"section\">\n\t\t\t\t\t\t<div class=\"elementor-container elementor-column-gap-default\">\n\t\t\t\t\t<div class=\"elementor-column elementor-col-100 elementor-top-column elementor-element elementor-element-e0ccb7e\" data-id=\"e0ccb7e\" data-element_type=\"column\" data-e-type=\"column\">\n\t\t\t<div class=\"elementor-widget-wrap elementor-element-populated\">\n\t\t\t\t\t\t<div class=\"elementor-element elementor-element-d20d176 elementor-widget elementor-widget-heading\" data-id=\"d20d176\" data-element_type=\"widget\" data-e-type=\"widget\" data-widget_type=\"heading.default\">\n\t\t\t\t\t<h2 class=\"elementor-heading-title elementor-size-default\">Steg 3. K\u00f6p rapporten eller flera \n<\/h2>\t\t\t\t<\/div>\n\t\t\t\t<div class=\"elementor-element elementor-element-abd8f13 elementor-widget__width-initial elementor-widget elementor-widget-text-editor\" data-id=\"abd8f13\" data-element_type=\"widget\" data-e-type=\"widget\" data-widget_type=\"text-editor.default\">\n\t\t\t\t\t\t\t\t\t<p>Har du en rabattkod eller F\u00d6RBETALD kod, s\u00e5 matas den innan du v\u00e4ljer betals\u00e4tt. Du matar in din e-postadress, som \u00e4ven fungerar som inloggning p\u00e5 ditt konto. Det finns m\u00e5nga beh\u00e4ndiga betals\u00e4tt att v\u00e4lja bland. N\u00e4r du har gjort ditt val, s\u00e5 f\u00f6ljer du anvisningarna som visas p\u00e5 sk\u00e4rmen.   <\/p>\n<p>V\u00e4ntetiden f\u00f6r behandling av betalning \u00e4r vanligtvis 2-3 minuter, men vid exceptionella situationer kan v\u00e4ntetiden f\u00f6r betalning vara exceptionellt l\u00e5ng.<\/p>\n<p>Vid en lyckad betalning, f\u00e5r du ett e-postmeddelande som bekr\u00e4ftar betal\u00f6ningenb och \u2013 ifal ldet \u00e4r ditt f\u00f6rsta k\u00f6p \u2013 \u00e4nnu ett e-postmeddelande med l\u00f6senordet till ditt konto. Om du handlar f\u00f6r f\u00f6rsta g\u00e5ngen och inte lyckas hitta e-postmeddelandet med l\u00f6senordet, s\u00e5 se till att \u00e4ven kolla SKR\u00c4Pkorgen och g\u00f6r det noga. <\/p>\n\t\t\t\t\t\t\t\t<\/div>\n\t\t\t\t<div class=\"elementor-element elementor-element-32cdf55 elementor-widget elementor-widget-image\" data-id=\"32cdf55\" data-element_type=\"widget\" data-e-type=\"widget\" data-widget_type=\"image.default\">\n\t\t\t\t\t\t\t\t\t\t\t\t\t\t\t<img decoding=\"async\" width=\"1\" height=\"1\" src=\"https:\/\/www.automoli.com\/wp-content\/uploads\/2024\/07\/aml-precheck-pac.svg\" class=\"attachment-full size-full wp-image-50384\" alt=\"\" title=\"\">\t\t\t\t\t\t\t\t\t\t\t\t\t\t\t<\/div>\n\t\t\t\t<div class=\"elementor-element elementor-element-61c84e3 elementor-widget elementor-widget-image\" data-id=\"61c84e3\" data-element_type=\"widget\" data-e-type=\"widget\" data-widget_type=\"image.default\">\n\t\t\t\t\t\t\t\t\t\t\t\t\t\t\t<img decoding=\"async\" width=\"820\" height=\"345\" src=\"https:\/\/www.automoli.com\/wp-content\/uploads\/2021\/07\/aml-payment.png\" class=\"attachment-full size-full wp-image-4804\" alt=\"\" srcset=\"https:\/\/www.automoli.com\/wp-content\/uploads\/2021\/07\/aml-payment.png 820w, https:\/\/www.automoli.com\/wp-content\/uploads\/2021\/07\/aml-payment-300x126.png 300w, https:\/\/www.automoli.com\/wp-content\/uploads\/2021\/07\/aml-payment-768x323.png 768w\" sizes=\"(max-width: 820px) 100vw, 820px\" title=\"\">\t\t\t\t\t\t\t\t\t\t\t\t\t\t\t<\/div>\n\t\t\t\t\t<\/div>\n\t\t<\/div>\n\t\t\t\t\t<\/div>\n\t\t<\/section>\n\t\t\t\t<section class=\"elementor-section elementor-top-section elementor-element elementor-element-9e3e2f0 elementor-section-boxed elementor-section-height-default elementor-section-height-default\" data-id=\"9e3e2f0\" data-element_type=\"section\" data-e-type=\"section\">\n\t\t\t\t\t\t<div class=\"elementor-container elementor-column-gap-default\">\n\t\t\t\t\t<div class=\"elementor-column elementor-col-100 elementor-top-column elementor-element elementor-element-ca67ea3\" data-id=\"ca67ea3\" data-element_type=\"column\" data-e-type=\"column\">\n\t\t\t<div class=\"elementor-widget-wrap elementor-element-populated\">\n\t\t\t\t\t\t<div class=\"elementor-element elementor-element-8c5d67b elementor-widget elementor-widget-heading\" data-id=\"8c5d67b\" data-element_type=\"widget\" data-e-type=\"widget\" data-widget_type=\"heading.default\">\n\t\t\t\t\t<h2 class=\"elementor-heading-title elementor-size-default\">Steg 4. Logga in och se rapporten <\/h2>\t\t\t\t<\/div>\n\t\t\t\t<div class=\"elementor-element elementor-element-2bdbd2d elementor-widget elementor-widget-text-editor\" data-id=\"2bdbd2d\" data-element_type=\"widget\" data-e-type=\"widget\" data-widget_type=\"text-editor.default\">\n\t\t\t\t\t\t\t\t\t<p>Mata in din e-postadress och l\u00f6senord f\u00f6r att logga in p\u00e5 ditt konto.<\/p>\n<p>Rapporten kommer att b\u00f6rja genereras omedelbart efter att betalningssystemet du valde i f\u00f6reg\u00e5ende steg har bekr\u00e4ftat. Sammanst\u00e4llningen av data och f\u00f6rberedelsen av rapporten b\u00f6r ta h\u00f6gst n\u00e5gra minuter. Vi kommer att lagra rapporterna p\u00e5 ditt konto i upp till 30 dagar. De \u00f6vriga rapporter som du har k\u00f6pt i paketet kommer att kunna anv\u00e4ndas fr\u00e5n ditt konto n\u00e4r som helst, men senast 90 dagar efter ink\u00f6psdatumet.   <\/p>\n\t\t\t\t\t\t\t\t<\/div>\n\t\t\t\t\t<\/div>\n\t\t<\/div>\n\t\t\t\t\t<\/div>\n\t\t<\/section>\n\t\t\t\t<\/div>\n\t\t","protected":false},"excerpt":{"rendered":"<p>Hur man best\u00e4ller en fordonshistorikrapport Oavsett hur du kommer till Automolas webbplats, oavsett om det \u00e4r via bloggen eller hemsidan, oavsett om du letade efter VIN-information eller fordonshistorik. Det spelar ingen roll, det finns rutor f\u00f6r att kontrollera VIN eller registreringsskylt p\u00e5 varje plats f\u00f6r din bekv\u00e4mlighet. Steg 1. Ange VIN- eller registreringsnumret Ange l\u00e4mpligt [&hellip;]<\/p>\n","protected":false},"author":3,"featured_media":0,"parent":0,"menu_order":0,"comment_status":"closed","ping_status":"closed","template":"","meta":{"inline_featured_image":false,"footnotes":""},"class_list":["post-50660","page","type-page","status-publish","hentry"],"_links":{"self":[{"href":"https:\/\/www.automoli.com\/sv\/wp-json\/wp\/v2\/pages\/50660","targetHints":{"allow":["GET"]}}],"collection":[{"href":"https:\/\/www.automoli.com\/sv\/wp-json\/wp\/v2\/pages"}],"about":[{"href":"https:\/\/www.automoli.com\/sv\/wp-json\/wp\/v2\/types\/page"}],"author":[{"embeddable":true,"href":"https:\/\/www.automoli.com\/sv\/wp-json\/wp\/v2\/users\/3"}],"replies":[{"embeddable":true,"href":"https:\/\/www.automoli.com\/sv\/wp-json\/wp\/v2\/comments?post=50660"}],"version-history":[{"count":2,"href":"https:\/\/www.automoli.com\/sv\/wp-json\/wp\/v2\/pages\/50660\/revisions"}],"predecessor-version":[{"id":53504,"href":"https:\/\/www.automoli.com\/sv\/wp-json\/wp\/v2\/pages\/50660\/revisions\/53504"}],"wp:attachment":[{"href":"https:\/\/www.automoli.com\/sv\/wp-json\/wp\/v2\/media?parent=50660"}],"curies":[{"name":"wp","href":"https:\/\/api.w.org\/{rel}","templated":true}]}}