{"id":50711,"date":"2024-08-07T14:52:02","date_gmt":"2024-08-07T12:52:02","guid":{"rendered":"https:\/\/www.automoli.com\/kako-naruciti-izvestaj"},"modified":"2024-11-21T11:13:30","modified_gmt":"2024-11-21T10:13:30","slug":"kako-naruciti-izvestaj","status":"publish","type":"page","link":"https:\/\/www.automoli.com\/sr\/kako-naruciti-izvestaj","title":{"rendered":"Kako naru\u010diti izve\u0161taj"},"content":{"rendered":"\t\t<div data-elementor-type=\"wp-page\" data-elementor-id=\"50711\" class=\"elementor elementor-50711 elementor-50355\" data-elementor-post-type=\"page\">\n\t\t\t\t\t\t<section class=\"elementor-section elementor-top-section elementor-element elementor-element-2b4ecd5 elementor-section-boxed elementor-section-height-default elementor-section-height-default\" data-id=\"2b4ecd5\" data-element_type=\"section\" data-e-type=\"section\" data-settings=\"{&quot;background_background&quot;:&quot;classic&quot;,&quot;shape_divider_bottom&quot;:&quot;triangle&quot;,&quot;shape_divider_bottom_negative&quot;:&quot;yes&quot;}\">\n\t\t\t\t\t<div class=\"elementor-shape elementor-shape-bottom\" aria-hidden=\"true\" data-negative=\"true\">\n\t\t\t<svg xmlns=\"http:\/\/www.w3.org\/2000\/svg\" viewBox=\"0 0 1000 100\" preserveAspectRatio=\"none\">\n\t<path class=\"elementor-shape-fill\" d=\"M500.2,94.7L0,0v100h1000V0L500.2,94.7z\"\/>\n<\/svg>\t\t<\/div>\n\t\t\t\t\t<div class=\"elementor-container elementor-column-gap-default\">\n\t\t\t\t\t<div class=\"elementor-column elementor-col-100 elementor-top-column elementor-element elementor-element-c4f3fe0\" data-id=\"c4f3fe0\" data-element_type=\"column\" data-e-type=\"column\">\n\t\t\t<div class=\"elementor-widget-wrap elementor-element-populated\">\n\t\t\t\t\t\t<div class=\"elementor-element elementor-element-f1a6006 elementor-widget elementor-widget-heading\" data-id=\"f1a6006\" data-element_type=\"widget\" data-e-type=\"widget\" data-widget_type=\"heading.default\">\n\t\t\t\t\t<h1 class=\"elementor-heading-title elementor-size-default\">Kako da naru\u010dite izve\u0161taj o istoriji vozila?<\/h1>\t\t\t\t<\/div>\n\t\t\t\t<div class=\"elementor-element elementor-element-dbcb37d elementor-widget elementor-widget-text-editor\" data-id=\"dbcb37d\" data-element_type=\"widget\" data-e-type=\"widget\" data-widget_type=\"text-editor.default\">\n\t\t\t\t\t\t\t\t\t<p>Bez obzira na to kako do\u0111ete do Automola sajta, bilo preko bloga ili po\u010detne stranice, da li ste tra\u017eili informacije o VIN-u ili istoriji vozila. Bez obzira na to, svuda postoje polja za va\u0161u udobnost da proverite VIN ili broj registarske tablice.  <\/p>\n\t\t\t\t\t\t\t\t<\/div>\n\t\t\t\t\t<\/div>\n\t\t<\/div>\n\t\t\t\t\t<\/div>\n\t\t<\/section>\n\t\t\t\t<section class=\"elementor-section elementor-top-section elementor-element elementor-element-0d0d160 elementor-section-boxed elementor-section-height-default elementor-section-height-default\" data-id=\"0d0d160\" data-element_type=\"section\" data-e-type=\"section\">\n\t\t\t\t\t\t<div class=\"elementor-container elementor-column-gap-default\">\n\t\t\t\t\t<div class=\"elementor-column elementor-col-100 elementor-top-column elementor-element elementor-element-7cdcf9c\" data-id=\"7cdcf9c\" data-element_type=\"column\" data-e-type=\"column\">\n\t\t\t<div class=\"elementor-widget-wrap elementor-element-populated\">\n\t\t\t\t\t\t<div class=\"elementor-element elementor-element-128440c elementor-widget elementor-widget-heading\" data-id=\"128440c\" data-element_type=\"widget\" data-e-type=\"widget\" data-widget_type=\"heading.default\">\n\t\t\t\t\t<h2 class=\"elementor-heading-title elementor-size-default\">Korak 1. Unesite svoj VIN ili broj registarske tablice <\/h2>\t\t\t\t<\/div>\n\t\t\t\t<div class=\"elementor-element elementor-element-7f76fc2 elementor-widget elementor-widget-text-editor\" data-id=\"7f76fc2\" data-element_type=\"widget\" data-e-type=\"widget\" data-widget_type=\"text-editor.default\">\n\t\t\t\t\t\t\t\t\t<p><span style=\"font-weight: 400;\">Unesite odgovarajuc\u0301i broj znakova u polje predvi\u0111eno za ovu svrhu i kliknite na \u201eProveri\u201c.<\/span><\/p>\n\t\t\t\t\t\t\t\t<\/div>\n\t\t\t\t<div class=\"elementor-element elementor-element-1b9af0e elementor-widget elementor-widget-image\" data-id=\"1b9af0e\" data-element_type=\"widget\" data-e-type=\"widget\" data-widget_type=\"image.default\">\n\t\t\t\t\t\t\t\t\t\t\t\t\t\t\t<img fetchpriority=\"high\" decoding=\"async\" width=\"800\" height=\"380\" src=\"https:\/\/www.automoli.com\/wp-content\/uploads\/2021\/07\/aml-enter_vin.png\" class=\"attachment-full size-full wp-image-4759\" alt=\"\" srcset=\"https:\/\/www.automoli.com\/wp-content\/uploads\/2021\/07\/aml-enter_vin.png 800w, https:\/\/www.automoli.com\/wp-content\/uploads\/2021\/07\/aml-enter_vin-300x143.png 300w, https:\/\/www.automoli.com\/wp-content\/uploads\/2021\/07\/aml-enter_vin-768x365.png 768w\" sizes=\"(max-width: 800px) 100vw, 800px\" title=\"\">\t\t\t\t\t\t\t\t\t\t\t\t\t\t\t<\/div>\n\t\t\t\t\t<\/div>\n\t\t<\/div>\n\t\t\t\t\t<\/div>\n\t\t<\/section>\n\t\t\t\t<section class=\"elementor-section elementor-top-section elementor-element elementor-element-6903c2a elementor-section-boxed elementor-section-height-default elementor-section-height-default\" data-id=\"6903c2a\" data-element_type=\"section\" data-e-type=\"section\">\n\t\t\t\t\t\t<div class=\"elementor-container elementor-column-gap-default\">\n\t\t\t\t\t<div class=\"elementor-column elementor-col-100 elementor-top-column elementor-element elementor-element-8d4c0f1\" data-id=\"8d4c0f1\" data-element_type=\"column\" data-e-type=\"column\">\n\t\t\t<div class=\"elementor-widget-wrap elementor-element-populated\">\n\t\t\t\t\t\t<div class=\"elementor-element elementor-element-761cd92 elementor-widget elementor-widget-heading\" data-id=\"761cd92\" data-element_type=\"widget\" data-e-type=\"widget\" data-widget_type=\"heading.default\">\n\t\t\t\t\t<h2 class=\"elementor-heading-title elementor-size-default\">Korak 2. Saznajte cenu i obim proverenih podataka  <\/h2>\t\t\t\t<\/div>\n\t\t\t\t<div class=\"elementor-element elementor-element-ee233e2 elementor-widget elementor-widget-text-editor\" data-id=\"ee233e2\" data-element_type=\"widget\" data-e-type=\"widget\" data-widget_type=\"text-editor.default\">\n\t\t\t\t\t\t\t\t\tU ovom koraku sazna\u0107e\u0161 da smo prona\u0161li odre\u0111ene informacije o vozilu na osnovu unetog VIN broja ili registarskih tablica. U ovoj fazi mo\u017ee\u0161 pro\u010ditati i to da na\u0161i izve\u0161taji o istoriji vozila verifikuju informacije o: \n<ul>\n \t<li>istorija vozila i doga\u0111aja,<\/li>\n \t<li>o\u010ditavanja kilometra\u017ee,<\/li>\n \t<li>registri tra\u017eenih vozila,<\/li>\n \t<li>tehni\u010dki Podaci,<\/li>\n \t<li>arhivske fotografije,<\/li>\n \t<li>kao i nedostatke konkretnog modela.<\/li>\n<\/ul>\nW tym miejscu decydujesz r\u00f3wnie\u017c czy chcesz zakupi\u0107 ten jeden konkretny raport, czy te\u017c zakupi\u0107 pakiet 2 lub 3 dodatkowych raport\u00f3w do wykorzystania w dowolnym terminie przez 90 dni od daty zakupu. Im wi\u0119cej tym taniej! Z naszego do\u015bwiadczenia wynika, \u017ce zakup wymarzonego pojazdu wymaga sprawdzenia historii co najmniej 2 aut.  <\/span>\n\n\u041d\u0430\u043f\u043e\u043c\u0435\u043d\u0430: \u041f\u0440\u0438\u0441\u0442\u0443\u043f\u0430\u0447\u043d\u043e\u0441\u0442 \u0438\u0437\u0432\u0435\u0448\u0442\u0430\u0458\u0430 \u0433\u0435\u043d\u0435\u0440\u0438\u0441\u0430\u043d\u043e\u0433 \u043d\u0430 \u043e\u0441\u043d\u043e\u0432\u0443 VIN \u0431\u0440\u043e\u0458\u0430 \u0438\u043b\u0438 \u0440\u0435\u0433\u0438\u0441\u0442\u0440\u0430\u0446\u0438\u0458\u0435 \u0442\u0440\u0430\u0458\u0435 \u0443 \u0441\u0432\u0430\u043a\u043e\u043c \u0441\u043b\u0443\u0447\u0430\u0458\u0443 30 \u0434\u0430\u043d\u0430. \u041f\u0440\u0438\u043c\u0435\u0440 \u0438\u0437\u0432\u0435\u0448\u0442\u0430\u0458\u0430 \u043a\u043e\u0458\u0438 \u043d\u0443\u0434\u0438\u043c\u043e \u043c\u043e\u0436\u0435\u0442\u0435 \u043d\u0430\u045b\u0438 \u0443 \u0441\u0435\u043a\u0446\u0438\u0458\u0438 \u201c<a href=\"https:\/\/www.automoli.com\/sr\/primeri-izvestaja\">\u041f\u0440\u0438\u043c\u0435\u0440 \u0438\u0437\u0432\u0435\u0448\u0442\u0430\u0458\u0430<\/a>\u201d.\n\n\t\t\t\t\t\t\t\t<\/div>\n\t\t\t\t\t<\/div>\n\t\t<\/div>\n\t\t\t\t\t<\/div>\n\t\t<\/section>\n\t\t\t\t<section class=\"elementor-section elementor-top-section elementor-element elementor-element-8442b75 elementor-section-boxed elementor-section-height-default elementor-section-height-default\" data-id=\"8442b75\" data-element_type=\"section\" data-e-type=\"section\">\n\t\t\t\t\t\t<div class=\"elementor-container elementor-column-gap-default\">\n\t\t\t\t\t<div class=\"elementor-column elementor-col-100 elementor-top-column elementor-element elementor-element-e0ccb7e\" data-id=\"e0ccb7e\" data-element_type=\"column\" data-e-type=\"column\">\n\t\t\t<div class=\"elementor-widget-wrap elementor-element-populated\">\n\t\t\t\t\t\t<div class=\"elementor-element elementor-element-d20d176 elementor-widget elementor-widget-heading\" data-id=\"d20d176\" data-element_type=\"widget\" data-e-type=\"widget\" data-widget_type=\"heading.default\">\n\t\t\t\t\t<h2 class=\"elementor-heading-title elementor-size-default\">Korak 3. Kup report ili nekoliko \n<\/h2>\t\t\t\t<\/div>\n\t\t\t\t<div class=\"elementor-element elementor-element-abd8f13 elementor-widget__width-initial elementor-widget elementor-widget-text-editor\" data-id=\"abd8f13\" data-element_type=\"widget\" data-e-type=\"widget\" data-widget_type=\"text-editor.default\">\n\t\t\t\t\t\t\t\t\t<p>Ako imate kod za popust ili PREPAID kod, unesite ga pre nego \u0161to izaberete na\u010din plac\u0301anja. Unesite svoju adresu e-po\u0161te, koja je ujedno i prijava na va\u0161 nalog. Za vas smo pripremili razli\u010dite pogodne na\u010dine plac\u0301anja. Nakon \u0161to odaberete na\u010din plac\u0301anja, pratite uputstva na ekranu.   <\/p>\n<p>Vreme \u010dekanja na plac\u0301anje je obi\u010dno 2-3 minuta, me\u0111utim, u izuzetnim situacijama, vreme \u010dekanja za plac\u0301anje mo\u017ee biti izuzetno du\u017ee.<\/p>\n<p>Nakon uspe\u0161ne uplate dobic\u0301ete imejl sa potvrdom o uplati i, ukoliko Vam je to prva kupovina, dobi\u0107ete jo\u0161 jedan imejl sa lozinkom za nalog. Ukoliko Vam je to prva kupovina a ne stigne Vam mejl sa lozinkom, obavezno proverite i folder SPAM. <\/p>\n\t\t\t\t\t\t\t\t<\/div>\n\t\t\t\t<div class=\"elementor-element elementor-element-32cdf55 elementor-widget elementor-widget-image\" data-id=\"32cdf55\" data-element_type=\"widget\" data-e-type=\"widget\" data-widget_type=\"image.default\">\n\t\t\t\t\t\t\t\t\t\t\t\t\t\t\t<img decoding=\"async\" width=\"1\" height=\"1\" src=\"https:\/\/www.automoli.com\/wp-content\/uploads\/2024\/07\/aml-precheck-pac.svg\" class=\"attachment-full size-full wp-image-50380\" alt=\"\" title=\"\">\t\t\t\t\t\t\t\t\t\t\t\t\t\t\t<\/div>\n\t\t\t\t<div class=\"elementor-element elementor-element-61c84e3 elementor-widget elementor-widget-image\" data-id=\"61c84e3\" data-element_type=\"widget\" data-e-type=\"widget\" data-widget_type=\"image.default\">\n\t\t\t\t\t\t\t\t\t\t\t\t\t\t\t<img decoding=\"async\" width=\"820\" height=\"345\" src=\"https:\/\/www.automoli.com\/wp-content\/uploads\/2021\/07\/aml-payment.png\" class=\"attachment-full size-full wp-image-4801\" alt=\"\" srcset=\"https:\/\/www.automoli.com\/wp-content\/uploads\/2021\/07\/aml-payment.png 820w, https:\/\/www.automoli.com\/wp-content\/uploads\/2021\/07\/aml-payment-300x126.png 300w, https:\/\/www.automoli.com\/wp-content\/uploads\/2021\/07\/aml-payment-768x323.png 768w\" sizes=\"(max-width: 820px) 100vw, 820px\" title=\"\">\t\t\t\t\t\t\t\t\t\t\t\t\t\t\t<\/div>\n\t\t\t\t\t<\/div>\n\t\t<\/div>\n\t\t\t\t\t<\/div>\n\t\t<\/section>\n\t\t\t\t<section class=\"elementor-section elementor-top-section elementor-element elementor-element-9e3e2f0 elementor-section-boxed elementor-section-height-default elementor-section-height-default\" data-id=\"9e3e2f0\" data-element_type=\"section\" data-e-type=\"section\">\n\t\t\t\t\t\t<div class=\"elementor-container elementor-column-gap-default\">\n\t\t\t\t\t<div class=\"elementor-column elementor-col-100 elementor-top-column elementor-element elementor-element-ca67ea3\" data-id=\"ca67ea3\" data-element_type=\"column\" data-e-type=\"column\">\n\t\t\t<div class=\"elementor-widget-wrap elementor-element-populated\">\n\t\t\t\t\t\t<div class=\"elementor-element elementor-element-8c5d67b elementor-widget elementor-widget-heading\" data-id=\"8c5d67b\" data-element_type=\"widget\" data-e-type=\"widget\" data-widget_type=\"heading.default\">\n\t\t\t\t\t<h2 class=\"elementor-heading-title elementor-size-default\">Korak 4. Prijavite se i pogledajte izve\u0161taj <\/h2>\t\t\t\t<\/div>\n\t\t\t\t<div class=\"elementor-element elementor-element-2bdbd2d elementor-widget elementor-widget-text-editor\" data-id=\"2bdbd2d\" data-element_type=\"widget\" data-e-type=\"widget\" data-widget_type=\"text-editor.default\">\n\t\t\t\t\t\t\t\t\t<p>Nakon \u0161to unesete imejl i lozinku, prijavite se na svoj nalog.<\/p>\n<p>Izve\u0161taj \u0107e po\u010deti da se generi\u0161e odmah nakon potvrde od strane sistema pla\u0107anja koji si izabrao u prethodnom koraku. Kompilacija podataka i priprema izve\u0161taja ne bi trebali da potraju vi\u0161e od nekoliko minuta. Izve\u0161taje \u0107emo \u010duvati na tvom nalogu do 30 dana. Ostali izve\u0161taji koje si kupio u paketu bi\u0107e dostupni za kori\u0161\u0107enje sa nivoa tvog naloga u bilo koje vreme, ali ne kasnije od 90 dana od datuma kupovine.   <\/p>\n\t\t\t\t\t\t\t\t<\/div>\n\t\t\t\t\t<\/div>\n\t\t<\/div>\n\t\t\t\t\t<\/div>\n\t\t<\/section>\n\t\t\t\t<\/div>\n\t\t","protected":false},"excerpt":{"rendered":"<p>Kako da naru\u010dite izve\u0161taj o istoriji vozila? Bez obzira na to kako do\u0111ete do Automola sajta, bilo preko bloga ili po\u010detne stranice, da li ste tra\u017eili informacije o VIN-u ili istoriji vozila. Bez obzira na to, svuda postoje polja za va\u0161u udobnost da proverite VIN ili broj registarske tablice. Korak 1. Unesite svoj VIN ili [&hellip;]<\/p>\n","protected":false},"author":3,"featured_media":0,"parent":0,"menu_order":0,"comment_status":"closed","ping_status":"closed","template":"","meta":{"inline_featured_image":false,"footnotes":""},"class_list":["post-50711","page","type-page","status-publish","hentry"],"_links":{"self":[{"href":"https:\/\/www.automoli.com\/sr\/wp-json\/wp\/v2\/pages\/50711","targetHints":{"allow":["GET"]}}],"collection":[{"href":"https:\/\/www.automoli.com\/sr\/wp-json\/wp\/v2\/pages"}],"about":[{"href":"https:\/\/www.automoli.com\/sr\/wp-json\/wp\/v2\/types\/page"}],"author":[{"embeddable":true,"href":"https:\/\/www.automoli.com\/sr\/wp-json\/wp\/v2\/users\/3"}],"replies":[{"embeddable":true,"href":"https:\/\/www.automoli.com\/sr\/wp-json\/wp\/v2\/comments?post=50711"}],"version-history":[{"count":2,"href":"https:\/\/www.automoli.com\/sr\/wp-json\/wp\/v2\/pages\/50711\/revisions"}],"predecessor-version":[{"id":53507,"href":"https:\/\/www.automoli.com\/sr\/wp-json\/wp\/v2\/pages\/50711\/revisions\/53507"}],"wp:attachment":[{"href":"https:\/\/www.automoli.com\/sr\/wp-json\/wp\/v2\/media?parent=50711"}],"curies":[{"name":"wp","href":"https:\/\/api.w.org\/{rel}","templated":true}]}}