{"id":50654,"date":"2024-08-07T13:10:01","date_gmt":"2024-08-07T11:10:01","guid":{"rendered":"https:\/\/www.automoli.com\/si-te-porosisni-nje-raport"},"modified":"2024-11-21T10:09:11","modified_gmt":"2024-11-21T09:09:11","slug":"si-te-porosisni-nje-raport","status":"publish","type":"page","link":"https:\/\/www.automoli.com\/sq\/si-te-porosisni-nje-raport","title":{"rendered":"Si t\u00eb porosisni nj\u00eb raport"},"content":{"rendered":"\t\t<div data-elementor-type=\"wp-page\" data-elementor-id=\"50654\" class=\"elementor elementor-50654 elementor-50355\" data-elementor-post-type=\"page\">\n\t\t\t\t\t\t<section class=\"elementor-section elementor-top-section elementor-element elementor-element-2b4ecd5 elementor-section-boxed elementor-section-height-default elementor-section-height-default\" data-id=\"2b4ecd5\" data-element_type=\"section\" data-e-type=\"section\" data-settings=\"{&quot;background_background&quot;:&quot;classic&quot;,&quot;shape_divider_bottom&quot;:&quot;triangle&quot;,&quot;shape_divider_bottom_negative&quot;:&quot;yes&quot;}\">\n\t\t\t\t\t<div class=\"elementor-shape elementor-shape-bottom\" aria-hidden=\"true\" data-negative=\"true\">\n\t\t\t<svg xmlns=\"http:\/\/www.w3.org\/2000\/svg\" viewBox=\"0 0 1000 100\" preserveAspectRatio=\"none\">\n\t<path class=\"elementor-shape-fill\" d=\"M500.2,94.7L0,0v100h1000V0L500.2,94.7z\"\/>\n<\/svg>\t\t<\/div>\n\t\t\t\t\t<div class=\"elementor-container elementor-column-gap-default\">\n\t\t\t\t\t<div class=\"elementor-column elementor-col-100 elementor-top-column elementor-element elementor-element-c4f3fe0\" data-id=\"c4f3fe0\" data-element_type=\"column\" data-e-type=\"column\">\n\t\t\t<div class=\"elementor-widget-wrap elementor-element-populated\">\n\t\t\t\t\t\t<div class=\"elementor-element elementor-element-f1a6006 elementor-widget elementor-widget-heading\" data-id=\"f1a6006\" data-element_type=\"widget\" data-e-type=\"widget\" data-widget_type=\"heading.default\">\n\t\t\t\t\t<h1 class=\"elementor-heading-title elementor-size-default\">Si t\u00eb porosisni nj\u00eb raport t\u00eb historis\u00eb s\u00eb automjetit<\/h1>\t\t\t\t<\/div>\n\t\t\t\t<div class=\"elementor-element elementor-element-dbcb37d elementor-widget elementor-widget-text-editor\" data-id=\"dbcb37d\" data-element_type=\"widget\" data-e-type=\"widget\" data-widget_type=\"text-editor.default\">\n\t\t\t\t\t\t\t\t\t<p>Pavar\u00ebsisht se si arrini n\u00eb uebsajtin e Automola, qoft\u00eb p\u00ebrmes blogut apo faqes kryesore, n\u00ebse po k\u00ebrkoni informacion p\u00ebr VIN-in apo historin\u00eb e automjetit. Nuk ka r\u00ebnd\u00ebsi, ka fusha kudo p\u00ebr leht\u00ebsin\u00eb tuaj p\u00ebr t\u00eb kontrolluar numrin VIN ose targ\u00ebn.  <\/p>\n\t\t\t\t\t\t\t\t<\/div>\n\t\t\t\t\t<\/div>\n\t\t<\/div>\n\t\t\t\t\t<\/div>\n\t\t<\/section>\n\t\t\t\t<section class=\"elementor-section elementor-top-section elementor-element elementor-element-0d0d160 elementor-section-boxed elementor-section-height-default elementor-section-height-default\" data-id=\"0d0d160\" data-element_type=\"section\" data-e-type=\"section\">\n\t\t\t\t\t\t<div class=\"elementor-container elementor-column-gap-default\">\n\t\t\t\t\t<div class=\"elementor-column elementor-col-100 elementor-top-column elementor-element elementor-element-7cdcf9c\" data-id=\"7cdcf9c\" data-element_type=\"column\" data-e-type=\"column\">\n\t\t\t<div class=\"elementor-widget-wrap elementor-element-populated\">\n\t\t\t\t\t\t<div class=\"elementor-element elementor-element-128440c elementor-widget elementor-widget-heading\" data-id=\"128440c\" data-element_type=\"widget\" data-e-type=\"widget\" data-widget_type=\"heading.default\">\n\t\t\t\t\t<h2 class=\"elementor-heading-title elementor-size-default\">Hapi 1. Futni VIN-in ose numrin tuaj t\u00eb targ\u00ebs <\/h2>\t\t\t\t<\/div>\n\t\t\t\t<div class=\"elementor-element elementor-element-7f76fc2 elementor-widget elementor-widget-text-editor\" data-id=\"7f76fc2\" data-element_type=\"widget\" data-e-type=\"widget\" data-widget_type=\"text-editor.default\">\n\t\t\t\t\t\t\t\t\t<p><span style=\"font-weight: 400;\">Futni numrin e duhur t\u00eb karaktereve n\u00eb fush\u00ebn e parashikuar p\u00ebr k\u00ebt\u00eb q\u00ebllim dhe klikoni &#8220;Kontrollo&#8221;.<\/span><\/p>\n\t\t\t\t\t\t\t\t<\/div>\n\t\t\t\t<div class=\"elementor-element elementor-element-1b9af0e elementor-widget elementor-widget-image\" data-id=\"1b9af0e\" data-element_type=\"widget\" data-e-type=\"widget\" data-widget_type=\"image.default\">\n\t\t\t\t\t\t\t\t\t\t\t\t\t\t\t<img fetchpriority=\"high\" decoding=\"async\" width=\"800\" height=\"380\" src=\"https:\/\/www.automoli.com\/wp-content\/uploads\/2021\/07\/aml-enter_vin.png\" class=\"attachment-full size-full wp-image-50019\" alt=\"\" srcset=\"https:\/\/www.automoli.com\/wp-content\/uploads\/2021\/07\/aml-enter_vin.png 800w, https:\/\/www.automoli.com\/wp-content\/uploads\/2021\/07\/aml-enter_vin-300x143.png 300w, https:\/\/www.automoli.com\/wp-content\/uploads\/2021\/07\/aml-enter_vin-768x365.png 768w\" sizes=\"(max-width: 800px) 100vw, 800px\" title=\"\">\t\t\t\t\t\t\t\t\t\t\t\t\t\t\t<\/div>\n\t\t\t\t\t<\/div>\n\t\t<\/div>\n\t\t\t\t\t<\/div>\n\t\t<\/section>\n\t\t\t\t<section class=\"elementor-section elementor-top-section elementor-element elementor-element-6903c2a elementor-section-boxed elementor-section-height-default elementor-section-height-default\" data-id=\"6903c2a\" data-element_type=\"section\" data-e-type=\"section\">\n\t\t\t\t\t\t<div class=\"elementor-container elementor-column-gap-default\">\n\t\t\t\t\t<div class=\"elementor-column elementor-col-100 elementor-top-column elementor-element elementor-element-8d4c0f1\" data-id=\"8d4c0f1\" data-element_type=\"column\" data-e-type=\"column\">\n\t\t\t<div class=\"elementor-widget-wrap elementor-element-populated\">\n\t\t\t\t\t\t<div class=\"elementor-element elementor-element-761cd92 elementor-widget elementor-widget-heading\" data-id=\"761cd92\" data-element_type=\"widget\" data-e-type=\"widget\" data-widget_type=\"heading.default\">\n\t\t\t\t\t<h2 class=\"elementor-heading-title elementor-size-default\">Hapi 2. Zbuloni \u00e7mimin dhe shtrirjen e t\u00eb dh\u00ebnave t\u00eb kontrolluara  <\/h2>\t\t\t\t<\/div>\n\t\t\t\t<div class=\"elementor-element elementor-element-ee233e2 elementor-widget elementor-widget-text-editor\" data-id=\"ee233e2\" data-element_type=\"widget\" data-e-type=\"widget\" data-widget_type=\"text-editor.default\">\n\t\t\t\t\t\t\t\t\tN\u00eb k\u00ebt\u00eb hap, do t\u00eb dini se ne kemi gjetur disa informacione p\u00ebr automjetin tuaj bazuar n\u00eb numrin VIN ose targ\u00ebn q\u00eb keni dh\u00ebn\u00eb. N\u00eb k\u00ebt\u00eb faz\u00eb mund t\u00eb lexoni gjithashtu se raportet tona t\u00eb historis\u00eb s\u00eb automjeteve verifikojn\u00eb informacione rreth:  <ul>\n \t<li>historia e automjeteve dhe ngjarjeve,<\/li>\n \t<li>leximet e kilometrazhit,<\/li>\n \t<li>regjistrat e automjeteve t\u00eb k\u00ebrkuara,<\/li>\n \t<li>T\u00eb dh\u00ebnat teknike,<\/li>\n \t<li>foto arkivore,<\/li>\n \t<li>si dhe disavantazhet e nj\u00eb modeli specifik.<\/li>\n<\/ul> K\u00ebtu ju gjithashtu vendosni n\u00ebse d\u00ebshironi t\u00eb blini k\u00ebt\u00eb raport specifik ose t\u00eb blini nj\u00eb paket\u00eb prej 2 ose 3 raportesh shtes\u00eb p\u00ebr t&#8217;u p\u00ebrdorur n\u00eb \u00e7do koh\u00eb p\u00ebr 90 dit\u00eb nga data e blerjes. Sa m\u00eb shum\u00eb, aq m\u00eb lir\u00eb! P\u00ebrvoja jon\u00eb tregon se blerja e automjetit tuaj t\u00eb \u00ebndrrave k\u00ebrkon kontrollimin e historis\u00eb s\u00eb t\u00eb pakt\u00ebn 2 makinave.  <\/span> Sh\u00ebnim: Qasja n\u00eb raportin e krijuar n\u00eb baz\u00eb t\u00eb VIN-it ose numrit t\u00eb targ\u00ebs \u00ebsht\u00eb n\u00eb \u00e7do rast 30 dit\u00eb. Nj\u00eb shembull i raportit q\u00eb ne ofrojm\u00eb mund t\u00eb gjendet n\u00eb seksionin <a href=\"https:\/\/www.automoli.com\/sq\/shembuj-te-raporteve\">&#8220;Raporti shembull&#8221;.<\/a> \t\t\t\t\t\t\t\t<\/div>\n\t\t\t\t\t<\/div>\n\t\t<\/div>\n\t\t\t\t\t<\/div>\n\t\t<\/section>\n\t\t\t\t<section class=\"elementor-section elementor-top-section elementor-element elementor-element-8442b75 elementor-section-boxed elementor-section-height-default elementor-section-height-default\" data-id=\"8442b75\" data-element_type=\"section\" data-e-type=\"section\">\n\t\t\t\t\t\t<div class=\"elementor-container elementor-column-gap-default\">\n\t\t\t\t\t<div class=\"elementor-column elementor-col-100 elementor-top-column elementor-element elementor-element-e0ccb7e\" data-id=\"e0ccb7e\" data-element_type=\"column\" data-e-type=\"column\">\n\t\t\t<div class=\"elementor-widget-wrap elementor-element-populated\">\n\t\t\t\t\t\t<div class=\"elementor-element elementor-element-d20d176 elementor-widget elementor-widget-heading\" data-id=\"d20d176\" data-element_type=\"widget\" data-e-type=\"widget\" data-widget_type=\"heading.default\">\n\t\t\t\t\t<h2 class=\"elementor-heading-title elementor-size-default\">Hapi 3. Blini nj\u00eb raport ose disa  <\/h2>\t\t\t\t<\/div>\n\t\t\t\t<div class=\"elementor-element elementor-element-abd8f13 elementor-widget__width-initial elementor-widget elementor-widget-text-editor\" data-id=\"abd8f13\" data-element_type=\"widget\" data-e-type=\"widget\" data-widget_type=\"text-editor.default\">\n\t\t\t\t\t\t\t\t\t<p>N\u00ebse keni nj\u00eb kod zbritjeje ose kod PARAPACIONAL, futeni at\u00eb p\u00ebrpara se t\u00eb zgjidhni t\u00eb lir\u00ebs. Plot\u00ebsoni adres\u00ebn tuaj t\u00eb post\u00ebs elektronike, e cila \u00ebsht\u00eb hyrje n\u00eb llogarin\u00eb tuaj. Ne kemi shum\u00eb m\u00ebnyra t\u00eb funksionimit pagese p\u00ebr ju. Pasi t\u00eb keni b\u00ebr\u00eb zgjedhjen tuaj, udh\u00ebzimet n\u00eb ekran.<\/p>\n<p>Koha e pritjes p\u00ebr pages\u00eb \u00ebsht\u00eb zakonisht 2-3 minuta, megjithat\u00eb, n\u00eb situata t\u00eb jasht\u00ebzakonshme, koha e pritjes p\u00ebr pages\u00eb mund t\u00eb jet\u00eb jasht\u00ebzakonisht m\u00eb e gjat\u00eb.<\/p>\n<p>Pas suksesshme, merrni nj\u00eb e-mail q\u00eb konfirmoni falas dhe n\u00ebse kjo \u00ebsht\u00eb blerja juaj e par\u00eb, nj\u00eb mesazh me email n\u00eb llogarin\u00eb tuaj. N\u00ebse jeni duke Blej p\u00ebr her\u00eb t\u00eb par\u00eb dhe nuk mund ta gjeni emailin n\u00eb me vend, sigurohuni q\u00eb t\u00eb kontrolloni edhe dosjen tuaj SPAM. <\/p>\n\t\t\t\t\t\t\t\t<\/div>\n\t\t\t\t<div class=\"elementor-element elementor-element-32cdf55 elementor-widget elementor-widget-image\" data-id=\"32cdf55\" data-element_type=\"widget\" data-e-type=\"widget\" data-widget_type=\"image.default\">\n\t\t\t\t\t\t\t\t\t\t\t\t\t\t\t<img decoding=\"async\" width=\"1\" height=\"1\" src=\"https:\/\/www.automoli.com\/wp-content\/uploads\/2024\/07\/aml-precheck-pac.svg\" class=\"attachment-full size-full wp-image-50357\" alt=\"\" title=\"\">\t\t\t\t\t\t\t\t\t\t\t\t\t\t\t<\/div>\n\t\t\t\t<div class=\"elementor-element elementor-element-61c84e3 elementor-widget elementor-widget-image\" data-id=\"61c84e3\" data-element_type=\"widget\" data-e-type=\"widget\" data-widget_type=\"image.default\">\n\t\t\t\t\t\t\t\t\t\t\t\t\t\t\t<img decoding=\"async\" width=\"820\" height=\"345\" src=\"https:\/\/www.automoli.com\/wp-content\/uploads\/2021\/07\/aml-payment.png\" class=\"attachment-full size-full wp-image-50021\" alt=\"\" srcset=\"https:\/\/www.automoli.com\/wp-content\/uploads\/2021\/07\/aml-payment.png 820w, https:\/\/www.automoli.com\/wp-content\/uploads\/2021\/07\/aml-payment-300x126.png 300w, https:\/\/www.automoli.com\/wp-content\/uploads\/2021\/07\/aml-payment-768x323.png 768w\" sizes=\"(max-width: 820px) 100vw, 820px\" title=\"\">\t\t\t\t\t\t\t\t\t\t\t\t\t\t\t<\/div>\n\t\t\t\t\t<\/div>\n\t\t<\/div>\n\t\t\t\t\t<\/div>\n\t\t<\/section>\n\t\t\t\t<section class=\"elementor-section elementor-top-section elementor-element elementor-element-9e3e2f0 elementor-section-boxed elementor-section-height-default elementor-section-height-default\" data-id=\"9e3e2f0\" data-element_type=\"section\" data-e-type=\"section\">\n\t\t\t\t\t\t<div class=\"elementor-container elementor-column-gap-default\">\n\t\t\t\t\t<div class=\"elementor-column elementor-col-100 elementor-top-column elementor-element elementor-element-ca67ea3\" data-id=\"ca67ea3\" data-element_type=\"column\" data-e-type=\"column\">\n\t\t\t<div class=\"elementor-widget-wrap elementor-element-populated\">\n\t\t\t\t\t\t<div class=\"elementor-element elementor-element-8c5d67b elementor-widget elementor-widget-heading\" data-id=\"8c5d67b\" data-element_type=\"widget\" data-e-type=\"widget\" data-widget_type=\"heading.default\">\n\t\t\t\t\t<h2 class=\"elementor-heading-title elementor-size-default\">Hapi 4. Hyni dhe shikoni raportin <\/h2>\t\t\t\t<\/div>\n\t\t\t\t<div class=\"elementor-element elementor-element-2bdbd2d elementor-widget elementor-widget-text-editor\" data-id=\"2bdbd2d\" data-element_type=\"widget\" data-e-type=\"widget\" data-widget_type=\"text-editor.default\">\n\t\t\t\t\t\t\t\t\t<p>Pasi t\u00eb keni futur adres\u00ebn tuaj t\u00eb emailit dhe t\u00eb drejt\u00ebn tuaj, hyni n\u00eb llogarin\u00eb tuaj.<\/p>\n<p>Raporti do t\u00eb filloj\u00eb t\u00eb gjenerohet menj\u00ebher\u00eb pas konfirmimit nga sistemi i pagesave q\u00eb ke zgjedhur n\u00eb hapin e m\u00ebparsh\u00ebm. Kompilimi i t\u00eb dh\u00ebnave dhe p\u00ebrgatitja e raportit nuk duhet t\u00eb zgjat\u00eb m\u00eb shum\u00eb se disa minuta. Raportet do t\u00eb ruhen n\u00eb llogarin\u00eb t\u00ebnde p\u00ebr 30 dit\u00eb. Raportet e tjera q\u00eb ke bler\u00eb n\u00eb paket\u00eb do t\u00eb jen\u00eb t\u00eb disponueshme p\u00ebr t&#8217;u p\u00ebrdorur nga llogaria jote n\u00eb \u00e7do moment, por jo m\u00eb von\u00eb se 90 dit\u00eb nga data e blerjes.   <\/p>\n\t\t\t\t\t\t\t\t<\/div>\n\t\t\t\t\t<\/div>\n\t\t<\/div>\n\t\t\t\t\t<\/div>\n\t\t<\/section>\n\t\t\t\t<\/div>\n\t\t","protected":false},"excerpt":{"rendered":"<p>Si t\u00eb porosisni nj\u00eb raport t\u00eb historis\u00eb s\u00eb automjetit Pavar\u00ebsisht se si arrini n\u00eb uebsajtin e Automola, qoft\u00eb p\u00ebrmes blogut apo faqes kryesore, n\u00ebse po k\u00ebrkoni informacion p\u00ebr VIN-in apo historin\u00eb e automjetit. Nuk ka r\u00ebnd\u00ebsi, ka fusha kudo p\u00ebr leht\u00ebsin\u00eb tuaj p\u00ebr t\u00eb kontrolluar numrin VIN ose targ\u00ebn. Hapi 1. Futni VIN-in ose numrin [&hellip;]<\/p>\n","protected":false},"author":3,"featured_media":0,"parent":0,"menu_order":0,"comment_status":"closed","ping_status":"closed","template":"","meta":{"inline_featured_image":false,"footnotes":""},"class_list":["post-50654","page","type-page","status-publish","hentry"],"_links":{"self":[{"href":"https:\/\/www.automoli.com\/sq\/wp-json\/wp\/v2\/pages\/50654","targetHints":{"allow":["GET"]}}],"collection":[{"href":"https:\/\/www.automoli.com\/sq\/wp-json\/wp\/v2\/pages"}],"about":[{"href":"https:\/\/www.automoli.com\/sq\/wp-json\/wp\/v2\/types\/page"}],"author":[{"embeddable":true,"href":"https:\/\/www.automoli.com\/sq\/wp-json\/wp\/v2\/users\/3"}],"replies":[{"embeddable":true,"href":"https:\/\/www.automoli.com\/sq\/wp-json\/wp\/v2\/comments?post=50654"}],"version-history":[{"count":2,"href":"https:\/\/www.automoli.com\/sq\/wp-json\/wp\/v2\/pages\/50654\/revisions"}],"predecessor-version":[{"id":53479,"href":"https:\/\/www.automoli.com\/sq\/wp-json\/wp\/v2\/pages\/50654\/revisions\/53479"}],"wp:attachment":[{"href":"https:\/\/www.automoli.com\/sq\/wp-json\/wp\/v2\/media?parent=50654"}],"curies":[{"name":"wp","href":"https:\/\/api.w.org\/{rel}","templated":true}]}}