{"id":50666,"date":"2024-08-07T13:26:12","date_gmt":"2024-08-07T11:26:12","guid":{"rendered":"https:\/\/www.automoli.com\/kako-narociti-porocilo"},"modified":"2024-11-21T11:12:22","modified_gmt":"2024-11-21T10:12:22","slug":"kako-narociti-porocilo","status":"publish","type":"page","link":"https:\/\/www.automoli.com\/sl\/kako-narociti-porocilo","title":{"rendered":"Kako naro\u010diti poro\u010dilo"},"content":{"rendered":"\t\t<div data-elementor-type=\"wp-page\" data-elementor-id=\"50666\" class=\"elementor elementor-50666 elementor-50355\" data-elementor-post-type=\"page\">\n\t\t\t\t\t\t<section class=\"elementor-section elementor-top-section elementor-element elementor-element-2b4ecd5 elementor-section-boxed elementor-section-height-default elementor-section-height-default\" data-id=\"2b4ecd5\" data-element_type=\"section\" data-e-type=\"section\" data-settings=\"{&quot;background_background&quot;:&quot;classic&quot;,&quot;shape_divider_bottom&quot;:&quot;triangle&quot;,&quot;shape_divider_bottom_negative&quot;:&quot;yes&quot;}\">\n\t\t\t\t\t<div class=\"elementor-shape elementor-shape-bottom\" aria-hidden=\"true\" data-negative=\"true\">\n\t\t\t<svg xmlns=\"http:\/\/www.w3.org\/2000\/svg\" viewBox=\"0 0 1000 100\" preserveAspectRatio=\"none\">\n\t<path class=\"elementor-shape-fill\" d=\"M500.2,94.7L0,0v100h1000V0L500.2,94.7z\"\/>\n<\/svg>\t\t<\/div>\n\t\t\t\t\t<div class=\"elementor-container elementor-column-gap-default\">\n\t\t\t\t\t<div class=\"elementor-column elementor-col-100 elementor-top-column elementor-element elementor-element-c4f3fe0\" data-id=\"c4f3fe0\" data-element_type=\"column\" data-e-type=\"column\">\n\t\t\t<div class=\"elementor-widget-wrap elementor-element-populated\">\n\t\t\t\t\t\t<div class=\"elementor-element elementor-element-f1a6006 elementor-widget elementor-widget-heading\" data-id=\"f1a6006\" data-element_type=\"widget\" data-e-type=\"widget\" data-widget_type=\"heading.default\">\n\t\t\t\t\t<h1 class=\"elementor-heading-title elementor-size-default\">Kako naro\u010diti poro\u010dilo o zgodovini vozila<\/h1>\t\t\t\t<\/div>\n\t\t\t\t<div class=\"elementor-element elementor-element-dbcb37d elementor-widget elementor-widget-text-editor\" data-id=\"dbcb37d\" data-element_type=\"widget\" data-e-type=\"widget\" data-widget_type=\"text-editor.default\">\n\t\t\t\t\t\t\t\t\t<p>Ne glede na to, kako ste pri\u0161li na spletno stran podjetja Automola, prek bloga ali doma\u010de strani, ali ste iskali informacije o VIN ali zgodovino vozila. Ni pomembno, na vsakem mestu so za va\u0161e udobje polja za preverjanje \u0161tevilke VIN ali registrske tablice.  <\/p>\n\t\t\t\t\t\t\t\t<\/div>\n\t\t\t\t\t<\/div>\n\t\t<\/div>\n\t\t\t\t\t<\/div>\n\t\t<\/section>\n\t\t\t\t<section class=\"elementor-section elementor-top-section elementor-element elementor-element-0d0d160 elementor-section-boxed elementor-section-height-default elementor-section-height-default\" data-id=\"0d0d160\" data-element_type=\"section\" data-e-type=\"section\">\n\t\t\t\t\t\t<div class=\"elementor-container elementor-column-gap-default\">\n\t\t\t\t\t<div class=\"elementor-column elementor-col-100 elementor-top-column elementor-element elementor-element-7cdcf9c\" data-id=\"7cdcf9c\" data-element_type=\"column\" data-e-type=\"column\">\n\t\t\t<div class=\"elementor-widget-wrap elementor-element-populated\">\n\t\t\t\t\t\t<div class=\"elementor-element elementor-element-128440c elementor-widget elementor-widget-heading\" data-id=\"128440c\" data-element_type=\"widget\" data-e-type=\"widget\" data-widget_type=\"heading.default\">\n\t\t\t\t\t<h2 class=\"elementor-heading-title elementor-size-default\">Korak 1. vnesite \u0161tevilko VIN ali \u0161tevilko registrske tablice <\/h2>\t\t\t\t<\/div>\n\t\t\t\t<div class=\"elementor-element elementor-element-7f76fc2 elementor-widget elementor-widget-text-editor\" data-id=\"7f76fc2\" data-element_type=\"widget\" data-e-type=\"widget\" data-widget_type=\"text-editor.default\">\n\t\t\t\t\t\t\t\t\t<p><span style=\"font-weight: 400;\">V predvideno polje vnesite ustrezno \u0161tevilo znakov in kliknite &#8220;Preveri&#8221;.<\/span><\/p>\n\t\t\t\t\t\t\t\t<\/div>\n\t\t\t\t<div class=\"elementor-element elementor-element-1b9af0e elementor-widget elementor-widget-image\" data-id=\"1b9af0e\" data-element_type=\"widget\" data-e-type=\"widget\" data-widget_type=\"image.default\">\n\t\t\t\t\t\t\t\t\t\t\t\t\t\t\t<img fetchpriority=\"high\" decoding=\"async\" width=\"800\" height=\"380\" src=\"https:\/\/www.automoli.com\/wp-content\/uploads\/2021\/07\/aml-enter_vin.png\" class=\"attachment-full size-full wp-image-40398\" alt=\"\" srcset=\"https:\/\/www.automoli.com\/wp-content\/uploads\/2021\/07\/aml-enter_vin.png 800w, https:\/\/www.automoli.com\/wp-content\/uploads\/2021\/07\/aml-enter_vin-300x143.png 300w, https:\/\/www.automoli.com\/wp-content\/uploads\/2021\/07\/aml-enter_vin-768x365.png 768w\" sizes=\"(max-width: 800px) 100vw, 800px\" title=\"\">\t\t\t\t\t\t\t\t\t\t\t\t\t\t\t<\/div>\n\t\t\t\t\t<\/div>\n\t\t<\/div>\n\t\t\t\t\t<\/div>\n\t\t<\/section>\n\t\t\t\t<section class=\"elementor-section elementor-top-section elementor-element elementor-element-6903c2a elementor-section-boxed elementor-section-height-default elementor-section-height-default\" data-id=\"6903c2a\" data-element_type=\"section\" data-e-type=\"section\">\n\t\t\t\t\t\t<div class=\"elementor-container elementor-column-gap-default\">\n\t\t\t\t\t<div class=\"elementor-column elementor-col-100 elementor-top-column elementor-element elementor-element-8d4c0f1\" data-id=\"8d4c0f1\" data-element_type=\"column\" data-e-type=\"column\">\n\t\t\t<div class=\"elementor-widget-wrap elementor-element-populated\">\n\t\t\t\t\t\t<div class=\"elementor-element elementor-element-761cd92 elementor-widget elementor-widget-heading\" data-id=\"761cd92\" data-element_type=\"widget\" data-e-type=\"widget\" data-widget_type=\"heading.default\">\n\t\t\t\t\t<h2 class=\"elementor-heading-title elementor-size-default\">Korak 2. Poznavanje cene in obsega podatkov, ki jih je treba preveriti  <\/h2>\t\t\t\t<\/div>\n\t\t\t\t<div class=\"elementor-element elementor-element-ee233e2 elementor-widget elementor-widget-text-editor\" data-id=\"ee233e2\" data-element_type=\"widget\" data-e-type=\"widget\" data-widget_type=\"text-editor.default\">\n\t\t\t\t\t\t\t\t\tV tem koraku boste izvedeli, da smo na\u0161li dolo\u010dene informacije o vozilu na podlagi podane \u0161tevilke VIN ali registracijske tablice. V tej fazi lahko preberete tudi, da na\u0161i poro\u010dili o zgodovini vozila preverjajo informacije o: \n<ul>\n \t<li>zgodovina vozila in dogodkov,<\/li>\n \t<li>od\u010ditki prevo\u017eenih kilometrov,<\/li>\n \t<li>registre iskanih vozil,<\/li>\n \t<li>tehni\u010dni podatki,<\/li>\n \t<li>arhivske fotografije,<\/li>\n \t<li>in slabosti posameznega modela.<\/li>\n<\/ul>\nNa tem mestu se odlo\u010da\u0161, ali \u017eeli\u0161 kupiti ta enotni poro\u010dilo, ali \u017eeli\u0161 kupiti paket 2 ali 3 dodatnih poro\u010dil za uporabo kadarkoli v 90 dneh od datuma nakupa. Ve\u010d kot jih kupi\u0161, ceneje je! Iz na\u0161ega iskustva izhaja, da nakup sanjskega vozila zahteva preverjanje zgodovine vsaj 2 avtomobilov.  <\/span>\n\nPozor: Dostop do poro\u010dila, ustvarjenega na podlagi VIN \u0161tevilke ali registracijske oznake, v vsakem primeru traja 30 dni. Primer poro\u010dila, ki ga ponujamo, lahko najdete v razdelku &#8220;<a href=\"https:\/\/www.automoli.com\/sl\/vzorcna-porocila\">Primer poro\u010dila<\/a>&#8220;.\n\n\t\t\t\t\t\t\t\t<\/div>\n\t\t\t\t\t<\/div>\n\t\t<\/div>\n\t\t\t\t\t<\/div>\n\t\t<\/section>\n\t\t\t\t<section class=\"elementor-section elementor-top-section elementor-element elementor-element-8442b75 elementor-section-boxed elementor-section-height-default elementor-section-height-default\" data-id=\"8442b75\" data-element_type=\"section\" data-e-type=\"section\">\n\t\t\t\t\t\t<div class=\"elementor-container elementor-column-gap-default\">\n\t\t\t\t\t<div class=\"elementor-column elementor-col-100 elementor-top-column elementor-element elementor-element-e0ccb7e\" data-id=\"e0ccb7e\" data-element_type=\"column\" data-e-type=\"column\">\n\t\t\t<div class=\"elementor-widget-wrap elementor-element-populated\">\n\t\t\t\t\t\t<div class=\"elementor-element elementor-element-d20d176 elementor-widget elementor-widget-heading\" data-id=\"d20d176\" data-element_type=\"widget\" data-e-type=\"widget\" data-widget_type=\"heading.default\">\n\t\t\t\t\t<h2 class=\"elementor-heading-title elementor-size-default\">Korak 3. Kupi poro\u010dilo ali ve\u010d njih \n<\/h2>\t\t\t\t<\/div>\n\t\t\t\t<div class=\"elementor-element elementor-element-abd8f13 elementor-widget__width-initial elementor-widget elementor-widget-text-editor\" data-id=\"abd8f13\" data-element_type=\"widget\" data-e-type=\"widget\" data-widget_type=\"text-editor.default\">\n\t\t\t\t\t\t\t\t\t<p>\u010ce imate kodo za popust ali predpla\u010dni\u0161ko kodo, jo vnesite pred izbiro na\u010dina pla\u010dila. Vnesite svoj e-po\u0161tni naslov, ki bo slu\u017eil tudi kot prijava v va\u0161 ra\u010dun. Izberete lahko med \u0161tevilnimi priro\u010dnimi na\u010dini pla\u010dila. Po izbiri sledite navodilom na zaslonu.   <\/p>\n<p>\u010cakalni \u010das za obdelavo pla\u010dila je obi\u010dajno 2-3 minute, v izjemnih primerih pa se lahko \u010dakalni \u010das za pla\u010dilo izjemoma podalj\u0161a.<\/p>\n<p>Ko je va\u0161e pla\u010dilo uspe\u0161no, boste prejeli potrditveno e-po\u0161to o pla\u010dilu in &#8211; \u010de je to va\u0161 prvi nakup &#8211; \u0161e eno e-po\u0161to s geslom za va\u0161 ra\u010dun. \u010ce ste prvi\u010d kupec in ne najdete e-po\u0161te s svojim geslom, preverite tudi mapo za neza\u017eeleno po\u0161to. <\/p>\n\t\t\t\t\t\t\t\t<\/div>\n\t\t\t\t<div class=\"elementor-element elementor-element-32cdf55 elementor-widget elementor-widget-image\" data-id=\"32cdf55\" data-element_type=\"widget\" data-e-type=\"widget\" data-widget_type=\"image.default\">\n\t\t\t\t\t\t\t\t\t\t\t\t\t\t\t<img decoding=\"async\" width=\"1\" height=\"1\" src=\"https:\/\/www.automoli.com\/wp-content\/uploads\/2024\/07\/aml-precheck-pac.svg\" class=\"attachment-full size-full wp-image-50382\" alt=\"\" title=\"\">\t\t\t\t\t\t\t\t\t\t\t\t\t\t\t<\/div>\n\t\t\t\t<div class=\"elementor-element elementor-element-61c84e3 elementor-widget elementor-widget-image\" data-id=\"61c84e3\" data-element_type=\"widget\" data-e-type=\"widget\" data-widget_type=\"image.default\">\n\t\t\t\t\t\t\t\t\t\t\t\t\t\t\t<img decoding=\"async\" width=\"820\" height=\"345\" src=\"https:\/\/www.automoli.com\/wp-content\/uploads\/2021\/07\/aml-payment.png\" class=\"attachment-full size-full wp-image-40402\" alt=\"\" srcset=\"https:\/\/www.automoli.com\/wp-content\/uploads\/2021\/07\/aml-payment.png 820w, https:\/\/www.automoli.com\/wp-content\/uploads\/2021\/07\/aml-payment-300x126.png 300w, https:\/\/www.automoli.com\/wp-content\/uploads\/2021\/07\/aml-payment-768x323.png 768w\" sizes=\"(max-width: 820px) 100vw, 820px\" title=\"\">\t\t\t\t\t\t\t\t\t\t\t\t\t\t\t<\/div>\n\t\t\t\t\t<\/div>\n\t\t<\/div>\n\t\t\t\t\t<\/div>\n\t\t<\/section>\n\t\t\t\t<section class=\"elementor-section elementor-top-section elementor-element elementor-element-9e3e2f0 elementor-section-boxed elementor-section-height-default elementor-section-height-default\" data-id=\"9e3e2f0\" data-element_type=\"section\" data-e-type=\"section\">\n\t\t\t\t\t\t<div class=\"elementor-container elementor-column-gap-default\">\n\t\t\t\t\t<div class=\"elementor-column elementor-col-100 elementor-top-column elementor-element elementor-element-ca67ea3\" data-id=\"ca67ea3\" data-element_type=\"column\" data-e-type=\"column\">\n\t\t\t<div class=\"elementor-widget-wrap elementor-element-populated\">\n\t\t\t\t\t\t<div class=\"elementor-element elementor-element-8c5d67b elementor-widget elementor-widget-heading\" data-id=\"8c5d67b\" data-element_type=\"widget\" data-e-type=\"widget\" data-widget_type=\"heading.default\">\n\t\t\t\t\t<h2 class=\"elementor-heading-title elementor-size-default\">Korak 4. Prijavite se in si oglejte poro\u010dilo <\/h2>\t\t\t\t<\/div>\n\t\t\t\t<div class=\"elementor-element elementor-element-2bdbd2d elementor-widget elementor-widget-text-editor\" data-id=\"2bdbd2d\" data-element_type=\"widget\" data-e-type=\"widget\" data-widget_type=\"text-editor.default\">\n\t\t\t\t\t\t\t\t\t<p>Vnesite svoj e-po\u0161tni naslov in geslo ter se prijavite v svoj ra\u010dun.<\/p>\n<p>Poro\u010dilo se bo za\u010delo generirati takoj po potrditvi s strani pla\u010dilnega sistema, ki ste ga izbrali v prej\u0161njem koraku. Kompilacija podatkov in priprava poro\u010dila ne bi smela trajati ve\u010d kot nekaj minut. Poro\u010dila bomo shranjevali na va\u0161em ra\u010dunu do 30 dni. Preostala poro\u010dila, ki ste jih kupili v paketu, bodo na voljo za uporabo z va\u0161ega ra\u010duna v katerem koli, vendar ne kasneje kot 90 dni od datuma nakupa.   <\/p>\n\t\t\t\t\t\t\t\t<\/div>\n\t\t\t\t\t<\/div>\n\t\t<\/div>\n\t\t\t\t\t<\/div>\n\t\t<\/section>\n\t\t\t\t<\/div>\n\t\t","protected":false},"excerpt":{"rendered":"<p>Kako naro\u010diti poro\u010dilo o zgodovini vozila Ne glede na to, kako ste pri\u0161li na spletno stran podjetja Automola, prek bloga ali doma\u010de strani, ali ste iskali informacije o VIN ali zgodovino vozila. Ni pomembno, na vsakem mestu so za va\u0161e udobje polja za preverjanje \u0161tevilke VIN ali registrske tablice. Korak 1. vnesite \u0161tevilko VIN ali [&hellip;]<\/p>\n","protected":false},"author":3,"featured_media":0,"parent":0,"menu_order":0,"comment_status":"closed","ping_status":"closed","template":"","meta":{"inline_featured_image":false,"footnotes":""},"class_list":["post-50666","page","type-page","status-publish","hentry"],"_links":{"self":[{"href":"https:\/\/www.automoli.com\/sl\/wp-json\/wp\/v2\/pages\/50666","targetHints":{"allow":["GET"]}}],"collection":[{"href":"https:\/\/www.automoli.com\/sl\/wp-json\/wp\/v2\/pages"}],"about":[{"href":"https:\/\/www.automoli.com\/sl\/wp-json\/wp\/v2\/types\/page"}],"author":[{"embeddable":true,"href":"https:\/\/www.automoli.com\/sl\/wp-json\/wp\/v2\/users\/3"}],"replies":[{"embeddable":true,"href":"https:\/\/www.automoli.com\/sl\/wp-json\/wp\/v2\/comments?post=50666"}],"version-history":[{"count":2,"href":"https:\/\/www.automoli.com\/sl\/wp-json\/wp\/v2\/pages\/50666\/revisions"}],"predecessor-version":[{"id":53506,"href":"https:\/\/www.automoli.com\/sl\/wp-json\/wp\/v2\/pages\/50666\/revisions\/53506"}],"wp:attachment":[{"href":"https:\/\/www.automoli.com\/sl\/wp-json\/wp\/v2\/media?parent=50666"}],"curies":[{"name":"wp","href":"https:\/\/api.w.org\/{rel}","templated":true}]}}