{"id":42084,"date":"2023-09-08T15:35:17","date_gmt":"2023-09-08T13:35:17","guid":{"rendered":"https:\/\/www.automoli.com\/vzorcna-porocila"},"modified":"2026-02-17T15:06:41","modified_gmt":"2026-02-17T14:06:41","slug":"vzorcna-porocila","status":"publish","type":"page","link":"https:\/\/www.automoli.com\/sl\/vzorcna-porocila","title":{"rendered":"Vzor\u010dna poro\u010dila"},"content":{"rendered":"\t\t<div data-elementor-type=\"wp-page\" data-elementor-id=\"42084\" class=\"elementor elementor-42084 elementor-123\" data-elementor-post-type=\"page\">\n\t\t\t\t<div class=\"elementor-element elementor-element-0d19538 e-flex e-con-boxed e-con e-parent\" data-id=\"0d19538\" data-element_type=\"container\" data-e-type=\"container\" data-settings=\"{&quot;background_background&quot;:&quot;classic&quot;,&quot;shape_divider_bottom&quot;:&quot;triangle&quot;,&quot;shape_divider_bottom_negative&quot;:&quot;yes&quot;}\">\n\t\t\t\t\t<div class=\"e-con-inner\">\n\t\t\t\t<div class=\"elementor-shape elementor-shape-bottom\" aria-hidden=\"true\" data-negative=\"true\">\n\t\t\t<svg xmlns=\"http:\/\/www.w3.org\/2000\/svg\" viewBox=\"0 0 1000 100\" preserveAspectRatio=\"none\">\n\t<path class=\"elementor-shape-fill\" d=\"M500.2,94.7L0,0v100h1000V0L500.2,94.7z\"\/>\n<\/svg>\t\t<\/div>\n\t\t<div class=\"elementor-element elementor-element-d098ebd e-con-full e-flex e-con e-child\" data-id=\"d098ebd\" data-element_type=\"container\" data-e-type=\"container\">\n\t\t\t\t<div class=\"elementor-element elementor-element-b28f6de elementor-widget elementor-widget-heading\" data-id=\"b28f6de\" data-element_type=\"widget\" data-e-type=\"widget\" data-widget_type=\"heading.default\">\n\t\t\t\t\t<h1 class=\"elementor-heading-title elementor-size-default\">Vzor\u010dna poro\u010dila<\/h1>\t\t\t\t<\/div>\n\t\t\t\t<\/div>\n\t\t\t\t\t<\/div>\n\t\t\t\t<\/div>\n\t\t<div class=\"elementor-element elementor-element-2fb2801 e-flex e-con-boxed e-con e-parent\" data-id=\"2fb2801\" data-element_type=\"container\" data-e-type=\"container\">\n\t\t\t\t\t<div class=\"e-con-inner\">\n\t\t<div class=\"elementor-element elementor-element-680fef2 e-con-full e-flex e-con e-child\" data-id=\"680fef2\" data-element_type=\"container\" data-e-type=\"container\">\n\t\t\t\t<div class=\"elementor-element elementor-element-21cc9e0 elementor-widget elementor-widget-heading\" data-id=\"21cc9e0\" data-element_type=\"widget\" data-e-type=\"widget\" data-widget_type=\"heading.default\">\n\t\t\t\t\t<h2 class=\"elementor-heading-title elementor-size-default\">Poro\u010dilo o zgodovini vozila<\/h2>\t\t\t\t<\/div>\n\t\t<div class=\"elementor-element elementor-element-f4ba1f7 e-con-full e-flex e-con e-child\" data-id=\"f4ba1f7\" data-element_type=\"container\" data-e-type=\"container\">\n\t\t<div class=\"elementor-element elementor-element-ad65f26 e-con-full e-flex e-con e-child\" data-id=\"ad65f26\" data-element_type=\"container\" data-e-type=\"container\">\n\t\t\t\t<div class=\"elementor-element elementor-element-82da89a elementor-widget elementor-widget-image\" data-id=\"82da89a\" data-element_type=\"widget\" data-e-type=\"widget\" data-widget_type=\"image.default\">\n\t\t\t\t\t\t\t\t\t\t\t\t\t\t\t\t<a href=\"https:\/\/www.automoli.com\/sl\/page\/vehicle-history-report\">\n\t\t\t\t\t\t\t<img fetchpriority=\"high\" decoding=\"async\" width=\"256\" height=\"300\" src=\"https:\/\/www.automoli.com\/wp-content\/uploads\/2022\/11\/raport-our.svg\" class=\"attachment-medium size-medium wp-image-62587\" alt=\"\" title=\"\">\t\t\t\t\t\t\t\t<\/a>\n\t\t\t\t\t\t\t\t\t\t\t\t\t\t\t<\/div>\n\t\t\t\t<div class=\"elementor-element elementor-element-3f4a051 elementor-align-right elementor-mobile-align-center elementor-widget elementor-widget-button\" data-id=\"3f4a051\" data-element_type=\"widget\" data-e-type=\"widget\" data-widget_type=\"button.default\">\n\t\t\t\t\t\t\t\t\t\t<a class=\"elementor-button elementor-button-link elementor-size-sm\" href=\"https:\/\/www.automoli.com\/sl\/page\/vehicle-history-report\">\n\t\t\t\t\t\t<span class=\"elementor-button-content-wrapper\">\n\t\t\t\t\t\t\t\t\t<span class=\"elementor-button-text\">Odpri vzor\u010dno poro\u010dilo<\/span>\n\t\t\t\t\t<\/span>\n\t\t\t\t\t<\/a>\n\t\t\t\t\t\t\t\t<\/div>\n\t\t\t\t<\/div>\n\t\t<div class=\"elementor-element elementor-element-659fcfa e-con-full e-flex e-con e-child\" data-id=\"659fcfa\" data-element_type=\"container\" data-e-type=\"container\">\n\t\t\t\t<div class=\"elementor-element elementor-element-aebd4b5 elementor-widget elementor-widget-text-editor\" data-id=\"aebd4b5\" data-element_type=\"widget\" data-e-type=\"widget\" data-widget_type=\"text-editor.default\">\n\t\t\t\t\t\t\t\t\t<p>Poro\u010dilo o zgodovini vozila je celovito orodje, ki zagotavlja klju\u010dne informacije o preteklosti vozila in omogo\u010da preverjanje njegove tehni\u010dne stanje ter zgodovine uporabe. To je nenadomestljiv vir znanja, ki omogo\u010da dostop do \u0161tevilnih podrobnih podatkov, ki niso javno dostopni na internetu. Kaj lahko vklju\u010duje tak\u0161no poro\u010dilo?  <\/p>\n<p>V njem bo\u0161 na\u0161el med drugim:<\/p>\n\n<ul>\n \t<li>Prevozi vozila,<\/li>\n \t<li>Zgodovina morebitnih po\u0161kodb,<\/li>\n \t<li>Ocenitve popravila,<\/li>\n \t<li>Informacije o servisih in tehni\u010dnih pregledih,<\/li>\n \t<li>Tehni\u010dni podatki o vozilu,<\/li>\n \t<li>Informacije o tem, ali vozilo figurira na seznamu iskanih ali ukradenih vozil.<\/li>\n<\/ul>\n<p>Poro\u010dilo o zgodovini vozila zbira podatke iz razli\u010dnih dr\u017eav, kot so Nem\u010dija, Francija, Belgija, Nizozemska ali ZDA. Te informacije izhajajo iz zanesljivih in priznanih virov, kot so zavarovalni\u0161ki registri, avto-smeti\u0161\u010da, to\u010dke za obnovo ali organizacije, ki nasprotujejo ponarejanju kilometrov, npr. Nationale Auto Pas (NAP) na Nizozemskem. Vendar pa je pomembno omeniti, da se podatki iz tujih baz pojavijo le v primerih, ko je bilo vozilo tam registrirano ali uporabljeno.   <\/p>\n<p>Z zahvaljujo\u010d poro\u010dilu imate mo\u017enost oceniti dejansko stanje vozila, kar je neprecenljivo pri nakupu avtomobila. To poro\u010dilo vam bo pomagalo preveriti resni\u010dnost prodajal\u010devega izjav, odkriti skrite po\u0161kodbe in zgodovino trkov, kar vam omogo\u010da, da se izognete dragim presene\u010denjem. <\/p>\n<p>Preverjanje zgodovine vozila je klju\u010dno za va\u0161e varnost, zaupanje in udobje pri uporabi. Z natan\u010dno analizo in zbranimi podatki lahko sprejmete informirano in varno odlo\u010ditev o nakupu. <\/p>\t\t\t\t\t\t\t\t<\/div>\n\t\t\t\t<\/div>\n\t\t\t\t<\/div>\n\t\t\t\t<\/div>\n\t\t\t\t\t<\/div>\n\t\t\t\t<\/div>\n\t\t<div class=\"elementor-element elementor-element-45ee260 e-flex e-con-boxed e-con e-parent\" data-id=\"45ee260\" data-element_type=\"container\" data-e-type=\"container\" data-settings=\"{&quot;background_background&quot;:&quot;classic&quot;,&quot;shape_divider_top&quot;:&quot;triangle&quot;,&quot;shape_divider_bottom&quot;:&quot;triangle&quot;,&quot;shape_divider_bottom_negative&quot;:&quot;yes&quot;}\">\n\t\t\t\t\t<div class=\"e-con-inner\">\n\t\t\t\t<div class=\"elementor-shape elementor-shape-top\" aria-hidden=\"true\" data-negative=\"false\">\n\t\t\t<svg xmlns=\"http:\/\/www.w3.org\/2000\/svg\" viewBox=\"0 0 1000 100\" preserveAspectRatio=\"none\">\n\t<path class=\"elementor-shape-fill\" d=\"M500,98.9L0,6.1V0h1000v6.1L500,98.9z\"\/>\n<\/svg>\t\t<\/div>\n\t\t\t\t<div class=\"elementor-shape elementor-shape-bottom\" aria-hidden=\"true\" data-negative=\"true\">\n\t\t\t<svg xmlns=\"http:\/\/www.w3.org\/2000\/svg\" viewBox=\"0 0 1000 100\" preserveAspectRatio=\"none\">\n\t<path class=\"elementor-shape-fill\" d=\"M500.2,94.7L0,0v100h1000V0L500.2,94.7z\"\/>\n<\/svg>\t\t<\/div>\n\t\t<div class=\"elementor-element elementor-element-97dc520 e-con-full e-flex e-con e-child\" data-id=\"97dc520\" data-element_type=\"container\" data-e-type=\"container\">\n\t\t\t\t<div class=\"elementor-element elementor-element-4b80c9e elementor-widget elementor-widget-heading\" data-id=\"4b80c9e\" data-element_type=\"widget\" data-e-type=\"widget\" data-widget_type=\"heading.default\">\n\t\t\t\t\t<h2 class=\"elementor-heading-title elementor-size-default\">Poro\u010dilo o vozilu iz Zdru\u017eenega kraljestva<\/h2>\t\t\t\t<\/div>\n\t\t\t\t<div class=\"elementor-element elementor-element-d766ba4 elementor-widget__width-initial elementor-widget elementor-widget-image\" data-id=\"d766ba4\" data-element_type=\"widget\" data-e-type=\"widget\" data-widget_type=\"image.default\">\n\t\t\t\t\t\t\t\t\t\t\t\t\t\t\t\t<a href=\"https:\/\/www.automoli.com\/pl\/page\/vehicle-history-report-uk\">\n\t\t\t\t\t\t\t<img decoding=\"async\" width=\"768\" height=\"899\" src=\"https:\/\/www.automoli.com\/wp-content\/uploads\/2022\/11\/raport-uk.svg\" class=\"attachment-medium_large size-medium_large wp-image-40218\" alt=\"\" title=\"\">\t\t\t\t\t\t\t\t<\/a>\n\t\t\t\t\t\t\t\t\t\t\t\t\t\t\t<\/div>\n\t\t\t\t<div class=\"elementor-element elementor-element-4d25527 elementor-widget elementor-widget-text-editor\" data-id=\"4d25527\" data-element_type=\"widget\" data-e-type=\"widget\" data-widget_type=\"text-editor.default\">\n\t\t\t\t\t\t\t\t\t<p><b>Poro\u010dilo za vozila iz Velike Britanije <\/b>vsebuje \u0161tevilne zanimive podatke o zgodovini vozila. Z na\u0161im poro\u010dilom boste ugotovili, ali je bilo vozilo tehni\u010dno ustrezno in je lahko vozilo po cestah Velike Britanije, preverili boste \u0161tevilo lastnikov ter ugotovili, ali ni bilo namenjeno za razrez. Na\u0161i viri prikazujejo podatke iz vladnih baz podatkov za vozila v Veliki Britaniji.  <\/p>\t\t\t\t\t\t\t\t<\/div>\n\t\t\t\t<div class=\"elementor-element elementor-element-81a9dc2 elementor-align-center elementor-mobile-align-center elementor-widget elementor-widget-button\" data-id=\"81a9dc2\" data-element_type=\"widget\" data-e-type=\"widget\" data-widget_type=\"button.default\">\n\t\t\t\t\t\t\t\t\t\t<a class=\"elementor-button elementor-button-link elementor-size-sm\" href=\"https:\/\/www.automoli.com\/sl\/page\/vehicle-history-report-uk\">\n\t\t\t\t\t\t<span class=\"elementor-button-content-wrapper\">\n\t\t\t\t\t\t\t\t\t<span class=\"elementor-button-text\">Odpri vzor\u010dno poro\u010dilo<\/span>\n\t\t\t\t\t<\/span>\n\t\t\t\t\t<\/a>\n\t\t\t\t\t\t\t\t<\/div>\n\t\t\t\t<\/div>\n\t\t<div class=\"elementor-element elementor-element-0c1f244 e-con-full e-flex e-con e-child\" data-id=\"0c1f244\" data-element_type=\"container\" data-e-type=\"container\">\n\t\t\t\t<div class=\"elementor-element elementor-element-6165183 elementor-widget elementor-widget-heading\" data-id=\"6165183\" data-element_type=\"widget\" data-e-type=\"widget\" data-widget_type=\"heading.default\">\n\t\t\t\t\t<h2 class=\"elementor-heading-title elementor-size-default\">Vrednotenje tr\u017ene vrednosti\u200b<\/h2>\t\t\t\t<\/div>\n\t\t\t\t<div class=\"elementor-element elementor-element-8040182 elementor-widget__width-initial elementor-widget elementor-widget-image\" data-id=\"8040182\" data-element_type=\"widget\" data-e-type=\"widget\" data-widget_type=\"image.default\">\n\t\t\t\t\t\t\t\t\t\t\t\t\t\t\t\t<a href=\"https:\/\/www.automoli.com\/pl\/page\/market-value-evaluation\">\n\t\t\t\t\t\t\t<img decoding=\"async\" width=\"800\" height=\"936\" src=\"https:\/\/www.automoli.com\/wp-content\/uploads\/2022\/11\/raport-ie.svg\" class=\"attachment-large size-large wp-image-40226\" alt=\"\" title=\"\">\t\t\t\t\t\t\t\t<\/a>\n\t\t\t\t\t\t\t\t\t\t\t\t\t\t\t<\/div>\n\t\t\t\t<div class=\"elementor-element elementor-element-b96370d elementor-widget elementor-widget-text-editor\" data-id=\"b96370d\" data-element_type=\"widget\" data-e-type=\"widget\" data-widget_type=\"text-editor.default\">\n\t\t\t\t\t\t\t\t\t<p>Zelo koristna pri ocenjevanju <b>ustrezne cene vozila je ocena,<\/b> ki jo opravijo tr\u017eni strokovnjaki. Razjasnite dvome glede pravilne cene vozila. Z uporabo na\u0161e avtorske strokovne ocene tr\u017ene vrednosti vozila veste, ali se vozilo giblje v tr\u017enem povpre\u010dju. Informacije so koristne tako za kupce kot prodajalce vozila. Preverite, kako vozilo izgublja na vrednosti s prehodom let.    <\/p>\t\t\t\t\t\t\t\t<\/div>\n\t\t\t\t<div class=\"elementor-element elementor-element-8df0937 elementor-align-center elementor-mobile-align-center elementor-widget elementor-widget-button\" data-id=\"8df0937\" data-element_type=\"widget\" data-e-type=\"widget\" data-widget_type=\"button.default\">\n\t\t\t\t\t\t\t\t\t\t<a class=\"elementor-button elementor-button-link elementor-size-sm\" href=\"https:\/\/www.automoli.com\/sl\/page\/market-value-evaluation\">\n\t\t\t\t\t\t<span class=\"elementor-button-content-wrapper\">\n\t\t\t\t\t\t\t\t\t<span class=\"elementor-button-text\">Odpri vzor\u010dno poro\u010dilo<\/span>\n\t\t\t\t\t<\/span>\n\t\t\t\t\t<\/a>\n\t\t\t\t\t\t\t\t<\/div>\n\t\t\t\t<\/div>\n\t\t<div class=\"elementor-element elementor-element-482256e e-con-full e-flex e-con e-child\" data-id=\"482256e\" data-element_type=\"container\" data-e-type=\"container\">\n\t\t\t\t<div class=\"elementor-element elementor-element-4de2abb elementor-widget elementor-widget-heading\" data-id=\"4de2abb\" data-element_type=\"widget\" data-e-type=\"widget\" data-widget_type=\"heading.default\">\n\t\t\t\t\t<h2 class=\"elementor-heading-title elementor-size-default\">Servisne aktivnosti<\/h2>\t\t\t\t<\/div>\n\t\t\t\t<div class=\"elementor-element elementor-element-f48489e elementor-widget__width-initial elementor-widget elementor-widget-image\" data-id=\"f48489e\" data-element_type=\"widget\" data-e-type=\"widget\" data-widget_type=\"image.default\">\n\t\t\t\t\t\t\t\t\t\t\t\t\t\t\t\t<a href=\"https:\/\/www.automoli.com\/pl\/page\/service-activities\">\n\t\t\t\t\t\t\t<img loading=\"lazy\" decoding=\"async\" width=\"800\" height=\"936\" src=\"https:\/\/www.automoli.com\/wp-content\/uploads\/2022\/11\/raport-sa.svg\" class=\"attachment-large size-large wp-image-40230\" alt=\"\" title=\"\">\t\t\t\t\t\t\t\t<\/a>\n\t\t\t\t\t\t\t\t\t\t\t\t\t\t\t<\/div>\n\t\t\t\t<div class=\"elementor-element elementor-element-d15637c elementor-widget elementor-widget-text-editor\" data-id=\"d15637c\" data-element_type=\"widget\" data-e-type=\"widget\" data-widget_type=\"text-editor.default\">\n\t\t\t\t\t\t\t\t\t<p>Poro\u010dilo o servisnih delih bo\u0161 prejel <b>brezpla\u010dno ob nakupu poro\u010dila<\/b> o zgodovini vozila. Iz njega bo\u0161 izvedel, kak\u0161na dela bi morala biti doslej opravljena na vozilu. Spoznal bo\u0161 tudi servisna dela, ki bodo potrebna za izvedbo v bli\u017enji prihodnosti. Tam bo\u0161 na\u0161el tudi oceno verjetnih stro\u0161kov njihove izvedbe.   <\/p><p> <\/p>\t\t\t\t\t\t\t\t<\/div>\n\t\t\t\t<div class=\"elementor-element elementor-element-4ed0750 elementor-align-center elementor-mobile-align-center elementor-widget elementor-widget-button\" data-id=\"4ed0750\" data-element_type=\"widget\" data-e-type=\"widget\" data-widget_type=\"button.default\">\n\t\t\t\t\t\t\t\t\t\t<a class=\"elementor-button elementor-button-link elementor-size-sm\" href=\"https:\/\/www.automoli.com\/sl\/page\/service-activities\">\n\t\t\t\t\t\t<span class=\"elementor-button-content-wrapper\">\n\t\t\t\t\t\t\t\t\t<span class=\"elementor-button-text\">Odpri vzor\u010dno poro\u010dilo<\/span>\n\t\t\t\t\t<\/span>\n\t\t\t\t\t<\/a>\n\t\t\t\t\t\t\t\t<\/div>\n\t\t\t\t<\/div>\n\t\t\t\t\t<\/div>\n\t\t\t\t<\/div>\n\t\t\t\t<\/div>\n\t\t","protected":false},"excerpt":{"rendered":"<p>Vzor\u010dna poro\u010dila Poro\u010dilo o zgodovini vozila Odpri vzor\u010dno poro\u010dilo Poro\u010dilo o zgodovini vozila je celovito orodje, ki zagotavlja klju\u010dne informacije o preteklosti vozila in omogo\u010da preverjanje njegove tehni\u010dne stanje ter zgodovine uporabe. To je nenadomestljiv vir znanja, ki omogo\u010da dostop do \u0161tevilnih podrobnih podatkov, ki niso javno dostopni na internetu. Kaj lahko vklju\u010duje tak\u0161no poro\u010dilo? [&hellip;]<\/p>\n","protected":false},"author":1,"featured_media":0,"parent":0,"menu_order":0,"comment_status":"closed","ping_status":"closed","template":"","meta":{"inline_featured_image":false,"footnotes":""},"class_list":["post-42084","page","type-page","status-publish","hentry"],"_links":{"self":[{"href":"https:\/\/www.automoli.com\/sl\/wp-json\/wp\/v2\/pages\/42084","targetHints":{"allow":["GET"]}}],"collection":[{"href":"https:\/\/www.automoli.com\/sl\/wp-json\/wp\/v2\/pages"}],"about":[{"href":"https:\/\/www.automoli.com\/sl\/wp-json\/wp\/v2\/types\/page"}],"author":[{"embeddable":true,"href":"https:\/\/www.automoli.com\/sl\/wp-json\/wp\/v2\/users\/1"}],"replies":[{"embeddable":true,"href":"https:\/\/www.automoli.com\/sl\/wp-json\/wp\/v2\/comments?post=42084"}],"version-history":[{"count":2,"href":"https:\/\/www.automoli.com\/sl\/wp-json\/wp\/v2\/pages\/42084\/revisions"}],"predecessor-version":[{"id":62623,"href":"https:\/\/www.automoli.com\/sl\/wp-json\/wp\/v2\/pages\/42084\/revisions\/62623"}],"wp:attachment":[{"href":"https:\/\/www.automoli.com\/sl\/wp-json\/wp\/v2\/media?parent=42084"}],"curies":[{"name":"wp","href":"https:\/\/api.w.org\/{rel}","templated":true}]}}