{"id":50672,"date":"2024-08-07T13:30:12","date_gmt":"2024-08-07T11:30:12","guid":{"rendered":"https:\/\/www.automoli.com\/ako-si-objednat-spravu"},"modified":"2024-11-21T11:04:51","modified_gmt":"2024-11-21T10:04:51","slug":"ako-si-objednat-spravu","status":"publish","type":"page","link":"https:\/\/www.automoli.com\/sk\/ako-si-objednat-spravu","title":{"rendered":"Ako si objedna\u0165 spr\u00e1vu"},"content":{"rendered":"\t\t<div data-elementor-type=\"wp-page\" data-elementor-id=\"50672\" class=\"elementor elementor-50672 elementor-50355\" data-elementor-post-type=\"page\">\n\t\t\t\t\t\t<section class=\"elementor-section elementor-top-section elementor-element elementor-element-2b4ecd5 elementor-section-boxed elementor-section-height-default elementor-section-height-default\" data-id=\"2b4ecd5\" data-element_type=\"section\" data-e-type=\"section\" data-settings=\"{&quot;background_background&quot;:&quot;classic&quot;,&quot;shape_divider_bottom&quot;:&quot;triangle&quot;,&quot;shape_divider_bottom_negative&quot;:&quot;yes&quot;}\">\n\t\t\t\t\t<div class=\"elementor-shape elementor-shape-bottom\" aria-hidden=\"true\" data-negative=\"true\">\n\t\t\t<svg xmlns=\"http:\/\/www.w3.org\/2000\/svg\" viewBox=\"0 0 1000 100\" preserveAspectRatio=\"none\">\n\t<path class=\"elementor-shape-fill\" d=\"M500.2,94.7L0,0v100h1000V0L500.2,94.7z\"\/>\n<\/svg>\t\t<\/div>\n\t\t\t\t\t<div class=\"elementor-container elementor-column-gap-default\">\n\t\t\t\t\t<div class=\"elementor-column elementor-col-100 elementor-top-column elementor-element elementor-element-c4f3fe0\" data-id=\"c4f3fe0\" data-element_type=\"column\" data-e-type=\"column\">\n\t\t\t<div class=\"elementor-widget-wrap elementor-element-populated\">\n\t\t\t\t\t\t<div class=\"elementor-element elementor-element-f1a6006 elementor-widget elementor-widget-heading\" data-id=\"f1a6006\" data-element_type=\"widget\" data-e-type=\"widget\" data-widget_type=\"heading.default\">\n\t\t\t\t\t<h1 class=\"elementor-heading-title elementor-size-default\">Ako objedna\u0165 spr\u00e1vu o hist\u00f3rii vozidla<\/h1>\t\t\t\t<\/div>\n\t\t\t\t<div class=\"elementor-element elementor-element-dbcb37d elementor-widget elementor-widget-text-editor\" data-id=\"dbcb37d\" data-element_type=\"widget\" data-e-type=\"widget\" data-widget_type=\"text-editor.default\">\n\t\t\t\t\t\t\t\t\t<p>Nez\u00e1le\u017e\u00ed na tom, ako ste sa dostali na webov\u00fa str\u00e1nku spolo\u010dnosti Automola, \u010di u\u017e prostredn\u00edctvom blogu alebo domovskej str\u00e1nky, \u010di ste h\u013eadali inform\u00e1cie o VIN alebo hist\u00f3rii vozidla. Na tom nez\u00e1le\u017e\u00ed, na ka\u017edom mieste s\u00fa pre va\u0161e pohodlie pol\u00ed\u010dka na kontrolu VIN alebo \u0160PZ.  <\/p>\n\t\t\t\t\t\t\t\t<\/div>\n\t\t\t\t\t<\/div>\n\t\t<\/div>\n\t\t\t\t\t<\/div>\n\t\t<\/section>\n\t\t\t\t<section class=\"elementor-section elementor-top-section elementor-element elementor-element-0d0d160 elementor-section-boxed elementor-section-height-default elementor-section-height-default\" data-id=\"0d0d160\" data-element_type=\"section\" data-e-type=\"section\">\n\t\t\t\t\t\t<div class=\"elementor-container elementor-column-gap-default\">\n\t\t\t\t\t<div class=\"elementor-column elementor-col-100 elementor-top-column elementor-element elementor-element-7cdcf9c\" data-id=\"7cdcf9c\" data-element_type=\"column\" data-e-type=\"column\">\n\t\t\t<div class=\"elementor-widget-wrap elementor-element-populated\">\n\t\t\t\t\t\t<div class=\"elementor-element elementor-element-128440c elementor-widget elementor-widget-heading\" data-id=\"128440c\" data-element_type=\"widget\" data-e-type=\"widget\" data-widget_type=\"heading.default\">\n\t\t\t\t\t<h2 class=\"elementor-heading-title elementor-size-default\">Krok 1. zadajte \u010d\u00edslo VIN alebo eviden\u010dn\u00e9 \u010d\u00edslo vozidla <\/h2>\t\t\t\t<\/div>\n\t\t\t\t<div class=\"elementor-element elementor-element-7f76fc2 elementor-widget elementor-widget-text-editor\" data-id=\"7f76fc2\" data-element_type=\"widget\" data-e-type=\"widget\" data-widget_type=\"text-editor.default\">\n\t\t\t\t\t\t\t\t\t<p><span style=\"font-weight: 400;\">Do ur\u010den\u00e9ho po\u013ea zadajte pr\u00edslu\u0161n\u00fd po\u010det znakov a kliknite na tla\u010didlo &#8222;Skontrolova\u0165&#8220;.<\/span><\/p>\n\t\t\t\t\t\t\t\t<\/div>\n\t\t\t\t<div class=\"elementor-element elementor-element-1b9af0e elementor-widget elementor-widget-image\" data-id=\"1b9af0e\" data-element_type=\"widget\" data-e-type=\"widget\" data-widget_type=\"image.default\">\n\t\t\t\t\t\t\t\t\t\t\t\t\t\t\t<img fetchpriority=\"high\" decoding=\"async\" width=\"800\" height=\"380\" src=\"https:\/\/www.automoli.com\/wp-content\/uploads\/2021\/07\/aml-enter_vin.png\" class=\"attachment-full size-full wp-image-4760\" alt=\"\" srcset=\"https:\/\/www.automoli.com\/wp-content\/uploads\/2021\/07\/aml-enter_vin.png 800w, https:\/\/www.automoli.com\/wp-content\/uploads\/2021\/07\/aml-enter_vin-300x143.png 300w, https:\/\/www.automoli.com\/wp-content\/uploads\/2021\/07\/aml-enter_vin-768x365.png 768w\" sizes=\"(max-width: 800px) 100vw, 800px\" title=\"\">\t\t\t\t\t\t\t\t\t\t\t\t\t\t\t<\/div>\n\t\t\t\t\t<\/div>\n\t\t<\/div>\n\t\t\t\t\t<\/div>\n\t\t<\/section>\n\t\t\t\t<section class=\"elementor-section elementor-top-section elementor-element elementor-element-6903c2a elementor-section-boxed elementor-section-height-default elementor-section-height-default\" data-id=\"6903c2a\" data-element_type=\"section\" data-e-type=\"section\">\n\t\t\t\t\t\t<div class=\"elementor-container elementor-column-gap-default\">\n\t\t\t\t\t<div class=\"elementor-column elementor-col-100 elementor-top-column elementor-element elementor-element-8d4c0f1\" data-id=\"8d4c0f1\" data-element_type=\"column\" data-e-type=\"column\">\n\t\t\t<div class=\"elementor-widget-wrap elementor-element-populated\">\n\t\t\t\t\t\t<div class=\"elementor-element elementor-element-761cd92 elementor-widget elementor-widget-heading\" data-id=\"761cd92\" data-element_type=\"widget\" data-e-type=\"widget\" data-widget_type=\"heading.default\">\n\t\t\t\t\t<h2 class=\"elementor-heading-title elementor-size-default\">Krok 2. Zistite cenu a rozsah \u00fadajov, ktor\u00e9 sa maj\u00fa skontrolova\u0165  <\/h2>\t\t\t\t<\/div>\n\t\t\t\t<div class=\"elementor-element elementor-element-ee233e2 elementor-widget elementor-widget-text-editor\" data-id=\"ee233e2\" data-element_type=\"widget\" data-e-type=\"widget\" data-widget_type=\"text-editor.default\">\n\t\t\t\t\t\t\t\t\tV tomto kroku sa dozviete, \u017ee sme na\u0161li ur\u010dit\u00e9 inform\u00e1cie o vozidle na z\u00e1klade zadan\u00e9ho \u010d\u00edsla VIN alebo registra\u010dnej zna\u010dky. V tejto f\u00e1ze si m\u00f4\u017eete pre\u010d\u00edta\u0165 aj to, \u017ee na\u0161e spr\u00e1vy o hist\u00f3rii vozidla overuj\u00fa inform\u00e1cie o: \n<ul>\n \t<li>hist\u00f3ria vozidla a udalosti,<\/li>\n \t<li>od\u010d\u00edtanie kilometrov,<\/li>\n \t<li>registre h\u013eadan\u00fdch vozidiel,<\/li>\n \t<li>technick\u00e9 \u00fadaje,<\/li>\n \t<li>arch\u00edvne fotografie,<\/li>\n \t<li>ako aj nev\u00fdhody konkr\u00e9tneho modelu.<\/li>\n<\/ul>\nV tomto bode sa rozhoduje\u0161, \u010di si chce\u0161 zak\u00fapi\u0165 tento jeden konkr\u00e9tny report, alebo si chce\u0161 zak\u00fapi\u0165 bal\u00edk 2 alebo 3 \u010fal\u0161\u00edch reportov na vyu\u017eitie v akomko\u013evek term\u00edne do 90 dn\u00ed od d\u00e1tumu zak\u00fapenia. \u010c\u00edm viac, t\u00fdm lacnej\u0161ie! Z na\u0161ich sk\u00fasenost\u00ed vypl\u00fdva, \u017ee k\u00fapa vysn\u00edvan\u00e9ho vozidla si vy\u017eaduje preverenie hist\u00f3rie najmenej 2 \u00e1ut.<\/span>\n\nPozor: Pr\u00edstup k spr\u00e1ve vygenerovanej na z\u00e1klade \u010d\u00edsla VIN alebo eviden\u010dnej zna\u010dky je v ka\u017edom pr\u00edpade 30 dn\u00ed. Pr\u00edklad pon\u00fakanej spr\u00e1vy n\u00e1jde\u0161 v sekcii \u201e<a href=\"https:\/\/www.automoli.com\/sk\/vzorove-prehlady\">Pr\u00edklad spr\u00e1vy<\/a>\u201c.\n\n\t\t\t\t\t\t\t\t<\/div>\n\t\t\t\t\t<\/div>\n\t\t<\/div>\n\t\t\t\t\t<\/div>\n\t\t<\/section>\n\t\t\t\t<section class=\"elementor-section elementor-top-section elementor-element elementor-element-8442b75 elementor-section-boxed elementor-section-height-default elementor-section-height-default\" data-id=\"8442b75\" data-element_type=\"section\" data-e-type=\"section\">\n\t\t\t\t\t\t<div class=\"elementor-container elementor-column-gap-default\">\n\t\t\t\t\t<div class=\"elementor-column elementor-col-100 elementor-top-column elementor-element elementor-element-e0ccb7e\" data-id=\"e0ccb7e\" data-element_type=\"column\" data-e-type=\"column\">\n\t\t\t<div class=\"elementor-widget-wrap elementor-element-populated\">\n\t\t\t\t\t\t<div class=\"elementor-element elementor-element-d20d176 elementor-widget elementor-widget-heading\" data-id=\"d20d176\" data-element_type=\"widget\" data-e-type=\"widget\" data-widget_type=\"heading.default\">\n\t\t\t\t\t<h2 class=\"elementor-heading-title elementor-size-default\">Krok 3. K\u00fap spr\u00e1vu alebo nieko\u013eko \n<\/h2>\t\t\t\t<\/div>\n\t\t\t\t<div class=\"elementor-element elementor-element-abd8f13 elementor-widget__width-initial elementor-widget elementor-widget-text-editor\" data-id=\"abd8f13\" data-element_type=\"widget\" data-e-type=\"widget\" data-widget_type=\"text-editor.default\">\n\t\t\t\t\t\t\t\t\t<p>Ak m\u00e1te z\u013eavov\u00fd k\u00f3d alebo k\u00f3d PREPAID, zadajte ho pred v\u00fdberom sp\u00f4sobu platby. Zadajte e-mailov\u00fa adresu, ktor\u00e1 je z\u00e1rove\u0148 prihlasovac\u00edm menom k V\u00e1\u0161mu \u00fa\u010dtu. Pripravili sme pre V\u00e1s ve\u013ea pohodln\u00fdch sp\u00f4sobov platby. Po zvolen\u00ed pr\u00edslu\u0161n\u00e9ho sp\u00f4sobu platby postupujte pod\u013ea pokynov na obrazovke.   <\/p>\n<p>\u010cakacia doba na spracovanie platby je zvy\u010dajne 2-3 min\u00faty, ale v pr\u00edpade v\u00fdnimo\u010dn\u00fdch situ\u00e1ci\u00ed sa m\u00f4\u017ee \u010dakacia doba na platbu v\u00fdnimo\u010dne pred\u013a\u017ei\u0165.<\/p>\n<p>Po \u00faspe\u0161ne zrealizovanej platbe dostanete e-mail s inform\u00e1ciami potvrdzuj\u00facimi platbu, a ak sa jedn\u00e1 o V\u00e1\u0161 prv\u00fd n\u00e1kup, aj \u010fal\u0161\u00ed e-mail s heslom k \u00fa\u010dtu. Ak kupujete prv\u00fdkr\u00e1t a e-mail s heslom nem\u00f4\u017eete n\u00e1js\u0165, ur\u010dite nezabudnite skontrolova\u0165 prie\u010dinok SPAM <\/p>\n\t\t\t\t\t\t\t\t<\/div>\n\t\t\t\t<div class=\"elementor-element elementor-element-32cdf55 elementor-widget elementor-widget-image\" data-id=\"32cdf55\" data-element_type=\"widget\" data-e-type=\"widget\" data-widget_type=\"image.default\">\n\t\t\t\t\t\t\t\t\t\t\t\t\t\t\t<img decoding=\"async\" width=\"1\" height=\"1\" src=\"https:\/\/www.automoli.com\/wp-content\/uploads\/2024\/07\/aml-precheck-pac.svg\" class=\"attachment-full size-full wp-image-50381\" alt=\"\" title=\"\">\t\t\t\t\t\t\t\t\t\t\t\t\t\t\t<\/div>\n\t\t\t\t<div class=\"elementor-element elementor-element-61c84e3 elementor-widget elementor-widget-image\" data-id=\"61c84e3\" data-element_type=\"widget\" data-e-type=\"widget\" data-widget_type=\"image.default\">\n\t\t\t\t\t\t\t\t\t\t\t\t\t\t\t<img decoding=\"async\" width=\"820\" height=\"345\" src=\"https:\/\/www.automoli.com\/wp-content\/uploads\/2021\/07\/aml-payment.png\" class=\"attachment-full size-full wp-image-4802\" alt=\"\" srcset=\"https:\/\/www.automoli.com\/wp-content\/uploads\/2021\/07\/aml-payment.png 820w, https:\/\/www.automoli.com\/wp-content\/uploads\/2021\/07\/aml-payment-300x126.png 300w, https:\/\/www.automoli.com\/wp-content\/uploads\/2021\/07\/aml-payment-768x323.png 768w\" sizes=\"(max-width: 820px) 100vw, 820px\" title=\"\">\t\t\t\t\t\t\t\t\t\t\t\t\t\t\t<\/div>\n\t\t\t\t\t<\/div>\n\t\t<\/div>\n\t\t\t\t\t<\/div>\n\t\t<\/section>\n\t\t\t\t<section class=\"elementor-section elementor-top-section elementor-element elementor-element-9e3e2f0 elementor-section-boxed elementor-section-height-default elementor-section-height-default\" data-id=\"9e3e2f0\" data-element_type=\"section\" data-e-type=\"section\">\n\t\t\t\t\t\t<div class=\"elementor-container elementor-column-gap-default\">\n\t\t\t\t\t<div class=\"elementor-column elementor-col-100 elementor-top-column elementor-element elementor-element-ca67ea3\" data-id=\"ca67ea3\" data-element_type=\"column\" data-e-type=\"column\">\n\t\t\t<div class=\"elementor-widget-wrap elementor-element-populated\">\n\t\t\t\t\t\t<div class=\"elementor-element elementor-element-8c5d67b elementor-widget elementor-widget-heading\" data-id=\"8c5d67b\" data-element_type=\"widget\" data-e-type=\"widget\" data-widget_type=\"heading.default\">\n\t\t\t\t\t<h2 class=\"elementor-heading-title elementor-size-default\">Krok 4. Prihl\u00e1ste sa a pozrite si spr\u00e1vu <\/h2>\t\t\t\t<\/div>\n\t\t\t\t<div class=\"elementor-element elementor-element-2bdbd2d elementor-widget elementor-widget-text-editor\" data-id=\"2bdbd2d\" data-element_type=\"widget\" data-e-type=\"widget\" data-widget_type=\"text-editor.default\">\n\t\t\t\t\t\t\t\t\t<p>Po zadan\u00ed e-mailovej adresy a hesla sa prihl\u00e1s do svojho \u00fa\u010dtu.<\/p>\n<p>Spr\u00e1va sa za\u010dne generova\u0165 okam\u017eite po potvrden\u00ed syst\u00e9mom platby, ktor\u00fd ste zvolili v predch\u00e1dzaj\u00facom kroku. Zostavovanie \u00fadajov a pr\u00edprava spr\u00e1vy by nemalo trva\u0165 viac ako nieko\u013eko min\u00fat. Spr\u00e1vy budeme uchov\u00e1va\u0165 na va\u0161om \u00fa\u010dte do 30 dn\u00ed. Zvy\u0161n\u00e9 spr\u00e1vy, ktor\u00e9 ste k\u00fapili v bal\u00edku, bud\u00fa k dispoz\u00edcii na vyu\u017eitie z \u00farovne v\u00e1\u0161ho \u00fa\u010dtu v akomko\u013evek, av\u0161ak nie nesk\u00f4r ako 90 dn\u00ed od d\u00e1tumu n\u00e1kupu.   <\/p>\n\t\t\t\t\t\t\t\t<\/div>\n\t\t\t\t\t<\/div>\n\t\t<\/div>\n\t\t\t\t\t<\/div>\n\t\t<\/section>\n\t\t\t\t<\/div>\n\t\t","protected":false},"excerpt":{"rendered":"<p>Ako objedna\u0165 spr\u00e1vu o hist\u00f3rii vozidla Nez\u00e1le\u017e\u00ed na tom, ako ste sa dostali na webov\u00fa str\u00e1nku spolo\u010dnosti Automola, \u010di u\u017e prostredn\u00edctvom blogu alebo domovskej str\u00e1nky, \u010di ste h\u013eadali inform\u00e1cie o VIN alebo hist\u00f3rii vozidla. Na tom nez\u00e1le\u017e\u00ed, na ka\u017edom mieste s\u00fa pre va\u0161e pohodlie pol\u00ed\u010dka na kontrolu VIN alebo \u0160PZ. Krok 1. zadajte \u010d\u00edslo VIN [&hellip;]<\/p>\n","protected":false},"author":3,"featured_media":0,"parent":0,"menu_order":0,"comment_status":"closed","ping_status":"closed","template":"","meta":{"inline_featured_image":false,"footnotes":""},"class_list":["post-50672","page","type-page","status-publish","hentry"],"_links":{"self":[{"href":"https:\/\/www.automoli.com\/sk\/wp-json\/wp\/v2\/pages\/50672","targetHints":{"allow":["GET"]}}],"collection":[{"href":"https:\/\/www.automoli.com\/sk\/wp-json\/wp\/v2\/pages"}],"about":[{"href":"https:\/\/www.automoli.com\/sk\/wp-json\/wp\/v2\/types\/page"}],"author":[{"embeddable":true,"href":"https:\/\/www.automoli.com\/sk\/wp-json\/wp\/v2\/users\/3"}],"replies":[{"embeddable":true,"href":"https:\/\/www.automoli.com\/sk\/wp-json\/wp\/v2\/comments?post=50672"}],"version-history":[{"count":2,"href":"https:\/\/www.automoli.com\/sk\/wp-json\/wp\/v2\/pages\/50672\/revisions"}],"predecessor-version":[{"id":53500,"href":"https:\/\/www.automoli.com\/sk\/wp-json\/wp\/v2\/pages\/50672\/revisions\/53500"}],"wp:attachment":[{"href":"https:\/\/www.automoli.com\/sk\/wp-json\/wp\/v2\/media?parent=50672"}],"curies":[{"name":"wp","href":"https:\/\/api.w.org\/{rel}","templated":true}]}}