{"id":27371,"date":"2023-02-27T15:46:50","date_gmt":"2023-02-27T14:46:50","guid":{"rendered":"https:\/\/www.automoli.com\/vzorove-prehlady"},"modified":"2026-02-17T15:05:53","modified_gmt":"2026-02-17T14:05:53","slug":"vzorove-prehlady","status":"publish","type":"page","link":"https:\/\/www.automoli.com\/sk\/vzorove-prehlady","title":{"rendered":"Vzorov\u00e9 preh\u013eady"},"content":{"rendered":"\t\t<div data-elementor-type=\"wp-page\" data-elementor-id=\"27371\" class=\"elementor elementor-27371 elementor-123\" data-elementor-post-type=\"page\">\n\t\t\t\t<div class=\"elementor-element elementor-element-0d19538 e-flex e-con-boxed e-con e-parent\" data-id=\"0d19538\" data-element_type=\"container\" data-e-type=\"container\" data-settings=\"{&quot;background_background&quot;:&quot;classic&quot;,&quot;shape_divider_bottom&quot;:&quot;triangle&quot;,&quot;shape_divider_bottom_negative&quot;:&quot;yes&quot;}\">\n\t\t\t\t\t<div class=\"e-con-inner\">\n\t\t\t\t<div class=\"elementor-shape elementor-shape-bottom\" aria-hidden=\"true\" data-negative=\"true\">\n\t\t\t<svg xmlns=\"http:\/\/www.w3.org\/2000\/svg\" viewBox=\"0 0 1000 100\" preserveAspectRatio=\"none\">\n\t<path class=\"elementor-shape-fill\" d=\"M500.2,94.7L0,0v100h1000V0L500.2,94.7z\"\/>\n<\/svg>\t\t<\/div>\n\t\t<div class=\"elementor-element elementor-element-d098ebd e-con-full e-flex e-con e-child\" data-id=\"d098ebd\" data-element_type=\"container\" data-e-type=\"container\">\n\t\t\t\t<div class=\"elementor-element elementor-element-b28f6de elementor-widget elementor-widget-heading\" data-id=\"b28f6de\" data-element_type=\"widget\" data-e-type=\"widget\" data-widget_type=\"heading.default\">\n\t\t\t\t\t<h1 class=\"elementor-heading-title elementor-size-default\">Vzorov\u00e9 preh\u013eady<\/h1>\t\t\t\t<\/div>\n\t\t\t\t<\/div>\n\t\t\t\t\t<\/div>\n\t\t\t\t<\/div>\n\t\t<div class=\"elementor-element elementor-element-2fb2801 e-flex e-con-boxed e-con e-parent\" data-id=\"2fb2801\" data-element_type=\"container\" data-e-type=\"container\">\n\t\t\t\t\t<div class=\"e-con-inner\">\n\t\t<div class=\"elementor-element elementor-element-680fef2 e-con-full e-flex e-con e-child\" data-id=\"680fef2\" data-element_type=\"container\" data-e-type=\"container\">\n\t\t\t\t<div class=\"elementor-element elementor-element-21cc9e0 elementor-widget elementor-widget-heading\" data-id=\"21cc9e0\" data-element_type=\"widget\" data-e-type=\"widget\" data-widget_type=\"heading.default\">\n\t\t\t\t\t<h2 class=\"elementor-heading-title elementor-size-default\">Preh\u013ead hist\u00f3rie vozidla<\/h2>\t\t\t\t<\/div>\n\t\t<div class=\"elementor-element elementor-element-f4ba1f7 e-con-full e-flex e-con e-child\" data-id=\"f4ba1f7\" data-element_type=\"container\" data-e-type=\"container\">\n\t\t<div class=\"elementor-element elementor-element-ad65f26 e-con-full e-flex e-con e-child\" data-id=\"ad65f26\" data-element_type=\"container\" data-e-type=\"container\">\n\t\t\t\t<div class=\"elementor-element elementor-element-82da89a elementor-widget elementor-widget-image\" data-id=\"82da89a\" data-element_type=\"widget\" data-e-type=\"widget\" data-widget_type=\"image.default\">\n\t\t\t\t\t\t\t\t\t\t\t\t\t\t\t\t<a href=\"https:\/\/www.automoli.com\/sk\/page\/vehicle-history-report\">\n\t\t\t\t\t\t\t<img fetchpriority=\"high\" decoding=\"async\" width=\"256\" height=\"300\" src=\"https:\/\/www.automoli.com\/wp-content\/uploads\/2022\/11\/raport-our.svg\" class=\"attachment-medium size-medium wp-image-62585\" alt=\"\" title=\"\">\t\t\t\t\t\t\t\t<\/a>\n\t\t\t\t\t\t\t\t\t\t\t\t\t\t\t<\/div>\n\t\t\t\t<div class=\"elementor-element elementor-element-3f4a051 elementor-align-right elementor-mobile-align-center elementor-widget elementor-widget-button\" data-id=\"3f4a051\" data-element_type=\"widget\" data-e-type=\"widget\" data-widget_type=\"button.default\">\n\t\t\t\t\t\t\t\t\t\t<a class=\"elementor-button elementor-button-link elementor-size-sm\" href=\"https:\/\/www.automoli.com\/sk\/page\/vehicle-history-report\">\n\t\t\t\t\t\t<span class=\"elementor-button-content-wrapper\">\n\t\t\t\t\t\t\t\t\t<span class=\"elementor-button-text\">Otvorte uk\u00e1\u017ekov\u00fd preh\u013ead<\/span>\n\t\t\t\t\t<\/span>\n\t\t\t\t\t<\/a>\n\t\t\t\t\t\t\t\t<\/div>\n\t\t\t\t<\/div>\n\t\t<div class=\"elementor-element elementor-element-659fcfa e-con-full e-flex e-con e-child\" data-id=\"659fcfa\" data-element_type=\"container\" data-e-type=\"container\">\n\t\t\t\t<div class=\"elementor-element elementor-element-aebd4b5 elementor-widget elementor-widget-text-editor\" data-id=\"aebd4b5\" data-element_type=\"widget\" data-e-type=\"widget\" data-widget_type=\"text-editor.default\">\n\t\t\t\t\t\t\t\t\t<p>Spr\u00e1va hist\u00f3rie vozidla je komplexn\u00fdm n\u00e1strojom, ktor\u00fd poskytuje k\u013e\u00fa\u010dov\u00e9 inform\u00e1cie o minulosti vozidla a umo\u017e\u0148uje overenie jeho technick\u00e9ho stavu a hist\u00f3rie pou\u017e\u00edvania. Je to neocenite\u013en\u00fd zdroj poznatkov, ktor\u00fd umo\u017e\u0148uje z\u00edska\u0165 pr\u00edstup k mnoh\u00fdm podrobn\u00fdm \u00fadajom, ktor\u00e9 nie s\u00fa verejne dostupn\u00e9 na Internete. \u010co m\u00f4\u017ee tak\u00e1 spr\u00e1va obsahova\u0165?  <\/p>\n<p>N\u00e1jde\u0161 v \u0148om napr\u00edklad:<\/p>\n\n<ul>\n \t<li>Najazdy vozidla,<\/li>\n \t<li>Hist\u00f3riu pr\u00edpadn\u00fdch po\u0161koden\u00ed,<\/li>\n \t<li>Odhady opr\u00e1vnen\u00ed,<\/li>\n \t<li>Inform\u00e1cie o servisoch a technick\u00fdch prehliadkach,<\/li>\n \t<li>Technick\u00e9 \u00fadaje vozidla,<\/li>\n \t<li>Inform\u00e1cie o tom, \u010di vozidlo figuruje na zozname h\u013eadan\u00fdch alebo ukradnut\u00fdch vozidiel.<\/li>\n<\/ul>\n<p>Spr\u00e1va hist\u00f3rie vozidla zhroma\u017e\u010fuje \u00fadaje z r\u00f4znych kraj\u00edn, ako s\u00fa Nemecko, Franc\u00fazsko, Belgicko, Holandsko \u010di USA. Tieto inform\u00e1cie poch\u00e1dzaj\u00fa z d\u00f4veryhodn\u00fdch a uzn\u00e1van\u00fdch zdrojov, ako s\u00fa pois\u0165ovacie datab\u00e1zy, autovrakovisk\u00e1, odvozn\u00e9 miesta alebo organiz\u00e1cie, ktor\u00e9 bojuj\u00fa proti fal\u0161ovaniu po\u010d\u00edtadiel, napr. Nationale Auto Pas (NAP) v Holandsku. Je v\u0161ak d\u00f4le\u017eit\u00e9 ma\u0165 na pam\u00e4ti, \u017ee \u00fadaje zo zahrani\u010dn\u00fdch datab\u00e1z sa objavuj\u00fa iba v pr\u00edpadoch, ke\u010f bolo vozidlo tam registrovan\u00e9 alebo pou\u017e\u00edvan\u00e9.   <\/p>\n<p>V\u010faka spr\u00e1ve m\u00e1\u0161 mo\u017enos\u0165 pos\u00fadi\u0165 skuto\u010dn\u00fd stav vozidla, \u010do je neocenite\u013en\u00e9 pri k\u00fape auta. T\u00e1to spr\u00e1va ti pom\u00f4\u017ee overi\u0165 pravdivos\u0165 predajcu, odhali\u0165 skryt\u00e9 po\u0161kodenia a hist\u00f3riu kol\u00edzi\u00ed, \u010do umo\u017e\u0148uje vyhn\u00fa\u0165 sa n\u00e1kladn\u00fdm prekvapeniam. <\/p>\n<p>Overenie hist\u00f3rie vozidla je k\u013e\u00fa\u010dov\u00e9 pre tvoju bezpe\u010dnos\u0165, istotu a pohodlie pri pou\u017e\u00edvan\u00ed. V\u010faka podrobnej anal\u00fdze a zhroma\u017eden\u00fdm \u00fadajom m\u00f4\u017ee\u0161 urobi\u0165 informovan\u00e9 a bezpe\u010dn\u00e9 rozhodnutie o n\u00e1kupe. <\/p>\t\t\t\t\t\t\t\t<\/div>\n\t\t\t\t<\/div>\n\t\t\t\t<\/div>\n\t\t\t\t<\/div>\n\t\t\t\t\t<\/div>\n\t\t\t\t<\/div>\n\t\t<div class=\"elementor-element elementor-element-45ee260 e-flex e-con-boxed e-con e-parent\" data-id=\"45ee260\" data-element_type=\"container\" data-e-type=\"container\" data-settings=\"{&quot;background_background&quot;:&quot;classic&quot;,&quot;shape_divider_top&quot;:&quot;triangle&quot;,&quot;shape_divider_bottom&quot;:&quot;triangle&quot;,&quot;shape_divider_bottom_negative&quot;:&quot;yes&quot;}\">\n\t\t\t\t\t<div class=\"e-con-inner\">\n\t\t\t\t<div class=\"elementor-shape elementor-shape-top\" aria-hidden=\"true\" data-negative=\"false\">\n\t\t\t<svg xmlns=\"http:\/\/www.w3.org\/2000\/svg\" viewBox=\"0 0 1000 100\" preserveAspectRatio=\"none\">\n\t<path class=\"elementor-shape-fill\" d=\"M500,98.9L0,6.1V0h1000v6.1L500,98.9z\"\/>\n<\/svg>\t\t<\/div>\n\t\t\t\t<div class=\"elementor-shape elementor-shape-bottom\" aria-hidden=\"true\" data-negative=\"true\">\n\t\t\t<svg xmlns=\"http:\/\/www.w3.org\/2000\/svg\" viewBox=\"0 0 1000 100\" preserveAspectRatio=\"none\">\n\t<path class=\"elementor-shape-fill\" d=\"M500.2,94.7L0,0v100h1000V0L500.2,94.7z\"\/>\n<\/svg>\t\t<\/div>\n\t\t<div class=\"elementor-element elementor-element-97dc520 e-con-full e-flex e-con e-child\" data-id=\"97dc520\" data-element_type=\"container\" data-e-type=\"container\">\n\t\t\t\t<div class=\"elementor-element elementor-element-4b80c9e elementor-widget elementor-widget-heading\" data-id=\"4b80c9e\" data-element_type=\"widget\" data-e-type=\"widget\" data-widget_type=\"heading.default\">\n\t\t\t\t\t<h2 class=\"elementor-heading-title elementor-size-default\">Spr\u00e1va o vozidle z Ve\u013ekej Brit\u00e1nie<\/h2>\t\t\t\t<\/div>\n\t\t\t\t<div class=\"elementor-element elementor-element-d766ba4 elementor-widget__width-initial elementor-widget elementor-widget-image\" data-id=\"d766ba4\" data-element_type=\"widget\" data-e-type=\"widget\" data-widget_type=\"image.default\">\n\t\t\t\t\t\t\t\t\t\t\t\t\t\t\t\t<a href=\"https:\/\/www.automoli.com\/pl\/page\/vehicle-history-report-uk\">\n\t\t\t\t\t\t\t<img decoding=\"async\" width=\"768\" height=\"899\" src=\"https:\/\/www.automoli.com\/wp-content\/uploads\/2022\/11\/raport-uk.svg\" class=\"attachment-medium_large size-medium_large wp-image-24227\" alt=\"\" title=\"\">\t\t\t\t\t\t\t\t<\/a>\n\t\t\t\t\t\t\t\t\t\t\t\t\t\t\t<\/div>\n\t\t\t\t<div class=\"elementor-element elementor-element-4d25527 elementor-widget elementor-widget-text-editor\" data-id=\"4d25527\" data-element_type=\"widget\" data-e-type=\"widget\" data-widget_type=\"text-editor.default\">\n\t\t\t\t\t\t\t\t\t<p><b>Spr\u00e1va pre vozidl\u00e1 Spojen\u00e9ho kr\u00e1\u013eovstva<\/b> obsahuje mno\u017estvo zauj\u00edmav\u00fdch \u00fadajov o hist\u00f3rii vozidla. V\u010faka na\u0161ej spr\u00e1ve zist\u00edte, \u010di bolo vozidlo technicky v poriadku a mohlo sa pohybova\u0165 po cest\u00e1ch Ve\u013ekej Brit\u00e1nie, over\u00edte po\u010det majite\u013eov a \u010di nebolo ur\u010den\u00e9 do \u0161rotu. Na\u0161e zdroje uv\u00e1dzaj\u00fa \u00fadaje z vl\u00e1dnych datab\u00e1z vozidiel v Spojenom kr\u00e1\u013eovstve.  <\/p>\t\t\t\t\t\t\t\t<\/div>\n\t\t\t\t<div class=\"elementor-element elementor-element-81a9dc2 elementor-align-center elementor-mobile-align-center elementor-widget elementor-widget-button\" data-id=\"81a9dc2\" data-element_type=\"widget\" data-e-type=\"widget\" data-widget_type=\"button.default\">\n\t\t\t\t\t\t\t\t\t\t<a class=\"elementor-button elementor-button-link elementor-size-sm\" href=\"https:\/\/www.automoli.com\/sk\/page\/vehicle-history-report-uk\">\n\t\t\t\t\t\t<span class=\"elementor-button-content-wrapper\">\n\t\t\t\t\t\t\t\t\t<span class=\"elementor-button-text\">Otvorte uk\u00e1\u017ekov\u00fd preh\u013ead<\/span>\n\t\t\t\t\t<\/span>\n\t\t\t\t\t<\/a>\n\t\t\t\t\t\t\t\t<\/div>\n\t\t\t\t<\/div>\n\t\t<div class=\"elementor-element elementor-element-0c1f244 e-con-full e-flex e-con e-child\" data-id=\"0c1f244\" data-element_type=\"container\" data-e-type=\"container\">\n\t\t\t\t<div class=\"elementor-element elementor-element-6165183 elementor-widget elementor-widget-heading\" data-id=\"6165183\" data-element_type=\"widget\" data-e-type=\"widget\" data-widget_type=\"heading.default\">\n\t\t\t\t\t<h2 class=\"elementor-heading-title elementor-size-default\">Ocena trhovej hodnoty\u200b<\/h2>\t\t\t\t<\/div>\n\t\t\t\t<div class=\"elementor-element elementor-element-8040182 elementor-widget__width-initial elementor-widget elementor-widget-image\" data-id=\"8040182\" data-element_type=\"widget\" data-e-type=\"widget\" data-widget_type=\"image.default\">\n\t\t\t\t\t\t\t\t\t\t\t\t\t\t\t\t<a href=\"https:\/\/www.automoli.com\/pl\/page\/market-value-evaluation\">\n\t\t\t\t\t\t\t<img decoding=\"async\" width=\"800\" height=\"936\" src=\"https:\/\/www.automoli.com\/wp-content\/uploads\/2022\/11\/raport-ie.svg\" class=\"attachment-large size-large wp-image-24327\" alt=\"\" title=\"\">\t\t\t\t\t\t\t\t<\/a>\n\t\t\t\t\t\t\t\t\t\t\t\t\t\t\t<\/div>\n\t\t\t\t<div class=\"elementor-element elementor-element-b96370d elementor-widget elementor-widget-text-editor\" data-id=\"b96370d\" data-element_type=\"widget\" data-e-type=\"widget\" data-widget_type=\"text-editor.default\">\n\t\t\t\t\t\t\t\t\t<p>Extr\u00e9mne u\u017eito\u010dn\u00e9 pri odhade primeranej ceny vozidla je ocenenie vykonan\u00e9 trhov\u00fdmi expertmi. Rozpt\u00fdlite <b>pochybnosti o spr\u00e1vnej cene vozidla<\/b>. V\u010faka na\u0161ej autorskej expertn\u00e9mu hodnoteniu trhovej hodnoty vozidla viete, \u010di sa vozidlo nach\u00e1dza v trhovej priemernosti. Inform\u00e1cie s\u00fa u\u017eito\u010dn\u00e9 pre kupuj\u00facich aj pred\u00e1vaj\u00facich vozidlo. Skontrolujte, ako auto str\u00e1ca na hodnote s prib\u00fadaj\u00facimi rokmi.    <\/p>\t\t\t\t\t\t\t\t<\/div>\n\t\t\t\t<div class=\"elementor-element elementor-element-8df0937 elementor-align-center elementor-mobile-align-center elementor-widget elementor-widget-button\" data-id=\"8df0937\" data-element_type=\"widget\" data-e-type=\"widget\" data-widget_type=\"button.default\">\n\t\t\t\t\t\t\t\t\t\t<a class=\"elementor-button elementor-button-link elementor-size-sm\" href=\"https:\/\/www.automoli.com\/sk\/page\/market-value-evaluation\">\n\t\t\t\t\t\t<span class=\"elementor-button-content-wrapper\">\n\t\t\t\t\t\t\t\t\t<span class=\"elementor-button-text\">Otvorte uk\u00e1\u017ekov\u00fd preh\u013ead<\/span>\n\t\t\t\t\t<\/span>\n\t\t\t\t\t<\/a>\n\t\t\t\t\t\t\t\t<\/div>\n\t\t\t\t<\/div>\n\t\t<div class=\"elementor-element elementor-element-482256e e-con-full e-flex e-con e-child\" data-id=\"482256e\" data-element_type=\"container\" data-e-type=\"container\">\n\t\t\t\t<div class=\"elementor-element elementor-element-4de2abb elementor-widget elementor-widget-heading\" data-id=\"4de2abb\" data-element_type=\"widget\" data-e-type=\"widget\" data-widget_type=\"heading.default\">\n\t\t\t\t\t<h2 class=\"elementor-heading-title elementor-size-default\">Servisn\u00e9 \u00fakony<\/h2>\t\t\t\t<\/div>\n\t\t\t\t<div class=\"elementor-element elementor-element-f48489e elementor-widget__width-initial elementor-widget elementor-widget-image\" data-id=\"f48489e\" data-element_type=\"widget\" data-e-type=\"widget\" data-widget_type=\"image.default\">\n\t\t\t\t\t\t\t\t\t\t\t\t\t\t\t\t<a href=\"https:\/\/www.automoli.com\/pl\/page\/service-activities\">\n\t\t\t\t\t\t\t<img loading=\"lazy\" decoding=\"async\" width=\"800\" height=\"936\" src=\"https:\/\/www.automoli.com\/wp-content\/uploads\/2022\/11\/raport-sa.svg\" class=\"attachment-large size-large wp-image-24375\" alt=\"\" title=\"\">\t\t\t\t\t\t\t\t<\/a>\n\t\t\t\t\t\t\t\t\t\t\t\t\t\t\t<\/div>\n\t\t\t\t<div class=\"elementor-element elementor-element-d15637c elementor-widget elementor-widget-text-editor\" data-id=\"d15637c\" data-element_type=\"widget\" data-e-type=\"widget\" data-widget_type=\"text-editor.default\">\n\t\t\t\t\t\t\t\t\t<p>K spr\u00e1ve o <b>hist\u00f3rii zak\u00fapen\u00e9ho vozidla<\/b> dostanete bezplatne servisn\u00fd protokol. Dozviete sa, ak\u00e9 pr\u00e1ce by mali by\u0165 na vozidle doteraz vykonan\u00e9. Dozviete sa aj o obslu\u017en\u00fdch \u010dinnostiach, ktor\u00e9 bud\u00fa potrebn\u00e9 v bl\u00edzkej bud\u00facnosti. N\u00e1jdete tam aj odhad pravdepodobn\u00fdch n\u00e1kladov na ich vykonanie.   <\/p><p> <\/p>\t\t\t\t\t\t\t\t<\/div>\n\t\t\t\t<div class=\"elementor-element elementor-element-4ed0750 elementor-align-center elementor-mobile-align-center elementor-widget elementor-widget-button\" data-id=\"4ed0750\" data-element_type=\"widget\" data-e-type=\"widget\" data-widget_type=\"button.default\">\n\t\t\t\t\t\t\t\t\t\t<a class=\"elementor-button elementor-button-link elementor-size-sm\" href=\"https:\/\/www.automoli.com\/sk\/page\/service-activities\">\n\t\t\t\t\t\t<span class=\"elementor-button-content-wrapper\">\n\t\t\t\t\t\t\t\t\t<span class=\"elementor-button-text\">Otvorte uk\u00e1\u017ekov\u00fd preh\u013ead<\/span>\n\t\t\t\t\t<\/span>\n\t\t\t\t\t<\/a>\n\t\t\t\t\t\t\t\t<\/div>\n\t\t\t\t<\/div>\n\t\t\t\t\t<\/div>\n\t\t\t\t<\/div>\n\t\t\t\t<\/div>\n\t\t","protected":false},"excerpt":{"rendered":"<p>Vzorov\u00e9 preh\u013eady Preh\u013ead hist\u00f3rie vozidla Otvorte uk\u00e1\u017ekov\u00fd preh\u013ead Spr\u00e1va hist\u00f3rie vozidla je komplexn\u00fdm n\u00e1strojom, ktor\u00fd poskytuje k\u013e\u00fa\u010dov\u00e9 inform\u00e1cie o minulosti vozidla a umo\u017e\u0148uje overenie jeho technick\u00e9ho stavu a hist\u00f3rie pou\u017e\u00edvania. Je to neocenite\u013en\u00fd zdroj poznatkov, ktor\u00fd umo\u017e\u0148uje z\u00edska\u0165 pr\u00edstup k mnoh\u00fdm podrobn\u00fdm \u00fadajom, ktor\u00e9 nie s\u00fa verejne dostupn\u00e9 na Internete. \u010co m\u00f4\u017ee tak\u00e1 spr\u00e1va obsahova\u0165? [&hellip;]<\/p>\n","protected":false},"author":1,"featured_media":0,"parent":0,"menu_order":0,"comment_status":"closed","ping_status":"closed","template":"","meta":{"inline_featured_image":false,"footnotes":""},"class_list":["post-27371","page","type-page","status-publish","hentry"],"_links":{"self":[{"href":"https:\/\/www.automoli.com\/sk\/wp-json\/wp\/v2\/pages\/27371","targetHints":{"allow":["GET"]}}],"collection":[{"href":"https:\/\/www.automoli.com\/sk\/wp-json\/wp\/v2\/pages"}],"about":[{"href":"https:\/\/www.automoli.com\/sk\/wp-json\/wp\/v2\/types\/page"}],"author":[{"embeddable":true,"href":"https:\/\/www.automoli.com\/sk\/wp-json\/wp\/v2\/users\/1"}],"replies":[{"embeddable":true,"href":"https:\/\/www.automoli.com\/sk\/wp-json\/wp\/v2\/comments?post=27371"}],"version-history":[{"count":2,"href":"https:\/\/www.automoli.com\/sk\/wp-json\/wp\/v2\/pages\/27371\/revisions"}],"predecessor-version":[{"id":62622,"href":"https:\/\/www.automoli.com\/sk\/wp-json\/wp\/v2\/pages\/27371\/revisions\/62622"}],"wp:attachment":[{"href":"https:\/\/www.automoli.com\/sk\/wp-json\/wp\/v2\/media?parent=27371"}],"curies":[{"name":"wp","href":"https:\/\/api.w.org\/{rel}","templated":true}]}}