{"id":50679,"date":"2024-08-07T13:48:15","date_gmt":"2024-08-07T11:48:15","guid":{"rendered":"https:\/\/www.automoli.com\/cum-sa-comandati-un-raport"},"modified":"2024-11-21T11:02:26","modified_gmt":"2024-11-21T10:02:26","slug":"cum-sa-comandati-un-raport","status":"publish","type":"page","link":"https:\/\/www.automoli.com\/ro\/cum-sa-comandati-un-raport","title":{"rendered":"Cum s\u0103 comanda\u021bi un raport"},"content":{"rendered":"\t\t<div data-elementor-type=\"wp-page\" data-elementor-id=\"50679\" class=\"elementor elementor-50679 elementor-50355\" data-elementor-post-type=\"page\">\n\t\t\t\t\t\t<section class=\"elementor-section elementor-top-section elementor-element elementor-element-2b4ecd5 elementor-section-boxed elementor-section-height-default elementor-section-height-default\" data-id=\"2b4ecd5\" data-element_type=\"section\" data-e-type=\"section\" data-settings=\"{&quot;background_background&quot;:&quot;classic&quot;,&quot;shape_divider_bottom&quot;:&quot;triangle&quot;,&quot;shape_divider_bottom_negative&quot;:&quot;yes&quot;}\">\n\t\t\t\t\t<div class=\"elementor-shape elementor-shape-bottom\" aria-hidden=\"true\" data-negative=\"true\">\n\t\t\t<svg xmlns=\"http:\/\/www.w3.org\/2000\/svg\" viewBox=\"0 0 1000 100\" preserveAspectRatio=\"none\">\n\t<path class=\"elementor-shape-fill\" d=\"M500.2,94.7L0,0v100h1000V0L500.2,94.7z\"\/>\n<\/svg>\t\t<\/div>\n\t\t\t\t\t<div class=\"elementor-container elementor-column-gap-default\">\n\t\t\t\t\t<div class=\"elementor-column elementor-col-100 elementor-top-column elementor-element elementor-element-c4f3fe0\" data-id=\"c4f3fe0\" data-element_type=\"column\" data-e-type=\"column\">\n\t\t\t<div class=\"elementor-widget-wrap elementor-element-populated\">\n\t\t\t\t\t\t<div class=\"elementor-element elementor-element-f1a6006 elementor-widget elementor-widget-heading\" data-id=\"f1a6006\" data-element_type=\"widget\" data-e-type=\"widget\" data-widget_type=\"heading.default\">\n\t\t\t\t\t<h1 class=\"elementor-heading-title elementor-size-default\">Cum s\u0103 solicita\u021bi un raport istoric al vehiculului<\/h1>\t\t\t\t<\/div>\n\t\t\t\t<div class=\"elementor-element elementor-element-dbcb37d elementor-widget elementor-widget-text-editor\" data-id=\"dbcb37d\" data-element_type=\"widget\" data-e-type=\"widget\" data-widget_type=\"text-editor.default\">\n\t\t\t\t\t\t\t\t\t<p>Indiferent cum a\u021bi ajuns pe site-ul Automola, fie prin intermediul blogului sau al paginii de pornire, fie c\u0103 a\u021bi c\u0103utat informa\u021bii despre VIN sau istoricul vehiculului. Nu conteaz\u0103, exist\u0103 casete pentru a verifica VIN-ul sau num\u0103rul de \u00eenmatriculare la fiecare loca\u021bie pentru confortul dumneavoastr\u0103.  <\/p>\n\t\t\t\t\t\t\t\t<\/div>\n\t\t\t\t\t<\/div>\n\t\t<\/div>\n\t\t\t\t\t<\/div>\n\t\t<\/section>\n\t\t\t\t<section class=\"elementor-section elementor-top-section elementor-element elementor-element-0d0d160 elementor-section-boxed elementor-section-height-default elementor-section-height-default\" data-id=\"0d0d160\" data-element_type=\"section\" data-e-type=\"section\">\n\t\t\t\t\t\t<div class=\"elementor-container elementor-column-gap-default\">\n\t\t\t\t\t<div class=\"elementor-column elementor-col-100 elementor-top-column elementor-element elementor-element-7cdcf9c\" data-id=\"7cdcf9c\" data-element_type=\"column\" data-e-type=\"column\">\n\t\t\t<div class=\"elementor-widget-wrap elementor-element-populated\">\n\t\t\t\t\t\t<div class=\"elementor-element elementor-element-128440c elementor-widget elementor-widget-heading\" data-id=\"128440c\" data-element_type=\"widget\" data-e-type=\"widget\" data-widget_type=\"heading.default\">\n\t\t\t\t\t<h2 class=\"elementor-heading-title elementor-size-default\">Pasul 1. Introduce\u021bi num\u0103rul VIN sau num\u0103rul pl\u0103cu\u021bei de \u00eenmatriculare <\/h2>\t\t\t\t<\/div>\n\t\t\t\t<div class=\"elementor-element elementor-element-7f76fc2 elementor-widget elementor-widget-text-editor\" data-id=\"7f76fc2\" data-element_type=\"widget\" data-e-type=\"widget\" data-widget_type=\"text-editor.default\">\n\t\t\t\t\t\t\t\t\t<p><span style=\"font-weight: 400;\">Introduce\u021bi num\u0103rul corespunz\u0103tor de caractere \u00een caseta prev\u0103zut\u0103 \u0219i face\u021bi clic pe &#8222;Verificare&#8221;.<\/span><\/p>\n\t\t\t\t\t\t\t\t<\/div>\n\t\t\t\t<div class=\"elementor-element elementor-element-1b9af0e elementor-widget elementor-widget-image\" data-id=\"1b9af0e\" data-element_type=\"widget\" data-e-type=\"widget\" data-widget_type=\"image.default\">\n\t\t\t\t\t\t\t\t\t\t\t\t\t\t\t<img fetchpriority=\"high\" decoding=\"async\" width=\"800\" height=\"380\" src=\"https:\/\/www.automoli.com\/wp-content\/uploads\/2021\/07\/aml-enter_vin.png\" class=\"attachment-full size-full wp-image-4757\" alt=\"\" srcset=\"https:\/\/www.automoli.com\/wp-content\/uploads\/2021\/07\/aml-enter_vin.png 800w, https:\/\/www.automoli.com\/wp-content\/uploads\/2021\/07\/aml-enter_vin-300x143.png 300w, https:\/\/www.automoli.com\/wp-content\/uploads\/2021\/07\/aml-enter_vin-768x365.png 768w\" sizes=\"(max-width: 800px) 100vw, 800px\" title=\"\">\t\t\t\t\t\t\t\t\t\t\t\t\t\t\t<\/div>\n\t\t\t\t\t<\/div>\n\t\t<\/div>\n\t\t\t\t\t<\/div>\n\t\t<\/section>\n\t\t\t\t<section class=\"elementor-section elementor-top-section elementor-element elementor-element-6903c2a elementor-section-boxed elementor-section-height-default elementor-section-height-default\" data-id=\"6903c2a\" data-element_type=\"section\" data-e-type=\"section\">\n\t\t\t\t\t\t<div class=\"elementor-container elementor-column-gap-default\">\n\t\t\t\t\t<div class=\"elementor-column elementor-col-100 elementor-top-column elementor-element elementor-element-8d4c0f1\" data-id=\"8d4c0f1\" data-element_type=\"column\" data-e-type=\"column\">\n\t\t\t<div class=\"elementor-widget-wrap elementor-element-populated\">\n\t\t\t\t\t\t<div class=\"elementor-element elementor-element-761cd92 elementor-widget elementor-widget-heading\" data-id=\"761cd92\" data-element_type=\"widget\" data-e-type=\"widget\" data-widget_type=\"heading.default\">\n\t\t\t\t\t<h2 class=\"elementor-heading-title elementor-size-default\">Etapa 2. Cunoa\u0219te\u021bi pre\u021bul \u0219i domeniul de aplicare al datelor care urmeaz\u0103 s\u0103 fie verificate  <\/h2>\t\t\t\t<\/div>\n\t\t\t\t<div class=\"elementor-element elementor-element-ee233e2 elementor-widget elementor-widget-text-editor\" data-id=\"ee233e2\" data-element_type=\"widget\" data-e-type=\"widget\" data-widget_type=\"text-editor.default\">\n\t\t\t\t\t\t\t\t\t\u00cen acest pas vei afla c\u0103 am g\u0103sit anumite informa\u021bii despre vehicul pe baza num\u0103rului VIN sau a pl\u0103cu\u021bei de \u00eenmatriculare furnizate. \u00cen aceast\u0103 etap\u0103 po\u021bi citi, de asemenea, c\u0103 rapoartele noastre despre istoricul vehiculului verific\u0103 informa\u021bii despre: \n<ul>\n \t<li>istoricul vehiculului \u0219i evenimente,<\/li>\n \t<li>citirea kilometrajului,<\/li>\n \t<li>registre de vehicule solicitate,<\/li>\n \t<li>date tehnice,<\/li>\n \t<li>fotografii de arhiv\u0103,<\/li>\n \t<li>precum \u0219i dezavantajele unui anumit model.<\/li>\n<\/ul>\n\u00cen acest moment, decizi dac\u0103 dore\u0219ti s\u0103 achizi\u021bionezi acest raport specific sau s\u0103 cumperi un pachet de 2 sau 3 rapoarte suplimentare, care pot fi utilizate \u00een orice moment, timp de 90 de zile de la data achizi\u021biei. Cu c\u00e2t cumperi mai multe, cu at\u00e2t este mai ieftin! Din experien\u021ba noastr\u0103, achizi\u021bionarea vehiculului visat necesit\u0103 verificarea istoricului a cel pu\u021bin 2 automobile.  <\/span>\n\nAten\u021bie: Accesul la raportul generat pe baza num\u0103rului VIN sau a pl\u0103cu\u021bei de \u00eenmatriculare este de 30 de zile \u00een fiecare caz. Un exemplu al raportului nostru oferit \u00eel po\u021bi g\u0103si \u00een sec\u021biunea &#8222;<a href=\"https:\/\/www.automoli.com\/ro\/exemple-de-rapoarte\">Raport exemplar<\/a>&#8222;.\n\n\t\t\t\t\t\t\t\t<\/div>\n\t\t\t\t\t<\/div>\n\t\t<\/div>\n\t\t\t\t\t<\/div>\n\t\t<\/section>\n\t\t\t\t<section class=\"elementor-section elementor-top-section elementor-element elementor-element-8442b75 elementor-section-boxed elementor-section-height-default elementor-section-height-default\" data-id=\"8442b75\" data-element_type=\"section\" data-e-type=\"section\">\n\t\t\t\t\t\t<div class=\"elementor-container elementor-column-gap-default\">\n\t\t\t\t\t<div class=\"elementor-column elementor-col-100 elementor-top-column elementor-element elementor-element-e0ccb7e\" data-id=\"e0ccb7e\" data-element_type=\"column\" data-e-type=\"column\">\n\t\t\t<div class=\"elementor-widget-wrap elementor-element-populated\">\n\t\t\t\t\t\t<div class=\"elementor-element elementor-element-d20d176 elementor-widget elementor-widget-heading\" data-id=\"d20d176\" data-element_type=\"widget\" data-e-type=\"widget\" data-widget_type=\"heading.default\">\n\t\t\t\t\t<h2 class=\"elementor-heading-title elementor-size-default\">Pasul 3. Cump\u0103r\u0103 un raport sau c\u00e2teva \n<\/h2>\t\t\t\t<\/div>\n\t\t\t\t<div class=\"elementor-element elementor-element-abd8f13 elementor-widget__width-initial elementor-widget elementor-widget-text-editor\" data-id=\"abd8f13\" data-element_type=\"widget\" data-e-type=\"widget\" data-widget_type=\"text-editor.default\">\n\t\t\t\t\t\t\t\t\t<p>Dac\u0103 ave\u021bi un cod de reducere sau un cod PREPAID, introduce\u021bi-l \u00eenainte de a alege metoda de plat\u0103. Introduce\u021bi adresa de e-mail, care constituie \u0219i numele de utilizator al contului dumneavoastr\u0103. Am preg\u0103tit mai multe metode de plat\u0103 convenabile pentru dumneavoastr\u0103. Dup\u0103 ce a\u021bi f\u0103cut alegerea, urma\u021bi instruc\u021biunile de pe ecran.   <\/p>\n<p>Timpul de a\u0219teptare pentru procesarea pl\u0103\u021bii este de obicei de 2-3 minute, dar \u00een cazul unor situa\u021bii excep\u021bionale, timpul de a\u0219teptare pentru plat\u0103 poate fi prelungit \u00een mod excep\u021bional.<\/p>\n<p>Dup\u0103 efectuarea pl\u0103\u021bii ve\u021bi primi un e-mail de confirmare a pl\u0103\u021bii \u0219i, dac\u0103 este prima achizi\u021bie, un alt e-mail cu parola contului dumneavoastr\u0103. Dac\u0103 aceasta este prima dvs. achizi\u021bie \u0219i nu g\u0103si\u021bi e-mailul cu parola, trebuie s\u0103 verifica\u021bi \u0219i folderul SPAM. <\/p>\n\t\t\t\t\t\t\t\t<\/div>\n\t\t\t\t<div class=\"elementor-element elementor-element-32cdf55 elementor-widget elementor-widget-image\" data-id=\"32cdf55\" data-element_type=\"widget\" data-e-type=\"widget\" data-widget_type=\"image.default\">\n\t\t\t\t\t\t\t\t\t\t\t\t\t\t\t<img decoding=\"async\" width=\"1\" height=\"1\" src=\"https:\/\/www.automoli.com\/wp-content\/uploads\/2024\/07\/aml-precheck-pac.svg\" class=\"attachment-full size-full wp-image-50378\" alt=\"\" title=\"\">\t\t\t\t\t\t\t\t\t\t\t\t\t\t\t<\/div>\n\t\t\t\t<div class=\"elementor-element elementor-element-61c84e3 elementor-widget elementor-widget-image\" data-id=\"61c84e3\" data-element_type=\"widget\" data-e-type=\"widget\" data-widget_type=\"image.default\">\n\t\t\t\t\t\t\t\t\t\t\t\t\t\t\t<img decoding=\"async\" width=\"820\" height=\"345\" src=\"https:\/\/www.automoli.com\/wp-content\/uploads\/2021\/07\/aml-payment.png\" class=\"attachment-full size-full wp-image-4799\" alt=\"\" srcset=\"https:\/\/www.automoli.com\/wp-content\/uploads\/2021\/07\/aml-payment.png 820w, https:\/\/www.automoli.com\/wp-content\/uploads\/2021\/07\/aml-payment-300x126.png 300w, https:\/\/www.automoli.com\/wp-content\/uploads\/2021\/07\/aml-payment-768x323.png 768w\" sizes=\"(max-width: 820px) 100vw, 820px\" title=\"\">\t\t\t\t\t\t\t\t\t\t\t\t\t\t\t<\/div>\n\t\t\t\t\t<\/div>\n\t\t<\/div>\n\t\t\t\t\t<\/div>\n\t\t<\/section>\n\t\t\t\t<section class=\"elementor-section elementor-top-section elementor-element elementor-element-9e3e2f0 elementor-section-boxed elementor-section-height-default elementor-section-height-default\" data-id=\"9e3e2f0\" data-element_type=\"section\" data-e-type=\"section\">\n\t\t\t\t\t\t<div class=\"elementor-container elementor-column-gap-default\">\n\t\t\t\t\t<div class=\"elementor-column elementor-col-100 elementor-top-column elementor-element elementor-element-ca67ea3\" data-id=\"ca67ea3\" data-element_type=\"column\" data-e-type=\"column\">\n\t\t\t<div class=\"elementor-widget-wrap elementor-element-populated\">\n\t\t\t\t\t\t<div class=\"elementor-element elementor-element-8c5d67b elementor-widget elementor-widget-heading\" data-id=\"8c5d67b\" data-element_type=\"widget\" data-e-type=\"widget\" data-widget_type=\"heading.default\">\n\t\t\t\t\t<h2 class=\"elementor-heading-title elementor-size-default\">Pasul 4. Conecteaz\u0103-te \u0219i vezi raportul <\/h2>\t\t\t\t<\/div>\n\t\t\t\t<div class=\"elementor-element elementor-element-2bdbd2d elementor-widget elementor-widget-text-editor\" data-id=\"2bdbd2d\" data-element_type=\"widget\" data-e-type=\"widget\" data-widget_type=\"text-editor.default\">\n\t\t\t\t\t\t\t\t\t<p>Dup\u0103 introducerea adresei de e-mail \u0219i a parolei, conecta\u021bi-v\u0103 la contul dvs.<\/p>\n<p>Raportul va \u00eencepe s\u0103 se genereze imediat dup\u0103 confirmarea de c\u0103tre sistemul de plat\u0103 pe care l-ai ales \u00een pasul anterior. Compilarea datelor \u0219i preg\u0103tirea raportului nu ar trebui s\u0103 dureze mai mult de c\u00e2teva minute. Raportele vor fi p\u0103strate pe contul t\u0103u timp de 30 de zile. Celelalte raporturi pe care le-ai achizi\u021bionat \u00een pachet vor fi utilizabile din contul t\u0103u \u00een orice moment, dar nu mai t\u00e2rziu de 90 de zile de la data achizi\u021biei.   <\/p>\n\t\t\t\t\t\t\t\t<\/div>\n\t\t\t\t\t<\/div>\n\t\t<\/div>\n\t\t\t\t\t<\/div>\n\t\t<\/section>\n\t\t\t\t<\/div>\n\t\t","protected":false},"excerpt":{"rendered":"<p>Cum s\u0103 solicita\u021bi un raport istoric al vehiculului Indiferent cum a\u021bi ajuns pe site-ul Automola, fie prin intermediul blogului sau al paginii de pornire, fie c\u0103 a\u021bi c\u0103utat informa\u021bii despre VIN sau istoricul vehiculului. Nu conteaz\u0103, exist\u0103 casete pentru a verifica VIN-ul sau num\u0103rul de \u00eenmatriculare la fiecare loca\u021bie pentru confortul dumneavoastr\u0103. Pasul 1. Introduce\u021bi [&hellip;]<\/p>\n","protected":false},"author":3,"featured_media":0,"parent":0,"menu_order":0,"comment_status":"closed","ping_status":"closed","template":"","meta":{"inline_featured_image":false,"footnotes":""},"class_list":["post-50679","page","type-page","status-publish","hentry"],"_links":{"self":[{"href":"https:\/\/www.automoli.com\/ro\/wp-json\/wp\/v2\/pages\/50679","targetHints":{"allow":["GET"]}}],"collection":[{"href":"https:\/\/www.automoli.com\/ro\/wp-json\/wp\/v2\/pages"}],"about":[{"href":"https:\/\/www.automoli.com\/ro\/wp-json\/wp\/v2\/types\/page"}],"author":[{"embeddable":true,"href":"https:\/\/www.automoli.com\/ro\/wp-json\/wp\/v2\/users\/3"}],"replies":[{"embeddable":true,"href":"https:\/\/www.automoli.com\/ro\/wp-json\/wp\/v2\/comments?post=50679"}],"version-history":[{"count":2,"href":"https:\/\/www.automoli.com\/ro\/wp-json\/wp\/v2\/pages\/50679\/revisions"}],"predecessor-version":[{"id":53498,"href":"https:\/\/www.automoli.com\/ro\/wp-json\/wp\/v2\/pages\/50679\/revisions\/53498"}],"wp:attachment":[{"href":"https:\/\/www.automoli.com\/ro\/wp-json\/wp\/v2\/media?parent=50679"}],"curies":[{"name":"wp","href":"https:\/\/api.w.org\/{rel}","templated":true}]}}