{"id":464,"date":"2021-01-26T15:09:44","date_gmt":"2021-01-26T14:09:44","guid":{"rendered":"https:\/\/www.automoli.com\/contact\/"},"modified":"2023-01-31T13:16:14","modified_gmt":"2023-01-31T12:16:14","slug":"contact","status":"publish","type":"page","link":"https:\/\/www.automoli.com\/ro\/contact","title":{"rendered":"Contact"},"content":{"rendered":"\t\t<div data-elementor-type=\"wp-page\" data-elementor-id=\"464\" class=\"elementor elementor-464 elementor-41\" data-elementor-post-type=\"page\">\n\t\t\t\t\t\t<section class=\"elementor-section elementor-top-section elementor-element elementor-element-43565b1 elementor-section-boxed elementor-section-height-default elementor-section-height-default\" data-id=\"43565b1\" data-element_type=\"section\" data-e-type=\"section\" data-settings=\"{&quot;background_background&quot;:&quot;classic&quot;,&quot;shape_divider_bottom&quot;:&quot;triangle&quot;,&quot;shape_divider_bottom_negative&quot;:&quot;yes&quot;}\">\n\t\t\t\t\t<div class=\"elementor-shape elementor-shape-bottom\" aria-hidden=\"true\" data-negative=\"true\">\n\t\t\t<svg xmlns=\"http:\/\/www.w3.org\/2000\/svg\" viewBox=\"0 0 1000 100\" preserveAspectRatio=\"none\">\n\t<path class=\"elementor-shape-fill\" d=\"M500.2,94.7L0,0v100h1000V0L500.2,94.7z\"\/>\n<\/svg>\t\t<\/div>\n\t\t\t\t\t<div class=\"elementor-container elementor-column-gap-default\">\n\t\t\t\t\t<div class=\"elementor-column elementor-col-100 elementor-top-column elementor-element elementor-element-7b0b3f0\" data-id=\"7b0b3f0\" data-element_type=\"column\" data-e-type=\"column\">\n\t\t\t<div class=\"elementor-widget-wrap elementor-element-populated\">\n\t\t\t\t\t\t<div class=\"elementor-element elementor-element-38c3000 elementor-widget elementor-widget-heading\" data-id=\"38c3000\" data-element_type=\"widget\" data-e-type=\"widget\" data-widget_type=\"heading.default\">\n\t\t\t\t\t<h1 class=\"elementor-heading-title elementor-size-default\">Contact<\/h1>\t\t\t\t<\/div>\n\t\t\t\t<div class=\"elementor-element elementor-element-4ea0301 elementor-widget elementor-widget-text-editor\" data-id=\"4ea0301\" data-element_type=\"widget\" data-e-type=\"widget\" data-widget_type=\"text-editor.default\">\n\t\t\t\t\t\t\t\t\t<p>Acest site a fost preg\u0103tit pentru a v\u0103 permite s\u0103 contacta\u021bi compania noastr\u0103.<\/p>\n\t\t\t\t\t\t\t\t<\/div>\n\t\t\t\t<div class=\"elementor-element elementor-element-bbaf559 elementor-widget elementor-widget-text-editor\" data-id=\"bbaf559\" data-element_type=\"widget\" data-e-type=\"widget\" data-widget_type=\"text-editor.default\">\n\t\t\t\t\t\t\t\t\t<p>NOT\u0102: dac\u0103 nu a\u021bi primit un e-mail cu raportul dup\u0103 cump\u0103rare, verifica\u021bi spamul sau introduce\u021bi adresa dvs. de e-mail pe pagina principal\u0103 a site-ului \u00een col\u021bul din dreapta sus.<\/p>\n\t\t\t\t\t\t\t\t<\/div>\n\t\t\t\t\t<\/div>\n\t\t<\/div>\n\t\t\t\t\t<\/div>\n\t\t<\/section>\n\t\t\t\t<section class=\"elementor-section elementor-top-section elementor-element elementor-element-400e4e03 elementor-section-boxed elementor-section-height-default elementor-section-height-default\" data-id=\"400e4e03\" data-element_type=\"section\" data-e-type=\"section\">\n\t\t\t\t\t\t<div class=\"elementor-container elementor-column-gap-default\">\n\t\t\t\t\t<div class=\"elementor-column elementor-col-100 elementor-top-column elementor-element elementor-element-31d88290\" data-id=\"31d88290\" data-element_type=\"column\" data-e-type=\"column\">\n\t\t\t<div class=\"elementor-widget-wrap elementor-element-populated\">\n\t\t\t\t\t\t<section class=\"elementor-section elementor-inner-section elementor-element elementor-element-95492c4 elementor-section-boxed elementor-section-height-default elementor-section-height-default\" data-id=\"95492c4\" data-element_type=\"section\" data-e-type=\"section\" data-settings=\"{&quot;background_background&quot;:&quot;classic&quot;}\">\n\t\t\t\t\t\t\t<div class=\"elementor-background-overlay\"><\/div>\n\t\t\t\t\t\t\t<div class=\"elementor-container elementor-column-gap-default\">\n\t\t\t\t\t<div class=\"elementor-column elementor-col-50 elementor-inner-column elementor-element elementor-element-5655583\" data-id=\"5655583\" data-element_type=\"column\" data-e-type=\"column\">\n\t\t\t<div class=\"elementor-widget-wrap elementor-element-populated\">\n\t\t\t\t\t\t<div class=\"elementor-element elementor-element-a494485 elementor-widget elementor-widget-text-editor\" data-id=\"a494485\" data-element_type=\"widget\" data-e-type=\"widget\" data-widget_type=\"text-editor.default\">\n\t\t\t\t\t\t\t\t\t<p>Dac\u0103 ave\u021bi probleme cu parola pe site -ul nostru web, vizita\u021bi pagina: <\/p>\n\t\t\t\t\t\t\t\t<\/div>\n\t\t\t\t\t<\/div>\n\t\t<\/div>\n\t\t\t\t<div class=\"elementor-column elementor-col-50 elementor-inner-column elementor-element elementor-element-1f698bb\" data-id=\"1f698bb\" data-element_type=\"column\" data-e-type=\"column\">\n\t\t\t<div class=\"elementor-widget-wrap elementor-element-populated\">\n\t\t\t\t\t\t<div class=\"elementor-element elementor-element-04868f7 elementor-align-center elementor-widget elementor-widget-button\" data-id=\"04868f7\" data-element_type=\"widget\" data-e-type=\"widget\" data-widget_type=\"button.default\">\n\t\t\t\t\t\t\t\t\t\t<a class=\"elementor-button elementor-button-link elementor-size-sm\" href=\"\/ro\/account\/reset-password\">\n\t\t\t\t\t\t<span class=\"elementor-button-content-wrapper\">\n\t\t\t\t\t\t\t\t\t<span class=\"elementor-button-text\">Recuperare parola<\/span>\n\t\t\t\t\t<\/span>\n\t\t\t\t\t<\/a>\n\t\t\t\t\t\t\t\t<\/div>\n\t\t\t\t\t<\/div>\n\t\t<\/div>\n\t\t\t\t\t<\/div>\n\t\t<\/section>\n\t\t\t\t\t<\/div>\n\t\t<\/div>\n\t\t\t\t\t<\/div>\n\t\t<\/section>\n\t\t\t\t<section class=\"elementor-section elementor-top-section elementor-element elementor-element-dc0e03e elementor-section-boxed elementor-section-height-default elementor-section-height-default\" data-id=\"dc0e03e\" data-element_type=\"section\" data-e-type=\"section\" data-settings=\"{&quot;background_background&quot;:&quot;classic&quot;,&quot;shape_divider_top&quot;:&quot;triangle&quot;,&quot;shape_divider_bottom&quot;:&quot;triangle&quot;,&quot;shape_divider_bottom_negative&quot;:&quot;yes&quot;}\">\n\t\t\t\t\t<div class=\"elementor-shape elementor-shape-top\" aria-hidden=\"true\" data-negative=\"false\">\n\t\t\t<svg xmlns=\"http:\/\/www.w3.org\/2000\/svg\" viewBox=\"0 0 1000 100\" preserveAspectRatio=\"none\">\n\t<path class=\"elementor-shape-fill\" d=\"M500,98.9L0,6.1V0h1000v6.1L500,98.9z\"\/>\n<\/svg>\t\t<\/div>\n\t\t\t\t<div class=\"elementor-shape elementor-shape-bottom\" aria-hidden=\"true\" data-negative=\"true\">\n\t\t\t<svg xmlns=\"http:\/\/www.w3.org\/2000\/svg\" viewBox=\"0 0 1000 100\" preserveAspectRatio=\"none\">\n\t<path class=\"elementor-shape-fill\" d=\"M500.2,94.7L0,0v100h1000V0L500.2,94.7z\"\/>\n<\/svg>\t\t<\/div>\n\t\t\t\t\t<div class=\"elementor-container elementor-column-gap-default\">\n\t\t\t\t\t<div class=\"elementor-column elementor-col-100 elementor-top-column elementor-element elementor-element-acf2ce9\" data-id=\"acf2ce9\" data-element_type=\"column\" data-e-type=\"column\">\n\t\t\t<div class=\"elementor-widget-wrap elementor-element-populated\">\n\t\t\t\t\t\t<div class=\"elementor-element elementor-element-6f1d15b elementor-widget elementor-widget-heading\" data-id=\"6f1d15b\" data-element_type=\"widget\" data-e-type=\"widget\" data-widget_type=\"heading.default\">\n\t\t\t\t\t<h2 class=\"elementor-heading-title elementor-size-default\">Contacta\u021bi biroul de servicii pentru Clien\u021bi<\/h2>\t\t\t\t<\/div>\n\t\t\t\t<div class=\"elementor-element elementor-element-4c4dc85 elementor-button-align-start elementor-widget elementor-widget-form\" data-id=\"4c4dc85\" data-element_type=\"widget\" data-e-type=\"widget\" id=\"contact-form\" data-settings=\"{&quot;step_next_label&quot;:&quot;Urm\\u0103torul&quot;,&quot;step_previous_label&quot;:&quot;Anterior&quot;,&quot;button_width&quot;:&quot;100&quot;,&quot;step_type&quot;:&quot;number_text&quot;,&quot;step_icon_shape&quot;:&quot;circle&quot;}\" data-widget_type=\"form.default\">\n\t\t\t\t\t\t\t<form class=\"elementor-form\" method=\"post\" id=\"pg-form-contact\" name=\"contact-form\" aria-label=\"contact-form\">\n\t\t\t<input type=\"hidden\" name=\"post_id\" value=\"464\"\/>\n\t\t\t<input type=\"hidden\" name=\"form_id\" value=\"4c4dc85\"\/>\n\t\t\t<input type=\"hidden\" name=\"referer_title\" value=\"\" \/>\n\n\t\t\t\n\t\t\t<div class=\"elementor-form-fields-wrapper elementor-labels-above\">\n\t\t\t\t\t\t\t\t<div class=\"elementor-field-type-email elementor-field-group elementor-column elementor-field-group-email elementor-col-100 elementor-field-required elementor-mark-required\">\n\t\t\t\t\t\t\t\t\t\t\t\t<label for=\"form-field-email\" class=\"elementor-field-label\">\n\t\t\t\t\t\t\t\tScrie\u021bi adrea de e-mail\t\t\t\t\t\t\t<\/label>\n\t\t\t\t\t\t\t\t\t\t\t\t\t\t<input size=\"1\" type=\"email\" name=\"form_fields[email]\" id=\"form-field-email\" class=\"elementor-field elementor-size-sm  elementor-field-textual\" required=\"required\">\n\t\t\t\t\t\t\t\t\t\t\t<\/div>\n\t\t\t\t\t\t\t\t<div class=\"elementor-field-type-select elementor-field-group elementor-column elementor-field-group-topic elementor-col-50 elementor-field-required elementor-mark-required\">\n\t\t\t\t\t\t\t\t\t\t\t\t<label for=\"form-field-topic\" class=\"elementor-field-label\">\n\t\t\t\t\t\t\t\tAlege\u021bi subiectul\t\t\t\t\t\t\t<\/label>\n\t\t\t\t\t\t\t\t<div class=\"elementor-field elementor-select-wrapper remove-before \">\n\t\t\t<div class=\"select-caret-down-wrapper\">\n\t\t\t\t<svg aria-hidden=\"true\" class=\"e-font-icon-svg e-eicon-caret-down\" viewBox=\"0 0 571.4 571.4\" xmlns=\"http:\/\/www.w3.org\/2000\/svg\"><path d=\"M571 393Q571 407 561 418L311 668Q300 679 286 679T261 668L11 418Q0 407 0 393T11 368 36 357H536Q550 357 561 368T571 393Z\"><\/path><\/svg>\t\t\t<\/div>\n\t\t\t<select name=\"form_fields[topic]\" id=\"form-field-topic\" class=\"elementor-field-textual elementor-size-sm\" required=\"required\">\n\t\t\t\t\t\t\t\t\t<option value=\"4\">Altele<\/option>\n\t\t\t\t\t\t\t\t\t<option value=\"0\">Problem\u0103 cu parola<\/option>\n\t\t\t\t\t\t\t\t\t<option value=\"11\">Reclama\u021bie<\/option>\n\t\t\t\t\t\t\t<\/select>\n\t\t<\/div>\n\t\t\t\t\t\t<\/div>\n\t\t\t\t\t\t\t\t<div class=\"elementor-field-type-textarea elementor-field-group elementor-column elementor-field-group-message elementor-col-100 elementor-field-required elementor-mark-required\">\n\t\t\t\t\t\t\t\t\t\t\t\t<label for=\"form-field-message\" class=\"elementor-field-label\">\n\t\t\t\t\t\t\t\tIntroduce\u021bi cuprinsul mesajului\t\t\t\t\t\t\t<\/label>\n\t\t\t\t\t\t<textarea class=\"elementor-field-textual elementor-field  elementor-size-sm\" name=\"form_fields[message]\" id=\"form-field-message\" rows=\"4\" required=\"required\"><\/textarea>\t\t\t\t<\/div>\n\t\t\t\t\t\t\t\t<div class=\"elementor-field-type-recaptcha elementor-field-group elementor-column elementor-field-group-recaptcha elementor-col-100\">\n\t\t\t\t\t<div class=\"elementor-field\" id=\"form-field-recaptcha\"><div class=\"elementor-g-recaptcha\" data-sitekey=\"6Lc8TvMZAAAAAJJWO8h_TtYMs-FJ9yuzy0oqUdOd\" data-type=\"v2_checkbox\" data-theme=\"light\" data-size=\"normal\"><\/div><\/div>\t\t\t\t<\/div>\n\t\t\t\t\t\t\t\t<div class=\"elementor-field-group elementor-column elementor-field-type-submit elementor-col-100 e-form__buttons\">\n\t\t\t\t\t<button class=\"elementor-button elementor-size-sm\" type=\"submit\" id=\"pg-form-contact-submit\">\n\t\t\t\t\t\t<span class=\"elementor-button-content-wrapper\">\n\t\t\t\t\t\t\t\t\t\t\t\t\t\t\t\t\t\t\t\t\t\t<span class=\"elementor-button-text\">Trimite mesajul<\/span>\n\t\t\t\t\t\t\t\t\t\t\t\t\t<\/span>\n\t\t\t\t\t<\/button>\n\t\t\t\t<\/div>\n\t\t\t<\/div>\n\t\t<\/form>\n\t\t\t\t\t\t<\/div>\n\t\t\t\t<div class=\"elementor-element elementor-element-6b166be elementor-widget elementor-widget-template\" data-id=\"6b166be\" data-element_type=\"widget\" data-e-type=\"widget\" data-widget_type=\"template.default\">\n\t\t\t\t<div class=\"elementor-widget-container\">\n\t\t\t\t\t\t\t<div class=\"elementor-template\">\n\t\t\t\t\t<div data-elementor-type=\"section\" data-elementor-id=\"2938\" class=\"elementor elementor-2938 elementor-2912 elementor-2912\" data-elementor-post-type=\"elementor_library\">\n\t\t\t\t\t<section class=\"elementor-section elementor-top-section elementor-element elementor-element-6933ad2 elementor-section-boxed elementor-section-height-default elementor-section-height-default\" data-id=\"6933ad2\" data-element_type=\"section\" data-e-type=\"section\">\n\t\t\t\t\t\t<div class=\"elementor-container elementor-column-gap-default\">\n\t\t\t\t\t<div class=\"elementor-column elementor-col-100 elementor-top-column elementor-element elementor-element-2f96f04\" data-id=\"2f96f04\" data-element_type=\"column\" data-e-type=\"column\">\n\t\t\t<div class=\"elementor-widget-wrap elementor-element-populated\">\n\t\t\t\t\t\t<div class=\"elementor-element elementor-element-57eb582 elementor-widget elementor-widget-text-editor\" data-id=\"57eb582\" data-element_type=\"widget\" data-e-type=\"widget\" data-widget_type=\"text-editor.default\">\n\t\t\t\t\t\t\t\t\t<p>Administratorul datelor dumneavoastr\u0103 este Autoiso Sp. z o.o., num\u0103rul KRS: 0000840558, adresa: ul. Gnie\u017anie\u0144ska 12, 40-142 Katowice, Polonia. De asemenea, ne pute\u021bi contacta prin email: support@autoiso.pl.   <br \/>Putem prelucra datele dumneavoastr\u0103 furnizate nou\u0103 \u00een timpul contactului cu noi, care pot constitui date personale, \u00een special: adresa de email, num\u0103rul de telefon, numele \u0219i prenumele, datele de pe re\u021belele sociale \u0219i con\u021binutul mesajelor. Facem acest lucru pe baza intereselor noastre legitime, \u00een scopul comunic\u0103rii cu dumneavoastr\u0103, pentru protec\u021bia \u00eempotriva preten\u021biilor \u0219i pentru realizarea preten\u021biilor, pentru o perioad\u0103 de p\u00e2n\u0103 la 6 ani de la anul \u00een care coresponden\u021ba a fost \u00eencheiat\u0103, sau p\u00e2n\u0103 c\u00e2nd prezenta\u021bi o obiec\u021bie eficient\u0103. Furnizarea acestor date este necesar\u0103 pentru comunicare.  <br \/>Putem divulga datele dumneavoastr\u0103 entit\u0103\u021bilor cu care colabor\u0103m \u0219i care prelucreaz\u0103 aceste date \u00een numele nostru (destinatarii datelor) pentru a ne furniza servicii \u00een domeniul: hosting, IT, statistic\u0103 \u0219i analiz\u0103, marketing, software de management al companiei \u0219i baza de date de contact, comunica\u021bie electronic\u0103, contabilitate \u0219i consultan\u021b\u0103 juridic\u0103. Datele pot fi transferate \u00een afara Spa\u021biului Economic European, doar c\u0103tre \u021b\u0103ri sau entit\u0103\u021bi care asigur\u0103 un nivel de protec\u021bie a datelor personale corespunz\u0103tor reglement\u0103rilor UE, \u00een special aplic\u00e2nd a\u0219a-numitele clauze contractuale standard ale UE.  <br \/>Ave\u021bi dreptul de a accesa datele dumneavoastr\u0103, de a solicita corectarea, \u0219tergerea sau restric\u021bionarea prelucr\u0103rii acestora, de a v\u0103 opune prelucr\u0103rii, de a le transfera, precum \u0219i de a depune pl\u00e2ngere la Pre\u0219edintele Biroului de Protec\u021bie a Datelor Personale sau echivalentul s\u0103u \u00eentr-o alt\u0103 \u021bar\u0103 a UE.<br \/>Pute\u021bi g\u0103si mai multe informa\u021bii despre prelucrarea datelor personale de c\u0103tre noi \u00een <b>Politica noastr\u0103 de Confiden\u021bialitate<\/b>.<\/p>\n\t\t\t\t\t\t\t\t<\/div>\n\t\t\t\t\t<\/div>\n\t\t<\/div>\n\t\t\t\t\t<\/div>\n\t\t<\/section>\n\t\t\t\t<\/div>\n\t\t\t\t<\/div>\n\t\t\t\t\t\t<\/div>\n\t\t\t\t<\/div>\n\t\t\t\t\t<\/div>\n\t\t<\/div>\n\t\t\t\t\t<\/div>\n\t\t<\/section>\n\t\t\t\t<section class=\"elementor-section elementor-top-section elementor-element elementor-element-6decc3a elementor-section-boxed elementor-section-height-default elementor-section-height-default\" data-id=\"6decc3a\" data-element_type=\"section\" data-e-type=\"section\">\n\t\t\t\t\t\t<div class=\"elementor-container elementor-column-gap-default\">\n\t\t\t\t\t<div class=\"elementor-column elementor-col-100 elementor-top-column elementor-element elementor-element-4a1d207\" data-id=\"4a1d207\" data-element_type=\"column\" data-e-type=\"column\">\n\t\t\t<div class=\"elementor-widget-wrap elementor-element-populated\">\n\t\t\t\t\t\t<div class=\"elementor-element elementor-element-347eaa2 elementor-widget elementor-widget-heading\" data-id=\"347eaa2\" data-element_type=\"widget\" data-e-type=\"widget\" data-widget_type=\"heading.default\">\n\t\t\t\t\t<h2 class=\"elementor-heading-title elementor-size-default\">Datele companiei<\/h2>\t\t\t\t<\/div>\n\t\t\t\t<section class=\"elementor-section elementor-inner-section elementor-element elementor-element-851520f elementor-section-boxed elementor-section-height-default elementor-section-height-default\" data-id=\"851520f\" data-element_type=\"section\" data-e-type=\"section\">\n\t\t\t\t\t\t<div class=\"elementor-container elementor-column-gap-default\">\n\t\t\t\t\t<div class=\"elementor-column elementor-col-50 elementor-inner-column elementor-element elementor-element-2c5313b\" data-id=\"2c5313b\" data-element_type=\"column\" data-e-type=\"column\">\n\t\t\t<div class=\"elementor-widget-wrap elementor-element-populated\">\n\t\t\t\t\t\t<div class=\"elementor-element elementor-element-9a976fb elementor-widget elementor-widget-text-editor\" data-id=\"9a976fb\" data-element_type=\"widget\" data-e-type=\"widget\" data-widget_type=\"text-editor.default\">\n\t\t\t\t\t\t\t\t\t<p><b>AutoISO Sp. z o.o<\/b><\/p>\n<p>ul. Gnie\u017anie\u0144ska 12<\/p>\n<p>40-142 Katowice, Polska<\/p>\t\t\t\t\t\t\t\t<\/div>\n\t\t\t\t\t<\/div>\n\t\t<\/div>\n\t\t\t\t<div class=\"elementor-column elementor-col-50 elementor-inner-column elementor-element elementor-element-5b6909e\" data-id=\"5b6909e\" data-element_type=\"column\" data-e-type=\"column\">\n\t\t\t<div class=\"elementor-widget-wrap elementor-element-populated\">\n\t\t\t\t\t\t<div class=\"elementor-element elementor-element-51ec865 elementor-widget elementor-widget-text-editor\" data-id=\"51ec865\" data-element_type=\"widget\" data-e-type=\"widget\" data-widget_type=\"text-editor.default\">\n\t\t\t\t\t\t\t\t\t<p><b>KRS:<\/b> 0000840558<\/p>\n<p><b>NIP:<\/b> PL6342976575<\/p>\n<p><b>REGON:<\/b> 386039655<\/p>\n\t\t\t\t\t\t\t\t<\/div>\n\t\t\t\t\t<\/div>\n\t\t<\/div>\n\t\t\t\t\t<\/div>\n\t\t<\/section>\n\t\t\t\t\t<\/div>\n\t\t<\/div>\n\t\t\t\t\t<\/div>\n\t\t<\/section>\n\t\t\t\t<\/div>\n\t\t","protected":false},"excerpt":{"rendered":"<p>Contact Acest site a fost preg\u0103tit pentru a v\u0103 permite s\u0103 contacta\u021bi compania noastr\u0103. NOT\u0102: dac\u0103 nu a\u021bi primit un e-mail cu raportul dup\u0103 cump\u0103rare, verifica\u021bi spamul sau introduce\u021bi adresa dvs. de e-mail pe pagina principal\u0103 a site-ului \u00een col\u021bul din dreapta sus. Dac\u0103 ave\u021bi probleme cu parola pe site -ul nostru web, vizita\u021bi pagina: [&hellip;]<\/p>\n","protected":false},"author":1,"featured_media":0,"parent":0,"menu_order":0,"comment_status":"closed","ping_status":"closed","template":"","meta":{"inline_featured_image":false,"footnotes":""},"class_list":["post-464","page","type-page","status-publish","hentry"],"_links":{"self":[{"href":"https:\/\/www.automoli.com\/ro\/wp-json\/wp\/v2\/pages\/464","targetHints":{"allow":["GET"]}}],"collection":[{"href":"https:\/\/www.automoli.com\/ro\/wp-json\/wp\/v2\/pages"}],"about":[{"href":"https:\/\/www.automoli.com\/ro\/wp-json\/wp\/v2\/types\/page"}],"author":[{"embeddable":true,"href":"https:\/\/www.automoli.com\/ro\/wp-json\/wp\/v2\/users\/1"}],"replies":[{"embeddable":true,"href":"https:\/\/www.automoli.com\/ro\/wp-json\/wp\/v2\/comments?post=464"}],"version-history":[{"count":8,"href":"https:\/\/www.automoli.com\/ro\/wp-json\/wp\/v2\/pages\/464\/revisions"}],"predecessor-version":[{"id":25415,"href":"https:\/\/www.automoli.com\/ro\/wp-json\/wp\/v2\/pages\/464\/revisions\/25415"}],"wp:attachment":[{"href":"https:\/\/www.automoli.com\/ro\/wp-json\/wp\/v2\/media?parent=464"}],"curies":[{"name":"wp","href":"https:\/\/api.w.org\/{rel}","templated":true}]}}