{"id":27172,"date":"2023-02-08T10:52:18","date_gmt":"2023-02-08T09:52:18","guid":{"rendered":"https:\/\/www.automoli.com\/exemple-de-rapoarte"},"modified":"2026-02-17T15:01:27","modified_gmt":"2026-02-17T14:01:27","slug":"exemple-de-rapoarte","status":"publish","type":"page","link":"https:\/\/www.automoli.com\/ro\/exemple-de-rapoarte","title":{"rendered":"Exemple de rapoarte"},"content":{"rendered":"\t\t<div data-elementor-type=\"wp-page\" data-elementor-id=\"27172\" class=\"elementor elementor-27172 elementor-123\" data-elementor-post-type=\"page\">\n\t\t\t\t<div class=\"elementor-element elementor-element-0d19538 e-flex e-con-boxed e-con e-parent\" data-id=\"0d19538\" data-element_type=\"container\" data-e-type=\"container\" data-settings=\"{&quot;background_background&quot;:&quot;classic&quot;,&quot;shape_divider_bottom&quot;:&quot;triangle&quot;,&quot;shape_divider_bottom_negative&quot;:&quot;yes&quot;}\">\n\t\t\t\t\t<div class=\"e-con-inner\">\n\t\t\t\t<div class=\"elementor-shape elementor-shape-bottom\" aria-hidden=\"true\" data-negative=\"true\">\n\t\t\t<svg xmlns=\"http:\/\/www.w3.org\/2000\/svg\" viewBox=\"0 0 1000 100\" preserveAspectRatio=\"none\">\n\t<path class=\"elementor-shape-fill\" d=\"M500.2,94.7L0,0v100h1000V0L500.2,94.7z\"\/>\n<\/svg>\t\t<\/div>\n\t\t<div class=\"elementor-element elementor-element-d098ebd e-con-full e-flex e-con e-child\" data-id=\"d098ebd\" data-element_type=\"container\" data-e-type=\"container\">\n\t\t\t\t<div class=\"elementor-element elementor-element-b28f6de elementor-widget elementor-widget-heading\" data-id=\"b28f6de\" data-element_type=\"widget\" data-e-type=\"widget\" data-widget_type=\"heading.default\">\n\t\t\t\t\t<h1 class=\"elementor-heading-title elementor-size-default\">Exemple de rapoarte<\/h1>\t\t\t\t<\/div>\n\t\t\t\t<\/div>\n\t\t\t\t\t<\/div>\n\t\t\t\t<\/div>\n\t\t<div class=\"elementor-element elementor-element-2fb2801 e-flex e-con-boxed e-con e-parent\" data-id=\"2fb2801\" data-element_type=\"container\" data-e-type=\"container\">\n\t\t\t\t\t<div class=\"e-con-inner\">\n\t\t<div class=\"elementor-element elementor-element-680fef2 e-con-full e-flex e-con e-child\" data-id=\"680fef2\" data-element_type=\"container\" data-e-type=\"container\">\n\t\t\t\t<div class=\"elementor-element elementor-element-21cc9e0 elementor-widget elementor-widget-heading\" data-id=\"21cc9e0\" data-element_type=\"widget\" data-e-type=\"widget\" data-widget_type=\"heading.default\">\n\t\t\t\t\t<h2 class=\"elementor-heading-title elementor-size-default\">Raport istoric vehicul<\/h2>\t\t\t\t<\/div>\n\t\t<div class=\"elementor-element elementor-element-f4ba1f7 e-con-full e-flex e-con e-child\" data-id=\"f4ba1f7\" data-element_type=\"container\" data-e-type=\"container\">\n\t\t<div class=\"elementor-element elementor-element-ad65f26 e-con-full e-flex e-con e-child\" data-id=\"ad65f26\" data-element_type=\"container\" data-e-type=\"container\">\n\t\t\t\t<div class=\"elementor-element elementor-element-82da89a elementor-widget elementor-widget-image\" data-id=\"82da89a\" data-element_type=\"widget\" data-e-type=\"widget\" data-widget_type=\"image.default\">\n\t\t\t\t\t\t\t\t\t\t\t\t\t\t\t\t<a href=\"https:\/\/www.automoli.com\/ro\/page\/vehicle-history-report\">\n\t\t\t\t\t\t\t<img fetchpriority=\"high\" decoding=\"async\" width=\"256\" height=\"300\" src=\"https:\/\/www.automoli.com\/wp-content\/uploads\/2022\/11\/raport-our.svg\" class=\"attachment-medium size-medium wp-image-62560\" alt=\"\" title=\"\">\t\t\t\t\t\t\t\t<\/a>\n\t\t\t\t\t\t\t\t\t\t\t\t\t\t\t<\/div>\n\t\t\t\t<div class=\"elementor-element elementor-element-3f4a051 elementor-align-right elementor-mobile-align-center elementor-widget elementor-widget-button\" data-id=\"3f4a051\" data-element_type=\"widget\" data-e-type=\"widget\" data-widget_type=\"button.default\">\n\t\t\t\t\t\t\t\t\t\t<a class=\"elementor-button elementor-button-link elementor-size-sm\" href=\"https:\/\/www.automoli.com\/ro\/page\/vehicle-history-report\">\n\t\t\t\t\t\t<span class=\"elementor-button-content-wrapper\">\n\t\t\t\t\t\t\t\t\t<span class=\"elementor-button-text\">Deschide\u021bi modelul de raport<\/span>\n\t\t\t\t\t<\/span>\n\t\t\t\t\t<\/a>\n\t\t\t\t\t\t\t\t<\/div>\n\t\t\t\t<\/div>\n\t\t<div class=\"elementor-element elementor-element-659fcfa e-con-full e-flex e-con e-child\" data-id=\"659fcfa\" data-element_type=\"container\" data-e-type=\"container\">\n\t\t\t\t<div class=\"elementor-element elementor-element-aebd4b5 elementor-widget elementor-widget-text-editor\" data-id=\"aebd4b5\" data-element_type=\"widget\" data-e-type=\"widget\" data-widget_type=\"text-editor.default\">\n\t\t\t\t\t\t\t\t\t<p>Raportul istoriei vehiculului este un instrument complex care ofer\u0103 informa\u021bii esen\u021biale despre trecutul vehiculului, permi\u021b\u00e2nd verificarea st\u0103rii sale tehnice \u0219i a istoricului de utilizare. Este o surs\u0103 de cuno\u0219tin\u021be indispensabil\u0103, care permite accesul la multe date detaliate, care nu sunt disponibile public pe Internet. Ce poate con\u021bine un astfel de raport?  <\/p>\n<p>Vei g\u0103si \u00een el, printre altele:<\/p>\n\n<ul>\n \t<li>Kilometri\u0219ii vehiculului,<\/li>\n \t<li>Istoricul eventualelor daune,<\/li>\n \t<li>Estim\u0103rile repara\u021biilor,<\/li>\n \t<li>Informa\u021bii despre servicii \u0219i inspec\u021biile tehnice,<\/li>\n \t<li>Date tehnice ale vehiculului,<\/li>\n \t<li>Informa\u021bii despre faptul c\u0103 vehiculul figureaz\u0103 pe lista vehiculelor c\u0103utate sau furate.<\/li>\n<\/ul>\n<p>Raportul istoriei vehiculului colecteaz\u0103 date din diferite \u021b\u0103ri, cum ar fi Germania, Fran\u021ba, Belgia, Olanda sau SUA. Aceste informa\u021bii provin din surse fiabile \u0219i recunoscute, cum ar fi bazele de date ale asigur\u0103rilor, centrele de dezmongere, punctele de recuperare sau organiza\u021biile care se opun falsific\u0103rii kilometrilor, de exemplu, Nationale Auto Pas (NAP) din Olanda. Totu\u0219i, este important de re\u021binut c\u0103 datele din bazele externe apar doar \u00een situa\u021biile \u00een care vehiculul a fost \u00eenregistrat sau utilizat acolo.   <\/p>\n<p>Datorit\u0103 raportului, ai posibilitatea de a evalua starea real\u0103 a vehiculului, ceea ce este nepre\u021buit atunci c\u00e2nd achizi\u021bionezi o ma\u0219in\u0103. Acest raport te va ajuta s\u0103 verifici veridicitatea v\u00e2nz\u0103torului, s\u0103 detectezi daunele ascunse \u0219i istoricul coliziunilor, ceea ce \u00ee\u021bi va permite s\u0103 evi\u021bi surprizele costisitoare. <\/p>\n<p>Verificarea istoricului vehiculului este esen\u021bial\u0103 pentru siguran\u021ba, \u00eencrederea \u0219i confortul t\u0103u \u00een utilizare. Datorit\u0103 analizei detaliate \u0219i datelor acumulate, po\u021bi lua o decizie informat\u0103 \u0219i sigur\u0103 privind achizi\u021bia. <\/p>\t\t\t\t\t\t\t\t<\/div>\n\t\t\t\t<\/div>\n\t\t\t\t<\/div>\n\t\t\t\t<\/div>\n\t\t\t\t\t<\/div>\n\t\t\t\t<\/div>\n\t\t<div class=\"elementor-element elementor-element-45ee260 e-flex e-con-boxed e-con e-parent\" data-id=\"45ee260\" data-element_type=\"container\" data-e-type=\"container\" data-settings=\"{&quot;background_background&quot;:&quot;classic&quot;,&quot;shape_divider_top&quot;:&quot;triangle&quot;,&quot;shape_divider_bottom&quot;:&quot;triangle&quot;,&quot;shape_divider_bottom_negative&quot;:&quot;yes&quot;}\">\n\t\t\t\t\t<div class=\"e-con-inner\">\n\t\t\t\t<div class=\"elementor-shape elementor-shape-top\" aria-hidden=\"true\" data-negative=\"false\">\n\t\t\t<svg xmlns=\"http:\/\/www.w3.org\/2000\/svg\" viewBox=\"0 0 1000 100\" preserveAspectRatio=\"none\">\n\t<path class=\"elementor-shape-fill\" d=\"M500,98.9L0,6.1V0h1000v6.1L500,98.9z\"\/>\n<\/svg>\t\t<\/div>\n\t\t\t\t<div class=\"elementor-shape elementor-shape-bottom\" aria-hidden=\"true\" data-negative=\"true\">\n\t\t\t<svg xmlns=\"http:\/\/www.w3.org\/2000\/svg\" viewBox=\"0 0 1000 100\" preserveAspectRatio=\"none\">\n\t<path class=\"elementor-shape-fill\" d=\"M500.2,94.7L0,0v100h1000V0L500.2,94.7z\"\/>\n<\/svg>\t\t<\/div>\n\t\t<div class=\"elementor-element elementor-element-97dc520 e-con-full e-flex e-con e-child\" data-id=\"97dc520\" data-element_type=\"container\" data-e-type=\"container\">\n\t\t\t\t<div class=\"elementor-element elementor-element-4b80c9e elementor-widget elementor-widget-heading\" data-id=\"4b80c9e\" data-element_type=\"widget\" data-e-type=\"widget\" data-widget_type=\"heading.default\">\n\t\t\t\t\t<h2 class=\"elementor-heading-title elementor-size-default\">Raportul vehiculului din Marea Britanie<\/h2>\t\t\t\t<\/div>\n\t\t\t\t<div class=\"elementor-element elementor-element-d766ba4 elementor-widget__width-initial elementor-widget elementor-widget-image\" data-id=\"d766ba4\" data-element_type=\"widget\" data-e-type=\"widget\" data-widget_type=\"image.default\">\n\t\t\t\t\t\t\t\t\t\t\t\t\t\t\t\t<a href=\"https:\/\/www.automoli.com\/pl\/page\/vehicle-history-report-uk\">\n\t\t\t\t\t\t\t<img decoding=\"async\" width=\"768\" height=\"899\" src=\"https:\/\/www.automoli.com\/wp-content\/uploads\/2022\/11\/raport-uk.svg\" class=\"attachment-medium_large size-medium_large wp-image-24224\" alt=\"\" title=\"\">\t\t\t\t\t\t\t\t<\/a>\n\t\t\t\t\t\t\t\t\t\t\t\t\t\t\t<\/div>\n\t\t\t\t<div class=\"elementor-element elementor-element-4d25527 elementor-widget elementor-widget-text-editor\" data-id=\"4d25527\" data-element_type=\"widget\" data-e-type=\"widget\" data-widget_type=\"text-editor.default\">\n\t\t\t\t\t\t\t\t\t<p><b>Raportul pentru vehiculele din Marea Britanie<\/b> con\u021bine o mul\u021bime de date interesante despre istoria vehiculului. Datorit\u0103 raportului nostru, ve\u021bi stabili dac\u0103 vehiculul era s\u0103n\u0103tos din punct de vedere tehnic \u0219i se putea deplasa pe drumurile Marii Britanii, verifica\u021bi num\u0103rul de proprietari \u0219i verifica\u021bi dac\u0103 a fost destinat de\u0219eurilor. Sursele noastre arat\u0103 date din bazele de date guvernamentale de vehicule din Marea Britanie.  <\/p>\t\t\t\t\t\t\t\t<\/div>\n\t\t\t\t<div class=\"elementor-element elementor-element-81a9dc2 elementor-align-center elementor-mobile-align-center elementor-widget elementor-widget-button\" data-id=\"81a9dc2\" data-element_type=\"widget\" data-e-type=\"widget\" data-widget_type=\"button.default\">\n\t\t\t\t\t\t\t\t\t\t<a class=\"elementor-button elementor-button-link elementor-size-sm\" href=\"https:\/\/www.automoli.com\/ro\/page\/vehicle-history-report-uk\">\n\t\t\t\t\t\t<span class=\"elementor-button-content-wrapper\">\n\t\t\t\t\t\t\t\t\t<span class=\"elementor-button-text\">Deschide\u021bi modelul de raport<\/span>\n\t\t\t\t\t<\/span>\n\t\t\t\t\t<\/a>\n\t\t\t\t\t\t\t\t<\/div>\n\t\t\t\t<\/div>\n\t\t<div class=\"elementor-element elementor-element-0c1f244 e-con-full e-flex e-con e-child\" data-id=\"0c1f244\" data-element_type=\"container\" data-e-type=\"container\">\n\t\t\t\t<div class=\"elementor-element elementor-element-6165183 elementor-widget elementor-widget-heading\" data-id=\"6165183\" data-element_type=\"widget\" data-e-type=\"widget\" data-widget_type=\"heading.default\">\n\t\t\t\t\t<h2 class=\"elementor-heading-title elementor-size-default\">Estimarea valorii de pia\u021b\u0103<\/h2>\t\t\t\t<\/div>\n\t\t\t\t<div class=\"elementor-element elementor-element-8040182 elementor-widget__width-initial elementor-widget elementor-widget-image\" data-id=\"8040182\" data-element_type=\"widget\" data-e-type=\"widget\" data-widget_type=\"image.default\">\n\t\t\t\t\t\t\t\t\t\t\t\t\t\t\t\t<a href=\"https:\/\/www.automoli.com\/pl\/page\/market-value-evaluation\">\n\t\t\t\t\t\t\t<img decoding=\"async\" width=\"800\" height=\"936\" src=\"https:\/\/www.automoli.com\/wp-content\/uploads\/2022\/11\/raport-ie.svg\" class=\"attachment-large size-large wp-image-24324\" alt=\"\" title=\"\">\t\t\t\t\t\t\t\t<\/a>\n\t\t\t\t\t\t\t\t\t\t\t\t\t\t\t<\/div>\n\t\t\t\t<div class=\"elementor-element elementor-element-b96370d elementor-widget elementor-widget-text-editor\" data-id=\"b96370d\" data-element_type=\"widget\" data-e-type=\"widget\" data-widget_type=\"text-editor.default\">\n\t\t\t\t\t\t\t\t\t<p>Extrem de util\u0103 \u00een estimarea unui pre\u021b adecvat pentru vehicul este <b>evaluarea realizat\u0103 de exper\u021bi de pia\u021b\u0103.<\/b> L\u0103mure\u0219te-\u021bi \u00eendoielile cu privire la pre\u021bul corect al vehiculului. Folosind evaluarea noastr\u0103 expert\u0103 a valorii de pia\u021b\u0103 a vehiculului, vei \u0219ti dac\u0103 acesta se \u00eencadreaz\u0103 \u00een media de pia\u021b\u0103. Informa\u021biile sunt utile at\u00e2t pentru cump\u0103r\u0103tori, c\u00e2t \u0219i pentru v\u00e2nz\u0103tori. Verific\u0103 cum \u00ee\u0219i pierde ma\u0219ina din valoare \u00een timp.   <\/p>\t\t\t\t\t\t\t\t<\/div>\n\t\t\t\t<div class=\"elementor-element elementor-element-8df0937 elementor-align-center elementor-mobile-align-center elementor-widget elementor-widget-button\" data-id=\"8df0937\" data-element_type=\"widget\" data-e-type=\"widget\" data-widget_type=\"button.default\">\n\t\t\t\t\t\t\t\t\t\t<a class=\"elementor-button elementor-button-link elementor-size-sm\" href=\"https:\/\/www.automoli.com\/ro\/page\/market-value-evaluation\">\n\t\t\t\t\t\t<span class=\"elementor-button-content-wrapper\">\n\t\t\t\t\t\t\t\t\t<span class=\"elementor-button-text\">Deschide\u021bi modelul de raport<\/span>\n\t\t\t\t\t<\/span>\n\t\t\t\t\t<\/a>\n\t\t\t\t\t\t\t\t<\/div>\n\t\t\t\t<\/div>\n\t\t<div class=\"elementor-element elementor-element-482256e e-con-full e-flex e-con e-child\" data-id=\"482256e\" data-element_type=\"container\" data-e-type=\"container\">\n\t\t\t\t<div class=\"elementor-element elementor-element-4de2abb elementor-widget elementor-widget-heading\" data-id=\"4de2abb\" data-element_type=\"widget\" data-e-type=\"widget\" data-widget_type=\"heading.default\">\n\t\t\t\t\t<h2 class=\"elementor-heading-title elementor-size-default\">Activit\u0103\u021bi de service<\/h2>\t\t\t\t<\/div>\n\t\t\t\t<div class=\"elementor-element elementor-element-f48489e elementor-widget__width-initial elementor-widget elementor-widget-image\" data-id=\"f48489e\" data-element_type=\"widget\" data-e-type=\"widget\" data-widget_type=\"image.default\">\n\t\t\t\t\t\t\t\t\t\t\t\t\t\t\t\t<a href=\"https:\/\/www.automoli.com\/pl\/page\/service-activities\">\n\t\t\t\t\t\t\t<img loading=\"lazy\" decoding=\"async\" width=\"800\" height=\"936\" src=\"https:\/\/www.automoli.com\/wp-content\/uploads\/2022\/11\/raport-sa.svg\" class=\"attachment-large size-large wp-image-24372\" alt=\"\" title=\"\">\t\t\t\t\t\t\t\t<\/a>\n\t\t\t\t\t\t\t\t\t\t\t\t\t\t\t<\/div>\n\t\t\t\t<div class=\"elementor-element elementor-element-d15637c elementor-widget elementor-widget-text-editor\" data-id=\"d15637c\" data-element_type=\"widget\" data-e-type=\"widget\" data-widget_type=\"text-editor.default\">\n\t\t\t\t\t\t\t\t\t<p><b>Raportul de service<\/b> \u00eel ve\u021bi primi gratuit \u00eempreun\u0103 cu raportul istoric al vehiculului achizi\u021bionat. Din acesta ve\u021bi afla ce lucr\u0103ri ar fi trebuit s\u0103 fie f\u0103cute pe vehicul p\u00e2n\u0103 acum. De asemenea, ve\u021bi afla despre activit\u0103\u021bile de service care vor fi necesare \u00een viitorul apropiat. Acolo ve\u021bi g\u0103si, de asemenea, o estimare a costurilor probabile de realizare a acestora.   <\/p><p> <\/p>\t\t\t\t\t\t\t\t<\/div>\n\t\t\t\t<div class=\"elementor-element elementor-element-4ed0750 elementor-align-center elementor-mobile-align-center elementor-widget elementor-widget-button\" data-id=\"4ed0750\" data-element_type=\"widget\" data-e-type=\"widget\" data-widget_type=\"button.default\">\n\t\t\t\t\t\t\t\t\t\t<a class=\"elementor-button elementor-button-link elementor-size-sm\" href=\"https:\/\/www.automoli.com\/ro\/page\/service-activities\">\n\t\t\t\t\t\t<span class=\"elementor-button-content-wrapper\">\n\t\t\t\t\t\t\t\t\t<span class=\"elementor-button-text\">Deschide\u021bi modelul de raport<\/span>\n\t\t\t\t\t<\/span>\n\t\t\t\t\t<\/a>\n\t\t\t\t\t\t\t\t<\/div>\n\t\t\t\t<\/div>\n\t\t\t\t\t<\/div>\n\t\t\t\t<\/div>\n\t\t\t\t<\/div>\n\t\t","protected":false},"excerpt":{"rendered":"<p>Exemple de rapoarte Raport istoric vehicul Deschide\u021bi modelul de raport Raportul istoriei vehiculului este un instrument complex care ofer\u0103 informa\u021bii esen\u021biale despre trecutul vehiculului, permi\u021b\u00e2nd verificarea st\u0103rii sale tehnice \u0219i a istoricului de utilizare. Este o surs\u0103 de cuno\u0219tin\u021be indispensabil\u0103, care permite accesul la multe date detaliate, care nu sunt disponibile public pe Internet. Ce [&hellip;]<\/p>\n","protected":false},"author":1,"featured_media":0,"parent":0,"menu_order":0,"comment_status":"closed","ping_status":"closed","template":"","meta":{"inline_featured_image":false,"footnotes":""},"class_list":["post-27172","page","type-page","status-publish","hentry"],"_links":{"self":[{"href":"https:\/\/www.automoli.com\/ro\/wp-json\/wp\/v2\/pages\/27172","targetHints":{"allow":["GET"]}}],"collection":[{"href":"https:\/\/www.automoli.com\/ro\/wp-json\/wp\/v2\/pages"}],"about":[{"href":"https:\/\/www.automoli.com\/ro\/wp-json\/wp\/v2\/types\/page"}],"author":[{"embeddable":true,"href":"https:\/\/www.automoli.com\/ro\/wp-json\/wp\/v2\/users\/1"}],"replies":[{"embeddable":true,"href":"https:\/\/www.automoli.com\/ro\/wp-json\/wp\/v2\/comments?post=27172"}],"version-history":[{"count":2,"href":"https:\/\/www.automoli.com\/ro\/wp-json\/wp\/v2\/pages\/27172\/revisions"}],"predecessor-version":[{"id":62618,"href":"https:\/\/www.automoli.com\/ro\/wp-json\/wp\/v2\/pages\/27172\/revisions\/62618"}],"wp:attachment":[{"href":"https:\/\/www.automoli.com\/ro\/wp-json\/wp\/v2\/media?parent=27172"}],"curies":[{"name":"wp","href":"https:\/\/api.w.org\/{rel}","templated":true}]}}