{"id":50693,"date":"2024-08-07T14:13:05","date_gmt":"2024-08-07T12:13:05","guid":{"rendered":"https:\/\/www.automoli.com\/como-encomendar-um-relatorio"},"modified":"2024-11-21T11:00:20","modified_gmt":"2024-11-21T10:00:20","slug":"como-encomendar-um-relatorio","status":"publish","type":"page","link":"https:\/\/www.automoli.com\/pt\/como-encomendar-um-relatorio","title":{"rendered":"Como encomendar um relat\u00f3rio"},"content":{"rendered":"\t\t<div data-elementor-type=\"wp-page\" data-elementor-id=\"50693\" class=\"elementor elementor-50693 elementor-50355\" data-elementor-post-type=\"page\">\n\t\t\t\t\t\t<section class=\"elementor-section elementor-top-section elementor-element elementor-element-2b4ecd5 elementor-section-boxed elementor-section-height-default elementor-section-height-default\" data-id=\"2b4ecd5\" data-element_type=\"section\" data-e-type=\"section\" data-settings=\"{&quot;background_background&quot;:&quot;classic&quot;,&quot;shape_divider_bottom&quot;:&quot;triangle&quot;,&quot;shape_divider_bottom_negative&quot;:&quot;yes&quot;}\">\n\t\t\t\t\t<div class=\"elementor-shape elementor-shape-bottom\" aria-hidden=\"true\" data-negative=\"true\">\n\t\t\t<svg xmlns=\"http:\/\/www.w3.org\/2000\/svg\" viewBox=\"0 0 1000 100\" preserveAspectRatio=\"none\">\n\t<path class=\"elementor-shape-fill\" d=\"M500.2,94.7L0,0v100h1000V0L500.2,94.7z\"\/>\n<\/svg>\t\t<\/div>\n\t\t\t\t\t<div class=\"elementor-container elementor-column-gap-default\">\n\t\t\t\t\t<div class=\"elementor-column elementor-col-100 elementor-top-column elementor-element elementor-element-c4f3fe0\" data-id=\"c4f3fe0\" data-element_type=\"column\" data-e-type=\"column\">\n\t\t\t<div class=\"elementor-widget-wrap elementor-element-populated\">\n\t\t\t\t\t\t<div class=\"elementor-element elementor-element-f1a6006 elementor-widget elementor-widget-heading\" data-id=\"f1a6006\" data-element_type=\"widget\" data-e-type=\"widget\" data-widget_type=\"heading.default\">\n\t\t\t\t\t<h1 class=\"elementor-heading-title elementor-size-default\">Como encomendar relat\u00f3rio com o hist\u00f3rico do ve\u00edculo<\/h1>\t\t\t\t<\/div>\n\t\t\t\t<div class=\"elementor-element elementor-element-dbcb37d elementor-widget elementor-widget-text-editor\" data-id=\"dbcb37d\" data-element_type=\"widget\" data-e-type=\"widget\" data-widget_type=\"text-editor.default\">\n\t\t\t\t\t\t\t\t\t<p>Independentemente da forma como chegou ao s\u00edtio Web da Automola, seja atrav\u00e9s do blogue ou da p\u00e1gina inicial, quer estivesse \u00e0 procura de informa\u00e7\u00f5es sobre o VIN ou o historial do ve\u00edculo. N\u00e3o importa, existem caixas para verificar o VIN ou a matr\u00edcula em cada local para sua conveni\u00eancia.  <\/p>\n\t\t\t\t\t\t\t\t<\/div>\n\t\t\t\t\t<\/div>\n\t\t<\/div>\n\t\t\t\t\t<\/div>\n\t\t<\/section>\n\t\t\t\t<section class=\"elementor-section elementor-top-section elementor-element elementor-element-0d0d160 elementor-section-boxed elementor-section-height-default elementor-section-height-default\" data-id=\"0d0d160\" data-element_type=\"section\" data-e-type=\"section\">\n\t\t\t\t\t\t<div class=\"elementor-container elementor-column-gap-default\">\n\t\t\t\t\t<div class=\"elementor-column elementor-col-100 elementor-top-column elementor-element elementor-element-7cdcf9c\" data-id=\"7cdcf9c\" data-element_type=\"column\" data-e-type=\"column\">\n\t\t\t<div class=\"elementor-widget-wrap elementor-element-populated\">\n\t\t\t\t\t\t<div class=\"elementor-element elementor-element-128440c elementor-widget elementor-widget-heading\" data-id=\"128440c\" data-element_type=\"widget\" data-e-type=\"widget\" data-widget_type=\"heading.default\">\n\t\t\t\t\t<h2 class=\"elementor-heading-title elementor-size-default\">Passo 1. Introduzir o n\u00famero do VIN ou da matr\u00edcula <\/h2>\t\t\t\t<\/div>\n\t\t\t\t<div class=\"elementor-element elementor-element-7f76fc2 elementor-widget elementor-widget-text-editor\" data-id=\"7f76fc2\" data-element_type=\"widget\" data-e-type=\"widget\" data-widget_type=\"text-editor.default\">\n\t\t\t\t\t\t\t\t\t<p><span style=\"font-weight: 400;\">Introduza o n\u00famero de caracteres adequado na caixa fornecida e clique em &#8220;Verificar&#8221;.<\/span><\/p>\n\t\t\t\t\t\t\t\t<\/div>\n\t\t\t\t<div class=\"elementor-element elementor-element-1b9af0e elementor-widget elementor-widget-image\" data-id=\"1b9af0e\" data-element_type=\"widget\" data-e-type=\"widget\" data-widget_type=\"image.default\">\n\t\t\t\t\t\t\t\t\t\t\t\t\t\t\t<img fetchpriority=\"high\" decoding=\"async\" width=\"800\" height=\"380\" src=\"https:\/\/www.automoli.com\/wp-content\/uploads\/2021\/07\/aml-enter_vin.png\" class=\"attachment-full size-full wp-image-4756\" alt=\"\" srcset=\"https:\/\/www.automoli.com\/wp-content\/uploads\/2021\/07\/aml-enter_vin.png 800w, https:\/\/www.automoli.com\/wp-content\/uploads\/2021\/07\/aml-enter_vin-300x143.png 300w, https:\/\/www.automoli.com\/wp-content\/uploads\/2021\/07\/aml-enter_vin-768x365.png 768w\" sizes=\"(max-width: 800px) 100vw, 800px\" title=\"\">\t\t\t\t\t\t\t\t\t\t\t\t\t\t\t<\/div>\n\t\t\t\t\t<\/div>\n\t\t<\/div>\n\t\t\t\t\t<\/div>\n\t\t<\/section>\n\t\t\t\t<section class=\"elementor-section elementor-top-section elementor-element elementor-element-6903c2a elementor-section-boxed elementor-section-height-default elementor-section-height-default\" data-id=\"6903c2a\" data-element_type=\"section\" data-e-type=\"section\">\n\t\t\t\t\t\t<div class=\"elementor-container elementor-column-gap-default\">\n\t\t\t\t\t<div class=\"elementor-column elementor-col-100 elementor-top-column elementor-element elementor-element-8d4c0f1\" data-id=\"8d4c0f1\" data-element_type=\"column\" data-e-type=\"column\">\n\t\t\t<div class=\"elementor-widget-wrap elementor-element-populated\">\n\t\t\t\t\t\t<div class=\"elementor-element elementor-element-761cd92 elementor-widget elementor-widget-heading\" data-id=\"761cd92\" data-element_type=\"widget\" data-e-type=\"widget\" data-widget_type=\"heading.default\">\n\t\t\t\t\t<h2 class=\"elementor-heading-title elementor-size-default\">Etapa 2: Saber o pre\u00e7o e o \u00e2mbito dos dados a verificar  <\/h2>\t\t\t\t<\/div>\n\t\t\t\t<div class=\"elementor-element elementor-element-ee233e2 elementor-widget elementor-widget-text-editor\" data-id=\"ee233e2\" data-element_type=\"widget\" data-e-type=\"widget\" data-widget_type=\"text-editor.default\">\n\t\t\t\t\t\t\t\t\tNeste passo, voc\u00ea descobrir\u00e1 que encontramos algumas informa\u00e7\u00f5es sobre o ve\u00edculo com base no n\u00famero VIN ou na placa fornecida. Neste est\u00e1gio, voc\u00ea tamb\u00e9m pode ler que nossos relat\u00f3rios de hist\u00f3rico de ve\u00edculo verificam informa\u00e7\u00f5es sobre: \n<ul>\n \t<li>hist\u00f3ria e eventos do ve\u00edculo,<\/li>\n \t<li>leituras de quilometragem,<\/li>\n \t<li>registos de ve\u00edculos pretendidos,<\/li>\n \t<li>dados t\u00e9cnicos,<\/li>\n \t<li>fotografias de arquivo,<\/li>\n \t<li>bem como as desvantagens de um determinado modelo.<\/li>\n<\/ul>\nNeste ponto, voc\u00ea tamb\u00e9m decide se deseja adquirir este \u00fanico relat\u00f3rio espec\u00edfico ou se prefere comprar um pacote de 2 ou 3 relat\u00f3rios adicionais para uso a qualquer momento durante 90 dias a partir da data de compra. Quanto mais voc\u00ea compra, mais barato fica! De nossa experi\u00eancia, a compra do ve\u00edculo dos seus sonhos requer a verifica\u00e7\u00e3o do hist\u00f3rico de pelo menos 2 carros.  <\/span>\n\nAten\u00e7\u00e3o: O acesso ao relat\u00f3rio gerado com base no n\u00famero VIN ou na placa de registro \u00e9 de 30 dias em todos os casos. Um exemplo do relat\u00f3rio que oferecemos pode ser encontrado na se\u00e7\u00e3o &#8220;<a href=\"https:\/\/www.automoli.com\/pt\/relatorios-exemplares\">Relat\u00f3rio de Exemplo<\/a>&#8220;.\n\n\t\t\t\t\t\t\t\t<\/div>\n\t\t\t\t\t<\/div>\n\t\t<\/div>\n\t\t\t\t\t<\/div>\n\t\t<\/section>\n\t\t\t\t<section class=\"elementor-section elementor-top-section elementor-element elementor-element-8442b75 elementor-section-boxed elementor-section-height-default elementor-section-height-default\" data-id=\"8442b75\" data-element_type=\"section\" data-e-type=\"section\">\n\t\t\t\t\t\t<div class=\"elementor-container elementor-column-gap-default\">\n\t\t\t\t\t<div class=\"elementor-column elementor-col-100 elementor-top-column elementor-element elementor-element-e0ccb7e\" data-id=\"e0ccb7e\" data-element_type=\"column\" data-e-type=\"column\">\n\t\t\t<div class=\"elementor-widget-wrap elementor-element-populated\">\n\t\t\t\t\t\t<div class=\"elementor-element elementor-element-d20d176 elementor-widget elementor-widget-heading\" data-id=\"d20d176\" data-element_type=\"widget\" data-e-type=\"widget\" data-widget_type=\"heading.default\">\n\t\t\t\t\t<h2 class=\"elementor-heading-title elementor-size-default\">Passo 3. Compre um relat\u00f3rio ou alguns \n<\/h2>\t\t\t\t<\/div>\n\t\t\t\t<div class=\"elementor-element elementor-element-abd8f13 elementor-widget__width-initial elementor-widget elementor-widget-text-editor\" data-id=\"abd8f13\" data-element_type=\"widget\" data-e-type=\"widget\" data-widget_type=\"text-editor.default\">\n\t\t\t\t\t\t\t\t\t<p>Caso tenha algum c\u00f3digo de desconto ou c\u00f3digo PREPAID, ter\u00e1 de o inserir antes da escolha do m\u00e9todo de pagamento. Preencha o seu endere\u00e7o de email que ser\u00e1 tamb\u00e9m o nome de utilizador para a sua conta. Ao seu dispor tem v\u00e1rias e confort\u00e1veis formas de pagamento. Ap\u00f3s a escolha ter\u00e1 de seguir as instru\u00e7\u00f5es no ecr\u00e3.   <\/p>\n<p>O tempo de espera para o processamento do pagamento \u00e9 normalmente de 2-3 minutos, mas em situa\u00e7\u00f5es excepcionais, o tempo de espera para o pagamento pode ser excecionalmente prolongado.<\/p>\n<p>No seguimento de um pagamento efetuado com sucesso receber\u00e1 uma mensagem de email com o comprovativo de pagamento. Se for a sua primeira compra de seguida receber\u00e1 igualmente uma mensagem com a password\/palavra-chave para a sua conta. Se est\u00e1 a realizar o pagamento pela primeira vez e n\u00e3o consegue encontrar a mensagem com a password\/palavra-chave verifique tamb\u00e9m a caixa de SPAM. <\/p>\n\t\t\t\t\t\t\t\t<\/div>\n\t\t\t\t<div class=\"elementor-element elementor-element-32cdf55 elementor-widget elementor-widget-image\" data-id=\"32cdf55\" data-element_type=\"widget\" data-e-type=\"widget\" data-widget_type=\"image.default\">\n\t\t\t\t\t\t\t\t\t\t\t\t\t\t\t<img decoding=\"async\" width=\"1\" height=\"1\" src=\"https:\/\/www.automoli.com\/wp-content\/uploads\/2024\/07\/aml-precheck-pac.svg\" class=\"attachment-full size-full wp-image-50377\" alt=\"\" title=\"\">\t\t\t\t\t\t\t\t\t\t\t\t\t\t\t<\/div>\n\t\t\t\t<div class=\"elementor-element elementor-element-61c84e3 elementor-widget elementor-widget-image\" data-id=\"61c84e3\" data-element_type=\"widget\" data-e-type=\"widget\" data-widget_type=\"image.default\">\n\t\t\t\t\t\t\t\t\t\t\t\t\t\t\t<img decoding=\"async\" width=\"820\" height=\"345\" src=\"https:\/\/www.automoli.com\/wp-content\/uploads\/2021\/07\/aml-payment.png\" class=\"attachment-full size-full wp-image-4798\" alt=\"\" srcset=\"https:\/\/www.automoli.com\/wp-content\/uploads\/2021\/07\/aml-payment.png 820w, https:\/\/www.automoli.com\/wp-content\/uploads\/2021\/07\/aml-payment-300x126.png 300w, https:\/\/www.automoli.com\/wp-content\/uploads\/2021\/07\/aml-payment-768x323.png 768w\" sizes=\"(max-width: 820px) 100vw, 820px\" title=\"\">\t\t\t\t\t\t\t\t\t\t\t\t\t\t\t<\/div>\n\t\t\t\t\t<\/div>\n\t\t<\/div>\n\t\t\t\t\t<\/div>\n\t\t<\/section>\n\t\t\t\t<section class=\"elementor-section elementor-top-section elementor-element elementor-element-9e3e2f0 elementor-section-boxed elementor-section-height-default elementor-section-height-default\" data-id=\"9e3e2f0\" data-element_type=\"section\" data-e-type=\"section\">\n\t\t\t\t\t\t<div class=\"elementor-container elementor-column-gap-default\">\n\t\t\t\t\t<div class=\"elementor-column elementor-col-100 elementor-top-column elementor-element elementor-element-ca67ea3\" data-id=\"ca67ea3\" data-element_type=\"column\" data-e-type=\"column\">\n\t\t\t<div class=\"elementor-widget-wrap elementor-element-populated\">\n\t\t\t\t\t\t<div class=\"elementor-element elementor-element-8c5d67b elementor-widget elementor-widget-heading\" data-id=\"8c5d67b\" data-element_type=\"widget\" data-e-type=\"widget\" data-widget_type=\"heading.default\">\n\t\t\t\t\t<h2 class=\"elementor-heading-title elementor-size-default\">Passo 4. Fa\u00e7a login e veja o relat\u00f3rio <\/h2>\t\t\t\t<\/div>\n\t\t\t\t<div class=\"elementor-element elementor-element-2bdbd2d elementor-widget elementor-widget-text-editor\" data-id=\"2bdbd2d\" data-element_type=\"widget\" data-e-type=\"widget\" data-widget_type=\"text-editor.default\">\n\t\t\t\t\t\t\t\t\t<p>Ap\u00f3s introduzir o seu endere\u00e7o de email e a password\/palavra-chave poder\u00e1 efetuar o login na sua conta.<\/p>\n<p>O relat\u00f3rio come\u00e7ar\u00e1 a ser gerado imediatamente ap\u00f3s a confirma\u00e7\u00e3o pelo sistema de pagamento que voc\u00ea escolheu no passo anterior. A compila\u00e7\u00e3o de dados e a prepara\u00e7\u00e3o do relat\u00f3rio n\u00e3o deve levar mais do que alguns minutos. N\u00f3s armazenaremos os relat\u00f3rios na sua conta por at\u00e9 30 dias. Os demais relat\u00f3rios que voc\u00ea adquiriu no pacote estar\u00e3o dispon\u00edveis para uso em sua conta em qualquer momento, por\u00e9m n\u00e3o mais do que 90 dias a partir da data de compra.   <\/p>\n\t\t\t\t\t\t\t\t<\/div>\n\t\t\t\t\t<\/div>\n\t\t<\/div>\n\t\t\t\t\t<\/div>\n\t\t<\/section>\n\t\t\t\t<\/div>\n\t\t","protected":false},"excerpt":{"rendered":"<p>Como encomendar relat\u00f3rio com o hist\u00f3rico do ve\u00edculo Independentemente da forma como chegou ao s\u00edtio Web da Automola, seja atrav\u00e9s do blogue ou da p\u00e1gina inicial, quer estivesse \u00e0 procura de informa\u00e7\u00f5es sobre o VIN ou o historial do ve\u00edculo. N\u00e3o importa, existem caixas para verificar o VIN ou a matr\u00edcula em cada local para [&hellip;]<\/p>\n","protected":false},"author":3,"featured_media":0,"parent":0,"menu_order":0,"comment_status":"closed","ping_status":"closed","template":"","meta":{"inline_featured_image":false,"footnotes":""},"class_list":["post-50693","page","type-page","status-publish","hentry"],"_links":{"self":[{"href":"https:\/\/www.automoli.com\/pt\/wp-json\/wp\/v2\/pages\/50693","targetHints":{"allow":["GET"]}}],"collection":[{"href":"https:\/\/www.automoli.com\/pt\/wp-json\/wp\/v2\/pages"}],"about":[{"href":"https:\/\/www.automoli.com\/pt\/wp-json\/wp\/v2\/types\/page"}],"author":[{"embeddable":true,"href":"https:\/\/www.automoli.com\/pt\/wp-json\/wp\/v2\/users\/3"}],"replies":[{"embeddable":true,"href":"https:\/\/www.automoli.com\/pt\/wp-json\/wp\/v2\/comments?post=50693"}],"version-history":[{"count":2,"href":"https:\/\/www.automoli.com\/pt\/wp-json\/wp\/v2\/pages\/50693\/revisions"}],"predecessor-version":[{"id":53497,"href":"https:\/\/www.automoli.com\/pt\/wp-json\/wp\/v2\/pages\/50693\/revisions\/53497"}],"wp:attachment":[{"href":"https:\/\/www.automoli.com\/pt\/wp-json\/wp\/v2\/media?parent=50693"}],"curies":[{"name":"wp","href":"https:\/\/api.w.org\/{rel}","templated":true}]}}