{"id":50355,"date":"2024-07-29T15:05:05","date_gmt":"2024-07-29T13:05:05","guid":{"rendered":"https:\/\/www.automoli.com\/?page_id=50355"},"modified":"2024-11-21T10:07:24","modified_gmt":"2024-11-21T09:07:24","slug":"jak-zamowic-raport","status":"publish","type":"page","link":"https:\/\/www.automoli.com\/pl\/jak-zamowic-raport","title":{"rendered":"Jak zam\u00f3wi\u0107 raport"},"content":{"rendered":"\t\t<div data-elementor-type=\"wp-page\" data-elementor-id=\"50355\" class=\"elementor elementor-50355\" data-elementor-post-type=\"page\">\n\t\t\t\t\t\t<section class=\"elementor-section elementor-top-section elementor-element elementor-element-2b4ecd5 elementor-section-boxed elementor-section-height-default elementor-section-height-default\" data-id=\"2b4ecd5\" data-element_type=\"section\" data-e-type=\"section\" data-settings=\"{&quot;background_background&quot;:&quot;classic&quot;,&quot;shape_divider_bottom&quot;:&quot;triangle&quot;,&quot;shape_divider_bottom_negative&quot;:&quot;yes&quot;}\">\n\t\t\t\t\t<div class=\"elementor-shape elementor-shape-bottom\" aria-hidden=\"true\" data-negative=\"true\">\n\t\t\t<svg xmlns=\"http:\/\/www.w3.org\/2000\/svg\" viewBox=\"0 0 1000 100\" preserveAspectRatio=\"none\">\n\t<path class=\"elementor-shape-fill\" d=\"M500.2,94.7L0,0v100h1000V0L500.2,94.7z\"\/>\n<\/svg>\t\t<\/div>\n\t\t\t\t\t<div class=\"elementor-container elementor-column-gap-default\">\n\t\t\t\t\t<div class=\"elementor-column elementor-col-100 elementor-top-column elementor-element elementor-element-c4f3fe0\" data-id=\"c4f3fe0\" data-element_type=\"column\" data-e-type=\"column\">\n\t\t\t<div class=\"elementor-widget-wrap elementor-element-populated\">\n\t\t\t\t\t\t<div class=\"elementor-element elementor-element-f1a6006 elementor-widget elementor-widget-heading\" data-id=\"f1a6006\" data-element_type=\"widget\" data-e-type=\"widget\" data-widget_type=\"heading.default\">\n\t\t\t\t\t<h1 class=\"elementor-heading-title elementor-size-default\">Jak zam\u00f3wi\u0107 raport z histori\u0105 pojazdu<\/h1>\t\t\t\t<\/div>\n\t\t\t\t<div class=\"elementor-element elementor-element-dbcb37d elementor-widget elementor-widget-text-editor\" data-id=\"dbcb37d\" data-element_type=\"widget\" data-e-type=\"widget\" data-widget_type=\"text-editor.default\">\n\t\t\t\t\t\t\t\t\t<p>Niezale\u017cnie od tego jak trafisz na stron\u0119 Automoli czy przez bloga, czy przez stron\u0119 g\u0142\u00f3wn\u0105, czy szuka\u0142e\u015b informacji o VIN, czy o historii pojazdu. Nie wa\u017cne, w ka\u017cdym miejscu dla Twojej wygody s\u0105 pola do sprawdzenia numeru VIN lub tablicy rejestracyjnej.\u00a0<\/p>\t\t\t\t\t\t\t\t<\/div>\n\t\t\t\t\t<\/div>\n\t\t<\/div>\n\t\t\t\t\t<\/div>\n\t\t<\/section>\n\t\t\t\t<section class=\"elementor-section elementor-top-section elementor-element elementor-element-0d0d160 elementor-section-boxed elementor-section-height-default elementor-section-height-default\" data-id=\"0d0d160\" data-element_type=\"section\" data-e-type=\"section\">\n\t\t\t\t\t\t<div class=\"elementor-container elementor-column-gap-default\">\n\t\t\t\t\t<div class=\"elementor-column elementor-col-100 elementor-top-column elementor-element elementor-element-7cdcf9c\" data-id=\"7cdcf9c\" data-element_type=\"column\" data-e-type=\"column\">\n\t\t\t<div class=\"elementor-widget-wrap elementor-element-populated\">\n\t\t\t\t\t\t<div class=\"elementor-element elementor-element-128440c elementor-widget elementor-widget-heading\" data-id=\"128440c\" data-element_type=\"widget\" data-e-type=\"widget\" data-widget_type=\"heading.default\">\n\t\t\t\t\t<h2 class=\"elementor-heading-title elementor-size-default\">Krok 1. Podaj numer VIN lub numer tablicy rejestracyjnej<\/h2>\t\t\t\t<\/div>\n\t\t\t\t<div class=\"elementor-element elementor-element-7f76fc2 elementor-widget elementor-widget-text-editor\" data-id=\"7f76fc2\" data-element_type=\"widget\" data-e-type=\"widget\" data-widget_type=\"text-editor.default\">\n\t\t\t\t\t\t\t\t\t<p><span style=\"font-weight: 400;\">Wpisz odpowiedni\u0105 ilo\u015b\u0107 znak\u00f3w w pole do tego przeznaczone i kliknij \u201cSprawd\u017a\u201d.<\/span><\/p>\t\t\t\t\t\t\t\t<\/div>\n\t\t\t\t<div class=\"elementor-element elementor-element-1b9af0e elementor-widget elementor-widget-image\" data-id=\"1b9af0e\" data-element_type=\"widget\" data-e-type=\"widget\" data-widget_type=\"image.default\">\n\t\t\t\t\t\t\t\t\t\t\t\t\t\t\t<img fetchpriority=\"high\" decoding=\"async\" width=\"800\" height=\"380\" src=\"https:\/\/www.automoli.com\/wp-content\/uploads\/2021\/07\/aml-enter_vin.png\" class=\"attachment-full size-full wp-image-4743\" alt=\"\" srcset=\"https:\/\/www.automoli.com\/wp-content\/uploads\/2021\/07\/aml-enter_vin.png 800w, https:\/\/www.automoli.com\/wp-content\/uploads\/2021\/07\/aml-enter_vin-300x143.png 300w, https:\/\/www.automoli.com\/wp-content\/uploads\/2021\/07\/aml-enter_vin-768x365.png 768w\" sizes=\"(max-width: 800px) 100vw, 800px\" title=\"\">\t\t\t\t\t\t\t\t\t\t\t\t\t\t\t<\/div>\n\t\t\t\t\t<\/div>\n\t\t<\/div>\n\t\t\t\t\t<\/div>\n\t\t<\/section>\n\t\t\t\t<section class=\"elementor-section elementor-top-section elementor-element elementor-element-6903c2a elementor-section-boxed elementor-section-height-default elementor-section-height-default\" data-id=\"6903c2a\" data-element_type=\"section\" data-e-type=\"section\">\n\t\t\t\t\t\t<div class=\"elementor-container elementor-column-gap-default\">\n\t\t\t\t\t<div class=\"elementor-column elementor-col-100 elementor-top-column elementor-element elementor-element-8d4c0f1\" data-id=\"8d4c0f1\" data-element_type=\"column\" data-e-type=\"column\">\n\t\t\t<div class=\"elementor-widget-wrap elementor-element-populated\">\n\t\t\t\t\t\t<div class=\"elementor-element elementor-element-761cd92 elementor-widget elementor-widget-heading\" data-id=\"761cd92\" data-element_type=\"widget\" data-e-type=\"widget\" data-widget_type=\"heading.default\">\n\t\t\t\t\t<h2 class=\"elementor-heading-title elementor-size-default\">Krok 2. Poznaj cen\u0119 i zakres sprawdzanych danych <\/h2>\t\t\t\t<\/div>\n\t\t\t\t<div class=\"elementor-element elementor-element-ee233e2 elementor-widget elementor-widget-text-editor\" data-id=\"ee233e2\" data-element_type=\"widget\" data-e-type=\"widget\" data-widget_type=\"text-editor.default\">\n\t\t\t\t\t\t\t\t\tW tym kroku dowiesz si\u0119, \u017ce znale\u017ali\u015bmy pewne informacje o poje\u017adzie na podstawie podanego numeru VIN lub tablicy rejestracyjnej. Na tym etapie mo\u017cesz przeczyta\u0107 r\u00f3wnie\u017c, \u017ce nasze raporty historii pojazdu weryfikuj\u0105 informacje na temat:\n<ul>\n \t<li>historii pojazdu i wydarze\u0144,<\/li>\n \t<li>odczyt\u00f3w przebiegu,<\/li>\n \t<li>rejestr\u00f3w poszukiwanych pojazd\u00f3w,<\/li>\n \t<li>danych technicznych,<\/li>\n \t<li>zdj\u0119\u0107 archiwalnych,<\/li>\n \t<li>a tak\u017ce wad konkretnego modelu.<\/li>\n<\/ul>\nW tym miejscu decydujesz r\u00f3wnie\u017c czy chcesz zakupi\u0107 ten jeden konkretny raport, czy te\u017c zakupi\u0107 pakiet 2 lub 3 dodatkowych raport\u00f3w do wykorzystania w dowolnym terminie przez 90 dni od daty zakupu. Im wi\u0119cej tym taniej! Z naszego do\u015bwiadczenia wynika, \u017ce zakup wymarzonego pojazdu wymaga sprawdzenia historii co najmniej 2 aut.<\/span>\n\nUwaga: Dost\u0119p do raportu wygenerowanego na podstawie numeru VIN lub tablicy rejestracyjnej wynosi w ka\u017cdym wypadku 30 dni.\n\nPrzyk\u0142ad oferowanego przez nas raportu znajdziesz w sekcji \u201c<a href=\"https:\/\/www.automoli.com\/pl\/przykladowe-raporty\">Przyk\u0142adowy raport<\/a>\u201d\t\t\t\t\t\t\t\t<\/div>\n\t\t\t\t\t<\/div>\n\t\t<\/div>\n\t\t\t\t\t<\/div>\n\t\t<\/section>\n\t\t\t\t<section class=\"elementor-section elementor-top-section elementor-element elementor-element-8442b75 elementor-section-boxed elementor-section-height-default elementor-section-height-default\" data-id=\"8442b75\" data-element_type=\"section\" data-e-type=\"section\">\n\t\t\t\t\t\t<div class=\"elementor-container elementor-column-gap-default\">\n\t\t\t\t\t<div class=\"elementor-column elementor-col-100 elementor-top-column elementor-element elementor-element-e0ccb7e\" data-id=\"e0ccb7e\" data-element_type=\"column\" data-e-type=\"column\">\n\t\t\t<div class=\"elementor-widget-wrap elementor-element-populated\">\n\t\t\t\t\t\t<div class=\"elementor-element elementor-element-d20d176 elementor-widget elementor-widget-heading\" data-id=\"d20d176\" data-element_type=\"widget\" data-e-type=\"widget\" data-widget_type=\"heading.default\">\n\t\t\t\t\t<h2 class=\"elementor-heading-title elementor-size-default\">Krok 3. Kup raport lub kilka\n<\/h2>\t\t\t\t<\/div>\n\t\t\t\t<div class=\"elementor-element elementor-element-abd8f13 elementor-widget__width-initial elementor-widget elementor-widget-text-editor\" data-id=\"abd8f13\" data-element_type=\"widget\" data-e-type=\"widget\" data-widget_type=\"text-editor.default\">\n\t\t\t\t\t\t\t\t\t<p>Je\u015bli posiadasz kod rabatowy lub kod PREPAID wpisz go zanim wybierzesz spos\u00f3b p\u0142atno\u015bci. Uzupe\u0142nij adres email, kt\u00f3ry jest tak\u017ce loginem do twojego konta. Przygotowali\u015bmy dla Ciebie wiele wygodnych form p\u0142atno\u015bci. Po dokonaniu wyboru post\u0119puj zgodnie z instrukcjami na ekranie.<\/p><p>Czas oczekiwania na realizacj\u0119 p\u0142atno\u015bci wynosi zazwyczaj 2-3 minuty, jednak w przypadku wyj\u0105tkowych sytuacji czas oczekiwania na p\u0142atno\u015b\u0107 mo\u017ce si\u0119 wyj\u0105tkowo wyd\u0142u\u017cy\u0107.<\/p><p>Po udanej p\u0142atno\u015bci otrzymasz maila z informacj\u0105 potwierdzaj\u0105c\u0105 p\u0142atno\u015b\u0107 oraz je\u015bli to pierwszy zakup kolejnego maila z has\u0142em do konta. Je\u015bli kupujesz pierwszy raz i nie mo\u017cesz odnale\u017a\u0107 maila z has\u0142em koniecznie sprawd\u017a te\u017c folder SPAM.<\/p>\t\t\t\t\t\t\t\t<\/div>\n\t\t\t\t<div class=\"elementor-element elementor-element-32cdf55 elementor-widget elementor-widget-image\" data-id=\"32cdf55\" data-element_type=\"widget\" data-e-type=\"widget\" data-widget_type=\"image.default\">\n\t\t\t\t\t\t\t\t\t\t\t\t\t\t\t<img decoding=\"async\" width=\"784\" height=\"600\" src=\"https:\/\/www.automoli.com\/wp-content\/uploads\/2024\/07\/aml-precheck-pac.svg\" class=\"attachment-full size-full wp-image-50356\" alt=\"\" title=\"\">\t\t\t\t\t\t\t\t\t\t\t\t\t\t\t<\/div>\n\t\t\t\t<div class=\"elementor-element elementor-element-61c84e3 elementor-widget elementor-widget-image\" data-id=\"61c84e3\" data-element_type=\"widget\" data-e-type=\"widget\" data-widget_type=\"image.default\">\n\t\t\t\t\t\t\t\t\t\t\t\t\t\t\t<img decoding=\"async\" width=\"820\" height=\"345\" src=\"https:\/\/www.automoli.com\/wp-content\/uploads\/2021\/07\/aml-payment.png\" class=\"attachment-full size-full wp-image-4785\" alt=\"\" srcset=\"https:\/\/www.automoli.com\/wp-content\/uploads\/2021\/07\/aml-payment.png 820w, https:\/\/www.automoli.com\/wp-content\/uploads\/2021\/07\/aml-payment-300x126.png 300w, https:\/\/www.automoli.com\/wp-content\/uploads\/2021\/07\/aml-payment-768x323.png 768w\" sizes=\"(max-width: 820px) 100vw, 820px\" title=\"\">\t\t\t\t\t\t\t\t\t\t\t\t\t\t\t<\/div>\n\t\t\t\t\t<\/div>\n\t\t<\/div>\n\t\t\t\t\t<\/div>\n\t\t<\/section>\n\t\t\t\t<section class=\"elementor-section elementor-top-section elementor-element elementor-element-9e3e2f0 elementor-section-boxed elementor-section-height-default elementor-section-height-default\" data-id=\"9e3e2f0\" data-element_type=\"section\" data-e-type=\"section\">\n\t\t\t\t\t\t<div class=\"elementor-container elementor-column-gap-default\">\n\t\t\t\t\t<div class=\"elementor-column elementor-col-100 elementor-top-column elementor-element elementor-element-ca67ea3\" data-id=\"ca67ea3\" data-element_type=\"column\" data-e-type=\"column\">\n\t\t\t<div class=\"elementor-widget-wrap elementor-element-populated\">\n\t\t\t\t\t\t<div class=\"elementor-element elementor-element-8c5d67b elementor-widget elementor-widget-heading\" data-id=\"8c5d67b\" data-element_type=\"widget\" data-e-type=\"widget\" data-widget_type=\"heading.default\">\n\t\t\t\t\t<h2 class=\"elementor-heading-title elementor-size-default\">Krok 4. Zaloguj si\u0119 i zobacz raport<\/h2>\t\t\t\t<\/div>\n\t\t\t\t<div class=\"elementor-element elementor-element-2bdbd2d elementor-widget elementor-widget-text-editor\" data-id=\"2bdbd2d\" data-element_type=\"widget\" data-e-type=\"widget\" data-widget_type=\"text-editor.default\">\n\t\t\t\t\t\t\t\t\t<p>Po podaniu adresu mailowego i has\u0142a zaloguj si\u0119 do swojego konta.<\/p><p>Raport zacznie si\u0119 generowa\u0107 natychmiast po potwierdzeniu przez system p\u0142atno\u015bci, kt\u00f3ry wybra\u0142e\u015b w poprzednim kroku. Kompilowanie danych i przygotowanie raportu nie powinno zaj\u0105\u0107 wi\u0119cej ni\u017c kilka minut. Raporty b\u0119dziemy przechowywa\u0107 na Twoim koncie do 30 dni. Pozosta\u0142e raporty kt\u00f3re zakupi\u0142e\u015b w pakiecie b\u0119da do wykorzystania z poziomu Twojego konta w dowolnym, lecz nie p\u00f3\u017aniej ni\u017c 90 dni od daty zakupu.<\/p>\t\t\t\t\t\t\t\t<\/div>\n\t\t\t\t\t<\/div>\n\t\t<\/div>\n\t\t\t\t\t<\/div>\n\t\t<\/section>\n\t\t\t\t<\/div>\n\t\t","protected":false},"excerpt":{"rendered":"<p>Jak zam\u00f3wi\u0107 raport z histori\u0105 pojazdu Niezale\u017cnie od tego jak trafisz na stron\u0119 Automoli czy przez bloga, czy przez stron\u0119 g\u0142\u00f3wn\u0105, czy szuka\u0142e\u015b informacji o VIN, czy o historii pojazdu. Nie wa\u017cne, w ka\u017cdym miejscu dla Twojej wygody s\u0105 pola do sprawdzenia numeru VIN lub tablicy rejestracyjnej.\u00a0 Krok 1. Podaj numer VIN lub numer tablicy [&hellip;]<\/p>\n","protected":false},"author":3,"featured_media":0,"parent":0,"menu_order":0,"comment_status":"closed","ping_status":"closed","template":"","meta":{"inline_featured_image":false,"footnotes":""},"class_list":["post-50355","page","type-page","status-publish","hentry"],"_links":{"self":[{"href":"https:\/\/www.automoli.com\/pl\/wp-json\/wp\/v2\/pages\/50355","targetHints":{"allow":["GET"]}}],"collection":[{"href":"https:\/\/www.automoli.com\/pl\/wp-json\/wp\/v2\/pages"}],"about":[{"href":"https:\/\/www.automoli.com\/pl\/wp-json\/wp\/v2\/types\/page"}],"author":[{"embeddable":true,"href":"https:\/\/www.automoli.com\/pl\/wp-json\/wp\/v2\/users\/3"}],"replies":[{"embeddable":true,"href":"https:\/\/www.automoli.com\/pl\/wp-json\/wp\/v2\/comments?post=50355"}],"version-history":[{"count":2,"href":"https:\/\/www.automoli.com\/pl\/wp-json\/wp\/v2\/pages\/50355\/revisions"}],"predecessor-version":[{"id":53478,"href":"https:\/\/www.automoli.com\/pl\/wp-json\/wp\/v2\/pages\/50355\/revisions\/53478"}],"wp:attachment":[{"href":"https:\/\/www.automoli.com\/pl\/wp-json\/wp\/v2\/media?parent=50355"}],"curies":[{"name":"wp","href":"https:\/\/api.w.org\/{rel}","templated":true}]}}