{"id":50697,"date":"2024-08-07T14:19:43","date_gmt":"2024-08-07T12:19:43","guid":{"rendered":"https:\/\/www.automoli.com\/slik-bestiller-du-en-rapport"},"modified":"2024-11-21T11:18:02","modified_gmt":"2024-11-21T10:18:02","slug":"slik-bestiller-du-en-rapport","status":"publish","type":"page","link":"https:\/\/www.automoli.com\/no\/slik-bestiller-du-en-rapport","title":{"rendered":"Slik bestiller du en rapport"},"content":{"rendered":"\t\t<div data-elementor-type=\"wp-page\" data-elementor-id=\"50697\" class=\"elementor elementor-50697 elementor-50355\" data-elementor-post-type=\"page\">\n\t\t\t\t\t\t<section class=\"elementor-section elementor-top-section elementor-element elementor-element-2b4ecd5 elementor-section-boxed elementor-section-height-default elementor-section-height-default\" data-id=\"2b4ecd5\" data-element_type=\"section\" data-e-type=\"section\" data-settings=\"{&quot;background_background&quot;:&quot;classic&quot;,&quot;shape_divider_bottom&quot;:&quot;triangle&quot;,&quot;shape_divider_bottom_negative&quot;:&quot;yes&quot;}\">\n\t\t\t\t\t<div class=\"elementor-shape elementor-shape-bottom\" aria-hidden=\"true\" data-negative=\"true\">\n\t\t\t<svg xmlns=\"http:\/\/www.w3.org\/2000\/svg\" viewBox=\"0 0 1000 100\" preserveAspectRatio=\"none\">\n\t<path class=\"elementor-shape-fill\" d=\"M500.2,94.7L0,0v100h1000V0L500.2,94.7z\"\/>\n<\/svg>\t\t<\/div>\n\t\t\t\t\t<div class=\"elementor-container elementor-column-gap-default\">\n\t\t\t\t\t<div class=\"elementor-column elementor-col-100 elementor-top-column elementor-element elementor-element-c4f3fe0\" data-id=\"c4f3fe0\" data-element_type=\"column\" data-e-type=\"column\">\n\t\t\t<div class=\"elementor-widget-wrap elementor-element-populated\">\n\t\t\t\t\t\t<div class=\"elementor-element elementor-element-f1a6006 elementor-widget elementor-widget-heading\" data-id=\"f1a6006\" data-element_type=\"widget\" data-e-type=\"widget\" data-widget_type=\"heading.default\">\n\t\t\t\t\t<h1 class=\"elementor-heading-title elementor-size-default\">Hvordan kan man bestille rapport om kj\u00f8ret\u00f8yets historikk?<\/h1>\t\t\t\t<\/div>\n\t\t\t\t<div class=\"elementor-element elementor-element-dbcb37d elementor-widget elementor-widget-text-editor\" data-id=\"dbcb37d\" data-element_type=\"widget\" data-e-type=\"widget\" data-widget_type=\"text-editor.default\">\n\t\t\t\t\t\t\t\t\t<p>Uansett hvordan du kommer til Automolas nettsted, enten det er via bloggen eller hjemmesiden, enten du leter etter VIN-informasjon eller kj\u00f8ret\u00f8yhistorikk. Det spiller ingen rolle, det er bokser for \u00e5 sjekke VIN eller nummerskilt p\u00e5 hvert sted for din bekvemmelighet.  <\/p>\n\t\t\t\t\t\t\t\t<\/div>\n\t\t\t\t\t<\/div>\n\t\t<\/div>\n\t\t\t\t\t<\/div>\n\t\t<\/section>\n\t\t\t\t<section class=\"elementor-section elementor-top-section elementor-element elementor-element-0d0d160 elementor-section-boxed elementor-section-height-default elementor-section-height-default\" data-id=\"0d0d160\" data-element_type=\"section\" data-e-type=\"section\">\n\t\t\t\t\t\t<div class=\"elementor-container elementor-column-gap-default\">\n\t\t\t\t\t<div class=\"elementor-column elementor-col-100 elementor-top-column elementor-element elementor-element-7cdcf9c\" data-id=\"7cdcf9c\" data-element_type=\"column\" data-e-type=\"column\">\n\t\t\t<div class=\"elementor-widget-wrap elementor-element-populated\">\n\t\t\t\t\t\t<div class=\"elementor-element elementor-element-128440c elementor-widget elementor-widget-heading\" data-id=\"128440c\" data-element_type=\"widget\" data-e-type=\"widget\" data-widget_type=\"heading.default\">\n\t\t\t\t\t<h2 class=\"elementor-heading-title elementor-size-default\">Trinn 1. Skriv inn VIN- eller registreringsnummeret <\/h2>\t\t\t\t<\/div>\n\t\t\t\t<div class=\"elementor-element elementor-element-7f76fc2 elementor-widget elementor-widget-text-editor\" data-id=\"7f76fc2\" data-element_type=\"widget\" data-e-type=\"widget\" data-widget_type=\"text-editor.default\">\n\t\t\t\t\t\t\t\t\t<p><span style=\"font-weight: 400;\">Skriv inn det riktige antallet tegn i boksen, og klikk p\u00e5 &laquo;Sjekk&raquo;.<\/span><\/p>\n\t\t\t\t\t\t\t\t<\/div>\n\t\t\t\t<div class=\"elementor-element elementor-element-1b9af0e elementor-widget elementor-widget-image\" data-id=\"1b9af0e\" data-element_type=\"widget\" data-e-type=\"widget\" data-widget_type=\"image.default\">\n\t\t\t\t\t\t\t\t\t\t\t\t\t\t\t<img fetchpriority=\"high\" decoding=\"async\" width=\"800\" height=\"380\" src=\"https:\/\/www.automoli.com\/wp-content\/uploads\/2021\/07\/aml-enter_vin.png\" class=\"attachment-full size-full wp-image-4755\" alt=\"\" srcset=\"https:\/\/www.automoli.com\/wp-content\/uploads\/2021\/07\/aml-enter_vin.png 800w, https:\/\/www.automoli.com\/wp-content\/uploads\/2021\/07\/aml-enter_vin-300x143.png 300w, https:\/\/www.automoli.com\/wp-content\/uploads\/2021\/07\/aml-enter_vin-768x365.png 768w\" sizes=\"(max-width: 800px) 100vw, 800px\" title=\"\">\t\t\t\t\t\t\t\t\t\t\t\t\t\t\t<\/div>\n\t\t\t\t\t<\/div>\n\t\t<\/div>\n\t\t\t\t\t<\/div>\n\t\t<\/section>\n\t\t\t\t<section class=\"elementor-section elementor-top-section elementor-element elementor-element-6903c2a elementor-section-boxed elementor-section-height-default elementor-section-height-default\" data-id=\"6903c2a\" data-element_type=\"section\" data-e-type=\"section\">\n\t\t\t\t\t\t<div class=\"elementor-container elementor-column-gap-default\">\n\t\t\t\t\t<div class=\"elementor-column elementor-col-100 elementor-top-column elementor-element elementor-element-8d4c0f1\" data-id=\"8d4c0f1\" data-element_type=\"column\" data-e-type=\"column\">\n\t\t\t<div class=\"elementor-widget-wrap elementor-element-populated\">\n\t\t\t\t\t\t<div class=\"elementor-element elementor-element-761cd92 elementor-widget elementor-widget-heading\" data-id=\"761cd92\" data-element_type=\"widget\" data-e-type=\"widget\" data-widget_type=\"heading.default\">\n\t\t\t\t\t<h2 class=\"elementor-heading-title elementor-size-default\">Trinn 2. Kjenn prisen og omfanget av dataene som skal kontrolleres  <\/h2>\t\t\t\t<\/div>\n\t\t\t\t<div class=\"elementor-element elementor-element-ee233e2 elementor-widget elementor-widget-text-editor\" data-id=\"ee233e2\" data-element_type=\"widget\" data-e-type=\"widget\" data-widget_type=\"text-editor.default\">\n\t\t\t\t\t\t\t\t\tI dette trinnet vil du f\u00e5 vite at vi har funnet viss informasjon om kj\u00f8ret\u00f8yet basert p\u00e5 det oppgitte VIN-nummeret eller registreringsnummeret. P\u00e5 dette stadiet kan du ogs\u00e5 lese at v\u00e5re kj\u00f8ret\u00f8yhistorikkrapporter verifiserer informasjon om: \n<ul>\n \t<li>kj\u00f8ret\u00f8yets historie og hendelser,<\/li>\n \t<li>kj\u00f8relengdeavlesninger,<\/li>\n \t<li>registre over kj\u00f8ret\u00f8y som s\u00f8kes,<\/li>\n \t<li>tekniske data,<\/li>\n \t<li>arkivfotografier,<\/li>\n \t<li>samt ulempene ved en bestemt modell.<\/li>\n<\/ul>\nHer bestemmer du ogs\u00e5 om du vil kj\u00f8pe denne ene spesifikke rapporten, eller om du vil kj\u00f8pe en pakke med 2 eller 3 ekstra rapporter som kan brukes n\u00e5r som helst innen 90 dager fra kj\u00f8psdatoen. Jo mer du kj\u00f8per, jo billigere blir det! Fra v\u00e5r erfaring krever kj\u00f8p av dr\u00f8mmevekkeren at man sjekker historien til minst 2 biler.  <\/span>\n\nMerk: Tilgang til rapporten generert basert p\u00e5 VIN-nummeret eller registreringsnummeret er i alle fall 30 dager. Eksempel p\u00e5 rapporten vi tilbyr finner du i seksjonen &laquo;<a href=\"https:\/\/www.automoli.com\/no\/eksempelrapporter\">Eksempelrapport<\/a>&laquo;.\n\n\t\t\t\t\t\t\t\t<\/div>\n\t\t\t\t\t<\/div>\n\t\t<\/div>\n\t\t\t\t\t<\/div>\n\t\t<\/section>\n\t\t\t\t<section class=\"elementor-section elementor-top-section elementor-element elementor-element-8442b75 elementor-section-boxed elementor-section-height-default elementor-section-height-default\" data-id=\"8442b75\" data-element_type=\"section\" data-e-type=\"section\">\n\t\t\t\t\t\t<div class=\"elementor-container elementor-column-gap-default\">\n\t\t\t\t\t<div class=\"elementor-column elementor-col-100 elementor-top-column elementor-element elementor-element-e0ccb7e\" data-id=\"e0ccb7e\" data-element_type=\"column\" data-e-type=\"column\">\n\t\t\t<div class=\"elementor-widget-wrap elementor-element-populated\">\n\t\t\t\t\t\t<div class=\"elementor-element elementor-element-d20d176 elementor-widget elementor-widget-heading\" data-id=\"d20d176\" data-element_type=\"widget\" data-e-type=\"widget\" data-widget_type=\"heading.default\">\n\t\t\t\t\t<h2 class=\"elementor-heading-title elementor-size-default\">Trinn 3. Kj\u00f8p rapport eller flere \n<\/h2>\t\t\t\t<\/div>\n\t\t\t\t<div class=\"elementor-element elementor-element-abd8f13 elementor-widget__width-initial elementor-widget elementor-widget-text-editor\" data-id=\"abd8f13\" data-element_type=\"widget\" data-e-type=\"widget\" data-widget_type=\"text-editor.default\">\n\t\t\t\t\t\t\t\t\t<p>Hvis du har en rabattkode eller en PREPAID-kode, skriv den inn, f\u00f8r du velger betalingsm\u00e5te. Fyll ut e-postadressen som ogs\u00e5 er login til kontoen din. Vi har utarbeidet mange praktiske betalingsm\u00e5ter for deg. N\u00e5r du har valgt den, f\u00f8lg instruksjonene p\u00e5 skjermen.   <\/p>\n<p>Ventetiden for betalingsbehandling er vanligvis 2-3 minutter, men i unntakstilfeller kan ventetiden for betaling bli eksepsjonelt lang.<\/p>\n<p>Etter en vellykket betaling, vil du motta en e-post med informasjon som bekrefter betalingen, og hvis det er ditt f\u00f8rste kj\u00f8p, en annen e-post med passordet til kontoen. Hvis du kj\u00f8per for f\u00f8rste gang og ikke finner e-postadressen med passordet, vennligst sjekk SPAM-mappen. <\/p>\n\t\t\t\t\t\t\t\t<\/div>\n\t\t\t\t<div class=\"elementor-element elementor-element-32cdf55 elementor-widget elementor-widget-image\" data-id=\"32cdf55\" data-element_type=\"widget\" data-e-type=\"widget\" data-widget_type=\"image.default\">\n\t\t\t\t\t\t\t\t\t\t\t\t\t\t\t<img decoding=\"async\" width=\"1\" height=\"1\" src=\"https:\/\/www.automoli.com\/wp-content\/uploads\/2024\/07\/aml-precheck-pac.svg\" class=\"attachment-full size-full wp-image-50376\" alt=\"\" title=\"\">\t\t\t\t\t\t\t\t\t\t\t\t\t\t\t<\/div>\n\t\t\t\t<div class=\"elementor-element elementor-element-61c84e3 elementor-widget elementor-widget-image\" data-id=\"61c84e3\" data-element_type=\"widget\" data-e-type=\"widget\" data-widget_type=\"image.default\">\n\t\t\t\t\t\t\t\t\t\t\t\t\t\t\t<img decoding=\"async\" width=\"820\" height=\"345\" src=\"https:\/\/www.automoli.com\/wp-content\/uploads\/2021\/07\/aml-payment.png\" class=\"attachment-full size-full wp-image-4797\" alt=\"\" srcset=\"https:\/\/www.automoli.com\/wp-content\/uploads\/2021\/07\/aml-payment.png 820w, https:\/\/www.automoli.com\/wp-content\/uploads\/2021\/07\/aml-payment-300x126.png 300w, https:\/\/www.automoli.com\/wp-content\/uploads\/2021\/07\/aml-payment-768x323.png 768w\" sizes=\"(max-width: 820px) 100vw, 820px\" title=\"\">\t\t\t\t\t\t\t\t\t\t\t\t\t\t\t<\/div>\n\t\t\t\t\t<\/div>\n\t\t<\/div>\n\t\t\t\t\t<\/div>\n\t\t<\/section>\n\t\t\t\t<section class=\"elementor-section elementor-top-section elementor-element elementor-element-9e3e2f0 elementor-section-boxed elementor-section-height-default elementor-section-height-default\" data-id=\"9e3e2f0\" data-element_type=\"section\" data-e-type=\"section\">\n\t\t\t\t\t\t<div class=\"elementor-container elementor-column-gap-default\">\n\t\t\t\t\t<div class=\"elementor-column elementor-col-100 elementor-top-column elementor-element elementor-element-ca67ea3\" data-id=\"ca67ea3\" data-element_type=\"column\" data-e-type=\"column\">\n\t\t\t<div class=\"elementor-widget-wrap elementor-element-populated\">\n\t\t\t\t\t\t<div class=\"elementor-element elementor-element-8c5d67b elementor-widget elementor-widget-heading\" data-id=\"8c5d67b\" data-element_type=\"widget\" data-e-type=\"widget\" data-widget_type=\"heading.default\">\n\t\t\t\t\t<h2 class=\"elementor-heading-title elementor-size-default\">Trinn 4. Logg inn og se rapporten <\/h2>\t\t\t\t<\/div>\n\t\t\t\t<div class=\"elementor-element elementor-element-2bdbd2d elementor-widget elementor-widget-text-editor\" data-id=\"2bdbd2d\" data-element_type=\"widget\" data-e-type=\"widget\" data-widget_type=\"text-editor.default\">\n\t\t\t\t\t\t\t\t\t<p>Logg p\u00e5 kontoen din ved \u00e5 angi e-postadressen og passordet.<\/p>\n<p>Rapporten vil begynne \u00e5 genereres umiddelbart etter bekreftelse fra betalingssystemet du valgte i forrige trinn. Kompilering av data og forberedelse av rapporten b\u00f8r ikke ta mer enn noen f\u00e5 minutter. Vi vil lagre rapportene p\u00e5 kontoen din i opptil 30 dager. De andre rapportene du har kj\u00f8pt i pakken vil v\u00e6re tilgjengelige fra kontoen din i hvilken som helst, men ikke senere enn 90 dager fra kj\u00f8psdatoen.   <\/p>\n\t\t\t\t\t\t\t\t<\/div>\n\t\t\t\t\t<\/div>\n\t\t<\/div>\n\t\t\t\t\t<\/div>\n\t\t<\/section>\n\t\t\t\t<\/div>\n\t\t","protected":false},"excerpt":{"rendered":"<p>Hvordan kan man bestille rapport om kj\u00f8ret\u00f8yets historikk? Uansett hvordan du kommer til Automolas nettsted, enten det er via bloggen eller hjemmesiden, enten du leter etter VIN-informasjon eller kj\u00f8ret\u00f8yhistorikk. Det spiller ingen rolle, det er bokser for \u00e5 sjekke VIN eller nummerskilt p\u00e5 hvert sted for din bekvemmelighet. Trinn 1. Skriv inn VIN- eller registreringsnummeret [&hellip;]<\/p>\n","protected":false},"author":3,"featured_media":0,"parent":0,"menu_order":0,"comment_status":"closed","ping_status":"closed","template":"","meta":{"inline_featured_image":false,"footnotes":""},"class_list":["post-50697","page","type-page","status-publish","hentry"],"_links":{"self":[{"href":"https:\/\/www.automoli.com\/no\/wp-json\/wp\/v2\/pages\/50697","targetHints":{"allow":["GET"]}}],"collection":[{"href":"https:\/\/www.automoli.com\/no\/wp-json\/wp\/v2\/pages"}],"about":[{"href":"https:\/\/www.automoli.com\/no\/wp-json\/wp\/v2\/types\/page"}],"author":[{"embeddable":true,"href":"https:\/\/www.automoli.com\/no\/wp-json\/wp\/v2\/users\/3"}],"replies":[{"embeddable":true,"href":"https:\/\/www.automoli.com\/no\/wp-json\/wp\/v2\/comments?post=50697"}],"version-history":[{"count":2,"href":"https:\/\/www.automoli.com\/no\/wp-json\/wp\/v2\/pages\/50697\/revisions"}],"predecessor-version":[{"id":53509,"href":"https:\/\/www.automoli.com\/no\/wp-json\/wp\/v2\/pages\/50697\/revisions\/53509"}],"wp:attachment":[{"href":"https:\/\/www.automoli.com\/no\/wp-json\/wp\/v2\/media?parent=50697"}],"curies":[{"name":"wp","href":"https:\/\/api.w.org\/{rel}","templated":true}]}}