{"id":50707,"date":"2024-08-07T14:46:29","date_gmt":"2024-08-07T12:46:29","guid":{"rendered":"https:\/\/www.automoli.com\/ka-pasutit-zinojumu"},"modified":"2024-11-21T10:57:32","modified_gmt":"2024-11-21T09:57:32","slug":"ka-pasutit-zinojumu","status":"publish","type":"page","link":"https:\/\/www.automoli.com\/lv\/ka-pasutit-zinojumu","title":{"rendered":"K\u0101 pas\u016bt\u012bt zi\u0146ojumu"},"content":{"rendered":"\t\t<div data-elementor-type=\"wp-page\" data-elementor-id=\"50707\" class=\"elementor elementor-50707 elementor-50355\" data-elementor-post-type=\"page\">\n\t\t\t\t\t\t<section class=\"elementor-section elementor-top-section elementor-element elementor-element-2b4ecd5 elementor-section-boxed elementor-section-height-default elementor-section-height-default\" data-id=\"2b4ecd5\" data-element_type=\"section\" data-e-type=\"section\" data-settings=\"{&quot;background_background&quot;:&quot;classic&quot;,&quot;shape_divider_bottom&quot;:&quot;triangle&quot;,&quot;shape_divider_bottom_negative&quot;:&quot;yes&quot;}\">\n\t\t\t\t\t<div class=\"elementor-shape elementor-shape-bottom\" aria-hidden=\"true\" data-negative=\"true\">\n\t\t\t<svg xmlns=\"http:\/\/www.w3.org\/2000\/svg\" viewBox=\"0 0 1000 100\" preserveAspectRatio=\"none\">\n\t<path class=\"elementor-shape-fill\" d=\"M500.2,94.7L0,0v100h1000V0L500.2,94.7z\"\/>\n<\/svg>\t\t<\/div>\n\t\t\t\t\t<div class=\"elementor-container elementor-column-gap-default\">\n\t\t\t\t\t<div class=\"elementor-column elementor-col-100 elementor-top-column elementor-element elementor-element-c4f3fe0\" data-id=\"c4f3fe0\" data-element_type=\"column\" data-e-type=\"column\">\n\t\t\t<div class=\"elementor-widget-wrap elementor-element-populated\">\n\t\t\t\t\t\t<div class=\"elementor-element elementor-element-f1a6006 elementor-widget elementor-widget-heading\" data-id=\"f1a6006\" data-element_type=\"widget\" data-e-type=\"widget\" data-widget_type=\"heading.default\">\n\t\t\t\t\t<h1 class=\"elementor-heading-title elementor-size-default\">K\u0101 pas\u016bt\u012bt transportl\u012bdzek\u013ca v\u0113stures zi\u0146ojumu<\/h1>\t\t\t\t<\/div>\n\t\t\t\t<div class=\"elementor-element elementor-element-dbcb37d elementor-widget elementor-widget-text-editor\" data-id=\"dbcb37d\" data-element_type=\"widget\" data-e-type=\"widget\" data-widget_type=\"text-editor.default\">\n\t\t\t\t\t\t\t\t\t<p>Neatkar\u012bgi no t\u0101, k\u0101 j\u016bs non\u0101kat Automola t\u012bmek\u013ca vietn\u0113, vai tas b\u016btu blogs vai s\u0101kumlapa, vai j\u016bs mekl\u0113jat inform\u0101ciju par VIN vai transportl\u012bdzek\u013ca v\u0113sturi. Tam nav noz\u012bmes, jo j\u016bsu \u0113rt\u012bbai katr\u0101 viet\u0101 ir lodzi\u0146i, kur p\u0101rbaud\u012bt VIN vai numura z\u012bmi.  <\/p>\n\t\t\t\t\t\t\t\t<\/div>\n\t\t\t\t\t<\/div>\n\t\t<\/div>\n\t\t\t\t\t<\/div>\n\t\t<\/section>\n\t\t\t\t<section class=\"elementor-section elementor-top-section elementor-element elementor-element-0d0d160 elementor-section-boxed elementor-section-height-default elementor-section-height-default\" data-id=\"0d0d160\" data-element_type=\"section\" data-e-type=\"section\">\n\t\t\t\t\t\t<div class=\"elementor-container elementor-column-gap-default\">\n\t\t\t\t\t<div class=\"elementor-column elementor-col-100 elementor-top-column elementor-element elementor-element-7cdcf9c\" data-id=\"7cdcf9c\" data-element_type=\"column\" data-e-type=\"column\">\n\t\t\t<div class=\"elementor-widget-wrap elementor-element-populated\">\n\t\t\t\t\t\t<div class=\"elementor-element elementor-element-128440c elementor-widget elementor-widget-heading\" data-id=\"128440c\" data-element_type=\"widget\" data-e-type=\"widget\" data-widget_type=\"heading.default\">\n\t\t\t\t\t<h2 class=\"elementor-heading-title elementor-size-default\">1. solis. ievadiet VIN vai numura z\u012bmes numuru. <\/h2>\t\t\t\t<\/div>\n\t\t\t\t<div class=\"elementor-element elementor-element-7f76fc2 elementor-widget elementor-widget-text-editor\" data-id=\"7f76fc2\" data-element_type=\"widget\" data-e-type=\"widget\" data-widget_type=\"text-editor.default\">\n\t\t\t\t\t\t\t\t\t<p><span style=\"font-weight: 400;\">Iesniegtaj\u0101 lodzi\u0146\u0101 ievadiet attiec\u012bgo rakstz\u012bmju skaitu un noklik\u0161\u0137iniet uz &#8220;Check&#8221;.<\/span><\/p>\n\t\t\t\t\t\t\t\t<\/div>\n\t\t\t\t<div class=\"elementor-element elementor-element-1b9af0e elementor-widget elementor-widget-image\" data-id=\"1b9af0e\" data-element_type=\"widget\" data-e-type=\"widget\" data-widget_type=\"image.default\">\n\t\t\t\t\t\t\t\t\t\t\t\t\t\t\t<img fetchpriority=\"high\" decoding=\"async\" width=\"800\" height=\"380\" src=\"https:\/\/www.automoli.com\/wp-content\/uploads\/2021\/07\/aml-enter_vin.png\" class=\"attachment-full size-full wp-image-40397\" alt=\"\" srcset=\"https:\/\/www.automoli.com\/wp-content\/uploads\/2021\/07\/aml-enter_vin.png 800w, https:\/\/www.automoli.com\/wp-content\/uploads\/2021\/07\/aml-enter_vin-300x143.png 300w, https:\/\/www.automoli.com\/wp-content\/uploads\/2021\/07\/aml-enter_vin-768x365.png 768w\" sizes=\"(max-width: 800px) 100vw, 800px\" title=\"\">\t\t\t\t\t\t\t\t\t\t\t\t\t\t\t<\/div>\n\t\t\t\t\t<\/div>\n\t\t<\/div>\n\t\t\t\t\t<\/div>\n\t\t<\/section>\n\t\t\t\t<section class=\"elementor-section elementor-top-section elementor-element elementor-element-6903c2a elementor-section-boxed elementor-section-height-default elementor-section-height-default\" data-id=\"6903c2a\" data-element_type=\"section\" data-e-type=\"section\">\n\t\t\t\t\t\t<div class=\"elementor-container elementor-column-gap-default\">\n\t\t\t\t\t<div class=\"elementor-column elementor-col-100 elementor-top-column elementor-element elementor-element-8d4c0f1\" data-id=\"8d4c0f1\" data-element_type=\"column\" data-e-type=\"column\">\n\t\t\t<div class=\"elementor-widget-wrap elementor-element-populated\">\n\t\t\t\t\t\t<div class=\"elementor-element elementor-element-761cd92 elementor-widget elementor-widget-heading\" data-id=\"761cd92\" data-element_type=\"widget\" data-e-type=\"widget\" data-widget_type=\"heading.default\">\n\t\t\t\t\t<h2 class=\"elementor-heading-title elementor-size-default\">Solis Nr. 2. Ziniet p\u0101rbaud\u0101mo datu cenu un apjomu  <\/h2>\t\t\t\t<\/div>\n\t\t\t\t<div class=\"elementor-element elementor-element-ee233e2 elementor-widget elementor-widget-text-editor\" data-id=\"ee233e2\" data-element_type=\"widget\" data-e-type=\"widget\" data-widget_type=\"text-editor.default\">\n\t\t\t\t\t\t\t\t\t\u0160aj\u0101 sol\u012b uzzin\u0101sit, ka esam atradu\u0161i noteiktu inform\u0101ciju par transportl\u012bdzekli, pamatojoties uz nor\u0101d\u012bto VIN numuru vai re\u0123istr\u0101cijas numuru. \u0160aj\u0101 posm\u0101 j\u016bs varat ar\u012b izlas\u012bt, ka m\u016bsu transportl\u012bdzek\u013ca v\u0113stures zi\u0146ojumi p\u0101rbauda inform\u0101ciju par: \n<ul>\n \t<li>transportl\u012bdzek\u013ca v\u0113sture un notikumi,<\/li>\n \t<li>nobraukuma r\u0101d\u012bjumi,<\/li>\n \t<li>mekl\u0113tie transportl\u012bdzek\u013cu re\u0123istri,<\/li>\n \t<li>tehniskie dati,<\/li>\n \t<li>arh\u012bva fotogr\u0101fijas,<\/li>\n \t<li>k\u0101 ar\u012b konkr\u0113t\u0101 mode\u013ca tr\u016bkumi.<\/li>\n<\/ul>\n\u0160aj\u0101 viet\u0101 j\u016bs ar\u012b nolemjat, vai v\u0113laties ieg\u0101d\u0101ties \u0161o vienu konkr\u0113to zi\u0146ojumu vai ieg\u0101d\u0101ties 2 vai 3 papildu zi\u0146ojumu paketi, ko var izmantot jebkur\u0101 laik\u0101 90 dienu laik\u0101 no pirkuma datuma. Jo vair\u0101k, jo l\u0113t\u0101k! M\u016bsu pieredze liecina, ka sap\u0146u automobi\u013ca ieg\u0101dei nepiecie\u0161ams p\u0101rbaud\u012bt vismaz 2 automa\u0161\u012bnu v\u0113sturi.  <\/span>\n\nUzman\u012bbu: Piek\u013cuve atskait\u0113m, kas \u0123ener\u0113tas, pamatojoties uz VIN numuru vai re\u0123istr\u0101cijas numuru, katr\u0101 gad\u012bjum\u0101 ir 30 dienas. Piem\u0113ru no m\u016bsu pied\u0101v\u0101t\u0101s atskaites atrad\u012bsiet sada\u013c\u0101 \u201c<a href=\"https:\/\/www.automoli.com\/lv\/parauga-zinojumi\">Piem\u0113ra atskaite<\/a>\u201d\n\n\t\t\t\t\t\t\t\t<\/div>\n\t\t\t\t\t<\/div>\n\t\t<\/div>\n\t\t\t\t\t<\/div>\n\t\t<\/section>\n\t\t\t\t<section class=\"elementor-section elementor-top-section elementor-element elementor-element-8442b75 elementor-section-boxed elementor-section-height-default elementor-section-height-default\" data-id=\"8442b75\" data-element_type=\"section\" data-e-type=\"section\">\n\t\t\t\t\t\t<div class=\"elementor-container elementor-column-gap-default\">\n\t\t\t\t\t<div class=\"elementor-column elementor-col-100 elementor-top-column elementor-element elementor-element-e0ccb7e\" data-id=\"e0ccb7e\" data-element_type=\"column\" data-e-type=\"column\">\n\t\t\t<div class=\"elementor-widget-wrap elementor-element-populated\">\n\t\t\t\t\t\t<div class=\"elementor-element elementor-element-d20d176 elementor-widget elementor-widget-heading\" data-id=\"d20d176\" data-element_type=\"widget\" data-e-type=\"widget\" data-widget_type=\"heading.default\">\n\t\t\t\t\t<h2 class=\"elementor-heading-title elementor-size-default\">3. solis. Ieg\u0101d\u0101jieties zi\u0146ojumu vai vair\u0101kus \n<\/h2>\t\t\t\t<\/div>\n\t\t\t\t<div class=\"elementor-element elementor-element-abd8f13 elementor-widget__width-initial elementor-widget elementor-widget-text-editor\" data-id=\"abd8f13\" data-element_type=\"widget\" data-e-type=\"widget\" data-widget_type=\"text-editor.default\">\n\t\t\t\t\t\t\t\t\t<p>Ja jums ir atlai\u017eu kods vai iepriek\u0161maks\u0101juma kods, ievadiet to pirms maks\u0101juma veida izv\u0113les. Ievadiet savu e-pasta adresi, kas kalpos ar\u012b k\u0101 j\u016bsu konta pieteik\u0161an\u0101s. J\u016bs varat izv\u0113l\u0113ties daudzus \u0113rtus maks\u0101juma veidus. P\u0113c izv\u0113les sekojiet ekr\u0101n\u0101 redzamaj\u0101m instrukcij\u0101m.   <\/p>\n<p>Maks\u0101juma apstr\u0101des gaid\u012b\u0161anas laiks parasti ir 2-3 min\u016btes, ta\u010du \u0101rk\u0101rtas situ\u0101cij\u0101s maks\u0101juma gaid\u012b\u0161anas laiks var b\u016bt \u0101rk\u0101rt\u012bgi ilgs.<\/p>\n<p>Kad j\u016bsu maks\u0101jums ir veiksm\u012bgs, j\u016bs sa\u0146emsiet maks\u0101juma apstiprin\u0101juma e-pastu un &#8211; ja tas ir j\u016bsu pirm\u0101 pirkuma gad\u012bjum\u0101 &#8211; v\u0113l vienu e-pastu ar paroli j\u016bsu kontam. Ja j\u016bs esat pirmo reizi pirc\u0113js un nevarat atrast e-pastu ar savu paroli, p\u0101rliecinieties, vai p\u0101rbaud\u012bt ar\u012b SPAM mapi. <\/p>\n\t\t\t\t\t\t\t\t<\/div>\n\t\t\t\t<div class=\"elementor-element elementor-element-32cdf55 elementor-widget elementor-widget-image\" data-id=\"32cdf55\" data-element_type=\"widget\" data-e-type=\"widget\" data-widget_type=\"image.default\">\n\t\t\t\t\t\t\t\t\t\t\t\t\t\t\t<img decoding=\"async\" width=\"1\" height=\"1\" src=\"https:\/\/www.automoli.com\/wp-content\/uploads\/2024\/07\/aml-precheck-pac.svg\" class=\"attachment-full size-full wp-image-50374\" alt=\"\" title=\"\">\t\t\t\t\t\t\t\t\t\t\t\t\t\t\t<\/div>\n\t\t\t\t<div class=\"elementor-element elementor-element-61c84e3 elementor-widget elementor-widget-image\" data-id=\"61c84e3\" data-element_type=\"widget\" data-e-type=\"widget\" data-widget_type=\"image.default\">\n\t\t\t\t\t\t\t\t\t\t\t\t\t\t\t<img decoding=\"async\" width=\"820\" height=\"345\" src=\"https:\/\/www.automoli.com\/wp-content\/uploads\/2021\/07\/aml-payment.png\" class=\"attachment-full size-full wp-image-40401\" alt=\"\" srcset=\"https:\/\/www.automoli.com\/wp-content\/uploads\/2021\/07\/aml-payment.png 820w, https:\/\/www.automoli.com\/wp-content\/uploads\/2021\/07\/aml-payment-300x126.png 300w, https:\/\/www.automoli.com\/wp-content\/uploads\/2021\/07\/aml-payment-768x323.png 768w\" sizes=\"(max-width: 820px) 100vw, 820px\" title=\"\">\t\t\t\t\t\t\t\t\t\t\t\t\t\t\t<\/div>\n\t\t\t\t\t<\/div>\n\t\t<\/div>\n\t\t\t\t\t<\/div>\n\t\t<\/section>\n\t\t\t\t<section class=\"elementor-section elementor-top-section elementor-element elementor-element-9e3e2f0 elementor-section-boxed elementor-section-height-default elementor-section-height-default\" data-id=\"9e3e2f0\" data-element_type=\"section\" data-e-type=\"section\">\n\t\t\t\t\t\t<div class=\"elementor-container elementor-column-gap-default\">\n\t\t\t\t\t<div class=\"elementor-column elementor-col-100 elementor-top-column elementor-element elementor-element-ca67ea3\" data-id=\"ca67ea3\" data-element_type=\"column\" data-e-type=\"column\">\n\t\t\t<div class=\"elementor-widget-wrap elementor-element-populated\">\n\t\t\t\t\t\t<div class=\"elementor-element elementor-element-8c5d67b elementor-widget elementor-widget-heading\" data-id=\"8c5d67b\" data-element_type=\"widget\" data-e-type=\"widget\" data-widget_type=\"heading.default\">\n\t\t\t\t\t<h2 class=\"elementor-heading-title elementor-size-default\">4. solis. Pieskaities un apskatiet zi\u0146ojumu <\/h2>\t\t\t\t<\/div>\n\t\t\t\t<div class=\"elementor-element elementor-element-2bdbd2d elementor-widget elementor-widget-text-editor\" data-id=\"2bdbd2d\" data-element_type=\"widget\" data-e-type=\"widget\" data-widget_type=\"text-editor.default\">\n\t\t\t\t\t\t\t\t\t<p>Ievadiet savu e-pasta adresi un paroli un pierakstieties sav\u0101 kont\u0101.<\/p>\n<p>Zi\u0146ojums s\u0101ks veidoties nekav\u0113joties p\u0113c tam, kad maks\u0101jumu sist\u0113ma, kuru tu izv\u0113l\u0113jies iepriek\u0161\u0113j\u0101 sol\u012b, b\u016bs apstiprin\u0101jusi. Datu apkopo\u0161ana un zi\u0146ojuma sagatavo\u0161ana nedr\u012bkst aiz\u0146emt vair\u0101k par da\u017e\u0101m min\u016bt\u0113m. Zi\u0146ojumus m\u0113s glab\u0101sim tav\u0101 kont\u0101 l\u012bdz 30 dien\u0101m. P\u0101r\u0113jie zi\u0146ojumi, kuriem tu ieg\u0101d\u0101jies komplektu, b\u016bs pieejami tavam kontam lieto\u0161anai jebkur\u0101 laik\u0101, bet ne v\u0113l\u0101k k\u0101 90 dienas p\u0113c ieg\u0101des datuma.   <\/p>\n\t\t\t\t\t\t\t\t<\/div>\n\t\t\t\t\t<\/div>\n\t\t<\/div>\n\t\t\t\t\t<\/div>\n\t\t<\/section>\n\t\t\t\t<\/div>\n\t\t","protected":false},"excerpt":{"rendered":"<p>K\u0101 pas\u016bt\u012bt transportl\u012bdzek\u013ca v\u0113stures zi\u0146ojumu Neatkar\u012bgi no t\u0101, k\u0101 j\u016bs non\u0101kat Automola t\u012bmek\u013ca vietn\u0113, vai tas b\u016btu blogs vai s\u0101kumlapa, vai j\u016bs mekl\u0113jat inform\u0101ciju par VIN vai transportl\u012bdzek\u013ca v\u0113sturi. Tam nav noz\u012bmes, jo j\u016bsu \u0113rt\u012bbai katr\u0101 viet\u0101 ir lodzi\u0146i, kur p\u0101rbaud\u012bt VIN vai numura z\u012bmi. 1. solis. ievadiet VIN vai numura z\u012bmes numuru. Iesniegtaj\u0101 lodzi\u0146\u0101 [&hellip;]<\/p>\n","protected":false},"author":3,"featured_media":0,"parent":0,"menu_order":0,"comment_status":"closed","ping_status":"closed","template":"","meta":{"inline_featured_image":false,"footnotes":""},"class_list":["post-50707","page","type-page","status-publish","hentry"],"_links":{"self":[{"href":"https:\/\/www.automoli.com\/lv\/wp-json\/wp\/v2\/pages\/50707","targetHints":{"allow":["GET"]}}],"collection":[{"href":"https:\/\/www.automoli.com\/lv\/wp-json\/wp\/v2\/pages"}],"about":[{"href":"https:\/\/www.automoli.com\/lv\/wp-json\/wp\/v2\/types\/page"}],"author":[{"embeddable":true,"href":"https:\/\/www.automoli.com\/lv\/wp-json\/wp\/v2\/users\/3"}],"replies":[{"embeddable":true,"href":"https:\/\/www.automoli.com\/lv\/wp-json\/wp\/v2\/comments?post=50707"}],"version-history":[{"count":2,"href":"https:\/\/www.automoli.com\/lv\/wp-json\/wp\/v2\/pages\/50707\/revisions"}],"predecessor-version":[{"id":53494,"href":"https:\/\/www.automoli.com\/lv\/wp-json\/wp\/v2\/pages\/50707\/revisions\/53494"}],"wp:attachment":[{"href":"https:\/\/www.automoli.com\/lv\/wp-json\/wp\/v2\/media?parent=50707"}],"curies":[{"name":"wp","href":"https:\/\/api.w.org\/{rel}","templated":true}]}}