{"id":42082,"date":"2023-09-08T15:22:13","date_gmt":"2023-09-08T13:22:13","guid":{"rendered":"https:\/\/www.automoli.com\/parauga-zinojumi"},"modified":"2026-02-17T14:58:07","modified_gmt":"2026-02-17T13:58:07","slug":"parauga-zinojumi","status":"publish","type":"page","link":"https:\/\/www.automoli.com\/lv\/parauga-zinojumi","title":{"rendered":"Parauga zi\u0146ojumi"},"content":{"rendered":"\t\t<div data-elementor-type=\"wp-page\" data-elementor-id=\"42082\" class=\"elementor elementor-42082 elementor-123\" data-elementor-post-type=\"page\">\n\t\t\t\t<div class=\"elementor-element elementor-element-0d19538 e-flex e-con-boxed e-con e-parent\" data-id=\"0d19538\" data-element_type=\"container\" data-e-type=\"container\" data-settings=\"{&quot;background_background&quot;:&quot;classic&quot;,&quot;shape_divider_bottom&quot;:&quot;triangle&quot;,&quot;shape_divider_bottom_negative&quot;:&quot;yes&quot;}\">\n\t\t\t\t\t<div class=\"e-con-inner\">\n\t\t\t\t<div class=\"elementor-shape elementor-shape-bottom\" aria-hidden=\"true\" data-negative=\"true\">\n\t\t\t<svg xmlns=\"http:\/\/www.w3.org\/2000\/svg\" viewBox=\"0 0 1000 100\" preserveAspectRatio=\"none\">\n\t<path class=\"elementor-shape-fill\" d=\"M500.2,94.7L0,0v100h1000V0L500.2,94.7z\"\/>\n<\/svg>\t\t<\/div>\n\t\t<div class=\"elementor-element elementor-element-d098ebd e-con-full e-flex e-con e-child\" data-id=\"d098ebd\" data-element_type=\"container\" data-e-type=\"container\">\n\t\t\t\t<div class=\"elementor-element elementor-element-b28f6de elementor-widget elementor-widget-heading\" data-id=\"b28f6de\" data-element_type=\"widget\" data-e-type=\"widget\" data-widget_type=\"heading.default\">\n\t\t\t\t\t<h1 class=\"elementor-heading-title elementor-size-default\">Parauga zi\u0146ojumi<\/h1>\t\t\t\t<\/div>\n\t\t\t\t<\/div>\n\t\t\t\t\t<\/div>\n\t\t\t\t<\/div>\n\t\t<div class=\"elementor-element elementor-element-2fb2801 e-flex e-con-boxed e-con e-parent\" data-id=\"2fb2801\" data-element_type=\"container\" data-e-type=\"container\">\n\t\t\t\t\t<div class=\"e-con-inner\">\n\t\t<div class=\"elementor-element elementor-element-680fef2 e-con-full e-flex e-con e-child\" data-id=\"680fef2\" data-element_type=\"container\" data-e-type=\"container\">\n\t\t\t\t<div class=\"elementor-element elementor-element-21cc9e0 elementor-widget elementor-widget-heading\" data-id=\"21cc9e0\" data-element_type=\"widget\" data-e-type=\"widget\" data-widget_type=\"heading.default\">\n\t\t\t\t\t<h2 class=\"elementor-heading-title elementor-size-default\">Transportl\u012bdzek\u013ca v\u0113stures zi\u0146ojums<\/h2>\t\t\t\t<\/div>\n\t\t<div class=\"elementor-element elementor-element-f4ba1f7 e-con-full e-flex e-con e-child\" data-id=\"f4ba1f7\" data-element_type=\"container\" data-e-type=\"container\">\n\t\t<div class=\"elementor-element elementor-element-ad65f26 e-con-full e-flex e-con e-child\" data-id=\"ad65f26\" data-element_type=\"container\" data-e-type=\"container\">\n\t\t\t\t<div class=\"elementor-element elementor-element-82da89a elementor-widget elementor-widget-image\" data-id=\"82da89a\" data-element_type=\"widget\" data-e-type=\"widget\" data-widget_type=\"image.default\">\n\t\t\t\t\t\t\t\t\t\t\t\t\t\t\t\t<a href=\"https:\/\/www.automoli.com\/lv\/page\/vehicle-history-report\">\n\t\t\t\t\t\t\t<img fetchpriority=\"high\" decoding=\"async\" width=\"256\" height=\"300\" src=\"https:\/\/www.automoli.com\/wp-content\/uploads\/2022\/11\/raport-our.svg\" class=\"attachment-medium size-medium wp-image-62513\" alt=\"\" title=\"\">\t\t\t\t\t\t\t\t<\/a>\n\t\t\t\t\t\t\t\t\t\t\t\t\t\t\t<\/div>\n\t\t\t\t<div class=\"elementor-element elementor-element-3f4a051 elementor-align-right elementor-mobile-align-center elementor-widget elementor-widget-button\" data-id=\"3f4a051\" data-element_type=\"widget\" data-e-type=\"widget\" data-widget_type=\"button.default\">\n\t\t\t\t\t\t\t\t\t\t<a class=\"elementor-button elementor-button-link elementor-size-sm\" href=\"https:\/\/www.automoli.com\/lv\/page\/vehicle-history-report\">\n\t\t\t\t\t\t<span class=\"elementor-button-content-wrapper\">\n\t\t\t\t\t\t\t\t\t<span class=\"elementor-button-text\">Atv\u0113rt parauga zi\u0146ojumu<\/span>\n\t\t\t\t\t<\/span>\n\t\t\t\t\t<\/a>\n\t\t\t\t\t\t\t\t<\/div>\n\t\t\t\t<\/div>\n\t\t<div class=\"elementor-element elementor-element-659fcfa e-con-full e-flex e-con e-child\" data-id=\"659fcfa\" data-element_type=\"container\" data-e-type=\"container\">\n\t\t\t\t<div class=\"elementor-element elementor-element-aebd4b5 elementor-widget elementor-widget-text-editor\" data-id=\"aebd4b5\" data-element_type=\"widget\" data-e-type=\"widget\" data-widget_type=\"text-editor.default\">\n\t\t\t\t\t\t\t\t\t<p>Transportl\u012bdzek\u013ca v\u0113stures zi\u0146ojums ir kompleksa r\u012bks, kas nodro\u0161ina svar\u012bgu inform\u0101ciju par transportl\u012bdzek\u013ca pag\u0101tni, \u013caujot p\u0101rbaud\u012bt t\u0101 tehnisko st\u0101vokli un lieto\u0161anas v\u0113sturi. Tas ir neaizst\u0101jams zin\u0101\u0161anu avots, kas \u013cauj piek\u013c\u016bt daudziem detaliz\u0113tiem datiem, kas nav publiski pieejami internet\u0101. Ko \u0161\u0101ds zi\u0146ojums var ietvert?  <\/p>\n<p>Tu atrad\u012bsi, piem\u0113ram:<\/p>\n\n<ul>\n \t<li>Transportl\u012bdzek\u013ca nobraukums,<\/li>\n \t<li>Iesp\u0113jamo boj\u0101jumu v\u0113sturi,<\/li>\n \t<li>Remonta nov\u0113rt\u0113jumi,<\/li>\n \t<li>Inform\u0101cija par servisiem un tehniskajiem p\u0101rbaud\u012bjumiem,<\/li>\n \t<li>Transportl\u012bdzek\u013ca tehnisk\u0101 inform\u0101cija,<\/li>\n \t<li>Inform\u0101cija par to, vai transportl\u012bdzeklis ir iek\u013cauts mekl\u0113jamo vai nozagto transportl\u012bdzek\u013cu sarakst\u0101.<\/li>\n<\/ul>\n<p>Transportl\u012bdzek\u013ca v\u0113stures zi\u0146ojums apkopo datus no da\u017e\u0101d\u0101m valst\u012bm, piem\u0113ram, V\u0101cijas, Francijas, Be\u013c\u0123ijas, N\u012bderlandes vai ASV. \u0160\u012b inform\u0101cija n\u0101k no uzticamiem un atz\u012btiem avotiem, piem\u0113ram, apdro\u0161in\u0101\u0161anas datub\u0101z\u0113m, met\u0101ll\u016b\u017e\u0146u laukumiem, atg\u016b\u0161anas punktiem vai organiz\u0101cij\u0101m, kas c\u012bn\u0101s pret nobraukuma vilto\u0161anu, piem\u0113ram, Nationale Auto Pas (NAP) N\u012bderland\u0113. J\u0101atceras, ka dati no \u0101rvalstu datub\u0101z\u0113m par\u0101d\u0101s tikai tad, ja transportl\u012bdzeklis ir bijis tur re\u0123istr\u0113ts vai lietots.   <\/p>\n<p>Pateicoties raportam, Jums ir iesp\u0113ja nov\u0113rt\u0113t faktiskos transportl\u012bdzek\u013ca st\u0101vokli, kas ir nenov\u0113rt\u0113jams, ieg\u0101d\u0101joties auto. \u0160is zi\u0146ojums pal\u012bdz\u0113s Jums p\u0101rbaud\u012bt p\u0101rdev\u0113ja god\u012bgumu, atkl\u0101t sl\u0113ptas boj\u0101jumus un negad\u012bjumu v\u0113sturi, kas \u013caus izvair\u012bties no d\u0101rg\u0101m p\u0101rsteigumiem. <\/p>\n<p>Transportl\u012bdzek\u013ca v\u0113stures p\u0101rbaude ir iz\u0161\u0137iro\u0161a j\u016bsu dro\u0161\u012bbai, p\u0101rliec\u012bbai un lieto\u0161anas komfortam. Pateicoties detaliz\u0113tai anal\u012bzei un apkopotajiem datiem, j\u016bs varat pie\u0146emt apzin\u0101tu un dro\u0161u l\u0113mumu par pirkumu. <\/p>\t\t\t\t\t\t\t\t<\/div>\n\t\t\t\t<\/div>\n\t\t\t\t<\/div>\n\t\t\t\t<\/div>\n\t\t\t\t\t<\/div>\n\t\t\t\t<\/div>\n\t\t<div class=\"elementor-element elementor-element-45ee260 e-flex e-con-boxed e-con e-parent\" data-id=\"45ee260\" data-element_type=\"container\" data-e-type=\"container\" data-settings=\"{&quot;background_background&quot;:&quot;classic&quot;,&quot;shape_divider_top&quot;:&quot;triangle&quot;,&quot;shape_divider_bottom&quot;:&quot;triangle&quot;,&quot;shape_divider_bottom_negative&quot;:&quot;yes&quot;}\">\n\t\t\t\t\t<div class=\"e-con-inner\">\n\t\t\t\t<div class=\"elementor-shape elementor-shape-top\" aria-hidden=\"true\" data-negative=\"false\">\n\t\t\t<svg xmlns=\"http:\/\/www.w3.org\/2000\/svg\" viewBox=\"0 0 1000 100\" preserveAspectRatio=\"none\">\n\t<path class=\"elementor-shape-fill\" d=\"M500,98.9L0,6.1V0h1000v6.1L500,98.9z\"\/>\n<\/svg>\t\t<\/div>\n\t\t\t\t<div class=\"elementor-shape elementor-shape-bottom\" aria-hidden=\"true\" data-negative=\"true\">\n\t\t\t<svg xmlns=\"http:\/\/www.w3.org\/2000\/svg\" viewBox=\"0 0 1000 100\" preserveAspectRatio=\"none\">\n\t<path class=\"elementor-shape-fill\" d=\"M500.2,94.7L0,0v100h1000V0L500.2,94.7z\"\/>\n<\/svg>\t\t<\/div>\n\t\t<div class=\"elementor-element elementor-element-97dc520 e-con-full e-flex e-con e-child\" data-id=\"97dc520\" data-element_type=\"container\" data-e-type=\"container\">\n\t\t\t\t<div class=\"elementor-element elementor-element-4b80c9e elementor-widget elementor-widget-heading\" data-id=\"4b80c9e\" data-element_type=\"widget\" data-e-type=\"widget\" data-widget_type=\"heading.default\">\n\t\t\t\t\t<h2 class=\"elementor-heading-title elementor-size-default\">Lielbrit\u0101nijas transportl\u012bdzek\u013ca zi\u0146ojums<\/h2>\t\t\t\t<\/div>\n\t\t\t\t<div class=\"elementor-element elementor-element-d766ba4 elementor-widget__width-initial elementor-widget elementor-widget-image\" data-id=\"d766ba4\" data-element_type=\"widget\" data-e-type=\"widget\" data-widget_type=\"image.default\">\n\t\t\t\t\t\t\t\t\t\t\t\t\t\t\t\t<a href=\"https:\/\/www.automoli.com\/pl\/page\/vehicle-history-report-uk\">\n\t\t\t\t\t\t\t<img decoding=\"async\" width=\"768\" height=\"899\" src=\"https:\/\/www.automoli.com\/wp-content\/uploads\/2022\/11\/raport-uk.svg\" class=\"attachment-medium_large size-medium_large wp-image-40217\" alt=\"\" title=\"\">\t\t\t\t\t\t\t\t<\/a>\n\t\t\t\t\t\t\t\t\t\t\t\t\t\t\t<\/div>\n\t\t\t\t<div class=\"elementor-element elementor-element-4d25527 elementor-widget elementor-widget-text-editor\" data-id=\"4d25527\" data-element_type=\"widget\" data-e-type=\"widget\" data-widget_type=\"text-editor.default\">\n\t\t\t\t\t\t\t\t\t<p><b>Zi\u0146ojum\u0101 par Lielbrit\u0101nijas<\/b> transportl\u012bdzek\u013ciem ir daudz interesantas inform\u0101cijas par transportl\u012bdzek\u013ca v\u0113sturi. Pateicoties m\u016bsu zi\u0146ojumam, j\u016bs noteiksit, vai transportl\u012bdzeklis bija tehniski efekt\u012bvs un vai tam bija at\u013cauja braukt pa Lielbrit\u0101nijas ce\u013ciem, p\u0101rbaud\u012bsit \u012bpa\u0161nieku skaitu un p\u0101rbaud\u012bsit, vai tas bija paredz\u0113ts izjauk\u0161anai. M\u016bsu avoti par\u0101da datus no vald\u012bbas transportl\u012bdzek\u013cu datu b\u0101z\u0113m Lielbrit\u0101nij\u0101.  <\/p>\t\t\t\t\t\t\t\t<\/div>\n\t\t\t\t<div class=\"elementor-element elementor-element-81a9dc2 elementor-align-center elementor-mobile-align-center elementor-widget elementor-widget-button\" data-id=\"81a9dc2\" data-element_type=\"widget\" data-e-type=\"widget\" data-widget_type=\"button.default\">\n\t\t\t\t\t\t\t\t\t\t<a class=\"elementor-button elementor-button-link elementor-size-sm\" href=\"https:\/\/www.automoli.com\/lv\/page\/vehicle-history-report-uk\">\n\t\t\t\t\t\t<span class=\"elementor-button-content-wrapper\">\n\t\t\t\t\t\t\t\t\t<span class=\"elementor-button-text\">Atv\u0113rt parauga zi\u0146ojumu<\/span>\n\t\t\t\t\t<\/span>\n\t\t\t\t\t<\/a>\n\t\t\t\t\t\t\t\t<\/div>\n\t\t\t\t<\/div>\n\t\t<div class=\"elementor-element elementor-element-0c1f244 e-con-full e-flex e-con e-child\" data-id=\"0c1f244\" data-element_type=\"container\" data-e-type=\"container\">\n\t\t\t\t<div class=\"elementor-element elementor-element-6165183 elementor-widget elementor-widget-heading\" data-id=\"6165183\" data-element_type=\"widget\" data-e-type=\"widget\" data-widget_type=\"heading.default\">\n\t\t\t\t\t<h2 class=\"elementor-heading-title elementor-size-default\">Tirgus v\u0113rt\u012bbas nov\u0113rt\u0113jums<\/h2>\t\t\t\t<\/div>\n\t\t\t\t<div class=\"elementor-element elementor-element-8040182 elementor-widget__width-initial elementor-widget elementor-widget-image\" data-id=\"8040182\" data-element_type=\"widget\" data-e-type=\"widget\" data-widget_type=\"image.default\">\n\t\t\t\t\t\t\t\t\t\t\t\t\t\t\t\t<a href=\"https:\/\/www.automoli.com\/pl\/page\/market-value-evaluation\">\n\t\t\t\t\t\t\t<img decoding=\"async\" width=\"800\" height=\"936\" src=\"https:\/\/www.automoli.com\/wp-content\/uploads\/2022\/11\/raport-ie.svg\" class=\"attachment-large size-large wp-image-40225\" alt=\"\" title=\"\">\t\t\t\t\t\t\t\t<\/a>\n\t\t\t\t\t\t\t\t\t\t\t\t\t\t\t<\/div>\n\t\t\t\t<div class=\"elementor-element elementor-element-b96370d elementor-widget elementor-widget-text-editor\" data-id=\"b96370d\" data-element_type=\"widget\" data-e-type=\"widget\" data-widget_type=\"text-editor.default\">\n\t\t\t\t\t\t\t\t\t<p>\u013boti noder\u012bga automa\u0161\u012bnas cenas <b>nov\u0113rt\u0113\u0161anai ir tirgus ekspertu veikta nov\u0113rt\u0113\u0161ana<\/b>. Izklied\u0113 \u0161aubas par pareizo automa\u0161\u012bnas cenu. Izmantojot m\u016bsu autoru ekspertu nov\u0113rt\u0113jumu par automa\u0161\u012bnas tirgus v\u0113rt\u012bbu, tu zini, vai automa\u0161\u012bna atbilst tirgus vid\u0113jam l\u012bmenim. Inform\u0101cija noder\u012bga gan automa\u0161\u012bnu pirc\u0113jiem, gan p\u0101rdev\u0113jiem. P\u0101rbaudi, k\u0101 automa\u0161\u012bna gadu gait\u0101 zaud\u0113 v\u0113rt\u012bbu.    <\/p>\t\t\t\t\t\t\t\t<\/div>\n\t\t\t\t<div class=\"elementor-element elementor-element-8df0937 elementor-align-center elementor-mobile-align-center elementor-widget elementor-widget-button\" data-id=\"8df0937\" data-element_type=\"widget\" data-e-type=\"widget\" data-widget_type=\"button.default\">\n\t\t\t\t\t\t\t\t\t\t<a class=\"elementor-button elementor-button-link elementor-size-sm\" href=\"https:\/\/www.automoli.com\/lv\/page\/market-value-evaluation\">\n\t\t\t\t\t\t<span class=\"elementor-button-content-wrapper\">\n\t\t\t\t\t\t\t\t\t<span class=\"elementor-button-text\">Atv\u0113rt parauga zi\u0146ojumu<\/span>\n\t\t\t\t\t<\/span>\n\t\t\t\t\t<\/a>\n\t\t\t\t\t\t\t\t<\/div>\n\t\t\t\t<\/div>\n\t\t<div class=\"elementor-element elementor-element-482256e e-con-full e-flex e-con e-child\" data-id=\"482256e\" data-element_type=\"container\" data-e-type=\"container\">\n\t\t\t\t<div class=\"elementor-element elementor-element-4de2abb elementor-widget elementor-widget-heading\" data-id=\"4de2abb\" data-element_type=\"widget\" data-e-type=\"widget\" data-widget_type=\"heading.default\">\n\t\t\t\t\t<h2 class=\"elementor-heading-title elementor-size-default\">Servisa darb\u012bbas\u200b<\/h2>\t\t\t\t<\/div>\n\t\t\t\t<div class=\"elementor-element elementor-element-f48489e elementor-widget__width-initial elementor-widget elementor-widget-image\" data-id=\"f48489e\" data-element_type=\"widget\" data-e-type=\"widget\" data-widget_type=\"image.default\">\n\t\t\t\t\t\t\t\t\t\t\t\t\t\t\t\t<a href=\"https:\/\/www.automoli.com\/pl\/page\/service-activities\">\n\t\t\t\t\t\t\t<img loading=\"lazy\" decoding=\"async\" width=\"800\" height=\"936\" src=\"https:\/\/www.automoli.com\/wp-content\/uploads\/2022\/11\/raport-sa.svg\" class=\"attachment-large size-large wp-image-40229\" alt=\"\" title=\"\">\t\t\t\t\t\t\t\t<\/a>\n\t\t\t\t\t\t\t\t\t\t\t\t\t\t\t<\/div>\n\t\t\t\t<div class=\"elementor-element elementor-element-d15637c elementor-widget elementor-widget-text-editor\" data-id=\"d15637c\" data-element_type=\"widget\" data-e-type=\"widget\" data-widget_type=\"text-editor.default\">\n\t\t\t\t\t\t\t\t\t<p><b>Leg\u0101d\u0101joties transportl\u012bdzek\u013ca v\u0113stures<\/b> zi\u0146ojumu, j\u016bs sa\u0146emsiet bezmaksas servisa zi\u0146ojumu. J\u016bs uzzin\u0101siet, k\u0101di darbi l\u012bdz \u0161im vajadz\u0113tu b\u016bt veikti transportl\u012bdzeklim. J\u016bs ar\u012b uzzin\u0101siet par tuv\u0101kaj\u0101 n\u0101kotn\u0113 j\u0101veicamaj\u0101m servisa darb\u012bb\u0101m. Turkl\u0101t j\u016bs atrad\u012bsiet tur nov\u0113rt\u0113jumu par to, cik iesp\u0113jams b\u016bs to \u012bsteno\u0161anas izmaksas.   <\/p><p> <\/p>\t\t\t\t\t\t\t\t<\/div>\n\t\t\t\t<div class=\"elementor-element elementor-element-4ed0750 elementor-align-center elementor-mobile-align-center elementor-widget elementor-widget-button\" data-id=\"4ed0750\" data-element_type=\"widget\" data-e-type=\"widget\" data-widget_type=\"button.default\">\n\t\t\t\t\t\t\t\t\t\t<a class=\"elementor-button elementor-button-link elementor-size-sm\" href=\"https:\/\/www.automoli.com\/lv\/page\/service-activities\">\n\t\t\t\t\t\t<span class=\"elementor-button-content-wrapper\">\n\t\t\t\t\t\t\t\t\t<span class=\"elementor-button-text\">Atv\u0113rt parauga zi\u0146ojumu<\/span>\n\t\t\t\t\t<\/span>\n\t\t\t\t\t<\/a>\n\t\t\t\t\t\t\t\t<\/div>\n\t\t\t\t<\/div>\n\t\t\t\t\t<\/div>\n\t\t\t\t<\/div>\n\t\t\t\t<\/div>\n\t\t","protected":false},"excerpt":{"rendered":"<p>Parauga zi\u0146ojumi Transportl\u012bdzek\u013ca v\u0113stures zi\u0146ojums Atv\u0113rt parauga zi\u0146ojumu Transportl\u012bdzek\u013ca v\u0113stures zi\u0146ojums ir kompleksa r\u012bks, kas nodro\u0161ina svar\u012bgu inform\u0101ciju par transportl\u012bdzek\u013ca pag\u0101tni, \u013caujot p\u0101rbaud\u012bt t\u0101 tehnisko st\u0101vokli un lieto\u0161anas v\u0113sturi. Tas ir neaizst\u0101jams zin\u0101\u0161anu avots, kas \u013cauj piek\u013c\u016bt daudziem detaliz\u0113tiem datiem, kas nav publiski pieejami internet\u0101. Ko \u0161\u0101ds zi\u0146ojums var ietvert? Tu atrad\u012bsi, piem\u0113ram: Transportl\u012bdzek\u013ca nobraukums, [&hellip;]<\/p>\n","protected":false},"author":1,"featured_media":0,"parent":0,"menu_order":0,"comment_status":"closed","ping_status":"closed","template":"","meta":{"inline_featured_image":false,"footnotes":""},"class_list":["post-42082","page","type-page","status-publish","hentry"],"_links":{"self":[{"href":"https:\/\/www.automoli.com\/lv\/wp-json\/wp\/v2\/pages\/42082","targetHints":{"allow":["GET"]}}],"collection":[{"href":"https:\/\/www.automoli.com\/lv\/wp-json\/wp\/v2\/pages"}],"about":[{"href":"https:\/\/www.automoli.com\/lv\/wp-json\/wp\/v2\/types\/page"}],"author":[{"embeddable":true,"href":"https:\/\/www.automoli.com\/lv\/wp-json\/wp\/v2\/users\/1"}],"replies":[{"embeddable":true,"href":"https:\/\/www.automoli.com\/lv\/wp-json\/wp\/v2\/comments?post=42082"}],"version-history":[{"count":2,"href":"https:\/\/www.automoli.com\/lv\/wp-json\/wp\/v2\/pages\/42082\/revisions"}],"predecessor-version":[{"id":62614,"href":"https:\/\/www.automoli.com\/lv\/wp-json\/wp\/v2\/pages\/42082\/revisions\/62614"}],"wp:attachment":[{"href":"https:\/\/www.automoli.com\/lv\/wp-json\/wp\/v2\/media?parent=42082"}],"curies":[{"name":"wp","href":"https:\/\/api.w.org\/{rel}","templated":true}]}}