{"id":50703,"date":"2024-08-07T14:28:21","date_gmt":"2024-08-07T12:28:21","guid":{"rendered":"https:\/\/www.automoli.com\/kaip-uzsisakyti-ataskaita"},"modified":"2024-11-21T10:59:25","modified_gmt":"2024-11-21T09:59:25","slug":"kaip-uzsisakyti-ataskaita","status":"publish","type":"page","link":"https:\/\/www.automoli.com\/lt\/kaip-uzsisakyti-ataskaita","title":{"rendered":"Kaip u\u017esisakyti ataskait\u0105"},"content":{"rendered":"\t\t<div data-elementor-type=\"wp-page\" data-elementor-id=\"50703\" class=\"elementor elementor-50703 elementor-50355\" data-elementor-post-type=\"page\">\n\t\t\t\t\t\t<section class=\"elementor-section elementor-top-section elementor-element elementor-element-2b4ecd5 elementor-section-boxed elementor-section-height-default elementor-section-height-default\" data-id=\"2b4ecd5\" data-element_type=\"section\" data-e-type=\"section\" data-settings=\"{&quot;background_background&quot;:&quot;classic&quot;,&quot;shape_divider_bottom&quot;:&quot;triangle&quot;,&quot;shape_divider_bottom_negative&quot;:&quot;yes&quot;}\">\n\t\t\t\t\t<div class=\"elementor-shape elementor-shape-bottom\" aria-hidden=\"true\" data-negative=\"true\">\n\t\t\t<svg xmlns=\"http:\/\/www.w3.org\/2000\/svg\" viewBox=\"0 0 1000 100\" preserveAspectRatio=\"none\">\n\t<path class=\"elementor-shape-fill\" d=\"M500.2,94.7L0,0v100h1000V0L500.2,94.7z\"\/>\n<\/svg>\t\t<\/div>\n\t\t\t\t\t<div class=\"elementor-container elementor-column-gap-default\">\n\t\t\t\t\t<div class=\"elementor-column elementor-col-100 elementor-top-column elementor-element elementor-element-c4f3fe0\" data-id=\"c4f3fe0\" data-element_type=\"column\" data-e-type=\"column\">\n\t\t\t<div class=\"elementor-widget-wrap elementor-element-populated\">\n\t\t\t\t\t\t<div class=\"elementor-element elementor-element-f1a6006 elementor-widget elementor-widget-heading\" data-id=\"f1a6006\" data-element_type=\"widget\" data-e-type=\"widget\" data-widget_type=\"heading.default\">\n\t\t\t\t\t<h1 class=\"elementor-heading-title elementor-size-default\">Kaip u\u017esisakyti transporto priemon\u0117s istorijos ataskait\u0105<\/h1>\t\t\t\t<\/div>\n\t\t\t\t<div class=\"elementor-element elementor-element-dbcb37d elementor-widget elementor-widget-text-editor\" data-id=\"dbcb37d\" data-element_type=\"widget\" data-e-type=\"widget\" data-widget_type=\"text-editor.default\">\n\t\t\t\t\t\t\t\t\t<p>Nesvarbu, kaip patekote \u012f &#8222;Automoli&#8221; svetain\u0119 &#8211; per tinklara\u0161t\u012f ar pagrindin\u012f puslap\u012f, ar ie\u0161kojote VIN informacijos, ar transporto priemon\u0117s istorijos. Nesvarbu, nes j\u016bs\u0173 patogumui kiekvienoje vietoje yra langeliai, kuriuose galite patikrinti VIN arba valstybin\u012f numer\u012f.  <\/p>\n\t\t\t\t\t\t\t\t<\/div>\n\t\t\t\t\t<\/div>\n\t\t<\/div>\n\t\t\t\t\t<\/div>\n\t\t<\/section>\n\t\t\t\t<section class=\"elementor-section elementor-top-section elementor-element elementor-element-0d0d160 elementor-section-boxed elementor-section-height-default elementor-section-height-default\" data-id=\"0d0d160\" data-element_type=\"section\" data-e-type=\"section\">\n\t\t\t\t\t\t<div class=\"elementor-container elementor-column-gap-default\">\n\t\t\t\t\t<div class=\"elementor-column elementor-col-100 elementor-top-column elementor-element elementor-element-7cdcf9c\" data-id=\"7cdcf9c\" data-element_type=\"column\" data-e-type=\"column\">\n\t\t\t<div class=\"elementor-widget-wrap elementor-element-populated\">\n\t\t\t\t\t\t<div class=\"elementor-element elementor-element-128440c elementor-widget elementor-widget-heading\" data-id=\"128440c\" data-element_type=\"widget\" data-e-type=\"widget\" data-widget_type=\"heading.default\">\n\t\t\t\t\t<h2 class=\"elementor-heading-title elementor-size-default\">1 veiksmas. \u012fveskite VIN arba valstybin\u012f numer\u012f <\/h2>\t\t\t\t<\/div>\n\t\t\t\t<div class=\"elementor-element elementor-element-7f76fc2 elementor-widget elementor-widget-text-editor\" data-id=\"7f76fc2\" data-element_type=\"widget\" data-e-type=\"widget\" data-widget_type=\"text-editor.default\">\n\t\t\t\t\t\t\t\t\t<p><span style=\"font-weight: 400;\">\u012e laukel\u012f \u012fveskite reikiam\u0105 simboli\u0173 skai\u010di\u0173 ir spustel\u0117kite &#8222;Check&#8221;.<\/span><\/p>\n\t\t\t\t\t\t\t\t<\/div>\n\t\t\t\t<div class=\"elementor-element elementor-element-1b9af0e elementor-widget elementor-widget-image\" data-id=\"1b9af0e\" data-element_type=\"widget\" data-e-type=\"widget\" data-widget_type=\"image.default\">\n\t\t\t\t\t\t\t\t\t\t\t\t\t\t\t<img fetchpriority=\"high\" decoding=\"async\" width=\"800\" height=\"380\" src=\"https:\/\/www.automoli.com\/wp-content\/uploads\/2021\/07\/aml-enter_vin.png\" class=\"attachment-full size-full wp-image-4754\" alt=\"\" srcset=\"https:\/\/www.automoli.com\/wp-content\/uploads\/2021\/07\/aml-enter_vin.png 800w, https:\/\/www.automoli.com\/wp-content\/uploads\/2021\/07\/aml-enter_vin-300x143.png 300w, https:\/\/www.automoli.com\/wp-content\/uploads\/2021\/07\/aml-enter_vin-768x365.png 768w\" sizes=\"(max-width: 800px) 100vw, 800px\" title=\"\">\t\t\t\t\t\t\t\t\t\t\t\t\t\t\t<\/div>\n\t\t\t\t\t<\/div>\n\t\t<\/div>\n\t\t\t\t\t<\/div>\n\t\t<\/section>\n\t\t\t\t<section class=\"elementor-section elementor-top-section elementor-element elementor-element-6903c2a elementor-section-boxed elementor-section-height-default elementor-section-height-default\" data-id=\"6903c2a\" data-element_type=\"section\" data-e-type=\"section\">\n\t\t\t\t\t\t<div class=\"elementor-container elementor-column-gap-default\">\n\t\t\t\t\t<div class=\"elementor-column elementor-col-100 elementor-top-column elementor-element elementor-element-8d4c0f1\" data-id=\"8d4c0f1\" data-element_type=\"column\" data-e-type=\"column\">\n\t\t\t<div class=\"elementor-widget-wrap elementor-element-populated\">\n\t\t\t\t\t\t<div class=\"elementor-element elementor-element-761cd92 elementor-widget elementor-widget-heading\" data-id=\"761cd92\" data-element_type=\"widget\" data-e-type=\"widget\" data-widget_type=\"heading.default\">\n\t\t\t\t\t<h2 class=\"elementor-heading-title elementor-size-default\">2 veiksmas. \u017dinokite tikrinam\u0173 duomen\u0173 kain\u0105 ir apimt\u012f  <\/h2>\t\t\t\t<\/div>\n\t\t\t\t<div class=\"elementor-element elementor-element-ee233e2 elementor-widget elementor-widget-text-editor\" data-id=\"ee233e2\" data-element_type=\"widget\" data-e-type=\"widget\" data-widget_type=\"text-editor.default\">\n\t\t\t\t\t\t\t\t\t\u0160iame \u017eingsnyje su\u017einosite, kad radome tam tikr\u0105 informacij\u0105 apie transporto priemon\u0119, remdamiesi pateiktu VIN numeriu arba registracijos numeriu. \u0160iame etape taip pat galite perskaityti, kad m\u016bs\u0173 transporto priemoni\u0173 istorijos ataskaitos tikrina informacij\u0105 apie: \n<ul>\n \t<li>transporto priemon\u0117s istorija ir \u012fvykiai,<\/li>\n \t<li>ridos rodmenys,<\/li>\n \t<li>ie\u0161kom\u0173 transporto priemoni\u0173 registrai,<\/li>\n \t<li>techniniai duomenys,<\/li>\n \t<li>archyvin\u0117s nuotraukos,<\/li>\n \t<li>ir konkretaus modelio tr\u016bkumus.<\/li>\n<\/ul>\n\u0160ioje vietoje taip pat nusprendi, ar nori \u012fsigyti vien\u0105 konkret\u0173 ataskait\u0105, ar \u012fsigyti 2 arba 3 papildom\u0173 ataskait\u0173 paket\u0105, kur\u012f gal\u0117si naudoti bet kuriuo metu per 90 dien\u0173 nuo pirkimo datos. Kuo daugiau, tuo pigiau! M\u016bs\u0173 patirtis rodo, kad svajoni\u0173 automobilio pirkimas reikalauja patikrinti bent 2 automobili\u0173 istorij\u0105.  <\/span>\n\nD\u0117mesio: Prieiga prie ataskaitos, sugeneruotos remiantis VIN numeriu arba registracijos numeriu, kiekvienu atveju yra 30 dien\u0173. Pavyzd\u012f si\u016blomos ataskaitos rasite skiltyje &#8222;<a href=\"https:\/\/www.automoli.com\/lt\/pavyzdines-ataskaitos\">Pavyzdin\u0117 ataskaita<\/a>&#8222;.\n\n\t\t\t\t\t\t\t\t<\/div>\n\t\t\t\t\t<\/div>\n\t\t<\/div>\n\t\t\t\t\t<\/div>\n\t\t<\/section>\n\t\t\t\t<section class=\"elementor-section elementor-top-section elementor-element elementor-element-8442b75 elementor-section-boxed elementor-section-height-default elementor-section-height-default\" data-id=\"8442b75\" data-element_type=\"section\" data-e-type=\"section\">\n\t\t\t\t\t\t<div class=\"elementor-container elementor-column-gap-default\">\n\t\t\t\t\t<div class=\"elementor-column elementor-col-100 elementor-top-column elementor-element elementor-element-e0ccb7e\" data-id=\"e0ccb7e\" data-element_type=\"column\" data-e-type=\"column\">\n\t\t\t<div class=\"elementor-widget-wrap elementor-element-populated\">\n\t\t\t\t\t\t<div class=\"elementor-element elementor-element-d20d176 elementor-widget elementor-widget-heading\" data-id=\"d20d176\" data-element_type=\"widget\" data-e-type=\"widget\" data-widget_type=\"heading.default\">\n\t\t\t\t\t<h2 class=\"elementor-heading-title elementor-size-default\">3 \u017eingsnis. Pirkite ataskait\u0105 arba kelias \n<\/h2>\t\t\t\t<\/div>\n\t\t\t\t<div class=\"elementor-element elementor-element-abd8f13 elementor-widget__width-initial elementor-widget elementor-widget-text-editor\" data-id=\"abd8f13\" data-element_type=\"widget\" data-e-type=\"widget\" data-widget_type=\"text-editor.default\">\n\t\t\t\t\t\t\t\t\t<p>Jei turite nuolaidos kod\u0105 arba PREPAID kod\u0105, \u012fveskite j\u012f prie\u0161 pasirinkdami mok\u0117jimo b\u016bd\u0105. \u012eveskite el. pa\u0161to adres\u0105, kuris taip pat yra prisijungimo prie J\u016bs\u0173 paskyros vardas. Paruo\u0161\u0117me Jums daug patogi\u0173 mok\u0117jimo b\u016bd\u0173. Pasirink\u0119, vykdykite ekrane pateikiamas instrukcijas.   <\/p>\n<p>Mok\u0117jimo apdorojimo laukimo laikas paprastai trunka 2-3 minutes, ta\u010diau i\u0161skirtiniais atvejais mok\u0117jimo laukimo laikas gali itin pailg\u0117ti.<\/p>\n<p>Po s\u0117kmingo apmok\u0117jimo gausite el. lai\u0161k\u0105 su informacija, patvirtinan\u010dia mok\u0117jim\u0105, ir, jeigu tai pirmas pirkinys, dar vien\u0105 el. lai\u0161k\u0105 su paskyros slapta\u017eod\u017eiu. Jeigu perkate pirm\u0105 kart\u0105 ir negalite rasti el. lai\u0161ko su slapta\u017eod\u017eiu, b\u016btinai patikrinkite ir pa\u0161to aplank\u0105 SPAM. <\/p>\n\t\t\t\t\t\t\t\t<\/div>\n\t\t\t\t<div class=\"elementor-element elementor-element-32cdf55 elementor-widget elementor-widget-image\" data-id=\"32cdf55\" data-element_type=\"widget\" data-e-type=\"widget\" data-widget_type=\"image.default\">\n\t\t\t\t\t\t\t\t\t\t\t\t\t\t\t<img decoding=\"async\" width=\"1\" height=\"1\" src=\"https:\/\/www.automoli.com\/wp-content\/uploads\/2024\/07\/aml-precheck-pac.svg\" class=\"attachment-full size-full wp-image-50375\" alt=\"\" title=\"\">\t\t\t\t\t\t\t\t\t\t\t\t\t\t\t<\/div>\n\t\t\t\t<div class=\"elementor-element elementor-element-61c84e3 elementor-widget elementor-widget-image\" data-id=\"61c84e3\" data-element_type=\"widget\" data-e-type=\"widget\" data-widget_type=\"image.default\">\n\t\t\t\t\t\t\t\t\t\t\t\t\t\t\t<img decoding=\"async\" width=\"820\" height=\"345\" src=\"https:\/\/www.automoli.com\/wp-content\/uploads\/2021\/07\/aml-payment.png\" class=\"attachment-full size-full wp-image-4796\" alt=\"\" srcset=\"https:\/\/www.automoli.com\/wp-content\/uploads\/2021\/07\/aml-payment.png 820w, https:\/\/www.automoli.com\/wp-content\/uploads\/2021\/07\/aml-payment-300x126.png 300w, https:\/\/www.automoli.com\/wp-content\/uploads\/2021\/07\/aml-payment-768x323.png 768w\" sizes=\"(max-width: 820px) 100vw, 820px\" title=\"\">\t\t\t\t\t\t\t\t\t\t\t\t\t\t\t<\/div>\n\t\t\t\t\t<\/div>\n\t\t<\/div>\n\t\t\t\t\t<\/div>\n\t\t<\/section>\n\t\t\t\t<section class=\"elementor-section elementor-top-section elementor-element elementor-element-9e3e2f0 elementor-section-boxed elementor-section-height-default elementor-section-height-default\" data-id=\"9e3e2f0\" data-element_type=\"section\" data-e-type=\"section\">\n\t\t\t\t\t\t<div class=\"elementor-container elementor-column-gap-default\">\n\t\t\t\t\t<div class=\"elementor-column elementor-col-100 elementor-top-column elementor-element elementor-element-ca67ea3\" data-id=\"ca67ea3\" data-element_type=\"column\" data-e-type=\"column\">\n\t\t\t<div class=\"elementor-widget-wrap elementor-element-populated\">\n\t\t\t\t\t\t<div class=\"elementor-element elementor-element-8c5d67b elementor-widget elementor-widget-heading\" data-id=\"8c5d67b\" data-element_type=\"widget\" data-e-type=\"widget\" data-widget_type=\"heading.default\">\n\t\t\t\t\t<h2 class=\"elementor-heading-title elementor-size-default\">\u017dingsnis 4. Prisijunkite ir per\u017ei\u016br\u0117kite ataskait\u0105 <\/h2>\t\t\t\t<\/div>\n\t\t\t\t<div class=\"elementor-element elementor-element-2bdbd2d elementor-widget elementor-widget-text-editor\" data-id=\"2bdbd2d\" data-element_type=\"widget\" data-e-type=\"widget\" data-widget_type=\"text-editor.default\">\n\t\t\t\t\t\t\t\t\t<p>\u012eved\u0119 savo el. pa\u0161to adres\u0105 ir slapta\u017eod\u012f, prisijunkite prie savo paskyros.<\/p>\n<p>Ataskaita prad\u0117s generuotis i\u0161 karto po to, kai sistema patvirtins mok\u0117jim\u0105, kur\u012f pasirinkote ankstesniame \u017eingsnyje. Duomen\u0173 renka ir ataskaitos paruo\u0161imas netur\u0117t\u0173 u\u017etrukti ilgiau nei kelias minutes. Ataskaitas mes saugosime j\u016bs\u0173 paskyroje iki 30 dien\u0173. Likusias ataskaitas, kurias pirkote pakete, gal\u0117site naudoti savo paskyros lygyje bet kuriuo metu, ta\u010diau ne v\u0117liau kaip per 90 dien\u0173 nuo pirkimo datos.   <\/p>\n\t\t\t\t\t\t\t\t<\/div>\n\t\t\t\t\t<\/div>\n\t\t<\/div>\n\t\t\t\t\t<\/div>\n\t\t<\/section>\n\t\t\t\t<\/div>\n\t\t","protected":false},"excerpt":{"rendered":"<p>Kaip u\u017esisakyti transporto priemon\u0117s istorijos ataskait\u0105 Nesvarbu, kaip patekote \u012f &#8222;Automoli&#8221; svetain\u0119 &#8211; per tinklara\u0161t\u012f ar pagrindin\u012f puslap\u012f, ar ie\u0161kojote VIN informacijos, ar transporto priemon\u0117s istorijos. Nesvarbu, nes j\u016bs\u0173 patogumui kiekvienoje vietoje yra langeliai, kuriuose galite patikrinti VIN arba valstybin\u012f numer\u012f. 1 veiksmas. \u012fveskite VIN arba valstybin\u012f numer\u012f \u012e laukel\u012f \u012fveskite reikiam\u0105 simboli\u0173 skai\u010di\u0173 ir [&hellip;]<\/p>\n","protected":false},"author":3,"featured_media":0,"parent":0,"menu_order":0,"comment_status":"closed","ping_status":"closed","template":"","meta":{"inline_featured_image":false,"footnotes":""},"class_list":["post-50703","page","type-page","status-publish","hentry"],"_links":{"self":[{"href":"https:\/\/www.automoli.com\/lt\/wp-json\/wp\/v2\/pages\/50703","targetHints":{"allow":["GET"]}}],"collection":[{"href":"https:\/\/www.automoli.com\/lt\/wp-json\/wp\/v2\/pages"}],"about":[{"href":"https:\/\/www.automoli.com\/lt\/wp-json\/wp\/v2\/types\/page"}],"author":[{"embeddable":true,"href":"https:\/\/www.automoli.com\/lt\/wp-json\/wp\/v2\/users\/3"}],"replies":[{"embeddable":true,"href":"https:\/\/www.automoli.com\/lt\/wp-json\/wp\/v2\/comments?post=50703"}],"version-history":[{"count":2,"href":"https:\/\/www.automoli.com\/lt\/wp-json\/wp\/v2\/pages\/50703\/revisions"}],"predecessor-version":[{"id":53496,"href":"https:\/\/www.automoli.com\/lt\/wp-json\/wp\/v2\/pages\/50703\/revisions\/53496"}],"wp:attachment":[{"href":"https:\/\/www.automoli.com\/lt\/wp-json\/wp\/v2\/media?parent=50703"}],"curies":[{"name":"wp","href":"https:\/\/api.w.org\/{rel}","templated":true}]}}