{"id":27235,"date":"2023-02-16T14:59:53","date_gmt":"2023-02-16T13:59:53","guid":{"rendered":"https:\/\/www.automoli.com\/pavyzdines-ataskaitos"},"modified":"2026-02-17T14:59:11","modified_gmt":"2026-02-17T13:59:11","slug":"pavyzdines-ataskaitos","status":"publish","type":"page","link":"https:\/\/www.automoli.com\/lt\/pavyzdines-ataskaitos","title":{"rendered":"Pavyzdin\u0117s ataskaitos"},"content":{"rendered":"\t\t<div data-elementor-type=\"wp-page\" data-elementor-id=\"27235\" class=\"elementor elementor-27235 elementor-123\" data-elementor-post-type=\"page\">\n\t\t\t\t<div class=\"elementor-element elementor-element-0d19538 e-flex e-con-boxed e-con e-parent\" data-id=\"0d19538\" data-element_type=\"container\" data-e-type=\"container\" data-settings=\"{&quot;background_background&quot;:&quot;classic&quot;,&quot;shape_divider_bottom&quot;:&quot;triangle&quot;,&quot;shape_divider_bottom_negative&quot;:&quot;yes&quot;}\">\n\t\t\t\t\t<div class=\"e-con-inner\">\n\t\t\t\t<div class=\"elementor-shape elementor-shape-bottom\" aria-hidden=\"true\" data-negative=\"true\">\n\t\t\t<svg xmlns=\"http:\/\/www.w3.org\/2000\/svg\" viewBox=\"0 0 1000 100\" preserveAspectRatio=\"none\">\n\t<path class=\"elementor-shape-fill\" d=\"M500.2,94.7L0,0v100h1000V0L500.2,94.7z\"\/>\n<\/svg>\t\t<\/div>\n\t\t<div class=\"elementor-element elementor-element-d098ebd e-con-full e-flex e-con e-child\" data-id=\"d098ebd\" data-element_type=\"container\" data-e-type=\"container\">\n\t\t\t\t<div class=\"elementor-element elementor-element-b28f6de elementor-widget elementor-widget-heading\" data-id=\"b28f6de\" data-element_type=\"widget\" data-e-type=\"widget\" data-widget_type=\"heading.default\">\n\t\t\t\t\t<h1 class=\"elementor-heading-title elementor-size-default\">Pavyzdin\u0117s ataskaitos<\/h1>\t\t\t\t<\/div>\n\t\t\t\t<\/div>\n\t\t\t\t\t<\/div>\n\t\t\t\t<\/div>\n\t\t<div class=\"elementor-element elementor-element-2fb2801 e-flex e-con-boxed e-con e-parent\" data-id=\"2fb2801\" data-element_type=\"container\" data-e-type=\"container\">\n\t\t\t\t\t<div class=\"e-con-inner\">\n\t\t<div class=\"elementor-element elementor-element-680fef2 e-con-full e-flex e-con e-child\" data-id=\"680fef2\" data-element_type=\"container\" data-e-type=\"container\">\n\t\t\t\t<div class=\"elementor-element elementor-element-21cc9e0 elementor-widget elementor-widget-heading\" data-id=\"21cc9e0\" data-element_type=\"widget\" data-e-type=\"widget\" data-widget_type=\"heading.default\">\n\t\t\t\t\t<h2 class=\"elementor-heading-title elementor-size-default\">Transporto priemon\u0117s istorijos ataskaita<\/h2>\t\t\t\t<\/div>\n\t\t<div class=\"elementor-element elementor-element-f4ba1f7 e-con-full e-flex e-con e-child\" data-id=\"f4ba1f7\" data-element_type=\"container\" data-e-type=\"container\">\n\t\t<div class=\"elementor-element elementor-element-ad65f26 e-con-full e-flex e-con e-child\" data-id=\"ad65f26\" data-element_type=\"container\" data-e-type=\"container\">\n\t\t\t\t<div class=\"elementor-element elementor-element-82da89a elementor-widget elementor-widget-image\" data-id=\"82da89a\" data-element_type=\"widget\" data-e-type=\"widget\" data-widget_type=\"image.default\">\n\t\t\t\t\t\t\t\t\t\t\t\t\t\t\t\t<a href=\"https:\/\/www.automoli.com\/lt\/page\/vehicle-history-report\">\n\t\t\t\t\t\t\t<img fetchpriority=\"high\" decoding=\"async\" width=\"256\" height=\"300\" src=\"https:\/\/www.automoli.com\/wp-content\/uploads\/2022\/11\/raport-our.svg\" class=\"attachment-medium size-medium wp-image-62551\" alt=\"\" title=\"\">\t\t\t\t\t\t\t\t<\/a>\n\t\t\t\t\t\t\t\t\t\t\t\t\t\t\t<\/div>\n\t\t\t\t<div class=\"elementor-element elementor-element-3f4a051 elementor-align-right elementor-mobile-align-center elementor-widget elementor-widget-button\" data-id=\"3f4a051\" data-element_type=\"widget\" data-e-type=\"widget\" data-widget_type=\"button.default\">\n\t\t\t\t\t\t\t\t\t\t<a class=\"elementor-button elementor-button-link elementor-size-sm\" href=\"https:\/\/www.automoli.com\/lt\/page\/vehicle-history-report\">\n\t\t\t\t\t\t<span class=\"elementor-button-content-wrapper\">\n\t\t\t\t\t\t\t\t\t<span class=\"elementor-button-text\">Atidaryti pavyzdin\u0119 ataskait\u0105<\/span>\n\t\t\t\t\t<\/span>\n\t\t\t\t\t<\/a>\n\t\t\t\t\t\t\t\t<\/div>\n\t\t\t\t<\/div>\n\t\t<div class=\"elementor-element elementor-element-659fcfa e-con-full e-flex e-con e-child\" data-id=\"659fcfa\" data-element_type=\"container\" data-e-type=\"container\">\n\t\t\t\t<div class=\"elementor-element elementor-element-aebd4b5 elementor-widget elementor-widget-text-editor\" data-id=\"aebd4b5\" data-element_type=\"widget\" data-e-type=\"widget\" data-widget_type=\"text-editor.default\">\n\t\t\t\t\t\t\t\t\t<p>Transporto istorijos ataskaita yra i\u0161samus \u012frankis, teikiantis pagrindin\u0119 informacij\u0105 apie transporto priemon\u0117s praeit\u012f, leid\u017eiantis patikrinti jos technin\u0119 b\u016bkl\u0119 ir naudojimo istorij\u0105. Tai nepakei\u010diamas \u017eini\u0173 \u0161altinis, leid\u017eiantis gauti prieig\u0105 prie daugelio i\u0161sami\u0173 duomen\u0173, kurie n\u0117ra vie\u0161ai prieinami internete. K\u0105 gali apimti tokia ataskaita?  <\/p>\n<p>Rasiu jame rasite:<\/p>\n\n<ul>\n \t<li>Transporto ridos,<\/li>\n \t<li>Galim\u0173 pa\u017eeidim\u0173 istorij\u0105,<\/li>\n \t<li>Remonto \u012fvertinimai,<\/li>\n \t<li>Informacija apie servisus ir techninius patikrinimus,<\/li>\n \t<li>Techniniai automobilio duomenys,<\/li>\n \t<li>Informacija apie tai, ar transporto priemon\u0117 yra ie\u0161kom\u0173 arba pagrobt\u0173 transporto priemoni\u0173 s\u0105ra\u0161e.<\/li>\n<\/ul>\n<p>Transporto istorijos ataskaita renka duomenis i\u0161 \u012fvairi\u0173 \u0161ali\u0173, toki\u0173 kaip Vokietija, Pranc\u016bzija, Belgija, Nyderlandai ar JAV. \u0160i informacija gaunama i\u0161 patikim\u0173 ir pripa\u017eint\u0173 \u0161altini\u0173, toki\u0173 kaip draudimo duomen\u0173 baz\u0117s, metalo lau\u017eo aik\u0161tel\u0117s, atliek\u0173 gr\u0105\u017einimo punktai ar organizacijos, kovojan\u010dios su ridos klastojimu, pvz., Nationale Auto Pas (NAP) Nyderlanduose. Taip pat verta pamin\u0117ti, kad duomenys i\u0161 u\u017esienio bazi\u0173 pasirodo tik tuomet, kai automobilis buvo ten registruotas arba naudojamas.   <\/p>\n<p>D\u0117ka ataskaitos turite galimyb\u0119 \u012fvertinti tikr\u0105j\u0105 transporto priemon\u0117s b\u016bkl\u0119, kas yra ne\u012fkainojama perkant automobil\u012f. \u0160i ataskaita pad\u0117s jums patikrinti pardav\u0117jo s\u0105\u017einingum\u0105, atskleisti pasl\u0117ptus pa\u017eeidimus ir avarij\u0173 istorij\u0105, kas leid\u017eia i\u0161vengti brangi\u0173 netik\u0117tum\u0173. <\/p>\n<p>Transporto istorijos patikrinimas yra b\u016btinas j\u016bs\u0173 saugumui, pasitik\u0117jimui ir naudojimosi komfortui. I\u0161samios analiz\u0117s ir surinkt\u0173 duomen\u0173 d\u0117ka galite priimti s\u0105moning\u0105 ir saugi\u0105 sprendim\u0105 d\u0117l pirkimo. <\/p>\t\t\t\t\t\t\t\t<\/div>\n\t\t\t\t<\/div>\n\t\t\t\t<\/div>\n\t\t\t\t<\/div>\n\t\t\t\t\t<\/div>\n\t\t\t\t<\/div>\n\t\t<div class=\"elementor-element elementor-element-45ee260 e-flex e-con-boxed e-con e-parent\" data-id=\"45ee260\" data-element_type=\"container\" data-e-type=\"container\" data-settings=\"{&quot;background_background&quot;:&quot;classic&quot;,&quot;shape_divider_top&quot;:&quot;triangle&quot;,&quot;shape_divider_bottom&quot;:&quot;triangle&quot;,&quot;shape_divider_bottom_negative&quot;:&quot;yes&quot;}\">\n\t\t\t\t\t<div class=\"e-con-inner\">\n\t\t\t\t<div class=\"elementor-shape elementor-shape-top\" aria-hidden=\"true\" data-negative=\"false\">\n\t\t\t<svg xmlns=\"http:\/\/www.w3.org\/2000\/svg\" viewBox=\"0 0 1000 100\" preserveAspectRatio=\"none\">\n\t<path class=\"elementor-shape-fill\" d=\"M500,98.9L0,6.1V0h1000v6.1L500,98.9z\"\/>\n<\/svg>\t\t<\/div>\n\t\t\t\t<div class=\"elementor-shape elementor-shape-bottom\" aria-hidden=\"true\" data-negative=\"true\">\n\t\t\t<svg xmlns=\"http:\/\/www.w3.org\/2000\/svg\" viewBox=\"0 0 1000 100\" preserveAspectRatio=\"none\">\n\t<path class=\"elementor-shape-fill\" d=\"M500.2,94.7L0,0v100h1000V0L500.2,94.7z\"\/>\n<\/svg>\t\t<\/div>\n\t\t<div class=\"elementor-element elementor-element-97dc520 e-con-full e-flex e-con e-child\" data-id=\"97dc520\" data-element_type=\"container\" data-e-type=\"container\">\n\t\t\t\t<div class=\"elementor-element elementor-element-4b80c9e elementor-widget elementor-widget-heading\" data-id=\"4b80c9e\" data-element_type=\"widget\" data-e-type=\"widget\" data-widget_type=\"heading.default\">\n\t\t\t\t\t<h2 class=\"elementor-heading-title elementor-size-default\">Prane\u0161imas apie automobil\u012f i\u0161 UK<\/h2>\t\t\t\t<\/div>\n\t\t\t\t<div class=\"elementor-element elementor-element-d766ba4 elementor-widget__width-initial elementor-widget elementor-widget-image\" data-id=\"d766ba4\" data-element_type=\"widget\" data-e-type=\"widget\" data-widget_type=\"image.default\">\n\t\t\t\t\t\t\t\t\t\t\t\t\t\t\t\t<a href=\"https:\/\/www.automoli.com\/pl\/page\/vehicle-history-report-uk\">\n\t\t\t\t\t\t\t<img decoding=\"async\" width=\"768\" height=\"899\" src=\"https:\/\/www.automoli.com\/wp-content\/uploads\/2022\/11\/raport-uk.svg\" class=\"attachment-medium_large size-medium_large wp-image-24221\" alt=\"\" title=\"\">\t\t\t\t\t\t\t\t<\/a>\n\t\t\t\t\t\t\t\t\t\t\t\t\t\t\t<\/div>\n\t\t\t\t<div class=\"elementor-element elementor-element-4d25527 elementor-widget elementor-widget-text-editor\" data-id=\"4d25527\" data-element_type=\"widget\" data-e-type=\"widget\" data-widget_type=\"text-editor.default\">\n\t\t\t\t\t\t\t\t\t<p><b>UK transporto priemoni\u0173 ataskaitoje<\/b> yra daug \u012fdomi\u0173 duomen\u0173 apie transporto priemon\u0117s istorij\u0105. M\u016bs\u0173 prane\u0161imo d\u0117ka gal\u0117site nustatyti, ar transporto priemon\u0117 buvo tinkama va\u017eiuoti ir gal\u0117jo va\u017eiuoti Did\u017eiosios Britanijos keliais, patikrinti savinink\u0173 skai\u010di\u0173 ir patikrinti, ar ji buvo skirta metalo lau\u017eui. M\u016bs\u0173 \u0161altiniai rodo duomenis i\u0161 vyriausyb\u0117s transporto priemoni\u0173 duomen\u0173 bazi\u0173 JK.  <\/p>\t\t\t\t\t\t\t\t<\/div>\n\t\t\t\t<div class=\"elementor-element elementor-element-81a9dc2 elementor-align-center elementor-mobile-align-center elementor-widget elementor-widget-button\" data-id=\"81a9dc2\" data-element_type=\"widget\" data-e-type=\"widget\" data-widget_type=\"button.default\">\n\t\t\t\t\t\t\t\t\t\t<a class=\"elementor-button elementor-button-link elementor-size-sm\" href=\"https:\/\/www.automoli.com\/lt\/page\/vehicle-history-report-uk\">\n\t\t\t\t\t\t<span class=\"elementor-button-content-wrapper\">\n\t\t\t\t\t\t\t\t\t<span class=\"elementor-button-text\">Atidaryti pavyzdin\u0119 ataskait\u0105<\/span>\n\t\t\t\t\t<\/span>\n\t\t\t\t\t<\/a>\n\t\t\t\t\t\t\t\t<\/div>\n\t\t\t\t<\/div>\n\t\t<div class=\"elementor-element elementor-element-0c1f244 e-con-full e-flex e-con e-child\" data-id=\"0c1f244\" data-element_type=\"container\" data-e-type=\"container\">\n\t\t\t\t<div class=\"elementor-element elementor-element-6165183 elementor-widget elementor-widget-heading\" data-id=\"6165183\" data-element_type=\"widget\" data-e-type=\"widget\" data-widget_type=\"heading.default\">\n\t\t\t\t\t<h2 class=\"elementor-heading-title elementor-size-default\">Rinkos vertinimas<\/h2>\t\t\t\t<\/div>\n\t\t\t\t<div class=\"elementor-element elementor-element-8040182 elementor-widget__width-initial elementor-widget elementor-widget-image\" data-id=\"8040182\" data-element_type=\"widget\" data-e-type=\"widget\" data-widget_type=\"image.default\">\n\t\t\t\t\t\t\t\t\t\t\t\t\t\t\t\t<a href=\"https:\/\/www.automoli.com\/pl\/page\/market-value-evaluation\">\n\t\t\t\t\t\t\t<img decoding=\"async\" width=\"800\" height=\"936\" src=\"https:\/\/www.automoli.com\/wp-content\/uploads\/2022\/11\/raport-ie.svg\" class=\"attachment-large size-large wp-image-24321\" alt=\"\" title=\"\">\t\t\t\t\t\t\t\t<\/a>\n\t\t\t\t\t\t\t\t\t\t\t\t\t\t\t<\/div>\n\t\t\t\t<div class=\"elementor-element elementor-element-b96370d elementor-widget elementor-widget-text-editor\" data-id=\"b96370d\" data-element_type=\"widget\" data-e-type=\"widget\" data-widget_type=\"text-editor.default\">\n\t\t\t\t\t\t\t\t\t<p>I\u0161skirtinai naudinga nustatant tinkam\u0105 transporto <b>priemon\u0117s kain\u0105 yra rinka ekspert\u0173 atliktas vertinimas.<\/b> I\u0161sklaidykite abejones d\u0117l tinkamos transporto priemon\u0117s kainos. Naudodamiesi m\u016bs\u0173 autoriniu eksporto vertinimu galite su\u017einoti, ar transporto priemon\u0117 atitinka rinkos vidurk\u012f. Informacija naudinga tiek pirk\u0117jams, tiek pardav\u0117jams. Patikrinkite, kaip automobilis praranda vert\u0119 b\u0117gant metams.    <\/p>\t\t\t\t\t\t\t\t<\/div>\n\t\t\t\t<div class=\"elementor-element elementor-element-8df0937 elementor-align-center elementor-mobile-align-center elementor-widget elementor-widget-button\" data-id=\"8df0937\" data-element_type=\"widget\" data-e-type=\"widget\" data-widget_type=\"button.default\">\n\t\t\t\t\t\t\t\t\t\t<a class=\"elementor-button elementor-button-link elementor-size-sm\" href=\"https:\/\/www.automoli.com\/lt\/page\/market-value-evaluation\">\n\t\t\t\t\t\t<span class=\"elementor-button-content-wrapper\">\n\t\t\t\t\t\t\t\t\t<span class=\"elementor-button-text\">Atidaryti pavyzdin\u0119 ataskait\u0105<\/span>\n\t\t\t\t\t<\/span>\n\t\t\t\t\t<\/a>\n\t\t\t\t\t\t\t\t<\/div>\n\t\t\t\t<\/div>\n\t\t<div class=\"elementor-element elementor-element-482256e e-con-full e-flex e-con e-child\" data-id=\"482256e\" data-element_type=\"container\" data-e-type=\"container\">\n\t\t\t\t<div class=\"elementor-element elementor-element-4de2abb elementor-widget elementor-widget-heading\" data-id=\"4de2abb\" data-element_type=\"widget\" data-e-type=\"widget\" data-widget_type=\"heading.default\">\n\t\t\t\t\t<h2 class=\"elementor-heading-title elementor-size-default\">Serviso darbai<\/h2>\t\t\t\t<\/div>\n\t\t\t\t<div class=\"elementor-element elementor-element-f48489e elementor-widget__width-initial elementor-widget elementor-widget-image\" data-id=\"f48489e\" data-element_type=\"widget\" data-e-type=\"widget\" data-widget_type=\"image.default\">\n\t\t\t\t\t\t\t\t\t\t\t\t\t\t\t\t<a href=\"https:\/\/www.automoli.com\/pl\/page\/service-activities\">\n\t\t\t\t\t\t\t<img loading=\"lazy\" decoding=\"async\" width=\"800\" height=\"936\" src=\"https:\/\/www.automoli.com\/wp-content\/uploads\/2022\/11\/raport-sa.svg\" class=\"attachment-large size-large wp-image-24369\" alt=\"\" title=\"\">\t\t\t\t\t\t\t\t<\/a>\n\t\t\t\t\t\t\t\t\t\t\t\t\t\t\t<\/div>\n\t\t\t\t<div class=\"elementor-element elementor-element-d15637c elementor-widget elementor-widget-text-editor\" data-id=\"d15637c\" data-element_type=\"widget\" data-e-type=\"widget\" data-widget_type=\"text-editor.default\">\n\t\t\t\t\t\t\t\t\t<p>Serviso veiksm\u0173 ataskait\u0105 gausite nemokamai su <b>\u012fsigytu transporto priemon\u0117s istorijos ataskaitos.<\/b> Su\u017einosite, kokie darbai iki \u0161iol tur\u0117jo b\u016bti atlikti su transporto priemone. Taip pat su\u017einosite, kokie serviso veiksmai bus b\u016btini artimiausiu metu. Ten taip pat rasite galim\u0173 j\u0173 atlikimo i\u0161laid\u0173 \u012fvertinim\u0105.   <\/p><p> <\/p>\t\t\t\t\t\t\t\t<\/div>\n\t\t\t\t<div class=\"elementor-element elementor-element-4ed0750 elementor-align-center elementor-mobile-align-center elementor-widget elementor-widget-button\" data-id=\"4ed0750\" data-element_type=\"widget\" data-e-type=\"widget\" data-widget_type=\"button.default\">\n\t\t\t\t\t\t\t\t\t\t<a class=\"elementor-button elementor-button-link elementor-size-sm\" href=\"https:\/\/www.automoli.com\/lt\/page\/service-activities\">\n\t\t\t\t\t\t<span class=\"elementor-button-content-wrapper\">\n\t\t\t\t\t\t\t\t\t<span class=\"elementor-button-text\">Atidaryti pavyzdin\u0119 ataskait\u0105<\/span>\n\t\t\t\t\t<\/span>\n\t\t\t\t\t<\/a>\n\t\t\t\t\t\t\t\t<\/div>\n\t\t\t\t<\/div>\n\t\t\t\t\t<\/div>\n\t\t\t\t<\/div>\n\t\t\t\t<\/div>\n\t\t","protected":false},"excerpt":{"rendered":"<p>Pavyzdin\u0117s ataskaitos Transporto priemon\u0117s istorijos ataskaita Atidaryti pavyzdin\u0119 ataskait\u0105 Transporto istorijos ataskaita yra i\u0161samus \u012frankis, teikiantis pagrindin\u0119 informacij\u0105 apie transporto priemon\u0117s praeit\u012f, leid\u017eiantis patikrinti jos technin\u0119 b\u016bkl\u0119 ir naudojimo istorij\u0105. Tai nepakei\u010diamas \u017eini\u0173 \u0161altinis, leid\u017eiantis gauti prieig\u0105 prie daugelio i\u0161sami\u0173 duomen\u0173, kurie n\u0117ra vie\u0161ai prieinami internete. K\u0105 gali apimti tokia ataskaita? Rasiu jame rasite: Transporto [&hellip;]<\/p>\n","protected":false},"author":1,"featured_media":0,"parent":0,"menu_order":0,"comment_status":"closed","ping_status":"closed","template":"","meta":{"inline_featured_image":false,"footnotes":""},"class_list":["post-27235","page","type-page","status-publish","hentry"],"_links":{"self":[{"href":"https:\/\/www.automoli.com\/lt\/wp-json\/wp\/v2\/pages\/27235","targetHints":{"allow":["GET"]}}],"collection":[{"href":"https:\/\/www.automoli.com\/lt\/wp-json\/wp\/v2\/pages"}],"about":[{"href":"https:\/\/www.automoli.com\/lt\/wp-json\/wp\/v2\/types\/page"}],"author":[{"embeddable":true,"href":"https:\/\/www.automoli.com\/lt\/wp-json\/wp\/v2\/users\/1"}],"replies":[{"embeddable":true,"href":"https:\/\/www.automoli.com\/lt\/wp-json\/wp\/v2\/comments?post=27235"}],"version-history":[{"count":2,"href":"https:\/\/www.automoli.com\/lt\/wp-json\/wp\/v2\/pages\/27235\/revisions"}],"predecessor-version":[{"id":62615,"href":"https:\/\/www.automoli.com\/lt\/wp-json\/wp\/v2\/pages\/27235\/revisions\/62615"}],"wp:attachment":[{"href":"https:\/\/www.automoli.com\/lt\/wp-json\/wp\/v2\/media?parent=27235"}],"curies":[{"name":"wp","href":"https:\/\/api.w.org\/{rel}","templated":true}]}}