{"id":27168,"date":"2023-02-08T10:47:04","date_gmt":"2023-02-08T09:47:04","guid":{"rendered":"https:\/\/www.automoli.com\/esempi-di-report"},"modified":"2026-02-17T14:57:12","modified_gmt":"2026-02-17T13:57:12","slug":"esempi-di-report","status":"publish","type":"page","link":"https:\/\/www.automoli.com\/it\/esempi-di-report","title":{"rendered":"Esempi di report"},"content":{"rendered":"\t\t<div data-elementor-type=\"wp-page\" data-elementor-id=\"27168\" class=\"elementor elementor-27168 elementor-123\" data-elementor-post-type=\"page\">\n\t\t\t\t<div class=\"elementor-element elementor-element-0d19538 e-flex e-con-boxed e-con e-parent\" data-id=\"0d19538\" data-element_type=\"container\" data-e-type=\"container\" data-settings=\"{&quot;background_background&quot;:&quot;classic&quot;,&quot;shape_divider_bottom&quot;:&quot;triangle&quot;,&quot;shape_divider_bottom_negative&quot;:&quot;yes&quot;}\">\n\t\t\t\t\t<div class=\"e-con-inner\">\n\t\t\t\t<div class=\"elementor-shape elementor-shape-bottom\" aria-hidden=\"true\" data-negative=\"true\">\n\t\t\t<svg xmlns=\"http:\/\/www.w3.org\/2000\/svg\" viewBox=\"0 0 1000 100\" preserveAspectRatio=\"none\">\n\t<path class=\"elementor-shape-fill\" d=\"M500.2,94.7L0,0v100h1000V0L500.2,94.7z\"\/>\n<\/svg>\t\t<\/div>\n\t\t<div class=\"elementor-element elementor-element-d098ebd e-con-full e-flex e-con e-child\" data-id=\"d098ebd\" data-element_type=\"container\" data-e-type=\"container\">\n\t\t\t\t<div class=\"elementor-element elementor-element-b28f6de elementor-widget elementor-widget-heading\" data-id=\"b28f6de\" data-element_type=\"widget\" data-e-type=\"widget\" data-widget_type=\"heading.default\">\n\t\t\t\t\t<h1 class=\"elementor-heading-title elementor-size-default\">Esempi di report<\/h1>\t\t\t\t<\/div>\n\t\t\t\t<\/div>\n\t\t\t\t\t<\/div>\n\t\t\t\t<\/div>\n\t\t<div class=\"elementor-element elementor-element-2fb2801 e-flex e-con-boxed e-con e-parent\" data-id=\"2fb2801\" data-element_type=\"container\" data-e-type=\"container\">\n\t\t\t\t\t<div class=\"e-con-inner\">\n\t\t<div class=\"elementor-element elementor-element-680fef2 e-con-full e-flex e-con e-child\" data-id=\"680fef2\" data-element_type=\"container\" data-e-type=\"container\">\n\t\t\t\t<div class=\"elementor-element elementor-element-21cc9e0 elementor-widget elementor-widget-heading\" data-id=\"21cc9e0\" data-element_type=\"widget\" data-e-type=\"widget\" data-widget_type=\"heading.default\">\n\t\t\t\t\t<h2 class=\"elementor-heading-title elementor-size-default\">Report sullo storico del veicolo<\/h2>\t\t\t\t<\/div>\n\t\t<div class=\"elementor-element elementor-element-f4ba1f7 e-con-full e-flex e-con e-child\" data-id=\"f4ba1f7\" data-element_type=\"container\" data-e-type=\"container\">\n\t\t<div class=\"elementor-element elementor-element-ad65f26 e-con-full e-flex e-con e-child\" data-id=\"ad65f26\" data-element_type=\"container\" data-e-type=\"container\">\n\t\t\t\t<div class=\"elementor-element elementor-element-82da89a elementor-widget elementor-widget-image\" data-id=\"82da89a\" data-element_type=\"widget\" data-e-type=\"widget\" data-widget_type=\"image.default\">\n\t\t\t\t\t\t\t\t\t\t\t\t\t\t\t\t<a href=\"https:\/\/www.automoli.com\/it\/page\/vehicle-history-report\">\n\t\t\t\t\t\t\t<img fetchpriority=\"high\" decoding=\"async\" width=\"256\" height=\"300\" src=\"https:\/\/www.automoli.com\/wp-content\/uploads\/2022\/11\/raport-our.svg\" class=\"attachment-medium size-medium wp-image-62549\" alt=\"\" title=\"\">\t\t\t\t\t\t\t\t<\/a>\n\t\t\t\t\t\t\t\t\t\t\t\t\t\t\t<\/div>\n\t\t\t\t<div class=\"elementor-element elementor-element-3f4a051 elementor-align-right elementor-mobile-align-center elementor-widget elementor-widget-button\" data-id=\"3f4a051\" data-element_type=\"widget\" data-e-type=\"widget\" data-widget_type=\"button.default\">\n\t\t\t\t\t\t\t\t\t\t<a class=\"elementor-button elementor-button-link elementor-size-sm\" href=\"https:\/\/www.automoli.com\/it\/page\/vehicle-history-report\">\n\t\t\t\t\t\t<span class=\"elementor-button-content-wrapper\">\n\t\t\t\t\t\t\t\t\t<span class=\"elementor-button-text\">Apri un esempio di report<\/span>\n\t\t\t\t\t<\/span>\n\t\t\t\t\t<\/a>\n\t\t\t\t\t\t\t\t<\/div>\n\t\t\t\t<\/div>\n\t\t<div class=\"elementor-element elementor-element-659fcfa e-con-full e-flex e-con e-child\" data-id=\"659fcfa\" data-element_type=\"container\" data-e-type=\"container\">\n\t\t\t\t<div class=\"elementor-element elementor-element-aebd4b5 elementor-widget elementor-widget-text-editor\" data-id=\"aebd4b5\" data-element_type=\"widget\" data-e-type=\"widget\" data-widget_type=\"text-editor.default\">\n\t\t\t\t\t\t\t\t\t<p>Il rapporto sulla storia del veicolo \u00e8 uno strumento completo che fornisce informazioni chiave riguardo al passato del veicolo, consentendo di verificare il suo stato tecnico e la sua storia d&#8217;uso. \u00c8 una fonte di conoscenza indispensabile che permette di accedere a molti dati dettagliati che non sono pubblicamente disponibili su Internet. Cosa pu\u00f2 contenere un tale rapporto?  <\/p>\n<p>Lo troverai, tra l&#8217;altro:<\/p>\n\n<ul>\n \t<li>Chilometraggi del veicolo,<\/li>\n \t<li>Storia di eventuali danni,<\/li>\n \t<li>Valutazioni delle riparazioni,<\/li>\n \t<li>Informazioni sui servizi e i controlli tecnici,<\/li>\n \t<li>Dati tecnici del veicolo,<\/li>\n \t<li>Informazioni su se il veicolo \u00e8 presente nell&#8217;elenco dei veicoli ricercati o rubati.<\/li>\n<\/ul>\n<p>Il rapporto sulla storia del veicolo raccoglie dati da vari paesi, come Germania, Francia, Belgio, Paesi Bassi e Stati Uniti. Queste informazioni provengono da fonti affidabili e riconosciute, come banche dati assicurative, autodemolizioni, centri di recupero e organizzazioni che combattono la manomissione del chilometraggio, ad esempio il Nationale Auto Pas (NAP) nei Paesi Bassi. Tuttavia, \u00e8 importante ricordare che i dati provenienti da banche dati estere appariranno solo nei casi in cui il veicolo fosse stato registrato o utilizzato l\u00ec.   <\/p>\n<p>Grazie al rapporto hai la possibilit\u00e0 di valutare il reale stato del veicolo, il che \u00e8 fondamentale nell&#8217;acquisto di un&#8217;auto. Questo rapporto ti aiuter\u00e0 a verificare la veridicit\u00e0 del venditore, a rilevare danni nascosti e la storia di incidenti, permettendoti di evitare sorprese costose. <\/p>\n<p>La verifica della storia del veicolo \u00e8 fondamentale per la tua sicurezza, certezza e comfort d&#8217;uso. Grazie a un&#8217;analisi dettagliata e ai dati raccolti, puoi prendere una decisione consapevole e sicura riguardo all&#8217;acquisto. <\/p>\t\t\t\t\t\t\t\t<\/div>\n\t\t\t\t<\/div>\n\t\t\t\t<\/div>\n\t\t\t\t<\/div>\n\t\t\t\t\t<\/div>\n\t\t\t\t<\/div>\n\t\t<div class=\"elementor-element elementor-element-45ee260 e-flex e-con-boxed e-con e-parent\" data-id=\"45ee260\" data-element_type=\"container\" data-e-type=\"container\" data-settings=\"{&quot;background_background&quot;:&quot;classic&quot;,&quot;shape_divider_top&quot;:&quot;triangle&quot;,&quot;shape_divider_bottom&quot;:&quot;triangle&quot;,&quot;shape_divider_bottom_negative&quot;:&quot;yes&quot;}\">\n\t\t\t\t\t<div class=\"e-con-inner\">\n\t\t\t\t<div class=\"elementor-shape elementor-shape-top\" aria-hidden=\"true\" data-negative=\"false\">\n\t\t\t<svg xmlns=\"http:\/\/www.w3.org\/2000\/svg\" viewBox=\"0 0 1000 100\" preserveAspectRatio=\"none\">\n\t<path class=\"elementor-shape-fill\" d=\"M500,98.9L0,6.1V0h1000v6.1L500,98.9z\"\/>\n<\/svg>\t\t<\/div>\n\t\t\t\t<div class=\"elementor-shape elementor-shape-bottom\" aria-hidden=\"true\" data-negative=\"true\">\n\t\t\t<svg xmlns=\"http:\/\/www.w3.org\/2000\/svg\" viewBox=\"0 0 1000 100\" preserveAspectRatio=\"none\">\n\t<path class=\"elementor-shape-fill\" d=\"M500.2,94.7L0,0v100h1000V0L500.2,94.7z\"\/>\n<\/svg>\t\t<\/div>\n\t\t<div class=\"elementor-element elementor-element-97dc520 e-con-full e-flex e-con e-child\" data-id=\"97dc520\" data-element_type=\"container\" data-e-type=\"container\">\n\t\t\t\t<div class=\"elementor-element elementor-element-4b80c9e elementor-widget elementor-widget-heading\" data-id=\"4b80c9e\" data-element_type=\"widget\" data-e-type=\"widget\" data-widget_type=\"heading.default\">\n\t\t\t\t\t<h2 class=\"elementor-heading-title elementor-size-default\">Rapporto sul veicolo dal Regno Unito<\/h2>\t\t\t\t<\/div>\n\t\t\t\t<div class=\"elementor-element elementor-element-d766ba4 elementor-widget__width-initial elementor-widget elementor-widget-image\" data-id=\"d766ba4\" data-element_type=\"widget\" data-e-type=\"widget\" data-widget_type=\"image.default\">\n\t\t\t\t\t\t\t\t\t\t\t\t\t\t\t\t<a href=\"https:\/\/www.automoli.com\/pl\/page\/vehicle-history-report-uk\">\n\t\t\t\t\t\t\t<img decoding=\"async\" width=\"768\" height=\"899\" src=\"https:\/\/www.automoli.com\/wp-content\/uploads\/2022\/11\/raport-uk.svg\" class=\"attachment-medium_large size-medium_large wp-image-24220\" alt=\"\" title=\"\">\t\t\t\t\t\t\t\t<\/a>\n\t\t\t\t\t\t\t\t\t\t\t\t\t\t\t<\/div>\n\t\t\t\t<div class=\"elementor-element elementor-element-4d25527 elementor-widget elementor-widget-text-editor\" data-id=\"4d25527\" data-element_type=\"widget\" data-e-type=\"widget\" data-widget_type=\"text-editor.default\">\n\t\t\t\t\t\t\t\t\t<p><b>Il rapporto per i veicoli del Regno Unito<\/b> contiene molti dati interessanti sulla storia del veicolo. Grazie al nostro rapporto, determinerai se il veicolo era tecnicamente valido e poteva circolare sulle strade della Gran Bretagna, verificherai il numero dei proprietari e verificherai se era destinato alla rottamazione. Le nostre fonti mostrano i dati dei database dei veicoli del governo nel Regno Unito.  <\/p>\t\t\t\t\t\t\t\t<\/div>\n\t\t\t\t<div class=\"elementor-element elementor-element-81a9dc2 elementor-align-center elementor-mobile-align-center elementor-widget elementor-widget-button\" data-id=\"81a9dc2\" data-element_type=\"widget\" data-e-type=\"widget\" data-widget_type=\"button.default\">\n\t\t\t\t\t\t\t\t\t\t<a class=\"elementor-button elementor-button-link elementor-size-sm\" href=\"https:\/\/www.automoli.com\/it\/page\/vehicle-history-report-uk\">\n\t\t\t\t\t\t<span class=\"elementor-button-content-wrapper\">\n\t\t\t\t\t\t\t\t\t<span class=\"elementor-button-text\">Apri un esempio di report<\/span>\n\t\t\t\t\t<\/span>\n\t\t\t\t\t<\/a>\n\t\t\t\t\t\t\t\t<\/div>\n\t\t\t\t<\/div>\n\t\t<div class=\"elementor-element elementor-element-0c1f244 e-con-full e-flex e-con e-child\" data-id=\"0c1f244\" data-element_type=\"container\" data-e-type=\"container\">\n\t\t\t\t<div class=\"elementor-element elementor-element-6165183 elementor-widget elementor-widget-heading\" data-id=\"6165183\" data-element_type=\"widget\" data-e-type=\"widget\" data-widget_type=\"heading.default\">\n\t\t\t\t\t<h2 class=\"elementor-heading-title elementor-size-default\">Valutazione del valore di mercato<\/h2>\t\t\t\t<\/div>\n\t\t\t\t<div class=\"elementor-element elementor-element-8040182 elementor-widget__width-initial elementor-widget elementor-widget-image\" data-id=\"8040182\" data-element_type=\"widget\" data-e-type=\"widget\" data-widget_type=\"image.default\">\n\t\t\t\t\t\t\t\t\t\t\t\t\t\t\t\t<a href=\"https:\/\/www.automoli.com\/pl\/page\/market-value-evaluation\">\n\t\t\t\t\t\t\t<img decoding=\"async\" width=\"800\" height=\"936\" src=\"https:\/\/www.automoli.com\/wp-content\/uploads\/2022\/11\/raport-ie.svg\" class=\"attachment-large size-large wp-image-24320\" alt=\"\" title=\"\">\t\t\t\t\t\t\t\t<\/a>\n\t\t\t\t\t\t\t\t\t\t\t\t\t\t\t<\/div>\n\t\t\t\t<div class=\"elementor-element elementor-element-b96370d elementor-widget elementor-widget-text-editor\" data-id=\"b96370d\" data-element_type=\"widget\" data-e-type=\"widget\" data-widget_type=\"text-editor.default\">\n\t\t\t\t\t\t\t\t\t<p>Estremamente utile per stimare un prezzo adeguato del veicolo \u00e8 la <b>valutazione effettuata da esperti di mercato.<\/b> Dissipa le tue dubbi riguardo al prezzo corretto del veicolo. Utilizzando la nostra valutazione esperta e originale del valore di mercato del veicolo, saprai se il veicolo rientra nella media di mercato. Informazioni utili sia per chi compra che per chi vende il veicolo. Scopri come l&#8217;auto perde valore nel corso degli anni.   <\/p>\t\t\t\t\t\t\t\t<\/div>\n\t\t\t\t<div class=\"elementor-element elementor-element-8df0937 elementor-align-center elementor-mobile-align-center elementor-widget elementor-widget-button\" data-id=\"8df0937\" data-element_type=\"widget\" data-e-type=\"widget\" data-widget_type=\"button.default\">\n\t\t\t\t\t\t\t\t\t\t<a class=\"elementor-button elementor-button-link elementor-size-sm\" href=\"https:\/\/www.automoli.com\/it\/page\/market-value-evaluation\">\n\t\t\t\t\t\t<span class=\"elementor-button-content-wrapper\">\n\t\t\t\t\t\t\t\t\t<span class=\"elementor-button-text\">Apri un esempio di report<\/span>\n\t\t\t\t\t<\/span>\n\t\t\t\t\t<\/a>\n\t\t\t\t\t\t\t\t<\/div>\n\t\t\t\t<\/div>\n\t\t<div class=\"elementor-element elementor-element-482256e e-con-full e-flex e-con e-child\" data-id=\"482256e\" data-element_type=\"container\" data-e-type=\"container\">\n\t\t\t\t<div class=\"elementor-element elementor-element-4de2abb elementor-widget elementor-widget-heading\" data-id=\"4de2abb\" data-element_type=\"widget\" data-e-type=\"widget\" data-widget_type=\"heading.default\">\n\t\t\t\t\t<h2 class=\"elementor-heading-title elementor-size-default\">Attivit\u00e0 di servizio<\/h2>\t\t\t\t<\/div>\n\t\t\t\t<div class=\"elementor-element elementor-element-f48489e elementor-widget__width-initial elementor-widget elementor-widget-image\" data-id=\"f48489e\" data-element_type=\"widget\" data-e-type=\"widget\" data-widget_type=\"image.default\">\n\t\t\t\t\t\t\t\t\t\t\t\t\t\t\t\t<a href=\"https:\/\/www.automoli.com\/pl\/page\/service-activities\">\n\t\t\t\t\t\t\t<img loading=\"lazy\" decoding=\"async\" width=\"800\" height=\"936\" src=\"https:\/\/www.automoli.com\/wp-content\/uploads\/2022\/11\/raport-sa.svg\" class=\"attachment-large size-large wp-image-24368\" alt=\"\" title=\"\">\t\t\t\t\t\t\t\t<\/a>\n\t\t\t\t\t\t\t\t\t\t\t\t\t\t\t<\/div>\n\t\t\t\t<div class=\"elementor-element elementor-element-d15637c elementor-widget elementor-widget-text-editor\" data-id=\"d15637c\" data-element_type=\"widget\" data-e-type=\"widget\" data-widget_type=\"text-editor.default\">\n\t\t\t\t\t\t\t\t\t<p>Pagando il Report sullo storico del veicolo riceverai gratuitamente il <b>Report sulla manutenzione<\/b> dal quale saprai quali lavori dovevano essere fatti sul veicolo fino all\u2019ora. Saprai, tra le altre cose, quali opere di manutenzione saranno indispensabili nel prossimo futuro. Vi troverai anche la valutazione dei probabili costi della loro esecuzione.   <\/p><p> <\/p>\t\t\t\t\t\t\t\t<\/div>\n\t\t\t\t<div class=\"elementor-element elementor-element-4ed0750 elementor-align-center elementor-mobile-align-center elementor-widget elementor-widget-button\" data-id=\"4ed0750\" data-element_type=\"widget\" data-e-type=\"widget\" data-widget_type=\"button.default\">\n\t\t\t\t\t\t\t\t\t\t<a class=\"elementor-button elementor-button-link elementor-size-sm\" href=\"https:\/\/www.automoli.com\/it\/page\/service-activities\">\n\t\t\t\t\t\t<span class=\"elementor-button-content-wrapper\">\n\t\t\t\t\t\t\t\t\t<span class=\"elementor-button-text\">Apri un esempio di report<\/span>\n\t\t\t\t\t<\/span>\n\t\t\t\t\t<\/a>\n\t\t\t\t\t\t\t\t<\/div>\n\t\t\t\t<\/div>\n\t\t\t\t\t<\/div>\n\t\t\t\t<\/div>\n\t\t\t\t<\/div>\n\t\t","protected":false},"excerpt":{"rendered":"<p>Esempi di report Report sullo storico del veicolo Apri un esempio di report Il rapporto sulla storia del veicolo \u00e8 uno strumento completo che fornisce informazioni chiave riguardo al passato del veicolo, consentendo di verificare il suo stato tecnico e la sua storia d&#8217;uso. \u00c8 una fonte di conoscenza indispensabile che permette di accedere a [&hellip;]<\/p>\n","protected":false},"author":1,"featured_media":0,"parent":0,"menu_order":0,"comment_status":"closed","ping_status":"closed","template":"","meta":{"inline_featured_image":false,"footnotes":""},"class_list":["post-27168","page","type-page","status-publish","hentry"],"_links":{"self":[{"href":"https:\/\/www.automoli.com\/it\/wp-json\/wp\/v2\/pages\/27168","targetHints":{"allow":["GET"]}}],"collection":[{"href":"https:\/\/www.automoli.com\/it\/wp-json\/wp\/v2\/pages"}],"about":[{"href":"https:\/\/www.automoli.com\/it\/wp-json\/wp\/v2\/types\/page"}],"author":[{"embeddable":true,"href":"https:\/\/www.automoli.com\/it\/wp-json\/wp\/v2\/users\/1"}],"replies":[{"embeddable":true,"href":"https:\/\/www.automoli.com\/it\/wp-json\/wp\/v2\/comments?post=27168"}],"version-history":[{"count":2,"href":"https:\/\/www.automoli.com\/it\/wp-json\/wp\/v2\/pages\/27168\/revisions"}],"predecessor-version":[{"id":62613,"href":"https:\/\/www.automoli.com\/it\/wp-json\/wp\/v2\/pages\/27168\/revisions\/62613"}],"wp:attachment":[{"href":"https:\/\/www.automoli.com\/it\/wp-json\/wp\/v2\/media?parent=27168"}],"curies":[{"name":"wp","href":"https:\/\/api.w.org\/{rel}","templated":true}]}}