{"id":50705,"date":"2024-08-07T14:33:50","date_gmt":"2024-08-07T12:33:50","guid":{"rendered":"https:\/\/www.automoli.com\/hogyan-rendelhet-jelentest"},"modified":"2024-11-21T10:55:11","modified_gmt":"2024-11-21T09:55:11","slug":"hogyan-rendelhet-jelentest","status":"publish","type":"page","link":"https:\/\/www.automoli.com\/hu\/hogyan-rendelhet-jelentest","title":{"rendered":"Hogyan rendelhet jelent\u00e9st"},"content":{"rendered":"\t\t<div data-elementor-type=\"wp-page\" data-elementor-id=\"50705\" class=\"elementor elementor-50705 elementor-50355\" data-elementor-post-type=\"page\">\n\t\t\t\t\t\t<section class=\"elementor-section elementor-top-section elementor-element elementor-element-2b4ecd5 elementor-section-boxed elementor-section-height-default elementor-section-height-default\" data-id=\"2b4ecd5\" data-element_type=\"section\" data-e-type=\"section\" data-settings=\"{&quot;background_background&quot;:&quot;classic&quot;,&quot;shape_divider_bottom&quot;:&quot;triangle&quot;,&quot;shape_divider_bottom_negative&quot;:&quot;yes&quot;}\">\n\t\t\t\t\t<div class=\"elementor-shape elementor-shape-bottom\" aria-hidden=\"true\" data-negative=\"true\">\n\t\t\t<svg xmlns=\"http:\/\/www.w3.org\/2000\/svg\" viewBox=\"0 0 1000 100\" preserveAspectRatio=\"none\">\n\t<path class=\"elementor-shape-fill\" d=\"M500.2,94.7L0,0v100h1000V0L500.2,94.7z\"\/>\n<\/svg>\t\t<\/div>\n\t\t\t\t\t<div class=\"elementor-container elementor-column-gap-default\">\n\t\t\t\t\t<div class=\"elementor-column elementor-col-100 elementor-top-column elementor-element elementor-element-c4f3fe0\" data-id=\"c4f3fe0\" data-element_type=\"column\" data-e-type=\"column\">\n\t\t\t<div class=\"elementor-widget-wrap elementor-element-populated\">\n\t\t\t\t\t\t<div class=\"elementor-element elementor-element-f1a6006 elementor-widget elementor-widget-heading\" data-id=\"f1a6006\" data-element_type=\"widget\" data-e-type=\"widget\" data-widget_type=\"heading.default\">\n\t\t\t\t\t<h1 class=\"elementor-heading-title elementor-size-default\">Hogyan lehet megrendelni a j\u00e1rm\u0171 t\u00f6rt\u00e9net jelent\u00e9st<\/h1>\t\t\t\t<\/div>\n\t\t\t\t<div class=\"elementor-element elementor-element-dbcb37d elementor-widget elementor-widget-text-editor\" data-id=\"dbcb37d\" data-element_type=\"widget\" data-e-type=\"widget\" data-widget_type=\"text-editor.default\">\n\t\t\t\t\t\t\t\t\t<p>Nem sz\u00e1m\u00edt, hogyan \u00e9rkezik az Automola weboldal\u00e1ra, ak\u00e1r a blogon, ak\u00e1r a f\u0151oldalon kereszt\u00fcl, ak\u00e1r VIN-inform\u00e1ci\u00f3kat vagy j\u00e1rm\u0171t\u00f6rt\u00e9netet keres. Nem sz\u00e1m\u00edt, minden helyen van egy doboz, ahol a VIN vagy a rendsz\u00e1mt\u00e1bla ellen\u0151rizhet\u0151 az \u00d6n k\u00e9nyelme \u00e9rdek\u00e9ben.  <\/p>\n\t\t\t\t\t\t\t\t<\/div>\n\t\t\t\t\t<\/div>\n\t\t<\/div>\n\t\t\t\t\t<\/div>\n\t\t<\/section>\n\t\t\t\t<section class=\"elementor-section elementor-top-section elementor-element elementor-element-0d0d160 elementor-section-boxed elementor-section-height-default elementor-section-height-default\" data-id=\"0d0d160\" data-element_type=\"section\" data-e-type=\"section\">\n\t\t\t\t\t\t<div class=\"elementor-container elementor-column-gap-default\">\n\t\t\t\t\t<div class=\"elementor-column elementor-col-100 elementor-top-column elementor-element elementor-element-7cdcf9c\" data-id=\"7cdcf9c\" data-element_type=\"column\" data-e-type=\"column\">\n\t\t\t<div class=\"elementor-widget-wrap elementor-element-populated\">\n\t\t\t\t\t\t<div class=\"elementor-element elementor-element-128440c elementor-widget elementor-widget-heading\" data-id=\"128440c\" data-element_type=\"widget\" data-e-type=\"widget\" data-widget_type=\"heading.default\">\n\t\t\t\t\t<h2 class=\"elementor-heading-title elementor-size-default\">1. l\u00e9p\u00e9s: adja meg az alv\u00e1zsz\u00e1mot vagy a rendsz\u00e1mot. <\/h2>\t\t\t\t<\/div>\n\t\t\t\t<div class=\"elementor-element elementor-element-7f76fc2 elementor-widget elementor-widget-text-editor\" data-id=\"7f76fc2\" data-element_type=\"widget\" data-e-type=\"widget\" data-widget_type=\"text-editor.default\">\n\t\t\t\t\t\t\t\t\t<p><span style=\"font-weight: 400;\">\u00cdrja be a megfelel\u0151 sz\u00e1m\u00fa karaktert a megadott mez\u0151be, majd kattintson az &#8222;Ellen\u0151rizni&#8221; gombra.<\/span><\/p>\n\t\t\t\t\t\t\t\t<\/div>\n\t\t\t\t<div class=\"elementor-element elementor-element-1b9af0e elementor-widget elementor-widget-image\" data-id=\"1b9af0e\" data-element_type=\"widget\" data-e-type=\"widget\" data-widget_type=\"image.default\">\n\t\t\t\t\t\t\t\t\t\t\t\t\t\t\t<img fetchpriority=\"high\" decoding=\"async\" width=\"800\" height=\"380\" src=\"https:\/\/www.automoli.com\/wp-content\/uploads\/2021\/07\/aml-enter_vin.png\" class=\"attachment-full size-full wp-image-4752\" alt=\"\" srcset=\"https:\/\/www.automoli.com\/wp-content\/uploads\/2021\/07\/aml-enter_vin.png 800w, https:\/\/www.automoli.com\/wp-content\/uploads\/2021\/07\/aml-enter_vin-300x143.png 300w, https:\/\/www.automoli.com\/wp-content\/uploads\/2021\/07\/aml-enter_vin-768x365.png 768w\" sizes=\"(max-width: 800px) 100vw, 800px\" title=\"\">\t\t\t\t\t\t\t\t\t\t\t\t\t\t\t<\/div>\n\t\t\t\t\t<\/div>\n\t\t<\/div>\n\t\t\t\t\t<\/div>\n\t\t<\/section>\n\t\t\t\t<section class=\"elementor-section elementor-top-section elementor-element elementor-element-6903c2a elementor-section-boxed elementor-section-height-default elementor-section-height-default\" data-id=\"6903c2a\" data-element_type=\"section\" data-e-type=\"section\">\n\t\t\t\t\t\t<div class=\"elementor-container elementor-column-gap-default\">\n\t\t\t\t\t<div class=\"elementor-column elementor-col-100 elementor-top-column elementor-element elementor-element-8d4c0f1\" data-id=\"8d4c0f1\" data-element_type=\"column\" data-e-type=\"column\">\n\t\t\t<div class=\"elementor-widget-wrap elementor-element-populated\">\n\t\t\t\t\t\t<div class=\"elementor-element elementor-element-761cd92 elementor-widget elementor-widget-heading\" data-id=\"761cd92\" data-element_type=\"widget\" data-e-type=\"widget\" data-widget_type=\"heading.default\">\n\t\t\t\t\t<h2 class=\"elementor-heading-title elementor-size-default\">2. l\u00e9p\u00e9s: Ismerje az ellen\u0151rizend\u0151 adatok \u00e1r\u00e1t \u00e9s terjedelm\u00e9t.  <\/h2>\t\t\t\t<\/div>\n\t\t\t\t<div class=\"elementor-element elementor-element-ee233e2 elementor-widget elementor-widget-text-editor\" data-id=\"ee233e2\" data-element_type=\"widget\" data-e-type=\"widget\" data-widget_type=\"text-editor.default\">\n\t\t\t\t\t\t\t\t\tEbben a l\u00e9p\u00e9sben megtudhatod, hogy tal\u00e1ltunk bizonyos inform\u00e1ci\u00f3kat a j\u00e1rm\u0171r\u0151l a megadott VIN sz\u00e1m vagy rendsz\u00e1m alapj\u00e1n. Ezen a ponton azt is elolvashatod, hogy j\u00e1rm\u0171t\u00f6rt\u00e9neti jelent\u00e9seink ellen\u0151rzik az al\u00e1bbi inform\u00e1ci\u00f3kat: \n<ul>\n \t<li>j\u00e1rm\u0171t\u00f6rt\u00e9net \u00e9s esem\u00e9nyek,<\/li>\n \t<li>kilom\u00e9ter\u00f3ra \u00e1ll\u00e1sok,<\/li>\n \t<li>a keresett j\u00e1rm\u0171vek nyilv\u00e1ntart\u00e1sa,<\/li>\n \t<li>m\u0171szaki adatok,<\/li>\n \t<li>arch\u00edv f\u00e9nyk\u00e9pek,<\/li>\n \t<li>valamint egy adott modell h\u00e1tr\u00e1nyait.<\/li>\n<\/ul>\nItt d\u00f6nthetsz arr\u00f3l is, hogy meg szeretn\u00e9d v\u00e1s\u00e1rolni ezt az egy konkr\u00e9t jelent\u00e9st, vagy ink\u00e1bb egy 2 vagy 3 tov\u00e1bbi jelent\u00e9sb\u0151l \u00e1ll\u00f3 csomagot v\u00e1s\u00e1roln\u00e1l, amelyet 90 napon bel\u00fcl b\u00e1rmikor felhaszn\u00e1lhatsz a v\u00e1s\u00e1rl\u00e1s d\u00e1tum\u00e1t\u00f3l sz\u00e1m\u00edtva. Min\u00e9l t\u00f6bbet v\u00e1s\u00e1rolsz, ann\u00e1l olcs\u00f3bb! Tapasztalataink szerint a v\u00e1gyott j\u00e1rm\u0171 megv\u00e1s\u00e1rl\u00e1s\u00e1hoz legal\u00e1bb 2 aut\u00f3 t\u00f6rt\u00e9net\u00e9nek ellen\u0151rz\u00e9se sz\u00fcks\u00e9ges.  <\/span>\n\nFigyelem: A VIN sz\u00e1m vagy a rendsz\u00e1m alapj\u00e1n gener\u00e1lt jelent\u00e9shez val\u00f3 hozz\u00e1f\u00e9r\u00e9s minden esetben 30 nap. A k\u00edn\u00e1lt jelent\u00e9s\u00fcnk p\u00e9ld\u00e1j\u00e1t a &#8222;<a href=\"https:\/\/www.automoli.com\/hu\/pelda-riportok\">P\u00e9ldajelent\u00e9s<\/a>&#8221; szekci\u00f3ban tal\u00e1lod.\n\n\t\t\t\t\t\t\t\t<\/div>\n\t\t\t\t\t<\/div>\n\t\t<\/div>\n\t\t\t\t\t<\/div>\n\t\t<\/section>\n\t\t\t\t<section class=\"elementor-section elementor-top-section elementor-element elementor-element-8442b75 elementor-section-boxed elementor-section-height-default elementor-section-height-default\" data-id=\"8442b75\" data-element_type=\"section\" data-e-type=\"section\">\n\t\t\t\t\t\t<div class=\"elementor-container elementor-column-gap-default\">\n\t\t\t\t\t<div class=\"elementor-column elementor-col-100 elementor-top-column elementor-element elementor-element-e0ccb7e\" data-id=\"e0ccb7e\" data-element_type=\"column\" data-e-type=\"column\">\n\t\t\t<div class=\"elementor-widget-wrap elementor-element-populated\">\n\t\t\t\t\t\t<div class=\"elementor-element elementor-element-d20d176 elementor-widget elementor-widget-heading\" data-id=\"d20d176\" data-element_type=\"widget\" data-e-type=\"widget\" data-widget_type=\"heading.default\">\n\t\t\t\t\t<h2 class=\"elementor-heading-title elementor-size-default\">3. l\u00e9p\u00e9s. V\u00e1s\u00e1rolj jelent\u00e9st vagy t\u00f6bbet \n<\/h2>\t\t\t\t<\/div>\n\t\t\t\t<div class=\"elementor-element elementor-element-abd8f13 elementor-widget__width-initial elementor-widget elementor-widget-text-editor\" data-id=\"abd8f13\" data-element_type=\"widget\" data-e-type=\"widget\" data-widget_type=\"text-editor.default\">\n\t\t\t\t\t\t\t\t\t<p>Ha van kedvezm\u00e9nyk\u00f3dja vagy PREPAID k\u00f3dja, adja meg azt a fizet\u00e9si m\u00f3d kiv\u00e1laszt\u00e1sa el\u0151tt. Adja meg az e-mail c\u00edm\u00e9t, amelyet a fi\u00f3kj\u00e1ba val\u00f3 bejelentkez\u00e9shez is haszn\u00e1lni fog. T\u00f6bb k\u00e9nyelmes fizet\u00e9si m\u00f3dot k\u00edn\u00e1lunk a fi\u00f3kj\u00e1hoz. Miut\u00e1n kiv\u00e1lasztotta, k\u00f6vesse a k\u00e9perny\u0151n megjelen\u0151 utas\u00edt\u00e1sokat.   <\/p>\n<p>A fizet\u00e9s feldolgoz\u00e1s\u00e1nak v\u00e1rakoz\u00e1si ideje \u00e1ltal\u00e1ban 2-3 perc, de rendk\u00edv\u00fcli helyzetekben a v\u00e1rakoz\u00e1si id\u0151 kiv\u00e9telesen meghosszabbodhat.<\/p>\n<p>A sikeres fizet\u00e9s ut\u00e1n kapsz egy befizet\u00e9st visszaigazol\u00f3 e-mailt, \u00e9s els\u0151 v\u00e1s\u00e1rl\u00e1s eset\u00e9n a k\u00f6vetkez\u0151 e-mail a fi\u00f3kod jelsz\u00f3j\u00e1t fogja tartalmazni. Ha el\u0151sz\u00f6r v\u00e1s\u00e1rolt\u00e1l \u00e9s nem tal\u00e1lod a jelsz\u00f3t tartalmaz\u00f3 e-mailt, ellen\u0151rizd A SPAM mapp\u00e1t is. <\/p>\n\t\t\t\t\t\t\t\t<\/div>\n\t\t\t\t<div class=\"elementor-element elementor-element-32cdf55 elementor-widget elementor-widget-image\" data-id=\"32cdf55\" data-element_type=\"widget\" data-e-type=\"widget\" data-widget_type=\"image.default\">\n\t\t\t\t\t\t\t\t\t\t\t\t\t\t\t<img decoding=\"async\" width=\"1\" height=\"1\" src=\"https:\/\/www.automoli.com\/wp-content\/uploads\/2024\/07\/aml-precheck-pac.svg\" class=\"attachment-full size-full wp-image-50372\" alt=\"\" title=\"\">\t\t\t\t\t\t\t\t\t\t\t\t\t\t\t<\/div>\n\t\t\t\t<div class=\"elementor-element elementor-element-61c84e3 elementor-widget elementor-widget-image\" data-id=\"61c84e3\" data-element_type=\"widget\" data-e-type=\"widget\" data-widget_type=\"image.default\">\n\t\t\t\t\t\t\t\t\t\t\t\t\t\t\t<img decoding=\"async\" width=\"820\" height=\"345\" src=\"https:\/\/www.automoli.com\/wp-content\/uploads\/2021\/07\/aml-payment.png\" class=\"attachment-full size-full wp-image-4794\" alt=\"\" srcset=\"https:\/\/www.automoli.com\/wp-content\/uploads\/2021\/07\/aml-payment.png 820w, https:\/\/www.automoli.com\/wp-content\/uploads\/2021\/07\/aml-payment-300x126.png 300w, https:\/\/www.automoli.com\/wp-content\/uploads\/2021\/07\/aml-payment-768x323.png 768w\" sizes=\"(max-width: 820px) 100vw, 820px\" title=\"\">\t\t\t\t\t\t\t\t\t\t\t\t\t\t\t<\/div>\n\t\t\t\t\t<\/div>\n\t\t<\/div>\n\t\t\t\t\t<\/div>\n\t\t<\/section>\n\t\t\t\t<section class=\"elementor-section elementor-top-section elementor-element elementor-element-9e3e2f0 elementor-section-boxed elementor-section-height-default elementor-section-height-default\" data-id=\"9e3e2f0\" data-element_type=\"section\" data-e-type=\"section\">\n\t\t\t\t\t\t<div class=\"elementor-container elementor-column-gap-default\">\n\t\t\t\t\t<div class=\"elementor-column elementor-col-100 elementor-top-column elementor-element elementor-element-ca67ea3\" data-id=\"ca67ea3\" data-element_type=\"column\" data-e-type=\"column\">\n\t\t\t<div class=\"elementor-widget-wrap elementor-element-populated\">\n\t\t\t\t\t\t<div class=\"elementor-element elementor-element-8c5d67b elementor-widget elementor-widget-heading\" data-id=\"8c5d67b\" data-element_type=\"widget\" data-e-type=\"widget\" data-widget_type=\"heading.default\">\n\t\t\t\t\t<h2 class=\"elementor-heading-title elementor-size-default\">4. l\u00e9p\u00e9s. Jelentkezz be, \u00e9s n\u00e9zd meg a jelent\u00e9st. <\/h2>\t\t\t\t<\/div>\n\t\t\t\t<div class=\"elementor-element elementor-element-2bdbd2d elementor-widget elementor-widget-text-editor\" data-id=\"2bdbd2d\" data-element_type=\"widget\" data-e-type=\"widget\" data-widget_type=\"text-editor.default\">\n\t\t\t\t\t\t\t\t\t<p>Miut\u00e1n megadta az email c\u00edm\u00e9t \u00e9s a jelszav\u00e1t, jelentkezzen be a fi\u00f3kj\u00e1ba.<\/p>\n<p>A jelent\u00e9s azonnal elkezd\u0151dik, miut\u00e1n a rendszer meger\u0151s\u00edtette a v\u00e1lasztott fizet\u00e9si m\u00f3dot az el\u0151z\u0151 l\u00e9p\u00e9sben. Az adatok \u00f6ssze\u00e1ll\u00edt\u00e1sa \u00e9s a jelent\u00e9s elk\u00e9sz\u00edt\u00e9se nem kell, hogy t\u00f6bb mint n\u00e9h\u00e1ny percet ig\u00e9nybe vegyen. A jelent\u00e9seket 30 napig t\u00e1roljuk a fi\u00f3kj\u00e1ban. A csomagban v\u00e1s\u00e1rolt tov\u00e1bbi jelent\u00e9sek a fi\u00f3kj\u00e1b\u00f3l b\u00e1rmikor felhaszn\u00e1lhat\u00f3k, de legk\u00e9s\u0151bb 90 napon bel\u00fcl a v\u00e1s\u00e1rl\u00e1s d\u00e1tum\u00e1t\u00f3l.   <\/p>\n\t\t\t\t\t\t\t\t<\/div>\n\t\t\t\t\t<\/div>\n\t\t<\/div>\n\t\t\t\t\t<\/div>\n\t\t<\/section>\n\t\t\t\t<\/div>\n\t\t","protected":false},"excerpt":{"rendered":"<p>Hogyan lehet megrendelni a j\u00e1rm\u0171 t\u00f6rt\u00e9net jelent\u00e9st Nem sz\u00e1m\u00edt, hogyan \u00e9rkezik az Automola weboldal\u00e1ra, ak\u00e1r a blogon, ak\u00e1r a f\u0151oldalon kereszt\u00fcl, ak\u00e1r VIN-inform\u00e1ci\u00f3kat vagy j\u00e1rm\u0171t\u00f6rt\u00e9netet keres. Nem sz\u00e1m\u00edt, minden helyen van egy doboz, ahol a VIN vagy a rendsz\u00e1mt\u00e1bla ellen\u0151rizhet\u0151 az \u00d6n k\u00e9nyelme \u00e9rdek\u00e9ben. 1. l\u00e9p\u00e9s: adja meg az alv\u00e1zsz\u00e1mot vagy a rendsz\u00e1mot. \u00cdrja be [&hellip;]<\/p>\n","protected":false},"author":3,"featured_media":0,"parent":0,"menu_order":0,"comment_status":"closed","ping_status":"closed","template":"","meta":{"inline_featured_image":false,"footnotes":""},"class_list":["post-50705","page","type-page","status-publish","hentry"],"_links":{"self":[{"href":"https:\/\/www.automoli.com\/hu\/wp-json\/wp\/v2\/pages\/50705","targetHints":{"allow":["GET"]}}],"collection":[{"href":"https:\/\/www.automoli.com\/hu\/wp-json\/wp\/v2\/pages"}],"about":[{"href":"https:\/\/www.automoli.com\/hu\/wp-json\/wp\/v2\/types\/page"}],"author":[{"embeddable":true,"href":"https:\/\/www.automoli.com\/hu\/wp-json\/wp\/v2\/users\/3"}],"replies":[{"embeddable":true,"href":"https:\/\/www.automoli.com\/hu\/wp-json\/wp\/v2\/comments?post=50705"}],"version-history":[{"count":2,"href":"https:\/\/www.automoli.com\/hu\/wp-json\/wp\/v2\/pages\/50705\/revisions"}],"predecessor-version":[{"id":53492,"href":"https:\/\/www.automoli.com\/hu\/wp-json\/wp\/v2\/pages\/50705\/revisions\/53492"}],"wp:attachment":[{"href":"https:\/\/www.automoli.com\/hu\/wp-json\/wp\/v2\/media?parent=50705"}],"curies":[{"name":"wp","href":"https:\/\/api.w.org\/{rel}","templated":true}]}}