{"id":23777,"date":"2022-11-16T12:54:18","date_gmt":"2022-11-16T11:54:18","guid":{"rendered":"https:\/\/www.automoli.com\/autohirek"},"modified":"2023-01-31T11:14:48","modified_gmt":"2023-01-31T10:14:48","slug":"autohirek","status":"publish","type":"page","link":"https:\/\/www.automoli.com\/hu\/blog\/autohirek","title":{"rendered":"Aut\u00f3h\u00edrek"},"content":{"rendered":"\t\t<div data-elementor-type=\"wp-page\" data-elementor-id=\"23777\" class=\"elementor elementor-23777 elementor-22376\" data-elementor-post-type=\"page\">\n\t\t\t\t\t\t<section class=\"elementor-section elementor-top-section elementor-element elementor-element-c0292fa text-shadow elementor-section-boxed elementor-section-height-default elementor-section-height-default\" data-id=\"c0292fa\" data-element_type=\"section\" data-e-type=\"section\" data-settings=\"{&quot;background_background&quot;:&quot;classic&quot;,&quot;background_motion_fx_motion_fx_scrolling&quot;:&quot;yes&quot;,&quot;background_motion_fx_translateY_effect&quot;:&quot;yes&quot;,&quot;background_motion_fx_translateY_speed&quot;:{&quot;unit&quot;:&quot;px&quot;,&quot;size&quot;:5,&quot;sizes&quot;:[]},&quot;background_motion_fx_scale_effect&quot;:&quot;yes&quot;,&quot;background_motion_fx_scale_direction&quot;:&quot;in-out&quot;,&quot;background_motion_fx_scale_range&quot;:{&quot;unit&quot;:&quot;%&quot;,&quot;size&quot;:&quot;&quot;,&quot;sizes&quot;:{&quot;start&quot;:0,&quot;end&quot;:100}},&quot;shape_divider_bottom&quot;:&quot;triangle&quot;,&quot;shape_divider_bottom_negative&quot;:&quot;yes&quot;,&quot;background_motion_fx_translateY_affectedRange&quot;:{&quot;unit&quot;:&quot;%&quot;,&quot;size&quot;:&quot;&quot;,&quot;sizes&quot;:{&quot;start&quot;:0,&quot;end&quot;:100}},&quot;background_motion_fx_scale_speed&quot;:{&quot;unit&quot;:&quot;px&quot;,&quot;size&quot;:4,&quot;sizes&quot;:[]},&quot;background_motion_fx_devices&quot;:[&quot;desktop&quot;,&quot;tablet&quot;,&quot;mobile&quot;]}\">\n\t\t\t\t\t\t\t<div class=\"elementor-background-overlay\"><\/div>\n\t\t\t\t\t\t<div class=\"elementor-shape elementor-shape-bottom\" aria-hidden=\"true\" data-negative=\"true\">\n\t\t\t<svg xmlns=\"http:\/\/www.w3.org\/2000\/svg\" viewBox=\"0 0 1000 100\" preserveAspectRatio=\"none\">\n\t<path class=\"elementor-shape-fill\" d=\"M500.2,94.7L0,0v100h1000V0L500.2,94.7z\"\/>\n<\/svg>\t\t<\/div>\n\t\t\t\t\t<div class=\"elementor-container elementor-column-gap-default\">\n\t\t\t\t\t<div class=\"elementor-column elementor-col-100 elementor-top-column elementor-element elementor-element-e56873a\" data-id=\"e56873a\" data-element_type=\"column\" data-e-type=\"column\">\n\t\t\t<div class=\"elementor-widget-wrap elementor-element-populated\">\n\t\t\t\t\t\t<div class=\"elementor-element elementor-element-f00ebba elementor-widget elementor-widget-heading\" data-id=\"f00ebba\" data-element_type=\"widget\" data-e-type=\"widget\" data-widget_type=\"heading.default\">\n\t\t\t\t\t<h1 class=\"elementor-heading-title elementor-size-default\">Aut\u00f3h\u00edrek<\/h1>\t\t\t\t<\/div>\n\t\t\t\t<div class=\"elementor-element elementor-element-c58ad7a elementor-widget elementor-widget-text-editor\" data-id=\"c58ad7a\" data-element_type=\"widget\" data-e-type=\"widget\" data-widget_type=\"text-editor.default\">\n\t\t\t\t\t\t\t\t\t<p>Aut\u00f3ipar h\u00edrek<\/p>\n\t\t\t\t\t\t\t\t<\/div>\n\t\t\t\t\t<\/div>\n\t\t<\/div>\n\t\t\t\t\t<\/div>\n\t\t<\/section>\n\t\t\t\t<section class=\"elementor-section elementor-top-section elementor-element elementor-element-2d410c8 elementor-section-boxed elementor-section-height-default elementor-section-height-default\" data-id=\"2d410c8\" data-element_type=\"section\" data-e-type=\"section\">\n\t\t\t\t\t\t<div class=\"elementor-container elementor-column-gap-default\">\n\t\t\t\t\t<div class=\"elementor-column elementor-col-100 elementor-top-column elementor-element elementor-element-f344ef5\" data-id=\"f344ef5\" data-element_type=\"column\" data-e-type=\"column\">\n\t\t\t<div class=\"elementor-widget-wrap elementor-element-populated\">\n\t\t\t\t\t\t<div class=\"elementor-element elementor-element-79b75b4 elementor-widget elementor-widget-heading\" data-id=\"79b75b4\" data-element_type=\"widget\" data-e-type=\"widget\" data-widget_type=\"heading.default\">\n\t\t\t\t\t<p class=\"elementor-heading-title elementor-size-default\">A legfrissebb h\u00edrek az aut\u00f3iparb\u00f3l. Legyen naprak\u00e9sz az ipar\u00e1g leg\u00fajabb v\u00e1ltoz\u00e1saival.<\/p>\t\t\t\t<\/div>\n\t\t\t\t\t<\/div>\n\t\t<\/div>\n\t\t\t\t\t<\/div>\n\t\t<\/section>\n\t\t\t\t<\/div>\n\t\t","protected":false},"excerpt":{"rendered":"<p>Aut\u00f3h\u00edrek Aut\u00f3ipar h\u00edrek A legfrissebb h\u00edrek az aut\u00f3iparb\u00f3l. Legyen naprak\u00e9sz az ipar\u00e1g leg\u00fajabb v\u00e1ltoz\u00e1saival.<\/p>\n","protected":false},"author":6,"featured_media":0,"parent":9876,"menu_order":0,"comment_status":"closed","ping_status":"closed","template":"","meta":{"inline_featured_image":false,"footnotes":""},"class_list":["post-23777","page","type-page","status-publish","hentry"],"_links":{"self":[{"href":"https:\/\/www.automoli.com\/hu\/wp-json\/wp\/v2\/pages\/23777","targetHints":{"allow":["GET"]}}],"collection":[{"href":"https:\/\/www.automoli.com\/hu\/wp-json\/wp\/v2\/pages"}],"about":[{"href":"https:\/\/www.automoli.com\/hu\/wp-json\/wp\/v2\/types\/page"}],"author":[{"embeddable":true,"href":"https:\/\/www.automoli.com\/hu\/wp-json\/wp\/v2\/users\/6"}],"replies":[{"embeddable":true,"href":"https:\/\/www.automoli.com\/hu\/wp-json\/wp\/v2\/comments?post=23777"}],"version-history":[{"count":2,"href":"https:\/\/www.automoli.com\/hu\/wp-json\/wp\/v2\/pages\/23777\/revisions"}],"predecessor-version":[{"id":26762,"href":"https:\/\/www.automoli.com\/hu\/wp-json\/wp\/v2\/pages\/23777\/revisions\/26762"}],"up":[{"embeddable":true,"href":"https:\/\/www.automoli.com\/hu\/wp-json\/wp\/v2\/pages\/9876"}],"wp:attachment":[{"href":"https:\/\/www.automoli.com\/hu\/wp-json\/wp\/v2\/media?parent=23777"}],"curies":[{"name":"wp","href":"https:\/\/api.w.org\/{rel}","templated":true}]}}