{"id":41495,"date":"2023-08-30T11:13:34","date_gmt":"2023-08-30T09:13:34","guid":{"rendered":"https:\/\/www.automoli.com\/kontakt"},"modified":"2023-08-30T11:13:35","modified_gmt":"2023-08-30T09:13:35","slug":"kontakt","status":"publish","type":"page","link":"https:\/\/www.automoli.com\/hr\/kontakt","title":{"rendered":"Kontakt"},"content":{"rendered":"\t\t<div data-elementor-type=\"wp-page\" data-elementor-id=\"41495\" class=\"elementor elementor-41495 elementor-41\" data-elementor-post-type=\"page\">\n\t\t\t\t\t\t<section class=\"elementor-section elementor-top-section elementor-element elementor-element-43565b1 elementor-section-boxed elementor-section-height-default elementor-section-height-default\" data-id=\"43565b1\" data-element_type=\"section\" data-e-type=\"section\" data-settings=\"{&quot;background_background&quot;:&quot;classic&quot;,&quot;shape_divider_bottom&quot;:&quot;triangle&quot;,&quot;shape_divider_bottom_negative&quot;:&quot;yes&quot;}\">\n\t\t\t\t\t<div class=\"elementor-shape elementor-shape-bottom\" aria-hidden=\"true\" data-negative=\"true\">\n\t\t\t<svg xmlns=\"http:\/\/www.w3.org\/2000\/svg\" viewBox=\"0 0 1000 100\" preserveAspectRatio=\"none\">\n\t<path class=\"elementor-shape-fill\" d=\"M500.2,94.7L0,0v100h1000V0L500.2,94.7z\"\/>\n<\/svg>\t\t<\/div>\n\t\t\t\t\t<div class=\"elementor-container elementor-column-gap-default\">\n\t\t\t\t\t<div class=\"elementor-column elementor-col-100 elementor-top-column elementor-element elementor-element-7b0b3f0\" data-id=\"7b0b3f0\" data-element_type=\"column\" data-e-type=\"column\">\n\t\t\t<div class=\"elementor-widget-wrap elementor-element-populated\">\n\t\t\t\t\t\t<div class=\"elementor-element elementor-element-38c3000 elementor-widget elementor-widget-heading\" data-id=\"38c3000\" data-element_type=\"widget\" data-e-type=\"widget\" data-widget_type=\"heading.default\">\n\t\t\t\t\t<h1 class=\"elementor-heading-title elementor-size-default\">Kontakt<\/h1>\t\t\t\t<\/div>\n\t\t\t\t<div class=\"elementor-element elementor-element-4ea0301 elementor-widget elementor-widget-text-editor\" data-id=\"4ea0301\" data-element_type=\"widget\" data-e-type=\"widget\" data-widget_type=\"text-editor.default\">\n\t\t\t\t\t\t\t\t\t<p>Ova stranica je pripremljena kako bi vam omogu\u0107ila da kontaktirate na\u0161u tvrtku.<\/p>\n\t\t\t\t\t\t\t\t<\/div>\n\t\t\t\t<div class=\"elementor-element elementor-element-bbaf559 elementor-widget elementor-widget-text-editor\" data-id=\"bbaf559\" data-element_type=\"widget\" data-e-type=\"widget\" data-widget_type=\"text-editor.default\">\n\t\t\t\t\t\t\t\t\t<p>PA\u017dNJA: ako nakon kupnje niste primili e-mail s izvje\u0161\u0107em, provjerite ne\u017eeljenu po\u0161tu ili unesite svoju e-mail adresu na glavnoj stranici web stranice u gornjem desnom kutu.<\/p>\n\t\t\t\t\t\t\t\t<\/div>\n\t\t\t\t\t<\/div>\n\t\t<\/div>\n\t\t\t\t\t<\/div>\n\t\t<\/section>\n\t\t\t\t<section class=\"elementor-section elementor-top-section elementor-element elementor-element-400e4e03 elementor-section-boxed elementor-section-height-default elementor-section-height-default\" data-id=\"400e4e03\" data-element_type=\"section\" data-e-type=\"section\">\n\t\t\t\t\t\t<div class=\"elementor-container elementor-column-gap-default\">\n\t\t\t\t\t<div class=\"elementor-column elementor-col-100 elementor-top-column elementor-element elementor-element-31d88290\" data-id=\"31d88290\" data-element_type=\"column\" data-e-type=\"column\">\n\t\t\t<div class=\"elementor-widget-wrap elementor-element-populated\">\n\t\t\t\t\t\t<section class=\"elementor-section elementor-inner-section elementor-element elementor-element-95492c4 elementor-section-boxed elementor-section-height-default elementor-section-height-default\" data-id=\"95492c4\" data-element_type=\"section\" data-e-type=\"section\" data-settings=\"{&quot;background_background&quot;:&quot;classic&quot;}\">\n\t\t\t\t\t\t\t<div class=\"elementor-background-overlay\"><\/div>\n\t\t\t\t\t\t\t<div class=\"elementor-container elementor-column-gap-default\">\n\t\t\t\t\t<div class=\"elementor-column elementor-col-50 elementor-inner-column elementor-element elementor-element-5655583\" data-id=\"5655583\" data-element_type=\"column\" data-e-type=\"column\">\n\t\t\t<div class=\"elementor-widget-wrap elementor-element-populated\">\n\t\t\t\t\t\t<div class=\"elementor-element elementor-element-a494485 elementor-widget elementor-widget-text-editor\" data-id=\"a494485\" data-element_type=\"widget\" data-e-type=\"widget\" data-widget_type=\"text-editor.default\">\n\t\t\t\t\t\t\t\t\t<p>Ako ste nai\u0161li na bilo kakve probleme vezane uz lozinku za na\u0161u web stranicu, preporu\u010dujemo vam da posjetite web stranicu: <\/p>\n\t\t\t\t\t\t\t\t<\/div>\n\t\t\t\t\t<\/div>\n\t\t<\/div>\n\t\t\t\t<div class=\"elementor-column elementor-col-50 elementor-inner-column elementor-element elementor-element-1f698bb\" data-id=\"1f698bb\" data-element_type=\"column\" data-e-type=\"column\">\n\t\t\t<div class=\"elementor-widget-wrap elementor-element-populated\">\n\t\t\t\t\t\t<div class=\"elementor-element elementor-element-04868f7 elementor-align-center elementor-widget elementor-widget-button\" data-id=\"04868f7\" data-element_type=\"widget\" data-e-type=\"widget\" data-widget_type=\"button.default\">\n\t\t\t\t\t\t\t\t\t\t<a class=\"elementor-button elementor-button-link elementor-size-sm\" href=\"\/hr\/account\/reset-password\">\n\t\t\t\t\t\t<span class=\"elementor-button-content-wrapper\">\n\t\t\t\t\t\t\t\t\t<span class=\"elementor-button-text\">Oporavak lozinke<\/span>\n\t\t\t\t\t<\/span>\n\t\t\t\t\t<\/a>\n\t\t\t\t\t\t\t\t<\/div>\n\t\t\t\t\t<\/div>\n\t\t<\/div>\n\t\t\t\t\t<\/div>\n\t\t<\/section>\n\t\t\t\t\t<\/div>\n\t\t<\/div>\n\t\t\t\t\t<\/div>\n\t\t<\/section>\n\t\t\t\t<section class=\"elementor-section elementor-top-section elementor-element elementor-element-dc0e03e elementor-section-boxed elementor-section-height-default elementor-section-height-default\" data-id=\"dc0e03e\" data-element_type=\"section\" data-e-type=\"section\" data-settings=\"{&quot;background_background&quot;:&quot;classic&quot;,&quot;shape_divider_top&quot;:&quot;triangle&quot;,&quot;shape_divider_bottom&quot;:&quot;triangle&quot;,&quot;shape_divider_bottom_negative&quot;:&quot;yes&quot;}\">\n\t\t\t\t\t<div class=\"elementor-shape elementor-shape-top\" aria-hidden=\"true\" data-negative=\"false\">\n\t\t\t<svg xmlns=\"http:\/\/www.w3.org\/2000\/svg\" viewBox=\"0 0 1000 100\" preserveAspectRatio=\"none\">\n\t<path class=\"elementor-shape-fill\" d=\"M500,98.9L0,6.1V0h1000v6.1L500,98.9z\"\/>\n<\/svg>\t\t<\/div>\n\t\t\t\t<div class=\"elementor-shape elementor-shape-bottom\" aria-hidden=\"true\" data-negative=\"true\">\n\t\t\t<svg xmlns=\"http:\/\/www.w3.org\/2000\/svg\" viewBox=\"0 0 1000 100\" preserveAspectRatio=\"none\">\n\t<path class=\"elementor-shape-fill\" d=\"M500.2,94.7L0,0v100h1000V0L500.2,94.7z\"\/>\n<\/svg>\t\t<\/div>\n\t\t\t\t\t<div class=\"elementor-container elementor-column-gap-default\">\n\t\t\t\t\t<div class=\"elementor-column elementor-col-100 elementor-top-column elementor-element elementor-element-acf2ce9\" data-id=\"acf2ce9\" data-element_type=\"column\" data-e-type=\"column\">\n\t\t\t<div class=\"elementor-widget-wrap elementor-element-populated\">\n\t\t\t\t\t\t<div class=\"elementor-element elementor-element-6f1d15b elementor-widget elementor-widget-heading\" data-id=\"6f1d15b\" data-element_type=\"widget\" data-e-type=\"widget\" data-widget_type=\"heading.default\">\n\t\t\t\t\t<h2 class=\"elementor-heading-title elementor-size-default\">Kontaktiranje ureda korisni\u010dke slu\u017ebe<\/h2>\t\t\t\t<\/div>\n\t\t\t\t<div class=\"elementor-element elementor-element-4c4dc85 elementor-button-align-start elementor-widget elementor-widget-form\" data-id=\"4c4dc85\" data-element_type=\"widget\" data-e-type=\"widget\" id=\"contact-form\" data-settings=\"{&quot;step_next_label&quot;:&quot;Sljede\\u0107i&quot;,&quot;step_previous_label&quot;:&quot;Prethodno&quot;,&quot;button_width&quot;:&quot;100&quot;,&quot;step_type&quot;:&quot;number_text&quot;,&quot;step_icon_shape&quot;:&quot;circle&quot;}\" data-widget_type=\"form.default\">\n\t\t\t\t\t\t\t<form class=\"elementor-form\" method=\"post\" id=\"pg-form-contact\" name=\"contact-form\" aria-label=\"contact-form\">\n\t\t\t<input type=\"hidden\" name=\"post_id\" value=\"41495\"\/>\n\t\t\t<input type=\"hidden\" name=\"form_id\" value=\"4c4dc85\"\/>\n\t\t\t<input type=\"hidden\" name=\"referer_title\" value=\"\" \/>\n\n\t\t\t\n\t\t\t<div class=\"elementor-form-fields-wrapper elementor-labels-above\">\n\t\t\t\t\t\t\t\t<div class=\"elementor-field-type-email elementor-field-group elementor-column elementor-field-group-email elementor-col-100 elementor-field-required elementor-mark-required\">\n\t\t\t\t\t\t\t\t\t\t\t\t<label for=\"form-field-email\" class=\"elementor-field-label\">\n\t\t\t\t\t\t\t\tdaj mi svoju email adresu\t\t\t\t\t\t\t<\/label>\n\t\t\t\t\t\t\t\t\t\t\t\t\t\t<input size=\"1\" type=\"email\" name=\"form_fields[email]\" id=\"form-field-email\" class=\"elementor-field elementor-size-sm  elementor-field-textual\" required=\"required\">\n\t\t\t\t\t\t\t\t\t\t\t<\/div>\n\t\t\t\t\t\t\t\t<div class=\"elementor-field-type-select elementor-field-group elementor-column elementor-field-group-topic elementor-col-50 elementor-field-required elementor-mark-required\">\n\t\t\t\t\t\t\t\t\t\t\t\t<label for=\"form-field-topic\" class=\"elementor-field-label\">\n\t\t\t\t\t\t\t\tOdaberite temu\t\t\t\t\t\t\t<\/label>\n\t\t\t\t\t\t\t\t<div class=\"elementor-field elementor-select-wrapper remove-before \">\n\t\t\t<div class=\"select-caret-down-wrapper\">\n\t\t\t\t<svg aria-hidden=\"true\" class=\"e-font-icon-svg e-eicon-caret-down\" viewBox=\"0 0 571.4 571.4\" xmlns=\"http:\/\/www.w3.org\/2000\/svg\"><path d=\"M571 393Q571 407 561 418L311 668Q300 679 286 679T261 668L11 418Q0 407 0 393T11 368 36 357H536Q550 357 561 368T571 393Z\"><\/path><\/svg>\t\t\t<\/div>\n\t\t\t<select name=\"form_fields[topic]\" id=\"form-field-topic\" class=\"elementor-field-textual elementor-size-sm\" required=\"required\">\n\t\t\t\t\t\t\t\t\t<option value=\"4\">Op\u0107enito<\/option>\n\t\t\t\t\t\t\t\t\t<option value=\"0\">Problem s lozinkom<\/option>\n\t\t\t\t\t\t\t\t\t<option value=\"11\">\u017dalba<\/option>\n\t\t\t\t\t\t\t<\/select>\n\t\t<\/div>\n\t\t\t\t\t\t<\/div>\n\t\t\t\t\t\t\t\t<div class=\"elementor-field-type-textarea elementor-field-group elementor-column elementor-field-group-message elementor-col-100 elementor-field-required elementor-mark-required\">\n\t\t\t\t\t\t\t\t\t\t\t\t<label for=\"form-field-message\" class=\"elementor-field-label\">\n\t\t\t\t\t\t\t\tUnesite sadr\u017eaj poruke\t\t\t\t\t\t\t<\/label>\n\t\t\t\t\t\t<textarea class=\"elementor-field-textual elementor-field  elementor-size-sm\" name=\"form_fields[message]\" id=\"form-field-message\" rows=\"4\" required=\"required\"><\/textarea>\t\t\t\t<\/div>\n\t\t\t\t\t\t\t\t<div class=\"elementor-field-type-recaptcha elementor-field-group elementor-column elementor-field-group-recaptcha elementor-col-100\">\n\t\t\t\t\t<div class=\"elementor-field\" id=\"form-field-recaptcha\"><div class=\"elementor-g-recaptcha\" data-sitekey=\"6Lc8TvMZAAAAAJJWO8h_TtYMs-FJ9yuzy0oqUdOd\" data-type=\"v2_checkbox\" data-theme=\"light\" data-size=\"normal\"><\/div><\/div>\t\t\t\t<\/div>\n\t\t\t\t\t\t\t\t<div class=\"elementor-field-group elementor-column elementor-field-type-submit elementor-col-100 e-form__buttons\">\n\t\t\t\t\t<button class=\"elementor-button elementor-size-sm\" type=\"submit\" id=\"pg-form-contact-submit\">\n\t\t\t\t\t\t<span class=\"elementor-button-content-wrapper\">\n\t\t\t\t\t\t\t\t\t\t\t\t\t\t\t\t\t\t\t\t\t\t<span class=\"elementor-button-text\">Po\u0161alji poruku<\/span>\n\t\t\t\t\t\t\t\t\t\t\t\t\t<\/span>\n\t\t\t\t\t<\/button>\n\t\t\t\t<\/div>\n\t\t\t<\/div>\n\t\t<\/form>\n\t\t\t\t\t\t<\/div>\n\t\t\t\t<div class=\"elementor-element elementor-element-6b166be elementor-widget elementor-widget-template\" data-id=\"6b166be\" data-element_type=\"widget\" data-e-type=\"widget\" data-widget_type=\"template.default\">\n\t\t\t\t<div class=\"elementor-widget-container\">\n\t\t\t\t\t\t\t<div class=\"elementor-template\">\n\t\t\t\t\t<div data-elementor-type=\"section\" data-elementor-id=\"36605\" class=\"elementor elementor-36605 elementor-2912 elementor-2912\" data-elementor-post-type=\"elementor_library\">\n\t\t\t\t\t<section class=\"elementor-section elementor-top-section elementor-element elementor-element-6933ad2 elementor-section-boxed elementor-section-height-default elementor-section-height-default\" data-id=\"6933ad2\" data-element_type=\"section\" data-e-type=\"section\">\n\t\t\t\t\t\t<div class=\"elementor-container elementor-column-gap-default\">\n\t\t\t\t\t<div class=\"elementor-column elementor-col-100 elementor-top-column elementor-element elementor-element-2f96f04\" data-id=\"2f96f04\" data-element_type=\"column\" data-e-type=\"column\">\n\t\t\t<div class=\"elementor-widget-wrap elementor-element-populated\">\n\t\t\t\t\t\t<div class=\"elementor-element elementor-element-57eb582 elementor-widget elementor-widget-text-editor\" data-id=\"57eb582\" data-element_type=\"widget\" data-e-type=\"widget\" data-widget_type=\"text-editor.default\">\n\t\t\t\t\t\t\t\t\t<p>Administrator va\u0161ih podataka je Autoiso Sp. z o.o., KRS broj: 0000840558, adresa: ul. Gnie\u017anie\u0144ska 12, 40-142 Katowice, Poljska. Tako\u0111er nas mo\u017eete kontaktirati putem e-maila: support@autoiso.pl.   <br \/>Mo\u017eemo obraditi va\u0161e podatke koje nam dostavite tijekom kontakta s nama, a koji mogu predstavljati osobne podatke, posebice: e-mail adresa, telefonski broj, ime i prezime, podaci sa dru\u0161tvenih mre\u017ea i sadr\u017eaj poruka. To \u010dinimo na temelju na\u0161ih legitimnih interesa, u svrhu komunikacije s vama, za\u0161tite od zahtjeva i realizacije zahtjeva, za razdoblje do 6 godina od godine u kojoj je korespondencija zavr\u0161ena, ili dok ne podnesete u\u010dinkovit prigovor. Pru\u017eanje ovih podataka je nu\u017eno za komunikaciju.  <br \/>Va\u0161e podatke mo\u017eemo otkriti subjektima s kojima sura\u0111ujemo i koji obra\u0111uju te podatke u na\u0161e ime (primatelji podataka) kako bi nam pru\u017eili usluge u podru\u010dju: hostinga, IT-a, statistike i analitike, marketinga, softvera za upravljanje tvrtkom i baze podataka kontakata, elektroni\u010dke komunikacije, ra\u010dunovodstva i pravnog savjetovanja. Podaci se mogu prenijeti izvan Europskog gospodarskog prostora, samo u zemlje ili subjekte koji osiguravaju razinu za\u0161tite osobnih podataka sukladnu propisima EU, posebno primjenjivanjem takozvanih standardnih ugovornih klauzula EU.  <br \/>Imate pravo pristupa svojim podacima, zahtijevati njihov ispravak, brisanje ili ograni\u010denje obrade, usprotiviti se obradi, prenijeti ih, kao i podnijeti pritu\u017ebu Predsjedniku Ureda za za\u0161titu osobnih podataka ili njegovom ekvivalentu u drugoj zemlji EU.<br \/>Vi\u0161e informacija o obradi osobnih podataka od strane nas mo\u017eete prona\u0107i u na\u0161oj <b>Politici privatnosti<\/b>.<\/p>\n\t\t\t\t\t\t\t\t<\/div>\n\t\t\t\t\t<\/div>\n\t\t<\/div>\n\t\t\t\t\t<\/div>\n\t\t<\/section>\n\t\t\t\t<\/div>\n\t\t\t\t<\/div>\n\t\t\t\t\t\t<\/div>\n\t\t\t\t<\/div>\n\t\t\t\t\t<\/div>\n\t\t<\/div>\n\t\t\t\t\t<\/div>\n\t\t<\/section>\n\t\t\t\t<section class=\"elementor-section elementor-top-section elementor-element elementor-element-6decc3a elementor-section-boxed elementor-section-height-default elementor-section-height-default\" data-id=\"6decc3a\" data-element_type=\"section\" data-e-type=\"section\">\n\t\t\t\t\t\t<div class=\"elementor-container elementor-column-gap-default\">\n\t\t\t\t\t<div class=\"elementor-column elementor-col-100 elementor-top-column elementor-element elementor-element-4a1d207\" data-id=\"4a1d207\" data-element_type=\"column\" data-e-type=\"column\">\n\t\t\t<div class=\"elementor-widget-wrap elementor-element-populated\">\n\t\t\t\t\t\t<div class=\"elementor-element elementor-element-347eaa2 elementor-widget elementor-widget-heading\" data-id=\"347eaa2\" data-element_type=\"widget\" data-e-type=\"widget\" data-widget_type=\"heading.default\">\n\t\t\t\t\t<h2 class=\"elementor-heading-title elementor-size-default\">Podaci tvrtke<\/h2>\t\t\t\t<\/div>\n\t\t\t\t<section class=\"elementor-section elementor-inner-section elementor-element elementor-element-851520f elementor-section-boxed elementor-section-height-default elementor-section-height-default\" data-id=\"851520f\" data-element_type=\"section\" data-e-type=\"section\">\n\t\t\t\t\t\t<div class=\"elementor-container elementor-column-gap-default\">\n\t\t\t\t\t<div class=\"elementor-column elementor-col-50 elementor-inner-column elementor-element elementor-element-2c5313b\" data-id=\"2c5313b\" data-element_type=\"column\" data-e-type=\"column\">\n\t\t\t<div class=\"elementor-widget-wrap elementor-element-populated\">\n\t\t\t\t\t\t<div class=\"elementor-element elementor-element-9a976fb elementor-widget elementor-widget-text-editor\" data-id=\"9a976fb\" data-element_type=\"widget\" data-e-type=\"widget\" data-widget_type=\"text-editor.default\">\n\t\t\t\t\t\t\t\t\t<p><b>AutoISO Sp. z o.o<\/b><\/p>\n<p>ul. Gnie\u017anie\u0144ska 12<\/p>\n<p>40-142 Katowice, Polska<\/p>\t\t\t\t\t\t\t\t<\/div>\n\t\t\t\t\t<\/div>\n\t\t<\/div>\n\t\t\t\t<div class=\"elementor-column elementor-col-50 elementor-inner-column elementor-element elementor-element-5b6909e\" data-id=\"5b6909e\" data-element_type=\"column\" data-e-type=\"column\">\n\t\t\t<div class=\"elementor-widget-wrap elementor-element-populated\">\n\t\t\t\t\t\t<div class=\"elementor-element elementor-element-51ec865 elementor-widget elementor-widget-text-editor\" data-id=\"51ec865\" data-element_type=\"widget\" data-e-type=\"widget\" data-widget_type=\"text-editor.default\">\n\t\t\t\t\t\t\t\t\t<p><b>KRS:<\/b> 0000840558<\/p>\n<p><b>NIP:<\/b> PL6342976575<\/p>\n<p><b>REGON:<\/b> 386039655<\/p>\n\t\t\t\t\t\t\t\t<\/div>\n\t\t\t\t\t<\/div>\n\t\t<\/div>\n\t\t\t\t\t<\/div>\n\t\t<\/section>\n\t\t\t\t\t<\/div>\n\t\t<\/div>\n\t\t\t\t\t<\/div>\n\t\t<\/section>\n\t\t\t\t<\/div>\n\t\t","protected":false},"excerpt":{"rendered":"<p>Kontakt Ova stranica je pripremljena kako bi vam omogu\u0107ila da kontaktirate na\u0161u tvrtku. PA\u017dNJA: ako nakon kupnje niste primili e-mail s izvje\u0161\u0107em, provjerite ne\u017eeljenu po\u0161tu ili unesite svoju e-mail adresu na glavnoj stranici web stranice u gornjem desnom kutu. Ako ste nai\u0161li na bilo kakve probleme vezane uz lozinku za na\u0161u web stranicu, preporu\u010dujemo vam [&hellip;]<\/p>\n","protected":false},"author":1,"featured_media":0,"parent":0,"menu_order":0,"comment_status":"closed","ping_status":"closed","template":"","meta":{"inline_featured_image":false,"footnotes":""},"class_list":["post-41495","page","type-page","status-publish","hentry"],"_links":{"self":[{"href":"https:\/\/www.automoli.com\/hr\/wp-json\/wp\/v2\/pages\/41495","targetHints":{"allow":["GET"]}}],"collection":[{"href":"https:\/\/www.automoli.com\/hr\/wp-json\/wp\/v2\/pages"}],"about":[{"href":"https:\/\/www.automoli.com\/hr\/wp-json\/wp\/v2\/types\/page"}],"author":[{"embeddable":true,"href":"https:\/\/www.automoli.com\/hr\/wp-json\/wp\/v2\/users\/1"}],"replies":[{"embeddable":true,"href":"https:\/\/www.automoli.com\/hr\/wp-json\/wp\/v2\/comments?post=41495"}],"version-history":[{"count":1,"href":"https:\/\/www.automoli.com\/hr\/wp-json\/wp\/v2\/pages\/41495\/revisions"}],"predecessor-version":[{"id":41496,"href":"https:\/\/www.automoli.com\/hr\/wp-json\/wp\/v2\/pages\/41495\/revisions\/41496"}],"wp:attachment":[{"href":"https:\/\/www.automoli.com\/hr\/wp-json\/wp\/v2\/media?parent=41495"}],"curies":[{"name":"wp","href":"https:\/\/api.w.org\/{rel}","templated":true}]}}