{"id":50691,"date":"2024-08-07T14:08:13","date_gmt":"2024-08-07T12:08:13","guid":{"rendered":"https:\/\/www.automoli.com\/kuidas-tellida-aruannet"},"modified":"2024-11-21T11:19:08","modified_gmt":"2024-11-21T10:19:08","slug":"kuidas-tellida-aruannet","status":"publish","type":"page","link":"https:\/\/www.automoli.com\/et\/kuidas-tellida-aruannet","title":{"rendered":"Kuidas tellida aruannet"},"content":{"rendered":"\t\t<div data-elementor-type=\"wp-page\" data-elementor-id=\"50691\" class=\"elementor elementor-50691 elementor-50355\" data-elementor-post-type=\"page\">\n\t\t\t\t\t\t<section class=\"elementor-section elementor-top-section elementor-element elementor-element-2b4ecd5 elementor-section-boxed elementor-section-height-default elementor-section-height-default\" data-id=\"2b4ecd5\" data-element_type=\"section\" data-e-type=\"section\" data-settings=\"{&quot;background_background&quot;:&quot;classic&quot;,&quot;shape_divider_bottom&quot;:&quot;triangle&quot;,&quot;shape_divider_bottom_negative&quot;:&quot;yes&quot;}\">\n\t\t\t\t\t<div class=\"elementor-shape elementor-shape-bottom\" aria-hidden=\"true\" data-negative=\"true\">\n\t\t\t<svg xmlns=\"http:\/\/www.w3.org\/2000\/svg\" viewBox=\"0 0 1000 100\" preserveAspectRatio=\"none\">\n\t<path class=\"elementor-shape-fill\" d=\"M500.2,94.7L0,0v100h1000V0L500.2,94.7z\"\/>\n<\/svg>\t\t<\/div>\n\t\t\t\t\t<div class=\"elementor-container elementor-column-gap-default\">\n\t\t\t\t\t<div class=\"elementor-column elementor-col-100 elementor-top-column elementor-element elementor-element-c4f3fe0\" data-id=\"c4f3fe0\" data-element_type=\"column\" data-e-type=\"column\">\n\t\t\t<div class=\"elementor-widget-wrap elementor-element-populated\">\n\t\t\t\t\t\t<div class=\"elementor-element elementor-element-f1a6006 elementor-widget elementor-widget-heading\" data-id=\"f1a6006\" data-element_type=\"widget\" data-e-type=\"widget\" data-widget_type=\"heading.default\">\n\t\t\t\t\t<h1 class=\"elementor-heading-title elementor-size-default\">Kuidas tellida s\u00f5iduki ajaloo aruannet<\/h1>\t\t\t\t<\/div>\n\t\t\t\t<div class=\"elementor-element elementor-element-dbcb37d elementor-widget elementor-widget-text-editor\" data-id=\"dbcb37d\" data-element_type=\"widget\" data-e-type=\"widget\" data-widget_type=\"text-editor.default\">\n\t\t\t\t\t\t\t\t\t<p>\u00dcksk\u00f5ik, kuidas te Automola veebisaidile j\u00f5uate, kas blogi v\u00f5i kodulehe kaudu, kas otsite VIN-teavet v\u00f5i s\u00f5iduki ajalugu. See ei ole oluline, iga koha juures on kastid VIN-koodi v\u00f5i numbrim\u00e4rgi kontrollimiseks teie mugavuse huvides.  <\/p>\n\t\t\t\t\t\t\t\t<\/div>\n\t\t\t\t\t<\/div>\n\t\t<\/div>\n\t\t\t\t\t<\/div>\n\t\t<\/section>\n\t\t\t\t<section class=\"elementor-section elementor-top-section elementor-element elementor-element-0d0d160 elementor-section-boxed elementor-section-height-default elementor-section-height-default\" data-id=\"0d0d160\" data-element_type=\"section\" data-e-type=\"section\">\n\t\t\t\t\t\t<div class=\"elementor-container elementor-column-gap-default\">\n\t\t\t\t\t<div class=\"elementor-column elementor-col-100 elementor-top-column elementor-element elementor-element-7cdcf9c\" data-id=\"7cdcf9c\" data-element_type=\"column\" data-e-type=\"column\">\n\t\t\t<div class=\"elementor-widget-wrap elementor-element-populated\">\n\t\t\t\t\t\t<div class=\"elementor-element elementor-element-128440c elementor-widget elementor-widget-heading\" data-id=\"128440c\" data-element_type=\"widget\" data-e-type=\"widget\" data-widget_type=\"heading.default\">\n\t\t\t\t\t<h2 class=\"elementor-heading-title elementor-size-default\">Samm 1. Sisestage VIN-kood v\u00f5i numbrim\u00e4rk <\/h2>\t\t\t\t<\/div>\n\t\t\t\t<div class=\"elementor-element elementor-element-7f76fc2 elementor-widget elementor-widget-text-editor\" data-id=\"7f76fc2\" data-element_type=\"widget\" data-e-type=\"widget\" data-widget_type=\"text-editor.default\">\n\t\t\t\t\t\t\t\t\t<p><span style=\"font-weight: 400;\">Sisestage vastav arv t\u00e4hem\u00e4rke etten\u00e4htud lahtrisse ja kl\u00f5psake nuppu &#8220;Check&#8221;.<\/span><\/p>\n\t\t\t\t\t\t\t\t<\/div>\n\t\t\t\t<div class=\"elementor-element elementor-element-1b9af0e elementor-widget elementor-widget-image\" data-id=\"1b9af0e\" data-element_type=\"widget\" data-e-type=\"widget\" data-widget_type=\"image.default\">\n\t\t\t\t\t\t\t\t\t\t\t\t\t\t\t<img fetchpriority=\"high\" decoding=\"async\" width=\"800\" height=\"380\" src=\"https:\/\/www.automoli.com\/wp-content\/uploads\/2021\/07\/aml-enter_vin.png\" class=\"attachment-full size-full wp-image-35485\" alt=\"\" srcset=\"https:\/\/www.automoli.com\/wp-content\/uploads\/2021\/07\/aml-enter_vin.png 800w, https:\/\/www.automoli.com\/wp-content\/uploads\/2021\/07\/aml-enter_vin-300x143.png 300w, https:\/\/www.automoli.com\/wp-content\/uploads\/2021\/07\/aml-enter_vin-768x365.png 768w\" sizes=\"(max-width: 800px) 100vw, 800px\" title=\"\">\t\t\t\t\t\t\t\t\t\t\t\t\t\t\t<\/div>\n\t\t\t\t\t<\/div>\n\t\t<\/div>\n\t\t\t\t\t<\/div>\n\t\t<\/section>\n\t\t\t\t<section class=\"elementor-section elementor-top-section elementor-element elementor-element-6903c2a elementor-section-boxed elementor-section-height-default elementor-section-height-default\" data-id=\"6903c2a\" data-element_type=\"section\" data-e-type=\"section\">\n\t\t\t\t\t\t<div class=\"elementor-container elementor-column-gap-default\">\n\t\t\t\t\t<div class=\"elementor-column elementor-col-100 elementor-top-column elementor-element elementor-element-8d4c0f1\" data-id=\"8d4c0f1\" data-element_type=\"column\" data-e-type=\"column\">\n\t\t\t<div class=\"elementor-widget-wrap elementor-element-populated\">\n\t\t\t\t\t\t<div class=\"elementor-element elementor-element-761cd92 elementor-widget elementor-widget-heading\" data-id=\"761cd92\" data-element_type=\"widget\" data-e-type=\"widget\" data-widget_type=\"heading.default\">\n\t\t\t\t\t<h2 class=\"elementor-heading-title elementor-size-default\">Etapp 2. Teada kontrollitavate andmete hind ja ulatus  <\/h2>\t\t\t\t<\/div>\n\t\t\t\t<div class=\"elementor-element elementor-element-ee233e2 elementor-widget elementor-widget-text-editor\" data-id=\"ee233e2\" data-element_type=\"widget\" data-e-type=\"widget\" data-widget_type=\"text-editor.default\">\n\t\t\t\t\t\t\t\t\tSelles etapis saad teada, et oleme leidnud teatud teavet s\u00f5iduki kohta esitatud VIN-koodi v\u00f5i registreerimisnumbri alusel. Sel etapil v\u00f5id lugeda ka, et meie s\u00f5iduki ajalugu k\u00e4sitlevad raportid kontrollivad teavet j\u00e4rgmiste kohta: \n<ul>\n \t<li>s\u00f5iduki ajalugu ja s\u00fcndmused,<\/li>\n \t<li>kilometraa\u017ein\u00e4idud,<\/li>\n \t<li>taotletud s\u00f5idukite registrid,<\/li>\n \t<li>tehnilised andmed,<\/li>\n \t<li>arhiivifotod,<\/li>\n \t<li>kui ka konkreetse mudeli puudused.<\/li>\n<\/ul>\nSelles kohas otsustad ka, kas soovid osta selle konkreetse raporti v\u00f5i osta 2 v\u00f5i 3 lisaraporti paketi, mida saab kasutada igal ajal 90 p\u00e4eva jooksul alates ostukuup\u00e4evast. Mida rohkem, seda odavam! Meie kogemuste kohaselt n\u00f5uab unistuste auto ostmine v\u00e4hemalt 2 auto ajaloo kontrollimist.  <\/span>\n\nT\u00e4helepanu: Juhtumip\u00f5hine juurdep\u00e4\u00e4s VIN-koodi v\u00f5i registreerimism\u00e4rgi alusel genereeritud raportile on igal juhul 30 p\u00e4eva. N\u00e4idis meie pakutavast raportist leiad sektsioonist &#8220;<a href=\"https:\/\/www.automoli.com\/et\/prooviaruanded\">N\u00e4idisaruanne<\/a>&#8220;.\n\n\t\t\t\t\t\t\t\t<\/div>\n\t\t\t\t\t<\/div>\n\t\t<\/div>\n\t\t\t\t\t<\/div>\n\t\t<\/section>\n\t\t\t\t<section class=\"elementor-section elementor-top-section elementor-element elementor-element-8442b75 elementor-section-boxed elementor-section-height-default elementor-section-height-default\" data-id=\"8442b75\" data-element_type=\"section\" data-e-type=\"section\">\n\t\t\t\t\t\t<div class=\"elementor-container elementor-column-gap-default\">\n\t\t\t\t\t<div class=\"elementor-column elementor-col-100 elementor-top-column elementor-element elementor-element-e0ccb7e\" data-id=\"e0ccb7e\" data-element_type=\"column\" data-e-type=\"column\">\n\t\t\t<div class=\"elementor-widget-wrap elementor-element-populated\">\n\t\t\t\t\t\t<div class=\"elementor-element elementor-element-d20d176 elementor-widget elementor-widget-heading\" data-id=\"d20d176\" data-element_type=\"widget\" data-e-type=\"widget\" data-widget_type=\"heading.default\">\n\t\t\t\t\t<h2 class=\"elementor-heading-title elementor-size-default\">Samm 3. Osta raport v\u00f5i mitu \n<\/h2>\t\t\t\t<\/div>\n\t\t\t\t<div class=\"elementor-element elementor-element-abd8f13 elementor-widget__width-initial elementor-widget elementor-widget-text-editor\" data-id=\"abd8f13\" data-element_type=\"widget\" data-e-type=\"widget\" data-widget_type=\"text-editor.default\">\n\t\t\t\t\t\t\t\t\t<p>Kui teil on allahindluskood v\u00f5i PREPAID-kood, sisestage see enne makseviisi valimist. T\u00e4itke oma e-posti aadress, mis on \u00fchtlasi teie konto sisselogimise aadress. Oleme teile ette valmistanud palju mugavaid makseviise. Kui olete oma valiku teinud, j\u00e4rgige ekraanil kuvatavaid juhiseid.   <\/p>\n<p>Maksete t\u00f6\u00f6tlemise ooteaeg on tavaliselt 2-3 minutit, kuid erandlikes olukordades v\u00f5ib makse ooteaeg erandlikult pikeneda.<\/p>\n<p>Kui teie makse on edukas, saate maksekinnituse e-posti teel ja &#8211; kui see on teie esimene ost &#8211; veel \u00fche e-posti koos parooliga teie kontole. Kui olete esmakordne ostja ja te ei leia e-posti koos oma parooliga, veenduge, et kontrollite ka SPAM-kausta. <\/p>\n\t\t\t\t\t\t\t\t<\/div>\n\t\t\t\t<div class=\"elementor-element elementor-element-32cdf55 elementor-widget elementor-widget-image\" data-id=\"32cdf55\" data-element_type=\"widget\" data-e-type=\"widget\" data-widget_type=\"image.default\">\n\t\t\t\t\t\t\t\t\t\t\t\t\t\t\t<img decoding=\"async\" width=\"1\" height=\"1\" src=\"https:\/\/www.automoli.com\/wp-content\/uploads\/2024\/07\/aml-precheck-pac.svg\" class=\"attachment-full size-full wp-image-50368\" alt=\"\" title=\"\">\t\t\t\t\t\t\t\t\t\t\t\t\t\t\t<\/div>\n\t\t\t\t<div class=\"elementor-element elementor-element-61c84e3 elementor-widget elementor-widget-image\" data-id=\"61c84e3\" data-element_type=\"widget\" data-e-type=\"widget\" data-widget_type=\"image.default\">\n\t\t\t\t\t\t\t\t\t\t\t\t\t\t\t<img decoding=\"async\" width=\"820\" height=\"345\" src=\"https:\/\/www.automoli.com\/wp-content\/uploads\/2021\/07\/aml-payment.png\" class=\"attachment-full size-full wp-image-35489\" alt=\"\" srcset=\"https:\/\/www.automoli.com\/wp-content\/uploads\/2021\/07\/aml-payment.png 820w, https:\/\/www.automoli.com\/wp-content\/uploads\/2021\/07\/aml-payment-300x126.png 300w, https:\/\/www.automoli.com\/wp-content\/uploads\/2021\/07\/aml-payment-768x323.png 768w\" sizes=\"(max-width: 820px) 100vw, 820px\" title=\"\">\t\t\t\t\t\t\t\t\t\t\t\t\t\t\t<\/div>\n\t\t\t\t\t<\/div>\n\t\t<\/div>\n\t\t\t\t\t<\/div>\n\t\t<\/section>\n\t\t\t\t<section class=\"elementor-section elementor-top-section elementor-element elementor-element-9e3e2f0 elementor-section-boxed elementor-section-height-default elementor-section-height-default\" data-id=\"9e3e2f0\" data-element_type=\"section\" data-e-type=\"section\">\n\t\t\t\t\t\t<div class=\"elementor-container elementor-column-gap-default\">\n\t\t\t\t\t<div class=\"elementor-column elementor-col-100 elementor-top-column elementor-element elementor-element-ca67ea3\" data-id=\"ca67ea3\" data-element_type=\"column\" data-e-type=\"column\">\n\t\t\t<div class=\"elementor-widget-wrap elementor-element-populated\">\n\t\t\t\t\t\t<div class=\"elementor-element elementor-element-8c5d67b elementor-widget elementor-widget-heading\" data-id=\"8c5d67b\" data-element_type=\"widget\" data-e-type=\"widget\" data-widget_type=\"heading.default\">\n\t\t\t\t\t<h2 class=\"elementor-heading-title elementor-size-default\">Samm 4. Logi sisse ja vaata raportit <\/h2>\t\t\t\t<\/div>\n\t\t\t\t<div class=\"elementor-element elementor-element-2bdbd2d elementor-widget elementor-widget-text-editor\" data-id=\"2bdbd2d\" data-element_type=\"widget\" data-e-type=\"widget\" data-widget_type=\"text-editor.default\">\n\t\t\t\t\t\t\t\t\t<p>Sisestage oma e-posti aadress ja parool ning logige oma kontole sisse.<\/p>\n<p>Aruanne hakkab genereerima kohe p\u00e4rast betalings\u00fcsteemi kinnitamist, mille valisite eelmises sammus. Andmete koondamine ja aruande valmistamine ei tohiks v\u00f5tta rohkem kui paar minutit. Aruandeid hoiame teie kontol kuni 30 p\u00e4eva. \u00dclej\u00e4\u00e4nud aruanded, mille olete pakendis ostnud, on saadaval teie konto kaudu mis tahes ajal, kuid mitte hiljem kui 90 p\u00e4eva p\u00e4rast ostukuup\u00e4eva.   <\/p>\n\t\t\t\t\t\t\t\t<\/div>\n\t\t\t\t\t<\/div>\n\t\t<\/div>\n\t\t\t\t\t<\/div>\n\t\t<\/section>\n\t\t\t\t<\/div>\n\t\t","protected":false},"excerpt":{"rendered":"<p>Kuidas tellida s\u00f5iduki ajaloo aruannet \u00dcksk\u00f5ik, kuidas te Automola veebisaidile j\u00f5uate, kas blogi v\u00f5i kodulehe kaudu, kas otsite VIN-teavet v\u00f5i s\u00f5iduki ajalugu. See ei ole oluline, iga koha juures on kastid VIN-koodi v\u00f5i numbrim\u00e4rgi kontrollimiseks teie mugavuse huvides. Samm 1. Sisestage VIN-kood v\u00f5i numbrim\u00e4rk Sisestage vastav arv t\u00e4hem\u00e4rke etten\u00e4htud lahtrisse ja kl\u00f5psake nuppu &#8220;Check&#8221;. Etapp [&hellip;]<\/p>\n","protected":false},"author":3,"featured_media":0,"parent":0,"menu_order":0,"comment_status":"closed","ping_status":"closed","template":"","meta":{"inline_featured_image":false,"footnotes":""},"class_list":["post-50691","page","type-page","status-publish","hentry"],"_links":{"self":[{"href":"https:\/\/www.automoli.com\/et\/wp-json\/wp\/v2\/pages\/50691","targetHints":{"allow":["GET"]}}],"collection":[{"href":"https:\/\/www.automoli.com\/et\/wp-json\/wp\/v2\/pages"}],"about":[{"href":"https:\/\/www.automoli.com\/et\/wp-json\/wp\/v2\/types\/page"}],"author":[{"embeddable":true,"href":"https:\/\/www.automoli.com\/et\/wp-json\/wp\/v2\/users\/3"}],"replies":[{"embeddable":true,"href":"https:\/\/www.automoli.com\/et\/wp-json\/wp\/v2\/comments?post=50691"}],"version-history":[{"count":2,"href":"https:\/\/www.automoli.com\/et\/wp-json\/wp\/v2\/pages\/50691\/revisions"}],"predecessor-version":[{"id":53510,"href":"https:\/\/www.automoli.com\/et\/wp-json\/wp\/v2\/pages\/50691\/revisions\/53510"}],"wp:attachment":[{"href":"https:\/\/www.automoli.com\/et\/wp-json\/wp\/v2\/media?parent=50691"}],"curies":[{"name":"wp","href":"https:\/\/api.w.org\/{rel}","templated":true}]}}