{"id":41907,"date":"2023-09-05T15:51:26","date_gmt":"2023-09-05T13:51:26","guid":{"rendered":"https:\/\/www.automoli.com\/prooviaruanded"},"modified":"2026-02-17T14:51:27","modified_gmt":"2026-02-17T13:51:27","slug":"prooviaruanded","status":"publish","type":"page","link":"https:\/\/www.automoli.com\/et\/prooviaruanded","title":{"rendered":"Prooviaruanded"},"content":{"rendered":"\t\t<div data-elementor-type=\"wp-page\" data-elementor-id=\"41907\" class=\"elementor elementor-41907 elementor-123\" data-elementor-post-type=\"page\">\n\t\t\t\t<div class=\"elementor-element elementor-element-0d19538 e-flex e-con-boxed e-con e-parent\" data-id=\"0d19538\" data-element_type=\"container\" data-e-type=\"container\" data-settings=\"{&quot;background_background&quot;:&quot;classic&quot;,&quot;shape_divider_bottom&quot;:&quot;triangle&quot;,&quot;shape_divider_bottom_negative&quot;:&quot;yes&quot;}\">\n\t\t\t\t\t<div class=\"e-con-inner\">\n\t\t\t\t<div class=\"elementor-shape elementor-shape-bottom\" aria-hidden=\"true\" data-negative=\"true\">\n\t\t\t<svg xmlns=\"http:\/\/www.w3.org\/2000\/svg\" viewBox=\"0 0 1000 100\" preserveAspectRatio=\"none\">\n\t<path class=\"elementor-shape-fill\" d=\"M500.2,94.7L0,0v100h1000V0L500.2,94.7z\"\/>\n<\/svg>\t\t<\/div>\n\t\t<div class=\"elementor-element elementor-element-d098ebd e-con-full e-flex e-con e-child\" data-id=\"d098ebd\" data-element_type=\"container\" data-e-type=\"container\">\n\t\t\t\t<div class=\"elementor-element elementor-element-b28f6de elementor-widget elementor-widget-heading\" data-id=\"b28f6de\" data-element_type=\"widget\" data-e-type=\"widget\" data-widget_type=\"heading.default\">\n\t\t\t\t\t<h1 class=\"elementor-heading-title elementor-size-default\">Prooviaruanded<\/h1>\t\t\t\t<\/div>\n\t\t\t\t<\/div>\n\t\t\t\t\t<\/div>\n\t\t\t\t<\/div>\n\t\t<div class=\"elementor-element elementor-element-2fb2801 e-flex e-con-boxed e-con e-parent\" data-id=\"2fb2801\" data-element_type=\"container\" data-e-type=\"container\">\n\t\t\t\t\t<div class=\"e-con-inner\">\n\t\t<div class=\"elementor-element elementor-element-680fef2 e-con-full e-flex e-con e-child\" data-id=\"680fef2\" data-element_type=\"container\" data-e-type=\"container\">\n\t\t\t\t<div class=\"elementor-element elementor-element-21cc9e0 elementor-widget elementor-widget-heading\" data-id=\"21cc9e0\" data-element_type=\"widget\" data-e-type=\"widget\" data-widget_type=\"heading.default\">\n\t\t\t\t\t<h2 class=\"elementor-heading-title elementor-size-default\">S\u00f5iduki ajalooaruande<\/h2>\t\t\t\t<\/div>\n\t\t<div class=\"elementor-element elementor-element-f4ba1f7 e-con-full e-flex e-con e-child\" data-id=\"f4ba1f7\" data-element_type=\"container\" data-e-type=\"container\">\n\t\t<div class=\"elementor-element elementor-element-ad65f26 e-con-full e-flex e-con e-child\" data-id=\"ad65f26\" data-element_type=\"container\" data-e-type=\"container\">\n\t\t\t\t<div class=\"elementor-element elementor-element-82da89a elementor-widget elementor-widget-image\" data-id=\"82da89a\" data-element_type=\"widget\" data-e-type=\"widget\" data-widget_type=\"image.default\">\n\t\t\t\t\t\t\t\t\t\t\t\t\t\t\t\t<a href=\"https:\/\/www.automoli.com\/et\/page\/vehicle-history-report\">\n\t\t\t\t\t\t\t<img fetchpriority=\"high\" decoding=\"async\" width=\"256\" height=\"300\" src=\"https:\/\/www.automoli.com\/wp-content\/uploads\/2022\/11\/raport-our.svg\" class=\"attachment-medium size-medium wp-image-62509\" alt=\"\" title=\"\">\t\t\t\t\t\t\t\t<\/a>\n\t\t\t\t\t\t\t\t\t\t\t\t\t\t\t<\/div>\n\t\t\t\t<div class=\"elementor-element elementor-element-3f4a051 elementor-align-right elementor-mobile-align-center elementor-widget elementor-widget-button\" data-id=\"3f4a051\" data-element_type=\"widget\" data-e-type=\"widget\" data-widget_type=\"button.default\">\n\t\t\t\t\t\t\t\t\t\t<a class=\"elementor-button elementor-button-link elementor-size-sm\" href=\"https:\/\/www.automoli.com\/et\/page\/vehicle-history-report\">\n\t\t\t\t\t\t<span class=\"elementor-button-content-wrapper\">\n\t\t\t\t\t\t\t\t\t<span class=\"elementor-button-text\">Ava prooviaruanne<\/span>\n\t\t\t\t\t<\/span>\n\t\t\t\t\t<\/a>\n\t\t\t\t\t\t\t\t<\/div>\n\t\t\t\t<\/div>\n\t\t<div class=\"elementor-element elementor-element-659fcfa e-con-full e-flex e-con e-child\" data-id=\"659fcfa\" data-element_type=\"container\" data-e-type=\"container\">\n\t\t\t\t<div class=\"elementor-element elementor-element-aebd4b5 elementor-widget elementor-widget-text-editor\" data-id=\"aebd4b5\" data-element_type=\"widget\" data-e-type=\"widget\" data-widget_type=\"text-editor.default\">\n\t\t\t\t\t\t\t\t\t<p>S\u00f5iduki ajalugu raport on kompleksne t\u00f6\u00f6riist, mis toob esile olulised teavitused s\u00f5iduki mineviku kohta, v\u00f5imaldades kontrollida selle tehnilist seisukorda ja kasutusajalugu. See on asendamatu teadmiste allikas, mis v\u00f5imaldab p\u00e4\u00e4seda juurde paljudele detailsetele andmetele, mis ei ole avalikult internetis kergesti k\u00e4ttesaadavad. Mida v\u00f5ib selline raport sisaldada?  <\/p>\n<p>Leiad seal muu hulgas:<\/p>\n\n<ul>\n \t<li>S\u00f5iduki l\u00e4bis\u00f5idud,<\/li>\n \t<li>V\u00f5imalike kahjustuste ajalugu,<\/li>\n \t<li>Remondihinnangud,<\/li>\n \t<li>Teenuse- ja tehnilise kontrolli teave,<\/li>\n \t<li>S\u00f5iduki tehnilised andmed,<\/li>\n \t<li>Teave selle kohta, kas s\u00f5iduk on otsitavate v\u00f5i varastatud s\u00f5idukite loendis.<\/li>\n<\/ul>\n<p>S\u00f5iduki ajalugu raport kogub andmeid erinevatest riikidest, nagu Saksamaa, Prantsusmaa, Belgia, Holland ja USA. Need teavitused p\u00e4rinevad usaldusv\u00e4\u00e4rsetest ja tunnustatud allikatest, nagu kindlustusandjate andmebaasid, vanaraudade kogumise keskused, taastumispunktid v\u00f5i organisatsioonid, mis v\u00f5itlevad l\u00e4bis\u00f5idu valeandmete vastu, n\u00e4iteks Nationale Auto Pas (NAP) Hollandis. Tasub siiski meeles pidada, et v\u00e4lismaal asuvatest andmebaasidest ilmuvad andmed vaid juhtudel, kui s\u00f5iduk oli seal registreeritud v\u00f5i kasutusel.   <\/p>\n<p>Ait\u00e4h raportile on sul v\u00f5imalik hinnata s\u00f5iduki tegelikku seisundit, mis on hindamatult oluline auto ostmisel. See raport aitab sul kontrollida m\u00fc\u00fcja usaldusv\u00e4\u00e4rsust, avastada varjatud kahjustusi ja avarii ajalugu, mis v\u00f5imaldab v\u00e4ltida kulukaid \u00fcllatusi. <\/p>\n<p>S\u00f5iduki ajaloo kontrollimine on teie ohutuse, kindlustunde ja kasutajasobivuse jaoks \u00fclioluline. Detailse anal\u00fc\u00fcsi ja kogutud andmete abil saate teha teadlikke ja turvalisi ostuotsuseid. <\/p>\t\t\t\t\t\t\t\t<\/div>\n\t\t\t\t<\/div>\n\t\t\t\t<\/div>\n\t\t\t\t<\/div>\n\t\t\t\t\t<\/div>\n\t\t\t\t<\/div>\n\t\t<div class=\"elementor-element elementor-element-45ee260 e-flex e-con-boxed e-con e-parent\" data-id=\"45ee260\" data-element_type=\"container\" data-e-type=\"container\" data-settings=\"{&quot;background_background&quot;:&quot;classic&quot;,&quot;shape_divider_top&quot;:&quot;triangle&quot;,&quot;shape_divider_bottom&quot;:&quot;triangle&quot;,&quot;shape_divider_bottom_negative&quot;:&quot;yes&quot;}\">\n\t\t\t\t\t<div class=\"e-con-inner\">\n\t\t\t\t<div class=\"elementor-shape elementor-shape-top\" aria-hidden=\"true\" data-negative=\"false\">\n\t\t\t<svg xmlns=\"http:\/\/www.w3.org\/2000\/svg\" viewBox=\"0 0 1000 100\" preserveAspectRatio=\"none\">\n\t<path class=\"elementor-shape-fill\" d=\"M500,98.9L0,6.1V0h1000v6.1L500,98.9z\"\/>\n<\/svg>\t\t<\/div>\n\t\t\t\t<div class=\"elementor-shape elementor-shape-bottom\" aria-hidden=\"true\" data-negative=\"true\">\n\t\t\t<svg xmlns=\"http:\/\/www.w3.org\/2000\/svg\" viewBox=\"0 0 1000 100\" preserveAspectRatio=\"none\">\n\t<path class=\"elementor-shape-fill\" d=\"M500.2,94.7L0,0v100h1000V0L500.2,94.7z\"\/>\n<\/svg>\t\t<\/div>\n\t\t<div class=\"elementor-element elementor-element-97dc520 e-con-full e-flex e-con e-child\" data-id=\"97dc520\" data-element_type=\"container\" data-e-type=\"container\">\n\t\t\t\t<div class=\"elementor-element elementor-element-4b80c9e elementor-widget elementor-widget-heading\" data-id=\"4b80c9e\" data-element_type=\"widget\" data-e-type=\"widget\" data-widget_type=\"heading.default\">\n\t\t\t\t\t<h2 class=\"elementor-heading-title elementor-size-default\">\u00dchendkuningriigi s\u00f5iduki aruanne<\/h2>\t\t\t\t<\/div>\n\t\t\t\t<div class=\"elementor-element elementor-element-d766ba4 elementor-widget__width-initial elementor-widget elementor-widget-image\" data-id=\"d766ba4\" data-element_type=\"widget\" data-e-type=\"widget\" data-widget_type=\"image.default\">\n\t\t\t\t\t\t\t\t\t\t\t\t\t\t\t\t<a href=\"https:\/\/www.automoli.com\/pl\/page\/vehicle-history-report-uk\">\n\t\t\t\t\t\t\t<img decoding=\"async\" width=\"768\" height=\"899\" src=\"https:\/\/www.automoli.com\/wp-content\/uploads\/2022\/11\/raport-uk.svg\" class=\"attachment-medium_large size-medium_large wp-image-35305\" alt=\"\" title=\"\">\t\t\t\t\t\t\t\t<\/a>\n\t\t\t\t\t\t\t\t\t\t\t\t\t\t\t<\/div>\n\t\t\t\t<div class=\"elementor-element elementor-element-4d25527 elementor-widget elementor-widget-text-editor\" data-id=\"4d25527\" data-element_type=\"widget\" data-e-type=\"widget\" data-widget_type=\"text-editor.default\">\n\t\t\t\t\t\t\t\t\t<p><b>\u00dchendkuningriigi s\u00f5idukite<\/b> aruandes on palju huvitavat teavet s\u00f5iduki ajaloo kohta. Meie aruande abil saate teada, kas s\u00f5iduk oli tehniliselt efektiivne ja tal oli luba s\u00f5ita Suurbritannia teedel, kontrollida omanike arvu ja kontrollida, kas see oli m\u00f5eldud vanarauaks. Meie allikad n\u00e4itavad andmeid \u00dchendkuningriigi valitsuse s\u00f5idukite andmebaasidest.  <\/p>\t\t\t\t\t\t\t\t<\/div>\n\t\t\t\t<div class=\"elementor-element elementor-element-81a9dc2 elementor-align-center elementor-mobile-align-center elementor-widget elementor-widget-button\" data-id=\"81a9dc2\" data-element_type=\"widget\" data-e-type=\"widget\" data-widget_type=\"button.default\">\n\t\t\t\t\t\t\t\t\t\t<a class=\"elementor-button elementor-button-link elementor-size-sm\" href=\"https:\/\/www.automoli.com\/et\/page\/vehicle-history-report-uk\">\n\t\t\t\t\t\t<span class=\"elementor-button-content-wrapper\">\n\t\t\t\t\t\t\t\t\t<span class=\"elementor-button-text\">Ava prooviaruanne<\/span>\n\t\t\t\t\t<\/span>\n\t\t\t\t\t<\/a>\n\t\t\t\t\t\t\t\t<\/div>\n\t\t\t\t<\/div>\n\t\t<div class=\"elementor-element elementor-element-0c1f244 e-con-full e-flex e-con e-child\" data-id=\"0c1f244\" data-element_type=\"container\" data-e-type=\"container\">\n\t\t\t\t<div class=\"elementor-element elementor-element-6165183 elementor-widget elementor-widget-heading\" data-id=\"6165183\" data-element_type=\"widget\" data-e-type=\"widget\" data-widget_type=\"heading.default\">\n\t\t\t\t\t<h2 class=\"elementor-heading-title elementor-size-default\">Turuv\u00e4\u00e4rtuse hindamine<\/h2>\t\t\t\t<\/div>\n\t\t\t\t<div class=\"elementor-element elementor-element-8040182 elementor-widget__width-initial elementor-widget elementor-widget-image\" data-id=\"8040182\" data-element_type=\"widget\" data-e-type=\"widget\" data-widget_type=\"image.default\">\n\t\t\t\t\t\t\t\t\t\t\t\t\t\t\t\t<a href=\"https:\/\/www.automoli.com\/pl\/page\/market-value-evaluation\">\n\t\t\t\t\t\t\t<img decoding=\"async\" width=\"800\" height=\"936\" src=\"https:\/\/www.automoli.com\/wp-content\/uploads\/2022\/11\/raport-ie.svg\" class=\"attachment-large size-large wp-image-35313\" alt=\"\" title=\"\">\t\t\t\t\t\t\t\t<\/a>\n\t\t\t\t\t\t\t\t\t\t\t\t\t\t\t<\/div>\n\t\t\t\t<div class=\"elementor-element elementor-element-b96370d elementor-widget elementor-widget-text-editor\" data-id=\"b96370d\" data-element_type=\"widget\" data-e-type=\"widget\" data-widget_type=\"text-editor.default\">\n\t\t\t\t\t\t\t\t\t<p>\u00c4\u00e4rmiselt abiks, et hinnata s\u00f5iduki \u00f5iget hinda, on<b> turu ekspertide tehtud hindamine. <\/b>Kusta k\u00f5ik kahtlused s\u00f5iduki \u00f5ige hinna osas. Kasutades meie s\u00f5ltumatut turuhinna ekspertide hindamist, saad teada, kas s\u00f5iduk j\u00e4\u00e4b turu keskmisse. Teave on kasulik nii ostjatele kui m\u00fc\u00fcjatele. Uuri, kuidas auto v\u00e4\u00e4rtus aastatega v\u00e4heneb.    <\/p>\t\t\t\t\t\t\t\t<\/div>\n\t\t\t\t<div class=\"elementor-element elementor-element-8df0937 elementor-align-center elementor-mobile-align-center elementor-widget elementor-widget-button\" data-id=\"8df0937\" data-element_type=\"widget\" data-e-type=\"widget\" data-widget_type=\"button.default\">\n\t\t\t\t\t\t\t\t\t\t<a class=\"elementor-button elementor-button-link elementor-size-sm\" href=\"https:\/\/www.automoli.com\/et\/page\/market-value-evaluation\">\n\t\t\t\t\t\t<span class=\"elementor-button-content-wrapper\">\n\t\t\t\t\t\t\t\t\t<span class=\"elementor-button-text\">Ava prooviaruanne<\/span>\n\t\t\t\t\t<\/span>\n\t\t\t\t\t<\/a>\n\t\t\t\t\t\t\t\t<\/div>\n\t\t\t\t<\/div>\n\t\t<div class=\"elementor-element elementor-element-482256e e-con-full e-flex e-con e-child\" data-id=\"482256e\" data-element_type=\"container\" data-e-type=\"container\">\n\t\t\t\t<div class=\"elementor-element elementor-element-4de2abb elementor-widget elementor-widget-heading\" data-id=\"4de2abb\" data-element_type=\"widget\" data-e-type=\"widget\" data-widget_type=\"heading.default\">\n\t\t\t\t\t<h2 class=\"elementor-heading-title elementor-size-default\">Teenuste tegevused<\/h2>\t\t\t\t<\/div>\n\t\t\t\t<div class=\"elementor-element elementor-element-f48489e elementor-widget__width-initial elementor-widget elementor-widget-image\" data-id=\"f48489e\" data-element_type=\"widget\" data-e-type=\"widget\" data-widget_type=\"image.default\">\n\t\t\t\t\t\t\t\t\t\t\t\t\t\t\t\t<a href=\"https:\/\/www.automoli.com\/pl\/page\/service-activities\">\n\t\t\t\t\t\t\t<img loading=\"lazy\" decoding=\"async\" width=\"800\" height=\"936\" src=\"https:\/\/www.automoli.com\/wp-content\/uploads\/2022\/11\/raport-sa.svg\" class=\"attachment-large size-large wp-image-35317\" alt=\"\" title=\"\">\t\t\t\t\t\t\t\t<\/a>\n\t\t\t\t\t\t\t\t\t\t\t\t\t\t\t<\/div>\n\t\t\t\t<div class=\"elementor-element elementor-element-d15637c elementor-widget elementor-widget-text-editor\" data-id=\"d15637c\" data-element_type=\"widget\" data-e-type=\"widget\" data-widget_type=\"text-editor.default\">\n\t\t\t\t\t\t\t\t\t<p><b>S\u00f5iduki ajalooaruande ostmisel<\/b> saate tasuta teenuste aruande. Saate teada, millised t\u00f6\u00f6d oleks seni s\u00f5idukile pidanud tehtud olema. Samuti saate teada l\u00e4hitulevikus tehtavad teenuste tegevused. Leiate sealt ka hinnangu nende rakendamise t\u00f5en\u00e4oliste kulude kohta.   <\/p><p> <\/p>\t\t\t\t\t\t\t\t<\/div>\n\t\t\t\t<div class=\"elementor-element elementor-element-4ed0750 elementor-align-center elementor-mobile-align-center elementor-widget elementor-widget-button\" data-id=\"4ed0750\" data-element_type=\"widget\" data-e-type=\"widget\" data-widget_type=\"button.default\">\n\t\t\t\t\t\t\t\t\t\t<a class=\"elementor-button elementor-button-link elementor-size-sm\" href=\"https:\/\/www.automoli.com\/et\/page\/service-activities\">\n\t\t\t\t\t\t<span class=\"elementor-button-content-wrapper\">\n\t\t\t\t\t\t\t\t\t<span class=\"elementor-button-text\">Ava prooviaruanne<\/span>\n\t\t\t\t\t<\/span>\n\t\t\t\t\t<\/a>\n\t\t\t\t\t\t\t\t<\/div>\n\t\t\t\t<\/div>\n\t\t\t\t\t<\/div>\n\t\t\t\t<\/div>\n\t\t\t\t<\/div>\n\t\t","protected":false},"excerpt":{"rendered":"<p>Prooviaruanded S\u00f5iduki ajalooaruande Ava prooviaruanne S\u00f5iduki ajalugu raport on kompleksne t\u00f6\u00f6riist, mis toob esile olulised teavitused s\u00f5iduki mineviku kohta, v\u00f5imaldades kontrollida selle tehnilist seisukorda ja kasutusajalugu. See on asendamatu teadmiste allikas, mis v\u00f5imaldab p\u00e4\u00e4seda juurde paljudele detailsetele andmetele, mis ei ole avalikult internetis kergesti k\u00e4ttesaadavad. Mida v\u00f5ib selline raport sisaldada? Leiad seal muu hulgas: S\u00f5iduki [&hellip;]<\/p>\n","protected":false},"author":1,"featured_media":0,"parent":0,"menu_order":0,"comment_status":"closed","ping_status":"closed","template":"","meta":{"inline_featured_image":false,"footnotes":""},"class_list":["post-41907","page","type-page","status-publish","hentry"],"_links":{"self":[{"href":"https:\/\/www.automoli.com\/et\/wp-json\/wp\/v2\/pages\/41907","targetHints":{"allow":["GET"]}}],"collection":[{"href":"https:\/\/www.automoli.com\/et\/wp-json\/wp\/v2\/pages"}],"about":[{"href":"https:\/\/www.automoli.com\/et\/wp-json\/wp\/v2\/types\/page"}],"author":[{"embeddable":true,"href":"https:\/\/www.automoli.com\/et\/wp-json\/wp\/v2\/users\/1"}],"replies":[{"embeddable":true,"href":"https:\/\/www.automoli.com\/et\/wp-json\/wp\/v2\/comments?post=41907"}],"version-history":[{"count":2,"href":"https:\/\/www.automoli.com\/et\/wp-json\/wp\/v2\/pages\/41907\/revisions"}],"predecessor-version":[{"id":62608,"href":"https:\/\/www.automoli.com\/et\/wp-json\/wp\/v2\/pages\/41907\/revisions\/62608"}],"wp:attachment":[{"href":"https:\/\/www.automoli.com\/et\/wp-json\/wp\/v2\/media?parent=41907"}],"curies":[{"name":"wp","href":"https:\/\/api.w.org\/{rel}","templated":true}]}}