{"id":50662,"date":"2024-08-07T13:22:20","date_gmt":"2024-08-07T11:22:20","guid":{"rendered":"https:\/\/www.automoli.com\/como-solicitar-un-informe"},"modified":"2024-11-21T11:05:58","modified_gmt":"2024-11-21T10:05:58","slug":"como-solicitar-un-informe","status":"publish","type":"page","link":"https:\/\/www.automoli.com\/es\/como-solicitar-un-informe","title":{"rendered":"C\u00f3mo solicitar un informe"},"content":{"rendered":"\t\t<div data-elementor-type=\"wp-page\" data-elementor-id=\"50662\" class=\"elementor elementor-50662 elementor-50355\" data-elementor-post-type=\"page\">\n\t\t\t\t\t\t<section class=\"elementor-section elementor-top-section elementor-element elementor-element-2b4ecd5 elementor-section-boxed elementor-section-height-default elementor-section-height-default\" data-id=\"2b4ecd5\" data-element_type=\"section\" data-e-type=\"section\" data-settings=\"{&quot;background_background&quot;:&quot;classic&quot;,&quot;shape_divider_bottom&quot;:&quot;triangle&quot;,&quot;shape_divider_bottom_negative&quot;:&quot;yes&quot;}\">\n\t\t\t\t\t<div class=\"elementor-shape elementor-shape-bottom\" aria-hidden=\"true\" data-negative=\"true\">\n\t\t\t<svg xmlns=\"http:\/\/www.w3.org\/2000\/svg\" viewBox=\"0 0 1000 100\" preserveAspectRatio=\"none\">\n\t<path class=\"elementor-shape-fill\" d=\"M500.2,94.7L0,0v100h1000V0L500.2,94.7z\"\/>\n<\/svg>\t\t<\/div>\n\t\t\t\t\t<div class=\"elementor-container elementor-column-gap-default\">\n\t\t\t\t\t<div class=\"elementor-column elementor-col-100 elementor-top-column elementor-element elementor-element-c4f3fe0\" data-id=\"c4f3fe0\" data-element_type=\"column\" data-e-type=\"column\">\n\t\t\t<div class=\"elementor-widget-wrap elementor-element-populated\">\n\t\t\t\t\t\t<div class=\"elementor-element elementor-element-f1a6006 elementor-widget elementor-widget-heading\" data-id=\"f1a6006\" data-element_type=\"widget\" data-e-type=\"widget\" data-widget_type=\"heading.default\">\n\t\t\t\t\t<h1 class=\"elementor-heading-title elementor-size-default\">C\u00f3mo solicitar un informe con el historial de un veh\u00edculo<\/h1>\t\t\t\t<\/div>\n\t\t\t\t<div class=\"elementor-element elementor-element-dbcb37d elementor-widget elementor-widget-text-editor\" data-id=\"dbcb37d\" data-element_type=\"widget\" data-e-type=\"widget\" data-widget_type=\"text-editor.default\">\n\t\t\t\t\t\t\t\t\t<p>No importa c\u00f3mo hayas llegado al sitio web de Automola, ya sea a trav\u00e9s del blog o de la p\u00e1gina de inicio, si estabas buscando informaci\u00f3n sobre el VIN o el historial del veh\u00edculo. No importa, hay casillas para comprobar el VIN o la matr\u00edcula en cada lugar para tu comodidad.  <\/p>\n\t\t\t\t\t\t\t\t<\/div>\n\t\t\t\t\t<\/div>\n\t\t<\/div>\n\t\t\t\t\t<\/div>\n\t\t<\/section>\n\t\t\t\t<section class=\"elementor-section elementor-top-section elementor-element elementor-element-0d0d160 elementor-section-boxed elementor-section-height-default elementor-section-height-default\" data-id=\"0d0d160\" data-element_type=\"section\" data-e-type=\"section\">\n\t\t\t\t\t\t<div class=\"elementor-container elementor-column-gap-default\">\n\t\t\t\t\t<div class=\"elementor-column elementor-col-100 elementor-top-column elementor-element elementor-element-7cdcf9c\" data-id=\"7cdcf9c\" data-element_type=\"column\" data-e-type=\"column\">\n\t\t\t<div class=\"elementor-widget-wrap elementor-element-populated\">\n\t\t\t\t\t\t<div class=\"elementor-element elementor-element-128440c elementor-widget elementor-widget-heading\" data-id=\"128440c\" data-element_type=\"widget\" data-e-type=\"widget\" data-widget_type=\"heading.default\">\n\t\t\t\t\t<h2 class=\"elementor-heading-title elementor-size-default\">Paso 1. introduzca el n\u00famero de bastidor o de matr\u00edcula <\/h2>\t\t\t\t<\/div>\n\t\t\t\t<div class=\"elementor-element elementor-element-7f76fc2 elementor-widget elementor-widget-text-editor\" data-id=\"7f76fc2\" data-element_type=\"widget\" data-e-type=\"widget\" data-widget_type=\"text-editor.default\">\n\t\t\t\t\t\t\t\t\t<p><span style=\"font-weight: 400;\">Introduzca el n\u00famero adecuado de caracteres en la casilla correspondiente y haga clic en \u00abMarcar\u00bb.<\/span><\/p>\n\t\t\t\t\t\t\t\t<\/div>\n\t\t\t\t<div class=\"elementor-element elementor-element-1b9af0e elementor-widget elementor-widget-image\" data-id=\"1b9af0e\" data-element_type=\"widget\" data-e-type=\"widget\" data-widget_type=\"image.default\">\n\t\t\t\t\t\t\t\t\t\t\t\t\t\t\t<img fetchpriority=\"high\" decoding=\"async\" width=\"800\" height=\"380\" src=\"https:\/\/www.automoli.com\/wp-content\/uploads\/2021\/07\/aml-enter_vin.png\" class=\"attachment-full size-full wp-image-4761\" alt=\"\" srcset=\"https:\/\/www.automoli.com\/wp-content\/uploads\/2021\/07\/aml-enter_vin.png 800w, https:\/\/www.automoli.com\/wp-content\/uploads\/2021\/07\/aml-enter_vin-300x143.png 300w, https:\/\/www.automoli.com\/wp-content\/uploads\/2021\/07\/aml-enter_vin-768x365.png 768w\" sizes=\"(max-width: 800px) 100vw, 800px\" title=\"\">\t\t\t\t\t\t\t\t\t\t\t\t\t\t\t<\/div>\n\t\t\t\t\t<\/div>\n\t\t<\/div>\n\t\t\t\t\t<\/div>\n\t\t<\/section>\n\t\t\t\t<section class=\"elementor-section elementor-top-section elementor-element elementor-element-6903c2a elementor-section-boxed elementor-section-height-default elementor-section-height-default\" data-id=\"6903c2a\" data-element_type=\"section\" data-e-type=\"section\">\n\t\t\t\t\t\t<div class=\"elementor-container elementor-column-gap-default\">\n\t\t\t\t\t<div class=\"elementor-column elementor-col-100 elementor-top-column elementor-element elementor-element-8d4c0f1\" data-id=\"8d4c0f1\" data-element_type=\"column\" data-e-type=\"column\">\n\t\t\t<div class=\"elementor-widget-wrap elementor-element-populated\">\n\t\t\t\t\t\t<div class=\"elementor-element elementor-element-761cd92 elementor-widget elementor-widget-heading\" data-id=\"761cd92\" data-element_type=\"widget\" data-e-type=\"widget\" data-widget_type=\"heading.default\">\n\t\t\t\t\t<h2 class=\"elementor-heading-title elementor-size-default\">Paso 2. Conocer el precio y el alcance de los datos a comprobar  <\/h2>\t\t\t\t<\/div>\n\t\t\t\t<div class=\"elementor-element elementor-element-ee233e2 elementor-widget elementor-widget-text-editor\" data-id=\"ee233e2\" data-element_type=\"widget\" data-e-type=\"widget\" data-widget_type=\"text-editor.default\">\n\t\t\t\t\t\t\t\t\tEn este paso descubrir\u00e1s que hemos encontrado cierta informaci\u00f3n sobre el veh\u00edculo basado en el n\u00famero VIN o la matr\u00edcula proporcionada. En esta etapa tambi\u00e9n puedes leer que nuestros informes de historial de veh\u00edculos verifican informaci\u00f3n sobre: \n<ul>\n \t<li>historia del veh\u00edculo y eventos,<\/li>\n \t<li>lecturas de kilometraje,<\/li>\n \t<li>registros de veh\u00edculos buscados,<\/li>\n \t<li>datos t\u00e9cnicos,<\/li>\n \t<li>fotograf\u00edas de archivo,<\/li>\n \t<li>as\u00ed como las desventajas de un modelo concreto.<\/li>\n<\/ul>\nEn este punto tambi\u00e9n decides si quieres comprar este informe espec\u00edfico o si prefieres adquirir un paquete de 2 o 3 informes adicionales que podr\u00e1s utilizar en cualquier momento dentro de los 90 d\u00edas siguientes a la fecha de compra. \u00a1Cuantos m\u00e1s compres, m\u00e1s barato! Seg\u00fan nuestra experiencia, la compra del veh\u00edculo de tus sue\u00f1os requiere verificar el historial de al menos 2 coches.  <\/span>\n\nNota: El acceso al informe generado en base al n\u00famero VIN o a la matr\u00edcula es de 30 d\u00edas en cada caso. Un ejemplo del informe que ofrecemos lo puedes encontrar en la secci\u00f3n \u00ab<a href=\"https:\/\/www.automoli.com\/es\/informes-ejemplares\">Informe de muestra<\/a>\u00ab.\n\n\t\t\t\t\t\t\t\t<\/div>\n\t\t\t\t\t<\/div>\n\t\t<\/div>\n\t\t\t\t\t<\/div>\n\t\t<\/section>\n\t\t\t\t<section class=\"elementor-section elementor-top-section elementor-element elementor-element-8442b75 elementor-section-boxed elementor-section-height-default elementor-section-height-default\" data-id=\"8442b75\" data-element_type=\"section\" data-e-type=\"section\">\n\t\t\t\t\t\t<div class=\"elementor-container elementor-column-gap-default\">\n\t\t\t\t\t<div class=\"elementor-column elementor-col-100 elementor-top-column elementor-element elementor-element-e0ccb7e\" data-id=\"e0ccb7e\" data-element_type=\"column\" data-e-type=\"column\">\n\t\t\t<div class=\"elementor-widget-wrap elementor-element-populated\">\n\t\t\t\t\t\t<div class=\"elementor-element elementor-element-d20d176 elementor-widget elementor-widget-heading\" data-id=\"d20d176\" data-element_type=\"widget\" data-e-type=\"widget\" data-widget_type=\"heading.default\">\n\t\t\t\t\t<h2 class=\"elementor-heading-title elementor-size-default\">Paso 3. Compra un informe o varios. \n<\/h2>\t\t\t\t<\/div>\n\t\t\t\t<div class=\"elementor-element elementor-element-abd8f13 elementor-widget__width-initial elementor-widget elementor-widget-text-editor\" data-id=\"abd8f13\" data-element_type=\"widget\" data-e-type=\"widget\" data-widget_type=\"text-editor.default\">\n\t\t\t\t\t\t\t\t\t<p>Si tienes un c\u00f3digo de descuento o un c\u00f3digo PREPAID escr\u00edbelo antes de seleccionar la forma de pago. Cumplimenta la direcci\u00f3n de correo electr\u00f3nico, que es tambi\u00e9n el nombre de usuario para tu cuenta. Hemos preparado para ti varias formas c\u00f3modas de pago. Tras realizar la elecci\u00f3n, procede seg\u00fan las instrucciones de la pantalla.   <\/p>\n<p>El tiempo de espera para la tramitaci\u00f3n del pago suele ser de 2-3 minutos, pero en caso de situaciones excepcionales, el tiempo de espera para el pago puede prolongarse excepcionalmente.<\/p>\n<p>Tras realizar el pago con \u00e9xito recibir\u00e1s un correo electr\u00f3nico con la informaci\u00f3n de confirmaci\u00f3n del pago y, si es tu primera compra, otro correo electr\u00f3nico con la contrase\u00f1a de la cuenta. Si compras por primera vez y no puedes encontrar el correo electr\u00f3nico con la contrase\u00f1a debes comprobar tambi\u00e9n la carpeta SPAM. <\/p>\n\t\t\t\t\t\t\t\t<\/div>\n\t\t\t\t<div class=\"elementor-element elementor-element-32cdf55 elementor-widget elementor-widget-image\" data-id=\"32cdf55\" data-element_type=\"widget\" data-e-type=\"widget\" data-widget_type=\"image.default\">\n\t\t\t\t\t\t\t\t\t\t\t\t\t\t\t<img decoding=\"async\" width=\"1\" height=\"1\" src=\"https:\/\/www.automoli.com\/wp-content\/uploads\/2024\/07\/aml-precheck-pac.svg\" class=\"attachment-full size-full wp-image-50383\" alt=\"\" title=\"\">\t\t\t\t\t\t\t\t\t\t\t\t\t\t\t<\/div>\n\t\t\t\t<div class=\"elementor-element elementor-element-61c84e3 elementor-widget elementor-widget-image\" data-id=\"61c84e3\" data-element_type=\"widget\" data-e-type=\"widget\" data-widget_type=\"image.default\">\n\t\t\t\t\t\t\t\t\t\t\t\t\t\t\t<img decoding=\"async\" width=\"820\" height=\"345\" src=\"https:\/\/www.automoli.com\/wp-content\/uploads\/2021\/07\/aml-payment.png\" class=\"attachment-full size-full wp-image-4803\" alt=\"\" srcset=\"https:\/\/www.automoli.com\/wp-content\/uploads\/2021\/07\/aml-payment.png 820w, https:\/\/www.automoli.com\/wp-content\/uploads\/2021\/07\/aml-payment-300x126.png 300w, https:\/\/www.automoli.com\/wp-content\/uploads\/2021\/07\/aml-payment-768x323.png 768w\" sizes=\"(max-width: 820px) 100vw, 820px\" title=\"\">\t\t\t\t\t\t\t\t\t\t\t\t\t\t\t<\/div>\n\t\t\t\t\t<\/div>\n\t\t<\/div>\n\t\t\t\t\t<\/div>\n\t\t<\/section>\n\t\t\t\t<section class=\"elementor-section elementor-top-section elementor-element elementor-element-9e3e2f0 elementor-section-boxed elementor-section-height-default elementor-section-height-default\" data-id=\"9e3e2f0\" data-element_type=\"section\" data-e-type=\"section\">\n\t\t\t\t\t\t<div class=\"elementor-container elementor-column-gap-default\">\n\t\t\t\t\t<div class=\"elementor-column elementor-col-100 elementor-top-column elementor-element elementor-element-ca67ea3\" data-id=\"ca67ea3\" data-element_type=\"column\" data-e-type=\"column\">\n\t\t\t<div class=\"elementor-widget-wrap elementor-element-populated\">\n\t\t\t\t\t\t<div class=\"elementor-element elementor-element-8c5d67b elementor-widget elementor-widget-heading\" data-id=\"8c5d67b\" data-element_type=\"widget\" data-e-type=\"widget\" data-widget_type=\"heading.default\">\n\t\t\t\t\t<h2 class=\"elementor-heading-title elementor-size-default\">Paso 4. Inicia sesi\u00f3n y ve el informe <\/h2>\t\t\t\t<\/div>\n\t\t\t\t<div class=\"elementor-element elementor-element-2bdbd2d elementor-widget elementor-widget-text-editor\" data-id=\"2bdbd2d\" data-element_type=\"widget\" data-e-type=\"widget\" data-widget_type=\"text-editor.default\">\n\t\t\t\t\t\t\t\t\t<p>Tras indicar la direcci\u00f3n de correo electr\u00f3nico y la contrase\u00f1a, inicia sesi\u00f3n en tu cuenta.<\/p>\n<p>El informe comenzar\u00e1 a generarse inmediatamente despu\u00e9s de la confirmaci\u00f3n por parte del sistema de pago que elegiste en el paso anterior. La compilaci\u00f3n de datos y la preparaci\u00f3n del informe no deber\u00edan tardar m\u00e1s de unos minutos. Mantendremos los informes en tu cuenta durante 30 d\u00edas. Los dem\u00e1s informes que compraste en el paquete estar\u00e1n disponibles desde tu cuenta en cualquier momento, pero no m\u00e1s tarde de 90 d\u00edas a partir de la fecha de compra.   <\/p>\n\t\t\t\t\t\t\t\t<\/div>\n\t\t\t\t\t<\/div>\n\t\t<\/div>\n\t\t\t\t\t<\/div>\n\t\t<\/section>\n\t\t\t\t<\/div>\n\t\t","protected":false},"excerpt":{"rendered":"<p>C\u00f3mo solicitar un informe con el historial de un veh\u00edculo No importa c\u00f3mo hayas llegado al sitio web de Automola, ya sea a trav\u00e9s del blog o de la p\u00e1gina de inicio, si estabas buscando informaci\u00f3n sobre el VIN o el historial del veh\u00edculo. No importa, hay casillas para comprobar el VIN o la matr\u00edcula [&hellip;]<\/p>\n","protected":false},"author":3,"featured_media":0,"parent":0,"menu_order":0,"comment_status":"closed","ping_status":"closed","template":"","meta":{"inline_featured_image":false,"footnotes":""},"class_list":["post-50662","page","type-page","status-publish","hentry"],"_links":{"self":[{"href":"https:\/\/www.automoli.com\/es\/wp-json\/wp\/v2\/pages\/50662","targetHints":{"allow":["GET"]}}],"collection":[{"href":"https:\/\/www.automoli.com\/es\/wp-json\/wp\/v2\/pages"}],"about":[{"href":"https:\/\/www.automoli.com\/es\/wp-json\/wp\/v2\/types\/page"}],"author":[{"embeddable":true,"href":"https:\/\/www.automoli.com\/es\/wp-json\/wp\/v2\/users\/3"}],"replies":[{"embeddable":true,"href":"https:\/\/www.automoli.com\/es\/wp-json\/wp\/v2\/comments?post=50662"}],"version-history":[{"count":2,"href":"https:\/\/www.automoli.com\/es\/wp-json\/wp\/v2\/pages\/50662\/revisions"}],"predecessor-version":[{"id":53501,"href":"https:\/\/www.automoli.com\/es\/wp-json\/wp\/v2\/pages\/50662\/revisions\/53501"}],"wp:attachment":[{"href":"https:\/\/www.automoli.com\/es\/wp-json\/wp\/v2\/media?parent=50662"}],"curies":[{"name":"wp","href":"https:\/\/api.w.org\/{rel}","templated":true}]}}