{"id":50699,"date":"2024-08-07T14:24:25","date_gmt":"2024-08-07T12:24:25","guid":{"rendered":"https:\/\/www.automoli.com\/wie-man-einen-bericht-bestellt"},"modified":"2024-11-21T10:53:39","modified_gmt":"2024-11-21T09:53:39","slug":"wie-man-einen-bericht-bestellt","status":"publish","type":"page","link":"https:\/\/www.automoli.com\/de\/wie-man-einen-bericht-bestellt","title":{"rendered":"Wie man einen Bericht bestellt"},"content":{"rendered":"\t\t<div data-elementor-type=\"wp-page\" data-elementor-id=\"50699\" class=\"elementor elementor-50699 elementor-50355\" data-elementor-post-type=\"page\">\n\t\t\t\t\t\t<section class=\"elementor-section elementor-top-section elementor-element elementor-element-2b4ecd5 elementor-section-boxed elementor-section-height-default elementor-section-height-default\" data-id=\"2b4ecd5\" data-element_type=\"section\" data-e-type=\"section\" data-settings=\"{&quot;background_background&quot;:&quot;classic&quot;,&quot;shape_divider_bottom&quot;:&quot;triangle&quot;,&quot;shape_divider_bottom_negative&quot;:&quot;yes&quot;}\">\n\t\t\t\t\t<div class=\"elementor-shape elementor-shape-bottom\" aria-hidden=\"true\" data-negative=\"true\">\n\t\t\t<svg xmlns=\"http:\/\/www.w3.org\/2000\/svg\" viewBox=\"0 0 1000 100\" preserveAspectRatio=\"none\">\n\t<path class=\"elementor-shape-fill\" d=\"M500.2,94.7L0,0v100h1000V0L500.2,94.7z\"\/>\n<\/svg>\t\t<\/div>\n\t\t\t\t\t<div class=\"elementor-container elementor-column-gap-default\">\n\t\t\t\t\t<div class=\"elementor-column elementor-col-100 elementor-top-column elementor-element elementor-element-c4f3fe0\" data-id=\"c4f3fe0\" data-element_type=\"column\" data-e-type=\"column\">\n\t\t\t<div class=\"elementor-widget-wrap elementor-element-populated\">\n\t\t\t\t\t\t<div class=\"elementor-element elementor-element-f1a6006 elementor-widget elementor-widget-heading\" data-id=\"f1a6006\" data-element_type=\"widget\" data-e-type=\"widget\" data-widget_type=\"heading.default\">\n\t\t\t\t\t<h1 class=\"elementor-heading-title elementor-size-default\">So bestellen Sie einen Bericht \u00fcber die Fahrzeughistorie<\/h1>\t\t\t\t<\/div>\n\t\t\t\t<div class=\"elementor-element elementor-element-dbcb37d elementor-widget elementor-widget-text-editor\" data-id=\"dbcb37d\" data-element_type=\"widget\" data-e-type=\"widget\" data-widget_type=\"text-editor.default\">\n\t\t\t\t\t\t\t\t\t<p>Egal, wie Sie auf die Website von Automola gelangen, ob \u00fcber den Blog oder die Homepage, ob Sie nach Informationen zur Fahrgestellnummer oder zur Fahrzeuggeschichte suchen. Es spielt keine Rolle, es gibt Boxen, um die VIN oder Nummernschild an jeder Stelle f\u00fcr Ihre Bequemlichkeit zu \u00fcberpr\u00fcfen.  <\/p>\n\t\t\t\t\t\t\t\t<\/div>\n\t\t\t\t\t<\/div>\n\t\t<\/div>\n\t\t\t\t\t<\/div>\n\t\t<\/section>\n\t\t\t\t<section class=\"elementor-section elementor-top-section elementor-element elementor-element-0d0d160 elementor-section-boxed elementor-section-height-default elementor-section-height-default\" data-id=\"0d0d160\" data-element_type=\"section\" data-e-type=\"section\">\n\t\t\t\t\t\t<div class=\"elementor-container elementor-column-gap-default\">\n\t\t\t\t\t<div class=\"elementor-column elementor-col-100 elementor-top-column elementor-element elementor-element-7cdcf9c\" data-id=\"7cdcf9c\" data-element_type=\"column\" data-e-type=\"column\">\n\t\t\t<div class=\"elementor-widget-wrap elementor-element-populated\">\n\t\t\t\t\t\t<div class=\"elementor-element elementor-element-128440c elementor-widget elementor-widget-heading\" data-id=\"128440c\" data-element_type=\"widget\" data-e-type=\"widget\" data-widget_type=\"heading.default\">\n\t\t\t\t\t<h2 class=\"elementor-heading-title elementor-size-default\">Schritt 1. Geben Sie die Fahrgestellnummer oder das Kennzeichen ein. <\/h2>\t\t\t\t<\/div>\n\t\t\t\t<div class=\"elementor-element elementor-element-7f76fc2 elementor-widget elementor-widget-text-editor\" data-id=\"7f76fc2\" data-element_type=\"widget\" data-e-type=\"widget\" data-widget_type=\"text-editor.default\">\n\t\t\t\t\t\t\t\t\t<p><span style=\"font-weight: 400;\">Geben Sie die entsprechende Anzahl von Zeichen in das vorgesehene Feld ein und klicken Sie auf &#8222;Pr\u00fcfen&#8220;.<\/span><\/p>\n\t\t\t\t\t\t\t\t<\/div>\n\t\t\t\t<div class=\"elementor-element elementor-element-1b9af0e elementor-widget elementor-widget-image\" data-id=\"1b9af0e\" data-element_type=\"widget\" data-e-type=\"widget\" data-widget_type=\"image.default\">\n\t\t\t\t\t\t\t\t\t\t\t\t\t\t\t<img fetchpriority=\"high\" decoding=\"async\" width=\"800\" height=\"380\" src=\"https:\/\/www.automoli.com\/wp-content\/uploads\/2021\/07\/aml-enter_vin.png\" class=\"attachment-full size-full wp-image-4751\" alt=\"\" srcset=\"https:\/\/www.automoli.com\/wp-content\/uploads\/2021\/07\/aml-enter_vin.png 800w, https:\/\/www.automoli.com\/wp-content\/uploads\/2021\/07\/aml-enter_vin-300x143.png 300w, https:\/\/www.automoli.com\/wp-content\/uploads\/2021\/07\/aml-enter_vin-768x365.png 768w\" sizes=\"(max-width: 800px) 100vw, 800px\" title=\"\">\t\t\t\t\t\t\t\t\t\t\t\t\t\t\t<\/div>\n\t\t\t\t\t<\/div>\n\t\t<\/div>\n\t\t\t\t\t<\/div>\n\t\t<\/section>\n\t\t\t\t<section class=\"elementor-section elementor-top-section elementor-element elementor-element-6903c2a elementor-section-boxed elementor-section-height-default elementor-section-height-default\" data-id=\"6903c2a\" data-element_type=\"section\" data-e-type=\"section\">\n\t\t\t\t\t\t<div class=\"elementor-container elementor-column-gap-default\">\n\t\t\t\t\t<div class=\"elementor-column elementor-col-100 elementor-top-column elementor-element elementor-element-8d4c0f1\" data-id=\"8d4c0f1\" data-element_type=\"column\" data-e-type=\"column\">\n\t\t\t<div class=\"elementor-widget-wrap elementor-element-populated\">\n\t\t\t\t\t\t<div class=\"elementor-element elementor-element-761cd92 elementor-widget elementor-widget-heading\" data-id=\"761cd92\" data-element_type=\"widget\" data-e-type=\"widget\" data-widget_type=\"heading.default\">\n\t\t\t\t\t<h2 class=\"elementor-heading-title elementor-size-default\">Schritt 2: Kenntnis des Preises und des Umfangs der zu pr\u00fcfenden Daten  <\/h2>\t\t\t\t<\/div>\n\t\t\t\t<div class=\"elementor-element elementor-element-ee233e2 elementor-widget elementor-widget-text-editor\" data-id=\"ee233e2\" data-element_type=\"widget\" data-e-type=\"widget\" data-widget_type=\"text-editor.default\">\n\t\t\t\t\t\t\t\t\tIn diesem Schritt erf\u00e4hrst du, dass wir bestimmte Informationen \u00fcber das Fahrzeug anhand der angegebenen VIN-Nummer oder des Kennzeichens gefunden haben. An dieser Stelle kannst du auch lesen, dass unsere Fahrzeughistorienberichte Informationen \u00fcber folgende Punkte \u00fcberpr\u00fcfen: \n<ul>\n \t<li>Fahrzeuggeschichte und Ereignisse,<\/li>\n \t<li>Kilometerst\u00e4nde,<\/li>\n \t<li>Register der gesuchten Fahrzeuge,<\/li>\n \t<li>technische Daten,<\/li>\n \t<li>Archivfotos,<\/li>\n \t<li>als auch die Nachteile eines bestimmten Modells.<\/li>\n<\/ul>\nAn dieser Stelle entscheidest du auch, ob du diesen einen spezifischen Bericht kaufen m\u00f6chtest oder ein Paket mit 2 oder 3 zus\u00e4tzlichen Berichten, die innerhalb von 90 Tagen ab Kaufdatum zu einem beliebigen Zeitpunkt genutzt werden k\u00f6nnen. Je mehr du kaufst, desto g\u00fcnstiger wird es! Aus unserer Erfahrung ergibt sich, dass der Kauf eines Traumfahrzeugs eine \u00dcberpr\u00fcfung der Geschichte von mindestens 2 Autos erfordert.  <\/span>\n\nHinweis: Der Zugang zu dem auf der Grundlage der VIN-Nummer oder des Kennzeichens generierten Bericht betr\u00e4gt in jedem Fall 30 Tage. Ein Beispiel f\u00fcr unseren angebotenen Bericht finden Sie im Abschnitt \u201e<a href=\"https:\/\/www.automoli.com\/de\/bericht-beispiele\">Beispielbericht<\/a>\u201c.\n\n\t\t\t\t\t\t\t\t<\/div>\n\t\t\t\t\t<\/div>\n\t\t<\/div>\n\t\t\t\t\t<\/div>\n\t\t<\/section>\n\t\t\t\t<section class=\"elementor-section elementor-top-section elementor-element elementor-element-8442b75 elementor-section-boxed elementor-section-height-default elementor-section-height-default\" data-id=\"8442b75\" data-element_type=\"section\" data-e-type=\"section\">\n\t\t\t\t\t\t<div class=\"elementor-container elementor-column-gap-default\">\n\t\t\t\t\t<div class=\"elementor-column elementor-col-100 elementor-top-column elementor-element elementor-element-e0ccb7e\" data-id=\"e0ccb7e\" data-element_type=\"column\" data-e-type=\"column\">\n\t\t\t<div class=\"elementor-widget-wrap elementor-element-populated\">\n\t\t\t\t\t\t<div class=\"elementor-element elementor-element-d20d176 elementor-widget elementor-widget-heading\" data-id=\"d20d176\" data-element_type=\"widget\" data-e-type=\"widget\" data-widget_type=\"heading.default\">\n\t\t\t\t\t<h2 class=\"elementor-heading-title elementor-size-default\">Schritt 3. Kaufe einen Bericht oder mehrere \n<\/h2>\t\t\t\t<\/div>\n\t\t\t\t<div class=\"elementor-element elementor-element-abd8f13 elementor-widget__width-initial elementor-widget elementor-widget-text-editor\" data-id=\"abd8f13\" data-element_type=\"widget\" data-e-type=\"widget\" data-widget_type=\"text-editor.default\">\n\t\t\t\t\t\t\t\t\t<p>Wenn Sie einen Rabatt- oder PREPAID-Code haben, geben Sie ihn ein, bevor Sie Ihre Zahlungsmethode w\u00e4hlen. Geben Sie Ihre E-Mail-Adresse ein, die auch Ihr Konto-Login ist. Wir haben viele bequeme Zahlungsarten f\u00fcr Sie vorbereitet. Sobald Sie Ihre Auswahl getroffen haben, folgen Sie den Anweisungen auf dem Bildschirm.   <\/p>\n<p>Die Wartezeit f\u00fcr die Zahlungsabwicklung betr\u00e4gt in der Regel 2-3 Minuten, in Ausnahmesituationen kann sich die Wartezeit f\u00fcr die Zahlung jedoch au\u00dferordentlich verl\u00e4ngern.<\/p>\n<p>Nach erfolgreicher Zahlung erhalten Sie eine E-Mail mit der Best\u00e4tigung Ihrer Zahlung und, falls es sich um Ihren ersten Kauf handelt, eine weitere E-Mail mit dem Passwort f\u00fcr Ihr Konto. Wenn es sich um Ihren ersten Kauf handelt und Sie die E-Mail mit dem Passwort nicht finden k\u00f6nnen, \u00fcberpr\u00fcfen Sie bitte auch Ihren SPAM-Ordner. <\/p>\n\t\t\t\t\t\t\t\t<\/div>\n\t\t\t\t<div class=\"elementor-element elementor-element-32cdf55 elementor-widget elementor-widget-image\" data-id=\"32cdf55\" data-element_type=\"widget\" data-e-type=\"widget\" data-widget_type=\"image.default\">\n\t\t\t\t\t\t\t\t\t\t\t\t\t\t\t<img decoding=\"async\" width=\"1\" height=\"1\" src=\"https:\/\/www.automoli.com\/wp-content\/uploads\/2024\/07\/aml-precheck-pac.svg\" class=\"attachment-full size-full wp-image-50370\" alt=\"\" title=\"\">\t\t\t\t\t\t\t\t\t\t\t\t\t\t\t<\/div>\n\t\t\t\t<div class=\"elementor-element elementor-element-61c84e3 elementor-widget elementor-widget-image\" data-id=\"61c84e3\" data-element_type=\"widget\" data-e-type=\"widget\" data-widget_type=\"image.default\">\n\t\t\t\t\t\t\t\t\t\t\t\t\t\t\t<img decoding=\"async\" width=\"820\" height=\"345\" src=\"https:\/\/www.automoli.com\/wp-content\/uploads\/2021\/07\/aml-payment.png\" class=\"attachment-full size-full wp-image-4793\" alt=\"\" srcset=\"https:\/\/www.automoli.com\/wp-content\/uploads\/2021\/07\/aml-payment.png 820w, https:\/\/www.automoli.com\/wp-content\/uploads\/2021\/07\/aml-payment-300x126.png 300w, https:\/\/www.automoli.com\/wp-content\/uploads\/2021\/07\/aml-payment-768x323.png 768w\" sizes=\"(max-width: 820px) 100vw, 820px\" title=\"\">\t\t\t\t\t\t\t\t\t\t\t\t\t\t\t<\/div>\n\t\t\t\t\t<\/div>\n\t\t<\/div>\n\t\t\t\t\t<\/div>\n\t\t<\/section>\n\t\t\t\t<section class=\"elementor-section elementor-top-section elementor-element elementor-element-9e3e2f0 elementor-section-boxed elementor-section-height-default elementor-section-height-default\" data-id=\"9e3e2f0\" data-element_type=\"section\" data-e-type=\"section\">\n\t\t\t\t\t\t<div class=\"elementor-container elementor-column-gap-default\">\n\t\t\t\t\t<div class=\"elementor-column elementor-col-100 elementor-top-column elementor-element elementor-element-ca67ea3\" data-id=\"ca67ea3\" data-element_type=\"column\" data-e-type=\"column\">\n\t\t\t<div class=\"elementor-widget-wrap elementor-element-populated\">\n\t\t\t\t\t\t<div class=\"elementor-element elementor-element-8c5d67b elementor-widget elementor-widget-heading\" data-id=\"8c5d67b\" data-element_type=\"widget\" data-e-type=\"widget\" data-widget_type=\"heading.default\">\n\t\t\t\t\t<h2 class=\"elementor-heading-title elementor-size-default\">Schritt 4. Melden Sie sich an und sehen Sie sich den Bericht an. <\/h2>\t\t\t\t<\/div>\n\t\t\t\t<div class=\"elementor-element elementor-element-2bdbd2d elementor-widget elementor-widget-text-editor\" data-id=\"2bdbd2d\" data-element_type=\"widget\" data-e-type=\"widget\" data-widget_type=\"text-editor.default\">\n\t\t\t\t\t\t\t\t\t<p>Nachdem Sie Ihre E-Mail-Adresse und Ihr Passwort eingegeben haben, melden Sie sich bei Ihrem Konto an.<\/p>\n<p>Der Bericht wird sofort generiert, nachdem das Zahlungssystem, das Sie im vorherigen Schritt ausgew\u00e4hlt haben, die Zahlung best\u00e4tigt hat. Das Sammeln der Daten und die Vorbereitung des Berichts sollten nicht l\u00e4nger als ein paar Minuten dauern. Wir werden die Berichte 30 Tage lang auf Ihrem Konto speichern. Die anderen Berichte, die Sie im Paket gekauft haben, k\u00f6nnen innerhalb von 90 Tagen ab dem Kaufdatum von Ihrem Konto aus genutzt werden.   <\/p>\n\t\t\t\t\t\t\t\t<\/div>\n\t\t\t\t\t<\/div>\n\t\t<\/div>\n\t\t\t\t\t<\/div>\n\t\t<\/section>\n\t\t\t\t<\/div>\n\t\t","protected":false},"excerpt":{"rendered":"<p>So bestellen Sie einen Bericht \u00fcber die Fahrzeughistorie Egal, wie Sie auf die Website von Automola gelangen, ob \u00fcber den Blog oder die Homepage, ob Sie nach Informationen zur Fahrgestellnummer oder zur Fahrzeuggeschichte suchen. Es spielt keine Rolle, es gibt Boxen, um die VIN oder Nummernschild an jeder Stelle f\u00fcr Ihre Bequemlichkeit zu \u00fcberpr\u00fcfen. Schritt [&hellip;]<\/p>\n","protected":false},"author":3,"featured_media":0,"parent":0,"menu_order":0,"comment_status":"closed","ping_status":"closed","template":"","meta":{"inline_featured_image":false,"footnotes":""},"class_list":["post-50699","page","type-page","status-publish","hentry"],"_links":{"self":[{"href":"https:\/\/www.automoli.com\/de\/wp-json\/wp\/v2\/pages\/50699","targetHints":{"allow":["GET"]}}],"collection":[{"href":"https:\/\/www.automoli.com\/de\/wp-json\/wp\/v2\/pages"}],"about":[{"href":"https:\/\/www.automoli.com\/de\/wp-json\/wp\/v2\/types\/page"}],"author":[{"embeddable":true,"href":"https:\/\/www.automoli.com\/de\/wp-json\/wp\/v2\/users\/3"}],"replies":[{"embeddable":true,"href":"https:\/\/www.automoli.com\/de\/wp-json\/wp\/v2\/comments?post=50699"}],"version-history":[{"count":2,"href":"https:\/\/www.automoli.com\/de\/wp-json\/wp\/v2\/pages\/50699\/revisions"}],"predecessor-version":[{"id":53490,"href":"https:\/\/www.automoli.com\/de\/wp-json\/wp\/v2\/pages\/50699\/revisions\/53490"}],"wp:attachment":[{"href":"https:\/\/www.automoli.com\/de\/wp-json\/wp\/v2\/media?parent=50699"}],"curies":[{"name":"wp","href":"https:\/\/api.w.org\/{rel}","templated":true}]}}