{"id":50664,"date":"2024-08-07T13:24:58","date_gmt":"2024-08-07T11:24:58","guid":{"rendered":"https:\/\/www.automoli.com\/jak-si-objednat-zpravu"},"modified":"2024-11-21T11:19:35","modified_gmt":"2024-11-21T10:19:35","slug":"jak-si-objednat-zpravu","status":"publish","type":"page","link":"https:\/\/www.automoli.com\/cs\/jak-si-objednat-zpravu","title":{"rendered":"Jak si objednat zpr\u00e1vu"},"content":{"rendered":"\t\t<div data-elementor-type=\"wp-page\" data-elementor-id=\"50664\" class=\"elementor elementor-50664 elementor-50355\" data-elementor-post-type=\"page\">\n\t\t\t\t\t\t<section class=\"elementor-section elementor-top-section elementor-element elementor-element-2b4ecd5 elementor-section-boxed elementor-section-height-default elementor-section-height-default\" data-id=\"2b4ecd5\" data-element_type=\"section\" data-e-type=\"section\" data-settings=\"{&quot;background_background&quot;:&quot;classic&quot;,&quot;shape_divider_bottom&quot;:&quot;triangle&quot;,&quot;shape_divider_bottom_negative&quot;:&quot;yes&quot;}\">\n\t\t\t\t\t<div class=\"elementor-shape elementor-shape-bottom\" aria-hidden=\"true\" data-negative=\"true\">\n\t\t\t<svg xmlns=\"http:\/\/www.w3.org\/2000\/svg\" viewBox=\"0 0 1000 100\" preserveAspectRatio=\"none\">\n\t<path class=\"elementor-shape-fill\" d=\"M500.2,94.7L0,0v100h1000V0L500.2,94.7z\"\/>\n<\/svg>\t\t<\/div>\n\t\t\t\t\t<div class=\"elementor-container elementor-column-gap-default\">\n\t\t\t\t\t<div class=\"elementor-column elementor-col-100 elementor-top-column elementor-element elementor-element-c4f3fe0\" data-id=\"c4f3fe0\" data-element_type=\"column\" data-e-type=\"column\">\n\t\t\t<div class=\"elementor-widget-wrap elementor-element-populated\">\n\t\t\t\t\t\t<div class=\"elementor-element elementor-element-f1a6006 elementor-widget elementor-widget-heading\" data-id=\"f1a6006\" data-element_type=\"widget\" data-e-type=\"widget\" data-widget_type=\"heading.default\">\n\t\t\t\t\t<h1 class=\"elementor-heading-title elementor-size-default\">Jak si objednat zpr\u00e1vu o historii vozidla<\/h1>\t\t\t\t<\/div>\n\t\t\t\t<div class=\"elementor-element elementor-element-dbcb37d elementor-widget elementor-widget-text-editor\" data-id=\"dbcb37d\" data-element_type=\"widget\" data-e-type=\"widget\" data-widget_type=\"text-editor.default\">\n\t\t\t\t\t\t\t\t\t<p>Nez\u00e1le\u017e\u00ed na tom, jak jste se na webov\u00e9 str\u00e1nky spole\u010dnosti Automola dostali, zda p\u0159es blog nebo domovskou str\u00e1nku, zda jste hledali informace o VIN nebo historii vozidla. Na tom nez\u00e1le\u017e\u00ed, na ka\u017ed\u00e9m m\u00edst\u011b jsou pro va\u0161e pohodl\u00ed pol\u00ed\u010dka pro kontrolu VIN nebo registra\u010dn\u00ed zna\u010dky.  <\/p>\n\t\t\t\t\t\t\t\t<\/div>\n\t\t\t\t\t<\/div>\n\t\t<\/div>\n\t\t\t\t\t<\/div>\n\t\t<\/section>\n\t\t\t\t<section class=\"elementor-section elementor-top-section elementor-element elementor-element-0d0d160 elementor-section-boxed elementor-section-height-default elementor-section-height-default\" data-id=\"0d0d160\" data-element_type=\"section\" data-e-type=\"section\">\n\t\t\t\t\t\t<div class=\"elementor-container elementor-column-gap-default\">\n\t\t\t\t\t<div class=\"elementor-column elementor-col-100 elementor-top-column elementor-element elementor-element-7cdcf9c\" data-id=\"7cdcf9c\" data-element_type=\"column\" data-e-type=\"column\">\n\t\t\t<div class=\"elementor-widget-wrap elementor-element-populated\">\n\t\t\t\t\t\t<div class=\"elementor-element elementor-element-128440c elementor-widget elementor-widget-heading\" data-id=\"128440c\" data-element_type=\"widget\" data-e-type=\"widget\" data-widget_type=\"heading.default\">\n\t\t\t\t\t<h2 class=\"elementor-heading-title elementor-size-default\">Krok 1. zadejte \u010d\u00edslo VIN nebo SPZ <\/h2>\t\t\t\t<\/div>\n\t\t\t\t<div class=\"elementor-element elementor-element-7f76fc2 elementor-widget elementor-widget-text-editor\" data-id=\"7f76fc2\" data-element_type=\"widget\" data-e-type=\"widget\" data-widget_type=\"text-editor.default\">\n\t\t\t\t\t\t\t\t\t<p><span style=\"font-weight: 400;\">Do p\u0159\u00edslu\u0161n\u00e9ho pole zadejte p\u0159\u00edslu\u0161n\u00fd po\u010det znak\u016f a klikn\u011bte na tla\u010d\u00edtko &#8222;Zkontrolovat&#8220;.<\/span><\/p>\n\t\t\t\t\t\t\t\t<\/div>\n\t\t\t\t<div class=\"elementor-element elementor-element-1b9af0e elementor-widget elementor-widget-image\" data-id=\"1b9af0e\" data-element_type=\"widget\" data-e-type=\"widget\" data-widget_type=\"image.default\">\n\t\t\t\t\t\t\t\t\t\t\t\t\t\t\t<img fetchpriority=\"high\" decoding=\"async\" width=\"800\" height=\"380\" src=\"https:\/\/www.automoli.com\/wp-content\/uploads\/2021\/07\/aml-enter_vin.png\" class=\"attachment-full size-full wp-image-4745\" alt=\"\" srcset=\"https:\/\/www.automoli.com\/wp-content\/uploads\/2021\/07\/aml-enter_vin.png 800w, https:\/\/www.automoli.com\/wp-content\/uploads\/2021\/07\/aml-enter_vin-300x143.png 300w, https:\/\/www.automoli.com\/wp-content\/uploads\/2021\/07\/aml-enter_vin-768x365.png 768w\" sizes=\"(max-width: 800px) 100vw, 800px\" title=\"\">\t\t\t\t\t\t\t\t\t\t\t\t\t\t\t<\/div>\n\t\t\t\t\t<\/div>\n\t\t<\/div>\n\t\t\t\t\t<\/div>\n\t\t<\/section>\n\t\t\t\t<section class=\"elementor-section elementor-top-section elementor-element elementor-element-6903c2a elementor-section-boxed elementor-section-height-default elementor-section-height-default\" data-id=\"6903c2a\" data-element_type=\"section\" data-e-type=\"section\">\n\t\t\t\t\t\t<div class=\"elementor-container elementor-column-gap-default\">\n\t\t\t\t\t<div class=\"elementor-column elementor-col-100 elementor-top-column elementor-element elementor-element-8d4c0f1\" data-id=\"8d4c0f1\" data-element_type=\"column\" data-e-type=\"column\">\n\t\t\t<div class=\"elementor-widget-wrap elementor-element-populated\">\n\t\t\t\t\t\t<div class=\"elementor-element elementor-element-761cd92 elementor-widget elementor-widget-heading\" data-id=\"761cd92\" data-element_type=\"widget\" data-e-type=\"widget\" data-widget_type=\"heading.default\">\n\t\t\t\t\t<h2 class=\"elementor-heading-title elementor-size-default\">Krok 2. Zjist\u011bte cenu a rozsah kontrolovan\u00fdch \u00fadaj\u016f  <\/h2>\t\t\t\t<\/div>\n\t\t\t\t<div class=\"elementor-element elementor-element-ee233e2 elementor-widget elementor-widget-text-editor\" data-id=\"ee233e2\" data-element_type=\"widget\" data-e-type=\"widget\" data-widget_type=\"text-editor.default\">\n\t\t\t\t\t\t\t\t\tV tomto kroku se dozv\u00edte, \u017ee jsme nalezli ur\u010dit\u00e9 informace o vozidle na z\u00e1klad\u011b zadan\u00e9ho \u010d\u00edsla VIN nebo registra\u010dn\u00ed zna\u010dky. V t\u00e9to f\u00e1zi si tak\u00e9 m\u016f\u017eete p\u0159e\u010d\u00edst, \u017ee na\u0161e zpr\u00e1vy o historii vozidla ov\u011b\u0159uj\u00ed informace o: \n<ul>\n \t<li>historie vozidla a ud\u00e1losti,historie vozidla a ud\u00e1losti,<\/li>\n \t<li>ode\u010dty ujet\u00fdch kilometr\u016f,<\/li>\n \t<li>registry hledan\u00fdch vozidel,<\/li>\n \t<li>technick\u00e9 \u00fadaje,<\/li>\n \t<li>archivn\u00ed fotografie,<\/li>\n \t<li>i nev\u00fdhody konkr\u00e9tn\u00edho modelu.<\/li>\n<\/ul>\nV tomto m\u00edst\u011b se tak\u00e9 rozhodujete, zda si chcete zakoupit tento jeden konkr\u00e9tn\u00ed raport, nebo si koupit bal\u00ed\u010dek 2 nebo 3 dal\u0161\u00edch raport\u016f, kter\u00e9 m\u016f\u017eete vyu\u017e\u00edt v libovoln\u00e9m term\u00ednu b\u011bhem 90 dn\u016f od data zakoupen\u00ed. \u010c\u00edm v\u00edce, t\u00edm levn\u011bji! Z na\u0161\u00ed zku\u0161enosti vypl\u00fdv\u00e1, \u017ee n\u00e1kup vysn\u011bn\u00e9ho vozu vy\u017eaduje zkontrolovat historii alespo\u0148 2 aut.  <\/span>\n\nPozor: P\u0159\u00edstup k zpr\u00e1v\u011b vygenerovan\u00e9 na z\u00e1klad\u011b \u010d\u00edsla VIN nebo registra\u010dn\u00ed zna\u010dky je v ka\u017ed\u00e9m p\u0159\u00edpad\u011b 30 dn\u00ed. P\u0159\u00edklad na\u0161\u00ed nab\u00eddky zpr\u00e1vy najdete v \u010d\u00e1sti &#8222;<a href=\"https:\/\/www.automoli.com\/cs\/ukazkove-reporty\">P\u0159\u00edklad zpr\u00e1vy<\/a>&#8222;.\n\n\t\t\t\t\t\t\t\t<\/div>\n\t\t\t\t\t<\/div>\n\t\t<\/div>\n\t\t\t\t\t<\/div>\n\t\t<\/section>\n\t\t\t\t<section class=\"elementor-section elementor-top-section elementor-element elementor-element-8442b75 elementor-section-boxed elementor-section-height-default elementor-section-height-default\" data-id=\"8442b75\" data-element_type=\"section\" data-e-type=\"section\">\n\t\t\t\t\t\t<div class=\"elementor-container elementor-column-gap-default\">\n\t\t\t\t\t<div class=\"elementor-column elementor-col-100 elementor-top-column elementor-element elementor-element-e0ccb7e\" data-id=\"e0ccb7e\" data-element_type=\"column\" data-e-type=\"column\">\n\t\t\t<div class=\"elementor-widget-wrap elementor-element-populated\">\n\t\t\t\t\t\t<div class=\"elementor-element elementor-element-d20d176 elementor-widget elementor-widget-heading\" data-id=\"d20d176\" data-element_type=\"widget\" data-e-type=\"widget\" data-widget_type=\"heading.default\">\n\t\t\t\t\t<h2 class=\"elementor-heading-title elementor-size-default\">Krok 3. Kup raport lub kilka \n<\/h2>\t\t\t\t<\/div>\n\t\t\t\t<div class=\"elementor-element elementor-element-abd8f13 elementor-widget__width-initial elementor-widget elementor-widget-text-editor\" data-id=\"abd8f13\" data-element_type=\"widget\" data-e-type=\"widget\" data-widget_type=\"text-editor.default\">\n\t\t\t\t\t\t\t\t\t<p>Pokud m\u00e1te slevov\u00fd k\u00f3d nebo k\u00f3d PREPAID, zadejte jej p\u0159ed v\u00fdb\u011brem zp\u016fsobu platby. Zadejte svou e-mailovou adresu, kter\u00e1 je z\u00e1rove\u0148 p\u0159ihla\u0161ovac\u00edm jm\u00e9nem k \u00fa\u010dtu. P\u0159ipravili jsme pro v\u00e1s \u0159adu pohodln\u00fdch zp\u016fsob\u016f platby. Po v\u00fdb\u011bru se \u0159i\u010fte pokyny na obrazovce.   <\/p>\n<p>Doba \u010dek\u00e1n\u00ed na zpracov\u00e1n\u00ed platby je obvykle 2-3 minuty, ale v p\u0159\u00edpad\u011b v\u00fdjime\u010dn\u00fdch situac\u00ed se m\u016f\u017ee doba \u010dek\u00e1n\u00ed na platbu v\u00fdjime\u010dn\u011b prodlou\u017eit.<\/p>\n<p>Po \u00fasp\u011b\u0161n\u00e9 platb\u011b obdr\u017e\u00edte e-mail s potvrzen\u00edm platby, a pokud se jedn\u00e1 o v\u00e1\u0161 prvn\u00ed n\u00e1kup, obdr\u017e\u00edte dal\u0161\u00ed e-mail s heslem k \u00fa\u010dtu. Pokud nakupujete poprv\u00e9 a e-mail s heslem nem\u016f\u017eete naj\u00edt, zkontrolujte pros\u00edm tak\u00e9 slo\u017eku SPAM. <\/p>\n\t\t\t\t\t\t\t\t<\/div>\n\t\t\t\t<div class=\"elementor-element elementor-element-32cdf55 elementor-widget elementor-widget-image\" data-id=\"32cdf55\" data-element_type=\"widget\" data-e-type=\"widget\" data-widget_type=\"image.default\">\n\t\t\t\t\t\t\t\t\t\t\t\t\t\t\t<img decoding=\"async\" width=\"1\" height=\"1\" src=\"https:\/\/www.automoli.com\/wp-content\/uploads\/2024\/07\/aml-precheck-pac.svg\" class=\"attachment-full size-full wp-image-50361\" alt=\"\" title=\"\">\t\t\t\t\t\t\t\t\t\t\t\t\t\t\t<\/div>\n\t\t\t\t<div class=\"elementor-element elementor-element-61c84e3 elementor-widget elementor-widget-image\" data-id=\"61c84e3\" data-element_type=\"widget\" data-e-type=\"widget\" data-widget_type=\"image.default\">\n\t\t\t\t\t\t\t\t\t\t\t\t\t\t\t<img decoding=\"async\" width=\"820\" height=\"345\" src=\"https:\/\/www.automoli.com\/wp-content\/uploads\/2021\/07\/aml-payment.png\" class=\"attachment-full size-full wp-image-4787\" alt=\"\" srcset=\"https:\/\/www.automoli.com\/wp-content\/uploads\/2021\/07\/aml-payment.png 820w, https:\/\/www.automoli.com\/wp-content\/uploads\/2021\/07\/aml-payment-300x126.png 300w, https:\/\/www.automoli.com\/wp-content\/uploads\/2021\/07\/aml-payment-768x323.png 768w\" sizes=\"(max-width: 820px) 100vw, 820px\" title=\"\">\t\t\t\t\t\t\t\t\t\t\t\t\t\t\t<\/div>\n\t\t\t\t\t<\/div>\n\t\t<\/div>\n\t\t\t\t\t<\/div>\n\t\t<\/section>\n\t\t\t\t<section class=\"elementor-section elementor-top-section elementor-element elementor-element-9e3e2f0 elementor-section-boxed elementor-section-height-default elementor-section-height-default\" data-id=\"9e3e2f0\" data-element_type=\"section\" data-e-type=\"section\">\n\t\t\t\t\t\t<div class=\"elementor-container elementor-column-gap-default\">\n\t\t\t\t\t<div class=\"elementor-column elementor-col-100 elementor-top-column elementor-element elementor-element-ca67ea3\" data-id=\"ca67ea3\" data-element_type=\"column\" data-e-type=\"column\">\n\t\t\t<div class=\"elementor-widget-wrap elementor-element-populated\">\n\t\t\t\t\t\t<div class=\"elementor-element elementor-element-8c5d67b elementor-widget elementor-widget-heading\" data-id=\"8c5d67b\" data-element_type=\"widget\" data-e-type=\"widget\" data-widget_type=\"heading.default\">\n\t\t\t\t\t<h2 class=\"elementor-heading-title elementor-size-default\">Krok 4. P\u0159ihlaste se a zobrazte zpr\u00e1vu <\/h2>\t\t\t\t<\/div>\n\t\t\t\t<div class=\"elementor-element elementor-element-2bdbd2d elementor-widget elementor-widget-text-editor\" data-id=\"2bdbd2d\" data-element_type=\"widget\" data-e-type=\"widget\" data-widget_type=\"text-editor.default\">\n\t\t\t\t\t\t\t\t\t<p>Po uveden\u00ed mailov\u00e9 adresy a hesla se p\u0159ihlaste ke sv\u00e9mu \u00fa\u010dtu.<\/p>\n<p>Report se za\u010dne generovat okam\u017eit\u011b po potvrzen\u00ed syst\u00e9mem platby, kter\u00fd jste vybrali v p\u0159edchoz\u00edm kroku. Kompilace dat a p\u0159\u00edprava reportu by nem\u011bla trvat d\u00e9le ne\u017e n\u011bkolik minut. Reporty budeme uchov\u00e1vat na va\u0161em \u00fa\u010dtu po dobu 30 dn\u016f. Zb\u00fdvaj\u00edc\u00ed reporty, kter\u00e9 jste zakoupili v bal\u00ed\u010dku, budou k dispozici z va\u0161eho \u00fa\u010dtu kdykoli, av\u0161ak nejpozd\u011bji do 90 dn\u016f od data zakoupen\u00ed.   <\/p>\n\t\t\t\t\t\t\t\t<\/div>\n\t\t\t\t\t<\/div>\n\t\t<\/div>\n\t\t\t\t\t<\/div>\n\t\t<\/section>\n\t\t\t\t<\/div>\n\t\t","protected":false},"excerpt":{"rendered":"<p>Jak si objednat zpr\u00e1vu o historii vozidla Nez\u00e1le\u017e\u00ed na tom, jak jste se na webov\u00e9 str\u00e1nky spole\u010dnosti Automola dostali, zda p\u0159es blog nebo domovskou str\u00e1nku, zda jste hledali informace o VIN nebo historii vozidla. Na tom nez\u00e1le\u017e\u00ed, na ka\u017ed\u00e9m m\u00edst\u011b jsou pro va\u0161e pohodl\u00ed pol\u00ed\u010dka pro kontrolu VIN nebo registra\u010dn\u00ed zna\u010dky. Krok 1. zadejte \u010d\u00edslo [&hellip;]<\/p>\n","protected":false},"author":3,"featured_media":0,"parent":0,"menu_order":0,"comment_status":"closed","ping_status":"closed","template":"","meta":{"inline_featured_image":false,"footnotes":""},"class_list":["post-50664","page","type-page","status-publish","hentry"],"_links":{"self":[{"href":"https:\/\/www.automoli.com\/cs\/wp-json\/wp\/v2\/pages\/50664","targetHints":{"allow":["GET"]}}],"collection":[{"href":"https:\/\/www.automoli.com\/cs\/wp-json\/wp\/v2\/pages"}],"about":[{"href":"https:\/\/www.automoli.com\/cs\/wp-json\/wp\/v2\/types\/page"}],"author":[{"embeddable":true,"href":"https:\/\/www.automoli.com\/cs\/wp-json\/wp\/v2\/users\/3"}],"replies":[{"embeddable":true,"href":"https:\/\/www.automoli.com\/cs\/wp-json\/wp\/v2\/comments?post=50664"}],"version-history":[{"count":2,"href":"https:\/\/www.automoli.com\/cs\/wp-json\/wp\/v2\/pages\/50664\/revisions"}],"predecessor-version":[{"id":53511,"href":"https:\/\/www.automoli.com\/cs\/wp-json\/wp\/v2\/pages\/50664\/revisions\/53511"}],"wp:attachment":[{"href":"https:\/\/www.automoli.com\/cs\/wp-json\/wp\/v2\/media?parent=50664"}],"curies":[{"name":"wp","href":"https:\/\/api.w.org\/{rel}","templated":true}]}}