{"id":3725,"date":"2021-06-24T10:02:25","date_gmt":"2021-06-24T08:02:25","guid":{"rendered":"https:\/\/www.automoli.com\/ukazkove-reporty"},"modified":"2026-02-17T14:44:59","modified_gmt":"2026-02-17T13:44:59","slug":"ukazkove-reporty","status":"publish","type":"page","link":"https:\/\/www.automoli.com\/cs\/ukazkove-reporty","title":{"rendered":"Uk\u00e1zkov\u00e9 reporty"},"content":{"rendered":"\t\t<div data-elementor-type=\"wp-page\" data-elementor-id=\"3725\" class=\"elementor elementor-3725 elementor-123\" data-elementor-post-type=\"page\">\n\t\t\t\t<div class=\"elementor-element elementor-element-0d19538 e-flex e-con-boxed e-con e-parent\" data-id=\"0d19538\" data-element_type=\"container\" data-e-type=\"container\" data-settings=\"{&quot;background_background&quot;:&quot;classic&quot;,&quot;shape_divider_bottom&quot;:&quot;triangle&quot;,&quot;shape_divider_bottom_negative&quot;:&quot;yes&quot;}\">\n\t\t\t\t\t<div class=\"e-con-inner\">\n\t\t\t\t<div class=\"elementor-shape elementor-shape-bottom\" aria-hidden=\"true\" data-negative=\"true\">\n\t\t\t<svg xmlns=\"http:\/\/www.w3.org\/2000\/svg\" viewBox=\"0 0 1000 100\" preserveAspectRatio=\"none\">\n\t<path class=\"elementor-shape-fill\" d=\"M500.2,94.7L0,0v100h1000V0L500.2,94.7z\"\/>\n<\/svg>\t\t<\/div>\n\t\t<div class=\"elementor-element elementor-element-d098ebd e-con-full e-flex e-con e-child\" data-id=\"d098ebd\" data-element_type=\"container\" data-e-type=\"container\">\n\t\t\t\t<div class=\"elementor-element elementor-element-b28f6de elementor-widget elementor-widget-heading\" data-id=\"b28f6de\" data-element_type=\"widget\" data-e-type=\"widget\" data-widget_type=\"heading.default\">\n\t\t\t\t\t<h1 class=\"elementor-heading-title elementor-size-default\">Uk\u00e1zkov\u00e9 reporty<\/h1>\t\t\t\t<\/div>\n\t\t\t\t<\/div>\n\t\t\t\t\t<\/div>\n\t\t\t\t<\/div>\n\t\t<div class=\"elementor-element elementor-element-2fb2801 e-flex e-con-boxed e-con e-parent\" data-id=\"2fb2801\" data-element_type=\"container\" data-e-type=\"container\">\n\t\t\t\t\t<div class=\"e-con-inner\">\n\t\t<div class=\"elementor-element elementor-element-680fef2 e-con-full e-flex e-con e-child\" data-id=\"680fef2\" data-element_type=\"container\" data-e-type=\"container\">\n\t\t\t\t<div class=\"elementor-element elementor-element-21cc9e0 elementor-widget elementor-widget-heading\" data-id=\"21cc9e0\" data-element_type=\"widget\" data-e-type=\"widget\" data-widget_type=\"heading.default\">\n\t\t\t\t\t<h2 class=\"elementor-heading-title elementor-size-default\">Report historie vozidla<\/h2>\t\t\t\t<\/div>\n\t\t<div class=\"elementor-element elementor-element-f4ba1f7 e-con-full e-flex e-con e-child\" data-id=\"f4ba1f7\" data-element_type=\"container\" data-e-type=\"container\">\n\t\t<div class=\"elementor-element elementor-element-ad65f26 e-con-full e-flex e-con e-child\" data-id=\"ad65f26\" data-element_type=\"container\" data-e-type=\"container\">\n\t\t\t\t<div class=\"elementor-element elementor-element-82da89a elementor-widget elementor-widget-image\" data-id=\"82da89a\" data-element_type=\"widget\" data-e-type=\"widget\" data-widget_type=\"image.default\">\n\t\t\t\t\t\t\t\t\t\t\t\t\t\t\t\t<a href=\"https:\/\/www.automoli.com\/cs\/page\/vehicle-history-report\">\n\t\t\t\t\t\t\t<img fetchpriority=\"high\" decoding=\"async\" width=\"256\" height=\"300\" src=\"https:\/\/www.automoli.com\/wp-content\/uploads\/2022\/11\/raport-our.svg\" class=\"attachment-medium size-medium wp-image-62530\" alt=\"\" title=\"\">\t\t\t\t\t\t\t\t<\/a>\n\t\t\t\t\t\t\t\t\t\t\t\t\t\t\t<\/div>\n\t\t\t\t<div class=\"elementor-element elementor-element-3f4a051 elementor-align-right elementor-mobile-align-center elementor-widget elementor-widget-button\" data-id=\"3f4a051\" data-element_type=\"widget\" data-e-type=\"widget\" data-widget_type=\"button.default\">\n\t\t\t\t\t\t\t\t\t\t<a class=\"elementor-button elementor-button-link elementor-size-sm\" href=\"https:\/\/www.automoli.com\/cs\/page\/vehicle-history-report\">\n\t\t\t\t\t\t<span class=\"elementor-button-content-wrapper\">\n\t\t\t\t\t\t\t\t\t<span class=\"elementor-button-text\">Otev\u0159ete uk\u00e1zkov\u00fd report<\/span>\n\t\t\t\t\t<\/span>\n\t\t\t\t\t<\/a>\n\t\t\t\t\t\t\t\t<\/div>\n\t\t\t\t<\/div>\n\t\t<div class=\"elementor-element elementor-element-659fcfa e-con-full e-flex e-con e-child\" data-id=\"659fcfa\" data-element_type=\"container\" data-e-type=\"container\">\n\t\t\t\t<div class=\"elementor-element elementor-element-aebd4b5 elementor-widget elementor-widget-text-editor\" data-id=\"aebd4b5\" data-element_type=\"widget\" data-e-type=\"widget\" data-widget_type=\"text-editor.default\">\n\t\t\t\t\t\t\t\t\t<p>Zpr\u00e1va o historii vozidla je komplexn\u00ed n\u00e1stroj, kter\u00fd poskytuje kl\u00ed\u010dov\u00e9 informace o minulosti vozidla, umo\u017e\u0148uj\u00edc\u00ed ov\u011b\u0159en\u00ed jeho technick\u00e9ho stavu a historie pou\u017e\u00edv\u00e1n\u00ed. Je to nenahraditeln\u00fd zdroj znalost\u00ed, kter\u00fd umo\u017e\u0148uje p\u0159\u00edstup k mnoha podrobn\u00fdm \u00fadaj\u016fm, kter\u00e9 nejsou ve\u0159ejn\u011b dostupn\u00e9 na internetu. Co m\u016f\u017ee takov\u00e1 zpr\u00e1va obsahovat?  <\/p>\n<p>Najde\u0161 v n\u011bm mimo jin\u00e9:<\/p>\n\n<ul>\n \t<li>Najeto vozidla,<\/li>\n \t<li>Historii p\u0159\u00edpadn\u00fdch po\u0161kozen\u00ed,<\/li>\n \t<li>Odhady oprav,<\/li>\n \t<li>Informace o servisech a technick\u00fdch kontrol\u00e1ch,<\/li>\n \t<li>Technick\u00e9 \u00fadaje o vozidle,<\/li>\n \t<li>Informace o tom, zda je vozidlo za\u0159azeno na seznam hledan\u00fdch nebo odcizen\u00fdch vozidel.<\/li>\n<\/ul>\n<p>Zpr\u00e1va o historii vozidla shroma\u017e\u010fuje \u00fadaje z r\u016fzn\u00fdch zem\u00ed, jako jsou N\u011bmecko, Francie, Belgie, Nizozemsko nebo USA. Tyto informace poch\u00e1zej\u00ed z d\u016fv\u011bryhodn\u00fdch a uzn\u00e1van\u00fdch zdroj\u016f, jako jsou poji\u0161\u0165ovac\u00ed datab\u00e1ze, vrakovi\u0161t\u011b, m\u00edsta recyklace nebo organizace bojuj\u00edc\u00ed proti fal\u0161ov\u00e1n\u00ed odometru, nap\u0159. Nationale Auto Pas (NAP) v Nizozemsku. Je v\u0161ak d\u016fle\u017eit\u00e9 si uv\u011bdomit, \u017ee \u00fadaje z zahrani\u010dn\u00edch datab\u00e1z\u00ed se objevuj\u00ed pouze v p\u0159\u00edpad\u011b, \u017ee bylo vozidlo tam registrov\u00e1no nebo pou\u017e\u00edv\u00e1no.   <\/p>\n<p>D\u00edky zpr\u00e1v\u011b m\u00e1\u0161 mo\u017enost zhodnotit skute\u010dn\u00fd stav vozidla, co\u017e je neoceniteln\u00e9 p\u0159i koupi auta. Tato zpr\u00e1va ti pom\u016f\u017ee ov\u011b\u0159it pravdivost tvrzen\u00ed prod\u00e1vaj\u00edc\u00edho, odhalit skryt\u00e1 po\u0161kozen\u00ed a historii koliz\u00ed, co\u017e umo\u017e\u0148uje vyhnout se n\u00e1kladn\u00fdm p\u0159ekvapen\u00edm. <\/p>\n<p>Ov\u011b\u0159en\u00ed historie vozidla je kl\u00ed\u010dov\u00e9 pro va\u0161i bezpe\u010dnost, jistotu a pohodl\u00ed p\u0159i jeho pou\u017e\u00edv\u00e1n\u00ed. D\u00edky podrobn\u00e9 anal\u00fdze a shrom\u00e1\u017ed\u011bn\u00fdm dat\u016fm m\u016f\u017eete u\u010dinit informovan\u00e9 a bezpe\u010dn\u00e9 rozhodnut\u00ed o koupi. <\/p>\t\t\t\t\t\t\t\t<\/div>\n\t\t\t\t<\/div>\n\t\t\t\t<\/div>\n\t\t\t\t<\/div>\n\t\t\t\t\t<\/div>\n\t\t\t\t<\/div>\n\t\t<div class=\"elementor-element elementor-element-45ee260 e-flex e-con-boxed e-con e-parent\" data-id=\"45ee260\" data-element_type=\"container\" data-e-type=\"container\" data-settings=\"{&quot;background_background&quot;:&quot;classic&quot;,&quot;shape_divider_top&quot;:&quot;triangle&quot;,&quot;shape_divider_bottom&quot;:&quot;triangle&quot;,&quot;shape_divider_bottom_negative&quot;:&quot;yes&quot;}\">\n\t\t\t\t\t<div class=\"e-con-inner\">\n\t\t\t\t<div class=\"elementor-shape elementor-shape-top\" aria-hidden=\"true\" data-negative=\"false\">\n\t\t\t<svg xmlns=\"http:\/\/www.w3.org\/2000\/svg\" viewBox=\"0 0 1000 100\" preserveAspectRatio=\"none\">\n\t<path class=\"elementor-shape-fill\" d=\"M500,98.9L0,6.1V0h1000v6.1L500,98.9z\"\/>\n<\/svg>\t\t<\/div>\n\t\t\t\t<div class=\"elementor-shape elementor-shape-bottom\" aria-hidden=\"true\" data-negative=\"true\">\n\t\t\t<svg xmlns=\"http:\/\/www.w3.org\/2000\/svg\" viewBox=\"0 0 1000 100\" preserveAspectRatio=\"none\">\n\t<path class=\"elementor-shape-fill\" d=\"M500.2,94.7L0,0v100h1000V0L500.2,94.7z\"\/>\n<\/svg>\t\t<\/div>\n\t\t<div class=\"elementor-element elementor-element-97dc520 e-con-full e-flex e-con e-child\" data-id=\"97dc520\" data-element_type=\"container\" data-e-type=\"container\">\n\t\t\t\t<div class=\"elementor-element elementor-element-4b80c9e elementor-widget elementor-widget-heading\" data-id=\"4b80c9e\" data-element_type=\"widget\" data-e-type=\"widget\" data-widget_type=\"heading.default\">\n\t\t\t\t\t<h2 class=\"elementor-heading-title elementor-size-default\">Zpr\u00e1va o vozidle ve Velk\u00e9 Brit\u00e1nii<\/h2>\t\t\t\t<\/div>\n\t\t\t\t<div class=\"elementor-element elementor-element-d766ba4 elementor-widget__width-initial elementor-widget elementor-widget-image\" data-id=\"d766ba4\" data-element_type=\"widget\" data-e-type=\"widget\" data-widget_type=\"image.default\">\n\t\t\t\t\t\t\t\t\t\t\t\t\t\t\t\t<a href=\"https:\/\/www.automoli.com\/pl\/page\/vehicle-history-report-uk\">\n\t\t\t\t\t\t\t<img decoding=\"async\" width=\"768\" height=\"899\" src=\"https:\/\/www.automoli.com\/wp-content\/uploads\/2022\/11\/raport-uk.svg\" class=\"attachment-medium_large size-medium_large wp-image-24210\" alt=\"\" title=\"\">\t\t\t\t\t\t\t\t<\/a>\n\t\t\t\t\t\t\t\t\t\t\t\t\t\t\t<\/div>\n\t\t\t\t<div class=\"elementor-element elementor-element-4d25527 elementor-widget elementor-widget-text-editor\" data-id=\"4d25527\" data-element_type=\"widget\" data-e-type=\"widget\" data-widget_type=\"text-editor.default\">\n\t\t\t\t\t\t\t\t\t<p><b>Zpr\u00e1va o vozech z UK<\/b> obsahuje mnoho zaj\u00edmav\u00fdch informac\u00ed o historii vozidla. D\u00edky na\u0161\u00ed zpr\u00e1v\u011b zjist\u00edte, zda bylo vozidlo technicky v po\u0159\u00e1dku a mohlo se pohybovat po silnic\u00edch Velk\u00e9 Brit\u00e1nie, ov\u011b\u0159\u00edte po\u010det majitel\u016f a zkontrolujete, zda nebylo ur\u010deno k se\u0161rotov\u00e1n\u00ed. Na\u0161e zdroje ukazuj\u00ed \u00fadaje z vl\u00e1dn\u00edch datab\u00e1z\u00ed o vozech ve Velk\u00e9 Brit\u00e1nii.  <\/p>\t\t\t\t\t\t\t\t<\/div>\n\t\t\t\t<div class=\"elementor-element elementor-element-81a9dc2 elementor-align-center elementor-mobile-align-center elementor-widget elementor-widget-button\" data-id=\"81a9dc2\" data-element_type=\"widget\" data-e-type=\"widget\" data-widget_type=\"button.default\">\n\t\t\t\t\t\t\t\t\t\t<a class=\"elementor-button elementor-button-link elementor-size-sm\" href=\"https:\/\/www.automoli.com\/cs\/page\/vehicle-history-report-uk\">\n\t\t\t\t\t\t<span class=\"elementor-button-content-wrapper\">\n\t\t\t\t\t\t\t\t\t<span class=\"elementor-button-text\">Otev\u0159ete uk\u00e1zkov\u00fd report<\/span>\n\t\t\t\t\t<\/span>\n\t\t\t\t\t<\/a>\n\t\t\t\t\t\t\t\t<\/div>\n\t\t\t\t<\/div>\n\t\t<div class=\"elementor-element elementor-element-0c1f244 e-con-full e-flex e-con e-child\" data-id=\"0c1f244\" data-element_type=\"container\" data-e-type=\"container\">\n\t\t\t\t<div class=\"elementor-element elementor-element-6165183 elementor-widget elementor-widget-heading\" data-id=\"6165183\" data-element_type=\"widget\" data-e-type=\"widget\" data-widget_type=\"heading.default\">\n\t\t\t\t\t<h2 class=\"elementor-heading-title elementor-size-default\">Odhad tr\u017en\u00ed hodnoty<\/h2>\t\t\t\t<\/div>\n\t\t\t\t<div class=\"elementor-element elementor-element-8040182 elementor-widget__width-initial elementor-widget elementor-widget-image\" data-id=\"8040182\" data-element_type=\"widget\" data-e-type=\"widget\" data-widget_type=\"image.default\">\n\t\t\t\t\t\t\t\t\t\t\t\t\t\t\t\t<a href=\"https:\/\/www.automoli.com\/pl\/page\/market-value-evaluation\">\n\t\t\t\t\t\t\t<img decoding=\"async\" width=\"800\" height=\"936\" src=\"https:\/\/www.automoli.com\/wp-content\/uploads\/2022\/11\/raport-ie.svg\" class=\"attachment-large size-large wp-image-24310\" alt=\"\" title=\"\">\t\t\t\t\t\t\t\t<\/a>\n\t\t\t\t\t\t\t\t\t\t\t\t\t\t\t<\/div>\n\t\t\t\t<div class=\"elementor-element elementor-element-b96370d elementor-widget elementor-widget-text-editor\" data-id=\"b96370d\" data-element_type=\"widget\" data-e-type=\"widget\" data-widget_type=\"text-editor.default\">\n\t\t\t\t\t\t\t\t\t<p>Extr\u00e9mn\u011b u\u017eite\u010dn\u00e9 p\u0159i odhadu adekv\u00e1tn\u00ed ceny vozidla je ocen\u011bn\u00ed <b>proveden\u00e9 tr\u017en\u00edmi experty. Rozpt\u00fdl\u00ed pochybnosti<\/b> o spr\u00e1vn\u00e9 cen\u011b vozidla. D\u00edky na\u0161emu autorsk\u00e9mu odborn\u00e9mu ocen\u011bn\u00ed tr\u017en\u00ed hodnoty vozidla v\u00edte, zda se vozidlo nach\u00e1z\u00ed v tr\u017en\u00edm pr\u016fm\u011bru. Informace jsou u\u017eite\u010dn\u00e9 jak pro kupuj\u00edc\u00ed, tak pro prod\u00e1vaj\u00edc\u00ed vozidlo. Zjist\u011bte, jak automobil ztr\u00e1c\u00ed na hodnot\u011b s p\u0159ib\u00fdvaj\u00edc\u00edmi lety.    <\/p>\t\t\t\t\t\t\t\t<\/div>\n\t\t\t\t<div class=\"elementor-element elementor-element-8df0937 elementor-align-center elementor-mobile-align-center elementor-widget elementor-widget-button\" data-id=\"8df0937\" data-element_type=\"widget\" data-e-type=\"widget\" data-widget_type=\"button.default\">\n\t\t\t\t\t\t\t\t\t\t<a class=\"elementor-button elementor-button-link elementor-size-sm\" href=\"https:\/\/www.automoli.com\/cs\/page\/market-value-evaluation\">\n\t\t\t\t\t\t<span class=\"elementor-button-content-wrapper\">\n\t\t\t\t\t\t\t\t\t<span class=\"elementor-button-text\">Otev\u0159ete uk\u00e1zkov\u00fd report<\/span>\n\t\t\t\t\t<\/span>\n\t\t\t\t\t<\/a>\n\t\t\t\t\t\t\t\t<\/div>\n\t\t\t\t<\/div>\n\t\t<div class=\"elementor-element elementor-element-482256e e-con-full e-flex e-con e-child\" data-id=\"482256e\" data-element_type=\"container\" data-e-type=\"container\">\n\t\t\t\t<div class=\"elementor-element elementor-element-4de2abb elementor-widget elementor-widget-heading\" data-id=\"4de2abb\" data-element_type=\"widget\" data-e-type=\"widget\" data-widget_type=\"heading.default\">\n\t\t\t\t\t<h2 class=\"elementor-heading-title elementor-size-default\">Servisn\u00ed \u010dinnosti<\/h2>\t\t\t\t<\/div>\n\t\t\t\t<div class=\"elementor-element elementor-element-f48489e elementor-widget__width-initial elementor-widget elementor-widget-image\" data-id=\"f48489e\" data-element_type=\"widget\" data-e-type=\"widget\" data-widget_type=\"image.default\">\n\t\t\t\t\t\t\t\t\t\t\t\t\t\t\t\t<a href=\"https:\/\/www.automoli.com\/pl\/page\/service-activities\">\n\t\t\t\t\t\t\t<img loading=\"lazy\" decoding=\"async\" width=\"800\" height=\"936\" src=\"https:\/\/www.automoli.com\/wp-content\/uploads\/2022\/11\/raport-sa.svg\" class=\"attachment-large size-large wp-image-24358\" alt=\"\" title=\"\">\t\t\t\t\t\t\t\t<\/a>\n\t\t\t\t\t\t\t\t\t\t\t\t\t\t\t<\/div>\n\t\t\t\t<div class=\"elementor-element elementor-element-d15637c elementor-widget elementor-widget-text-editor\" data-id=\"d15637c\" data-element_type=\"widget\" data-e-type=\"widget\" data-widget_type=\"text-editor.default\">\n\t\t\t\t\t\t\t\t\t<p><b>Hl\u00e1\u0161en\u00ed o servisn\u00ed \u010dinnosti<\/b> obdr\u017e\u00edte zdarma k protokolu o historii zakoupen\u00e9ho vozidla. Dozv\u00edte se z n\u00ed, jak\u00e9 pr\u00e1ce by se m\u011bly na vozidle zat\u00edm prov\u00e9st. Dozv\u00edte se tak\u00e9 o servisn\u00edch \u010dinnostech, kter\u00e9 budou v nejbli\u017e\u0161\u00ed dob\u011b nutn\u00e9. Najdete tam tak\u00e9 odhad pravd\u011bpodobn\u00fdch n\u00e1klad\u016f na jejich proveden\u00ed.   <\/p><p> <\/p>\t\t\t\t\t\t\t\t<\/div>\n\t\t\t\t<div class=\"elementor-element elementor-element-4ed0750 elementor-align-center elementor-mobile-align-center elementor-widget elementor-widget-button\" data-id=\"4ed0750\" data-element_type=\"widget\" data-e-type=\"widget\" data-widget_type=\"button.default\">\n\t\t\t\t\t\t\t\t\t\t<a class=\"elementor-button elementor-button-link elementor-size-sm\" href=\"https:\/\/www.automoli.com\/cs\/page\/service-activities\">\n\t\t\t\t\t\t<span class=\"elementor-button-content-wrapper\">\n\t\t\t\t\t\t\t\t\t<span class=\"elementor-button-text\">Otev\u0159ete uk\u00e1zkov\u00fd report<\/span>\n\t\t\t\t\t<\/span>\n\t\t\t\t\t<\/a>\n\t\t\t\t\t\t\t\t<\/div>\n\t\t\t\t<\/div>\n\t\t\t\t\t<\/div>\n\t\t\t\t<\/div>\n\t\t\t\t<\/div>\n\t\t","protected":false},"excerpt":{"rendered":"<p>Uk\u00e1zkov\u00e9 reporty Report historie vozidla Otev\u0159ete uk\u00e1zkov\u00fd report Zpr\u00e1va o historii vozidla je komplexn\u00ed n\u00e1stroj, kter\u00fd poskytuje kl\u00ed\u010dov\u00e9 informace o minulosti vozidla, umo\u017e\u0148uj\u00edc\u00ed ov\u011b\u0159en\u00ed jeho technick\u00e9ho stavu a historie pou\u017e\u00edv\u00e1n\u00ed. Je to nenahraditeln\u00fd zdroj znalost\u00ed, kter\u00fd umo\u017e\u0148uje p\u0159\u00edstup k mnoha podrobn\u00fdm \u00fadaj\u016fm, kter\u00e9 nejsou ve\u0159ejn\u011b dostupn\u00e9 na internetu. Co m\u016f\u017ee takov\u00e1 zpr\u00e1va obsahovat? Najde\u0161 v [&hellip;]<\/p>\n","protected":false},"author":1,"featured_media":0,"parent":0,"menu_order":0,"comment_status":"closed","ping_status":"closed","template":"","meta":{"inline_featured_image":false,"footnotes":""},"class_list":["post-3725","page","type-page","status-publish","hentry"],"_links":{"self":[{"href":"https:\/\/www.automoli.com\/cs\/wp-json\/wp\/v2\/pages\/3725","targetHints":{"allow":["GET"]}}],"collection":[{"href":"https:\/\/www.automoli.com\/cs\/wp-json\/wp\/v2\/pages"}],"about":[{"href":"https:\/\/www.automoli.com\/cs\/wp-json\/wp\/v2\/types\/page"}],"author":[{"embeddable":true,"href":"https:\/\/www.automoli.com\/cs\/wp-json\/wp\/v2\/users\/1"}],"replies":[{"embeddable":true,"href":"https:\/\/www.automoli.com\/cs\/wp-json\/wp\/v2\/comments?post=3725"}],"version-history":[{"count":2,"href":"https:\/\/www.automoli.com\/cs\/wp-json\/wp\/v2\/pages\/3725\/revisions"}],"predecessor-version":[{"id":62600,"href":"https:\/\/www.automoli.com\/cs\/wp-json\/wp\/v2\/pages\/3725\/revisions\/62600"}],"wp:attachment":[{"href":"https:\/\/www.automoli.com\/cs\/wp-json\/wp\/v2\/media?parent=3725"}],"curies":[{"name":"wp","href":"https:\/\/api.w.org\/{rel}","templated":true}]}}